{"id":5869,"date":"2024-03-03T15:41:03","date_gmt":"2024-03-03T15:41:03","guid":{"rendered":"https:\/\/masterpress.com\/about-us\/vision\/"},"modified":"2026-03-29T19:23:47","modified_gmt":"2026-03-29T19:23:47","slug":"vision","status":"publish","type":"page","link":"https:\/\/masterpress.com\/pl\/about-us\/vision\/","title":{"rendered":"nasza wizja"},"content":{"rendered":"\n<section class=\"l-sec o-mobile-top-25 o-mobile-bottom-100 o-bottom-160 u-overflow-hidden\">\n\t<div class=\"l-inner\">\n\t\t<div class=\"c-hero-card\">\n\t\t\t<div class=\"c-hero-card__content ui-bg--white-2 t-font-secondary\">\n\t\t\t\t\t\t\t\t\t<h1 class=\"c-hero-card__title ui-font-weight--semibold\">\n\t\t\t\t\t\twizja\t\t\t\t\t<\/h1>\n\t\t\t\t\t\t\t\t\t\t\t<\/div>\n\t\t\t<div class=\"c-hero-card__media u-move-outside-inner--mobile\">\n\t\t\t\t\t\t\t\t\t<figure class=\"c-hero-card__figure\">\n\t\t\t\t\t\t<img decoding=\"async\" class=\"c-hero-card__image\" src=\"https:\/\/masterpress.com:443\/wp-content\/uploads\/2024\/02\/Obraz2-min.png\" alt=\"\">\n\t\t\t\t\t<\/figure>\n\t\t\t\t\t\t\t<\/div>\n\t\t<\/div>\n\t<\/div>\n<\/section>\n\n\n\n<section class=\"l-sec o-mobile-bottom-50 o-bottom-230 l-image-text\">\n\t<div class=\"l-inner\">\n\t\t<article class=\"c-image-text\">\n\t\t\t\t\t\t\t<h3 class=\"c-image-text__heading t-size-30 t-size-40--desktop t-font-secondary t-lower\">\n\t\t\t\t\tnasza wizja\t\t\t\t<\/h3>\n\t\t\t\t\t\t\t\t\t\t<div class=\"c-image-text__media c-image-text__media--with-decor\">\n\t\t\t\t\t<figure class=\"c-image-text__figure\">\n\t\t\t\t\t\t<img decoding=\"async\" class=\"c-image-text__image\" src=\"https:\/\/masterpress.com:443\/wp-content\/uploads\/2024\/01\/005_Masterpress-min-1.jpg\" alt=\"\">\n\t\t\t\t\t<\/figure>\n\t\t\t\t<\/div>\n\t\t\t\t\t\t\t\t\t\t<div class=\"c-image-text__description ui-color--dark-grey-1 c-wysiwyg\">\n\t\t\t\t\t<h1>hybrydowe my\u015blenie \u2026 druk hybrydowy<\/h1>\n<p>U podstaw naszej dzia\u0142alno\u015bci le\u017cy wizja przysz\u0142o\u015bci, w kt\u00f3rej hybrydowe my\u015blenie p\u0142ynnie \u0142\u0105czy si\u0119 z technologi\u0105 druku hybrydowego, rewolucjonizuj\u0105c krajobraz rozwi\u0105za\u0144 z zakresu produkcji opakowa\u0144 i etykiet. Nie chodzi nam tylko o dostosowywanie si\u0119 do zmian, ale o ich nap\u0119dzanie. Dzi\u0119ki dog\u0142\u0119bnemu zrozumieniu bran\u017cy poligraficznej, szczeg\u00f3lnie w dziedzinie etykiet termokurczliwych i opakowa\u0144, dostrzegamy potencja\u0142 transformacyjny technologii hybrydowych. \u0141\u0105cz\u0105c tradycyjne metody druku z najnowocze\u015bniejszymi rozwi\u0105zaniami cyfrowymi, prze\u0142amujemy granice i wyznaczamy nowe standardy wydajno\u015bci, jako\u015bci i kreatywno\u015bci.<\/p>\n\t\t\t\t<\/div>\n\t\t\t\t\t<\/article>\n\t<\/div>\n<\/section>\n\n\n\n<section class=\"l-sec o-mobile-top-25 o-top-60 o-mobile-bottom-25 o-bottom-120 u-overflow-hidden\">\n\t<div class=\"l-inner\">\n\t\t<div class=\"c-hero-text-img\">\n\t\t\t<div class=\"c-hero-text-img__content\">\n\t\t\t\t\t\t\t\t\t<h1 class=\"c-hero-text-img__heading t-size-42 t-size-40--desktop ui-color--black-1 ui-font-weight--bold t-font-secondary t-lower\">\n\t\t\t\t\t\tfilozofia my\u015blenia hybrydowego\t\t\t\t\t<\/h1>\n\t\t\t\t\t\t\t\t\t\t\t\t\t<div class=\"c-hero-text-img__desc\">\n\t\t\t\t\t\t<div class=\"c-wysiwyg ui-color--dark-grey-1 t-size-14\">\n\t\t\t\t\t\t\t<p>To unikalne po\u0142\u0105czenie pozwala nam uwolni\u0107 niezr\u00f3wnany potencja\u0142 naszych rozwi\u0105za\u0144. Nasza hybrydowa struktura my\u015blenia obejmuje my\u015blenie zintegrowane, strategiczne, koncepcyjne, analityczne, projektowe, a przy tym pe\u0142ne pasji. Ka\u017cdy aspekt odgrywa istotn\u0105 rol\u0119 w kszta\u0142towaniu naszego podej\u015bcia, prowadz\u0105c nas do jednego wsp\u00f3lnego celu: tworzenia do\u015bwiadcze\u0144 skoncentrowanych na cz\u0142owieku, kt\u00f3re rezonuj\u0105 kulturowo, s\u0105 solidne pod wzgl\u0119dem technicznym i zr\u00f3wnowa\u017cone ekonomicznie. Wykorzystuj\u0105c synergi\u0119 r\u00f3\u017cnych styl\u00f3w my\u015blenia, jeste\u015bmy w stanie przekracza\u0107 granice, prze\u0142amywa\u0107 konwencje i dostarcza\u0107 rozwi\u0105zania opakowaniowe, kt\u00f3re wyr\u00f3\u017cniaj\u0105 si\u0119 na dzisiejszym konkurencyjnym rynku. Do\u0142\u0105cz do nas, definiuj\u0105c na nowo mo\u017cliwo\u015bci opakowa\u0144 dzi\u0119ki sile my\u015blenia hybrydowego.<\/p>\n\t\t\t\t\t\t<\/div>\n\t\t\t\t\t<\/div>\n\t\t\t\t\t\t\t<\/div>\n\t\t\t<div class=\"c-hero-text-img__media\">\n\t\t\t\t\t\t\t\t\t<figure class=\"c-hero-text-img__figure\">\n\t\t\t\t\t\t<img decoding=\"async\" class=\"c-hero-text-img__image\" src=\"https:\/\/masterpress.com:443\/wp-content\/uploads\/2024\/04\/PL-hybrydowe-myslenie.png\" alt=\"\">\n\t\t\t\t\t<\/figure>\n\t\t\t\t\t<span class=\"c-hero-text-img__media-decor\"><\/span>\n\t\t\t\t\t\t\t<\/div>\n\t\t<\/div>\n\t<\/div>\n<\/section>\n\n\n\n<section class=\"l-sec o-mobile-bottom-60 o-bottom-160 o-mobile-top-80\">\n\t<div class=\"l-inner\">\n\t\t<div class=\"c-solutions\">\n\t\t\t\t\t\t\t<h2 class=\"c-solutions__heading t-size-42 t-size-40--desktop ui-color--black-1 ui-font-weight--bold t-font-secondary t-lower\">\n\t\t\t\t\tdowiedz si\u0119 wi\u0119cej:\t\t\t\t<\/h2>\n\t\t\t\t\t\t<div class=\"c-solutions__content\">\n\t\t\t\t\t\t\t\t\t<ul class=\"c-solutions-list c-list\">\n\t\t\t\t\t\t\t\t\t\t\t\t\t<li class=\"c-solutions-list__item\">\n\t\t\t\t\t\t\t\t<div class=\"c-solution-box\">\n\t\t\t\t\t\t\t\t\t\t\t\t\t\t\t\t\t\t\t\t\t\t\t\t\t<div class=\"c-solution-box__title\">\n\t\t\t\t\t\t\t\t\t\t<a class=\"c-solution-box__link c-link c-link--icon c-link--icon-animate\" href=\"https:\/\/masterpress.com\/pl\/about-us\/mission\/\" target=\"\">\n\t\t\t\t\t\t\t\t\t\t\tnasza misja\t\t\t\t\t\t\t\t\t\t\t<img decoding=\"async\" class=\"c-link__icon js-injected-svg \" src=\"https:\/\/masterpress.com:443\/wp-content\/themes\/masterpress\/front\/static\/img\/icon-arrow-right.svg\" alt=\"\">\n\t\t\t\t\t\t\t\t\t\t<\/a>\n\t\t\t\t\t\t\t\t\t<\/div>\n\t\t\t\t\t\t\t\t\t\t\t\t\t\t\t\t<\/div>\n\t\t\t\t\t\t\t<\/li>\n\t\t\t\t\t\t\t\t\t\t\t\t\t<li class=\"c-solutions-list__item\">\n\t\t\t\t\t\t\t\t<div class=\"c-solution-box\">\n\t\t\t\t\t\t\t\t\t\t\t\t\t\t\t\t\t\t\t\t\t\t\t\t\t<div class=\"c-solution-box__title\">\n\t\t\t\t\t\t\t\t\t\t<a class=\"c-solution-box__link c-link c-link--icon c-link--icon-animate\" href=\"https:\/\/masterpress.com\/pl\/about-us\/vision\/\" target=\"\">\n\t\t\t\t\t\t\t\t\t\t\tnasza wizja\t\t\t\t\t\t\t\t\t\t\t<img decoding=\"async\" class=\"c-link__icon js-injected-svg \" src=\"https:\/\/masterpress.com:443\/wp-content\/themes\/masterpress\/front\/static\/img\/icon-arrow-right.svg\" alt=\"\">\n\t\t\t\t\t\t\t\t\t\t<\/a>\n\t\t\t\t\t\t\t\t\t<\/div>\n\t\t\t\t\t\t\t\t\t\t\t\t\t\t\t\t<\/div>\n\t\t\t\t\t\t\t<\/li>\n\t\t\t\t\t\t\t\t\t\t\t<\/ul>\n\t\t\t\t\t\t\t<\/div>\n\t\t<\/div>\n\t<\/div>\n<\/section>\n","protected":false},"excerpt":{"rendered":"","protected":false},"author":3,"featured_media":0,"parent":357,"menu_order":0,"comment_status":"closed","ping_status":"closed","template":"","meta":{"footnotes":""},"class_list":["post-5869","page","type-page","status-publish","hentry"],"acf":[],"_links":{"self":[{"href":"https:\/\/masterpress.com\/pl\/wp-json\/wp\/v2\/pages\/5869","targetHints":{"allow":["GET"]}}],"collection":[{"href":"https:\/\/masterpress.com\/pl\/wp-json\/wp\/v2\/pages"}],"about":[{"href":"https:\/\/masterpress.com\/pl\/wp-json\/wp\/v2\/types\/page"}],"author":[{"embeddable":true,"href":"https:\/\/masterpress.com\/pl\/wp-json\/wp\/v2\/users\/3"}],"replies":[{"embeddable":true,"href":"https:\/\/masterpress.com\/pl\/wp-json\/wp\/v2\/comments?post=5869"}],"version-history":[{"count":6,"href":"https:\/\/masterpress.com\/pl\/wp-json\/wp\/v2\/pages\/5869\/revisions"}],"predecessor-version":[{"id":26220,"href":"https:\/\/masterpress.com\/pl\/wp-json\/wp\/v2\/pages\/5869\/revisions\/26220"}],"up":[{"embeddable":true,"href":"https:\/\/masterpress.com\/pl\/wp-json\/wp\/v2\/pages\/357"}],"wp:attachment":[{"href":"https:\/\/masterpress.com\/pl\/wp-json\/wp\/v2\/media?parent=5869"}],"curies":[{"name":"wp","href":"https:\/\/api.w.org\/{rel}","templated":true}]}}