{"id":5862,"date":"2024-03-03T15:03:16","date_gmt":"2024-03-03T15:03:16","guid":{"rendered":"https:\/\/masterpress.com\/about-us\/mission\/"},"modified":"2026-03-29T19:25:06","modified_gmt":"2026-03-29T19:25:06","slug":"mission","status":"publish","type":"page","link":"https:\/\/masterpress.com\/pl\/about-us\/mission\/","title":{"rendered":"nasza misja"},"content":{"rendered":"\n<section class=\"l-sec o-mobile-top-25 o-mobile-bottom-100 o-bottom-160 u-overflow-hidden\">\n\t<div class=\"l-inner\">\n\t\t<div class=\"c-hero-card\">\n\t\t\t<div class=\"c-hero-card__content ui-bg--white-2 t-font-secondary\">\n\t\t\t\t\t\t\t\t\t<h1 class=\"c-hero-card__title ui-font-weight--semibold\">\n\t\t\t\t\t\tmisja\t\t\t\t\t<\/h1>\n\t\t\t\t\t\t\t\t\t\t\t<\/div>\n\t\t\t<div class=\"c-hero-card__media u-move-outside-inner--mobile\">\n\t\t\t\t\t\t\t\t\t<figure class=\"c-hero-card__figure\">\n\t\t\t\t\t\t<img decoding=\"async\" class=\"c-hero-card__image\" src=\"https:\/\/masterpress.com:443\/wp-content\/uploads\/2024\/03\/Obraz3-min.png\" alt=\"\">\n\t\t\t\t\t<\/figure>\n\t\t\t\t\t\t\t<\/div>\n\t\t<\/div>\n\t<\/div>\n<\/section>\n\n\n\n<section class=\"l-sec o-mobile-bottom-50 o-bottom-230 l-image-text\">\n\t<div class=\"l-inner\">\n\t\t<article class=\"c-image-text\">\n\t\t\t\t\t\t\t<h3 class=\"c-image-text__heading t-size-30 t-size-40--desktop t-font-secondary t-lower\">\n\t\t\t\t\tnasza misja\t\t\t\t<\/h3>\n\t\t\t\t\t\t\t\t\t\t<div class=\"c-image-text__media c-image-text__media--with-decor\">\n\t\t\t\t\t<figure class=\"c-image-text__figure\">\n\t\t\t\t\t\t<img decoding=\"async\" class=\"c-image-text__image\" src=\"https:\/\/masterpress.com:443\/wp-content\/uploads\/2024\/01\/mps-zespol.jpg\" alt=\"\">\n\t\t\t\t\t<\/figure>\n\t\t\t\t<\/div>\n\t\t\t\t\t\t\t\t\t\t<div class=\"c-image-text__description ui-color--dark-grey-1 c-wysiwyg\">\n\t\t\t\t\t<h1>etykietowanie dla sukcesu<\/h1>\n<p>W Masterpress kierujemy si\u0119 jedn\u0105 misj\u0105: zaopatrywa\u0107 produkty naszych klient\u00f3w w etykiety w najbardziej efektywny, innowacyjny i zr\u00f3wnowa\u017cony spos\u00f3b, zapewniaj\u0105c markom sukces na konkurencyjnym rynku. Poprzez nieustanne zaanga\u017cowanie w jako\u015b\u0107, pomys\u0142owo\u015b\u0107 i odpowiedzialno\u015b\u0107 za \u015brodowisko, staramy si\u0119 zwi\u0119ksza\u0107 widoczno\u015b\u0107, atrakcyjno\u015b\u0107 i potencja\u0142 sprzeda\u017cowy ka\u017cdego produktu, kt\u00f3ry etykietujemy. Niezale\u017cnie od tego, czy mowa o najnowocze\u015bniejszych technologiach druku, materia\u0142ach przyjaznych dla \u015brodowiska czy indywidualnych rozwi\u0105zaniach projektowych, dostosowujemy nasze podej\u015bcie do unikalnych potrzeb i aspiracji ka\u017cdego klienta.<\/p>\n<p>Maj\u0105c Masterpress po swojej stronie, mo\u017cesz mie\u0107 pewno\u015b\u0107, \u017ce Twoje produkty b\u0119d\u0105 nie tylko wyr\u00f3\u017cnia\u0107 si\u0119 na p\u00f3\u0142kach, ale tak\u017ce rezonowa\u0107 z konsumentami, nap\u0119dzaj\u0105c sukces i rozw\u00f3j Twojej marki. Do\u0142\u0105cz do nas w naszym d\u0105\u017ceniu do doskona\u0142o\u015bci etykietowania i wyzw\u00f3l pe\u0142en potencja\u0142 rynkowy swoich produkt\u00f3w.<\/p>\n\t\t\t\t<\/div>\n\t\t\t\t\t<\/article>\n\t<\/div>\n<\/section>\n\n\n\n<section class=\"l-sec o-mobile-bottom-60 o-bottom-160 o-mobile-top-80\">\n\t<div class=\"l-inner\">\n\t\t<div class=\"c-solutions\">\n\t\t\t\t\t\t\t<h2 class=\"c-solutions__heading t-size-42 t-size-40--desktop ui-color--black-1 ui-font-weight--bold t-font-secondary t-lower\">\n\t\t\t\t\tdowiedz si\u0119 wi\u0119cej:\t\t\t\t<\/h2>\n\t\t\t\t\t\t<div class=\"c-solutions__content\">\n\t\t\t\t\t\t\t\t\t<ul class=\"c-solutions-list c-list\">\n\t\t\t\t\t\t\t\t\t\t\t\t\t<li class=\"c-solutions-list__item\">\n\t\t\t\t\t\t\t\t<div class=\"c-solution-box\">\n\t\t\t\t\t\t\t\t\t\t\t\t\t\t\t\t\t\t\t\t\t\t\t\t\t<div class=\"c-solution-box__title\">\n\t\t\t\t\t\t\t\t\t\t<a class=\"c-solution-box__link c-link c-link--icon c-link--icon-animate\" href=\"https:\/\/masterpress.com\/pl\/about-us\/vision\/\" target=\"\">\n\t\t\t\t\t\t\t\t\t\t\tnasza wizja\t\t\t\t\t\t\t\t\t\t\t<img decoding=\"async\" class=\"c-link__icon js-injected-svg \" src=\"https:\/\/masterpress.com:443\/wp-content\/themes\/masterpress\/front\/static\/img\/icon-arrow-right.svg\" alt=\"\">\n\t\t\t\t\t\t\t\t\t\t<\/a>\n\t\t\t\t\t\t\t\t\t<\/div>\n\t\t\t\t\t\t\t\t\t\t\t\t\t\t\t\t<\/div>\n\t\t\t\t\t\t\t<\/li>\n\t\t\t\t\t\t\t\t\t\t\t\t\t<li class=\"c-solutions-list__item\">\n\t\t\t\t\t\t\t\t<div class=\"c-solution-box\">\n\t\t\t\t\t\t\t\t\t\t\t\t\t\t\t\t\t\t\t\t\t\t\t\t\t<div class=\"c-solution-box__title\">\n\t\t\t\t\t\t\t\t\t\t<a class=\"c-solution-box__link c-link c-link--icon c-link--icon-animate\" href=\"https:\/\/masterpress.com\/pl\/about-us\/our-values\/\" target=\"\">\n\t\t\t\t\t\t\t\t\t\t\tnasze warto\u015bci\t\t\t\t\t\t\t\t\t\t\t<img decoding=\"async\" class=\"c-link__icon js-injected-svg \" src=\"https:\/\/masterpress.com:443\/wp-content\/themes\/masterpress\/front\/static\/img\/icon-arrow-right.svg\" alt=\"\">\n\t\t\t\t\t\t\t\t\t\t<\/a>\n\t\t\t\t\t\t\t\t\t<\/div>\n\t\t\t\t\t\t\t\t\t\t\t\t\t\t\t\t<\/div>\n\t\t\t\t\t\t\t<\/li>\n\t\t\t\t\t\t\t\t\t\t\t<\/ul>\n\t\t\t\t\t\t\t<\/div>\n\t\t<\/div>\n\t<\/div>\n<\/section>\n","protected":false},"excerpt":{"rendered":"","protected":false},"author":3,"featured_media":0,"parent":357,"menu_order":0,"comment_status":"closed","ping_status":"closed","template":"","meta":{"footnotes":""},"class_list":["post-5862","page","type-page","status-publish","hentry"],"acf":[],"_links":{"self":[{"href":"https:\/\/masterpress.com\/pl\/wp-json\/wp\/v2\/pages\/5862","targetHints":{"allow":["GET"]}}],"collection":[{"href":"https:\/\/masterpress.com\/pl\/wp-json\/wp\/v2\/pages"}],"about":[{"href":"https:\/\/masterpress.com\/pl\/wp-json\/wp\/v2\/types\/page"}],"author":[{"embeddable":true,"href":"https:\/\/masterpress.com\/pl\/wp-json\/wp\/v2\/users\/3"}],"replies":[{"embeddable":true,"href":"https:\/\/masterpress.com\/pl\/wp-json\/wp\/v2\/comments?post=5862"}],"version-history":[{"count":8,"href":"https:\/\/masterpress.com\/pl\/wp-json\/wp\/v2\/pages\/5862\/revisions"}],"predecessor-version":[{"id":26222,"href":"https:\/\/masterpress.com\/pl\/wp-json\/wp\/v2\/pages\/5862\/revisions\/26222"}],"up":[{"embeddable":true,"href":"https:\/\/masterpress.com\/pl\/wp-json\/wp\/v2\/pages\/357"}],"wp:attachment":[{"href":"https:\/\/masterpress.com\/pl\/wp-json\/wp\/v2\/media?parent=5862"}],"curies":[{"name":"wp","href":"https:\/\/api.w.org\/{rel}","templated":true}]}}