{"id":3758,"date":"2023-05-17T09:55:46","date_gmt":"2023-05-17T09:55:46","guid":{"rendered":"https:\/\/masterpress.com\/?page_id=3758"},"modified":"2023-05-17T09:55:46","modified_gmt":"2023-05-17T09:55:46","slug":"rodo","status":"publish","type":"page","link":"https:\/\/masterpress.com\/pl\/rodo\/","title":{"rendered":"RODO"},"content":{"rendered":"<section class=\"l-sec o-mobile-bottom-50 o-bottom-100\">\n\t<div class=\"l-inner\">\n\t\t<div class=\"c-about-us\">\n\t\t\t<header class=\"c-about-us__header\">\n\t\t\t\t\n\t\t\t\t\n\t\t\t\t\t\t\t<\/header>\n\n\t\t\t\t\t<\/div>\n\t<\/div>\n<\/section>\n\n\n<section class=\"l-sec o-mobile-bottom-50 o-bottom-100\">\n\t<div class=\"l-inner\">\n\t\t<div class=\"c-about-us\">\n\t\t\t<header class=\"c-about-us__header\">\n\t\t\t\t\n\t\t\t\t\t\t\t\t\t<div class=\"c-about-us__desc t-size-16 ui-color--dark-grey-1\">\n\t\t\t\t\t\t<header>\n<h1>Ochrona danych osobowych<\/h1>\n<\/header>\n<div class=\"entry-content\">\n<h2>Klienci oraz potencjalni Klienci Masterpress S.A.<\/h2>\n<p>Zgodnie z art. 13 og\u00f3lnego rozporz\u0105dzenia o ochronie danych osobowych z dnia 27 kwietnia 2016 r. (Dz. Urz. UE L 119 z 04.05.2016) informuj\u0119, i\u017c:<\/p>\n<ul>\n<li>administratorem Pani\/Pana danych osobowych jest Masterpress S.A. z siedzib\u0105 ul. Kuronia 4 w Bia\u0142ymstoku;<\/li>\n<li>dane osobowe przetwarzane s\u0105 na podstawie:\n<ol>\n<li>6 ust. 1 lit. b og\u00f3lnego rozporz\u0105dzenia o ochronie danych osobowych z dnia 27 kwietnia 2016 r. \u2013 w celu zawarcia i realizacji umowy. Przechowywane b\u0119d\u0105 przez okres 6 lat od zako\u0144czenia obowi\u0105zywania umowy.<\/li>\n<li>6 ust. 1 lit. f og\u00f3lnego rozporz\u0105dzenia o ochronie danych osobowych z dnia 27 kwietnia 2016 r. \u2013 jako cel w\u0142asny realizowany przez administratora (marketing produkt\u00f3w i us\u0142ug, cele statystyczne). Przechowywane b\u0119d\u0105 do ustania przyczyn biznesowych, kt\u00f3rych dane by\u0142y przetwarzane, lub do czasu wniesienia sprzeciwu.<\/li>\n<\/ol>\n<\/li>\n<li>Przys\u0142uguje Pani\/Panu prawo dost\u0119pu do tre\u015bci swoich danych, otrzymywania ich kopii oraz z zastrze\u017ceniem przepis\u00f3w prawa przys\u0142uguje prawo do: sprostowania danych, usuni\u0119cia danych, ograniczenia przetwarzania danych, przenoszenia danych, wniesienia sprzeciwu wobec przetwarzania danych osobowych, a w przypadku przetwarzania danych osobowych na podstawie zgody mo\u017ce Pani\/Pan cofn\u0105\u0107 zgod\u0119 w dowolnym momencie bez wp\u0142ywu na zgodno\u015b\u0107 z prawem przetwarzania, kt\u00f3rego dokonano na podstawie zgody przed jej cofni\u0119ciem;<\/li>\n<li>Odbiorcami danych osobowych mog\u0105 by\u0107: firma \u015bwiadcz\u0105ca us\u0142ugi w zakresie rachunkowo\u015bci, organy upowa\u017cnione z mocy przepis\u00f3w prawa, firmy spedycyjne, firmy kurierskie, operatorzy pocztowi, dostawcy oprogramowania wykorzystywanego przez Masterpress S.A.;<\/li>\n<li>Posiada Pani\/Pan prawo wniesienia skargi do organu nadzorczego;<\/li>\n<li>Podanie danych osobowych jest dobrowolne, jednak\u017ce odmowa podania danych mo\u017ce skutkowa\u0107 odmow\u0105 zawarcia umowy;<\/li>\n<li>Pani\/Pana dane nie b\u0119d\u0105 profilowane.<\/li>\n<li>Kontakt z inspektorem ochrony danych: inspektor@masterpress.com.<\/li>\n<\/ul>\n<p>&nbsp;<\/p>\n<h2>Poczta email i prowadzenie korespondencji<\/h2>\n<p>Zgodnie z art. 13 og\u00f3lnego rozporz\u0105dzenia o ochronie danych osobowych z dnia 27 kwietnia 2016 r. (Dz. Urz. UE L 119 z 04.05.2016) informuj\u0119, i\u017c:<\/p>\n<ul>\n<li>Administratorem Pani\/Pana danych osobowych jest Masterpress S.A. z siedzib\u0105 ul. Kuronia 4 w Bia\u0142ymstoku;<\/li>\n<li>Dane osobowe przetwarzane s\u0105 na podstawie: art. 6 ust. 1 lit. a oraz art. 6 ust. 1 lit. f og\u00f3lnego rozporz\u0105dzenia o ochronie danych osobowych z dnia 27 kwietnia 2016 r. \u2013 w celu prowadzenia korespondencji elektronicznej. Przechowywane b\u0119d\u0105 przez okres 3 miesi\u0119cy od zako\u0144czenia prowadzenia korespondencji lub do ustania przyczyn biznesowych, kt\u00f3rych dane by\u0142y przetwarzane, lub do czasu wniesienia sprzeciwu.<\/li>\n<li>Przys\u0142uguje Pani\/Panu prawo dost\u0119pu do tre\u015bci swoich danych, otrzymywania ich kopii oraz z zastrze\u017ceniem przepis\u00f3w prawa przys\u0142uguje prawo do: sprostowania danych, usuni\u0119cia danych, ograniczenia przetwarzania danych, przenoszenia danych, wniesienia sprzeciwu wobec przetwarzania danych osobowych, a w przypadku przetwarzania danych osobowych na podstawie zgody mo\u017ce Pani\/Pan cofn\u0105\u0107 zgod\u0119 w dowolnym momencie bez wp\u0142ywu na zgodno\u015b\u0107 z prawem przetwarzania, kt\u00f3rego dokonano na podstawie zgody przed jej cofni\u0119ciem;<\/li>\n<li>Odbiorcami danych osobowych mog\u0105 by\u0107: organy upowa\u017cnione z mocy przepis\u00f3w prawa, dostawca hostingu poczty;<\/li>\n<li>Posiada Pani\/Pan prawo wniesienia skargi do organu nadzorczego;<\/li>\n<li>Podanie danych osobowych jest dobrowolne;<\/li>\n<li>Pani\/Pana dane nie b\u0119d\u0105 profilowane.<\/li>\n<li>Kontakt z inspektorem ochrony danych: inspektor@masterpress.com.<\/li>\n<\/ul>\n<\/div>\n\t\t\t\t\t<\/div>\n\t\t\t\t\n\t\t\t\t\t\t\t<\/header>\n\n\t\t\t\t\t<\/div>\n\t<\/div>\n<\/section>\n","protected":false},"excerpt":{"rendered":"","protected":false},"author":3,"featured_media":0,"parent":0,"menu_order":0,"comment_status":"closed","ping_status":"closed","template":"","meta":{"footnotes":""},"class_list":["post-3758","page","type-page","status-publish","hentry"],"acf":[],"_links":{"self":[{"href":"https:\/\/masterpress.com\/pl\/wp-json\/wp\/v2\/pages\/3758","targetHints":{"allow":["GET"]}}],"collection":[{"href":"https:\/\/masterpress.com\/pl\/wp-json\/wp\/v2\/pages"}],"about":[{"href":"https:\/\/masterpress.com\/pl\/wp-json\/wp\/v2\/types\/page"}],"author":[{"embeddable":true,"href":"https:\/\/masterpress.com\/pl\/wp-json\/wp\/v2\/users\/3"}],"replies":[{"embeddable":true,"href":"https:\/\/masterpress.com\/pl\/wp-json\/wp\/v2\/comments?post=3758"}],"version-history":[{"count":3,"href":"https:\/\/masterpress.com\/pl\/wp-json\/wp\/v2\/pages\/3758\/revisions"}],"predecessor-version":[{"id":3761,"href":"https:\/\/masterpress.com\/pl\/wp-json\/wp\/v2\/pages\/3758\/revisions\/3761"}],"wp:attachment":[{"href":"https:\/\/masterpress.com\/pl\/wp-json\/wp\/v2\/media?parent=3758"}],"curies":[{"name":"wp","href":"https:\/\/api.w.org\/{rel}","templated":true}]}}