{"id":3700,"date":"2023-05-16T15:38:51","date_gmt":"2023-05-16T15:38:51","guid":{"rendered":"https:\/\/masterpress.com\/?page_id=3700"},"modified":"2023-12-20T15:36:23","modified_gmt":"2023-12-20T15:36:23","slug":"rozbudowa-infrastruktury-br-w-celu-wdrozenia-innowacji-produktowej-i-procesowej","status":"publish","type":"page","link":"https:\/\/masterpress.com\/pl\/projekty-unijne\/rozbudowa-infrastruktury-br-w-celu-wdrozenia-innowacji-produktowej-i-procesowej\/","title":{"rendered":"Rozbudowa infrastruktury B+R w celu wdro\u017cenia innowacji produktowej i procesowej"},"content":{"rendered":"<section class=\"l-sec o-mobile-bottom-50 o-bottom-100\">\n\t<div class=\"l-inner\">\n\t\t<div class=\"c-about-us\">\n\t\t\t<header class=\"c-about-us__header\">\n\t\t\t\t\n\t\t\t\t\t\t\t\t\t<div class=\"c-about-us__desc t-size-16 ui-color--dark-grey-1\">\n\t\t\t\t\t\t<h1>Rozbudowa infrastruktury B+R w celu wdro\u017cenia innowacji produktowej i procesowej<\/h1>\n<div class=\"entry-content\">\n<p>Projekt pt.\u00a0<strong>\u201eRozbudowa infrastruktury B+R w celu wdro\u017cenia innowacji produktowej i procesowej\u201d\u00a0<\/strong>realizowany w ramach Regionalnego Programu Operacyjnego Wojew\u00f3dztwa Podlaskiego, 2014-2020, O\u015b Priorytetowa I \u201eWzmocnienie potencja\u0142u i konkurencyjno\u015bci gospodarki regionu\u201d, Dzia\u0142anie 1.2., Poddzia\u0142anie 1.2.1. \u201eWspieranie transferu wiedzy, innowacji, technologii i komercjalizacji wynik\u00f3w B+R oraz rozw\u00f3j dzia\u0142alno\u015bci B+R w przedsi\u0119biorstwach\u201d.<\/p>\n<p><strong><u>Cel projektu:<\/u><\/strong>\u00a0Celem projektu jest zwi\u0119kszenie aktywno\u015bci badawczo-rozwojowej Masterpress S.A. poprzez inwestycj\u0119 w rozbudow\u0119 obecnej infrastruktury B+R i utworzenie oddzielnej strefy do prowadzenia bada\u0144 przemys\u0142owych i laboratoryjnych.<\/p>\n<p><strong><u>Planowane efekty:<\/u><\/strong>\u00a0Efektem realizacji projektu b\u0119dzie wdro\u017cenie innowacji produktowej i procesowej dzi\u0119ki czemu nastapi wzrost zdolno\u015bci produkcyjnej zak\u0142adu przy jednoczesnym ograniczeniu emisyjno\u015bci i zachowaniu zasad zr\u00f3wnowa\u017conego rozwoju.<\/p>\n<p><strong><u>Warto\u015b\u0107 projektu:<\/u><\/strong>\u00a0 11\u00a0179 788,04 PLN<\/p>\n<p><strong><u>Dofinansowanie projektu z UE:<\/u><\/strong>\u00a04\u00a0544\u00a0629,23 PLN<\/p>\n<\/div>\n<div><img loading=\"lazy\" decoding=\"async\" class=\"aligncenter wp-image-4172 size-full\" src=\"https:\/\/masterpress.com:443\/wp-content\/uploads\/2023\/12\/procesowej-eu.png\" alt=\"\" width=\"795\" height=\"89\" srcset=\"https:\/\/masterpress.com:443\/wp-content\/uploads\/2023\/12\/procesowej-eu.png 795w, https:\/\/masterpress.com:443\/wp-content\/uploads\/2023\/12\/procesowej-eu-300x34.png 300w, https:\/\/masterpress.com:443\/wp-content\/uploads\/2023\/12\/procesowej-eu-768x86.png 768w, https:\/\/masterpress.com:443\/wp-content\/uploads\/2023\/12\/procesowej-eu-500x56.png 500w\" sizes=\"auto, (max-width: 795px) 100vw, 795px\" \/><\/div>\n\t\t\t\t\t<\/div>\n\t\t\t\t\n\t\t\t\t\t\t\t<\/header>\n\n\t\t\t\t\t<\/div>\n\t<\/div>\n<\/section>\n","protected":false},"excerpt":{"rendered":"","protected":false},"author":3,"featured_media":0,"parent":3641,"menu_order":0,"comment_status":"closed","ping_status":"closed","template":"","meta":{"footnotes":""},"class_list":["post-3700","page","type-page","status-publish","hentry"],"acf":[],"_links":{"self":[{"href":"https:\/\/masterpress.com\/pl\/wp-json\/wp\/v2\/pages\/3700","targetHints":{"allow":["GET"]}}],"collection":[{"href":"https:\/\/masterpress.com\/pl\/wp-json\/wp\/v2\/pages"}],"about":[{"href":"https:\/\/masterpress.com\/pl\/wp-json\/wp\/v2\/types\/page"}],"author":[{"embeddable":true,"href":"https:\/\/masterpress.com\/pl\/wp-json\/wp\/v2\/users\/3"}],"replies":[{"embeddable":true,"href":"https:\/\/masterpress.com\/pl\/wp-json\/wp\/v2\/comments?post=3700"}],"version-history":[{"count":4,"href":"https:\/\/masterpress.com\/pl\/wp-json\/wp\/v2\/pages\/3700\/revisions"}],"predecessor-version":[{"id":4177,"href":"https:\/\/masterpress.com\/pl\/wp-json\/wp\/v2\/pages\/3700\/revisions\/4177"}],"up":[{"embeddable":true,"href":"https:\/\/masterpress.com\/pl\/wp-json\/wp\/v2\/pages\/3641"}],"wp:attachment":[{"href":"https:\/\/masterpress.com\/pl\/wp-json\/wp\/v2\/media?parent=3700"}],"curies":[{"name":"wp","href":"https:\/\/api.w.org\/{rel}","templated":true}]}}