{"id":3674,"date":"2023-05-16T14:45:54","date_gmt":"2023-05-16T14:45:54","guid":{"rendered":"https:\/\/masterpress.com\/?page_id=3674"},"modified":"2024-09-26T07:04:12","modified_gmt":"2024-09-26T07:04:12","slug":"funkcjonalna-ssl-w-innowacyjnej-autorskiej-technologii-masterpress-s-a","status":"publish","type":"page","link":"https:\/\/masterpress.com\/pl\/projekty-unijne\/funkcjonalna-ssl-w-innowacyjnej-autorskiej-technologii-masterpress-s-a\/","title":{"rendered":"Funkcjonalna SSL w innowacyjnej autorskiej technologii Masterpress S.A."},"content":{"rendered":"<section class=\"l-sec o-mobile-bottom-50 o-bottom-100\">\n\t<div class=\"l-inner\">\n\t\t<div class=\"c-about-us\">\n\t\t\t<header class=\"c-about-us__header\">\n\t\t\t\t\n\t\t\t\t\t\t\t\t\t<div class=\"c-about-us__desc t-size-16 ui-color--dark-grey-1\">\n\t\t\t\t\t\t<header>\n<h1>Funkcjonalna SSL w innowacyjnej autorskiej technologii Masterpress S.A.<\/h1>\n<\/header>\n<div class=\"entry-content\">\n<p>Projekt pt.\u00a0<b><i>Funkcjonalna SSL w innowacyjnej autorskiej technologii Masterpress S.A.<\/i><\/b>\u00a0realizowany w ramach Dzia\u0142ania 1.1 Projekty B+R przedsi\u0119biorstw, Poddzia\u0142ania 1.1.1 Badania przemys\u0142owe i prace rozwojowe realizowane przez przedsi\u0119biorstwa Programu Operacyjnego Inteligentny Rozw\u00f3j, 2014-2020.<\/p>\n<p><strong><u>Cel projektu:<\/u><\/strong><\/p>\n<p>Cel projektu: Celem projektu jest otrzymanie funkcjonalnej etykiety termokurczliwej.<\/p>\n<p><strong><u>Planowane efekty:<\/u><\/strong><\/p>\n<p>Efektem realizacji projektu b\u0119dzie wytworzenie unikalnej etykiety SSL o nowej funkcjonalno\u015bci. Na podstawie przeprowadzonych prac badawczo-rozwojowych zostanie opracowana innowacyjna technologia wytworzenia funkcjonalnej SSL, kt\u00f3ra pozwoli na po\u0142\u0105czenie w jednym produkcie etykiety dekoracyjnej i funkcjonalnej.<\/p>\n<p><strong><u>Warto\u015b\u0107 projektu:<\/u><\/strong>\u00a02\u00a0324\u00a0733,80 PLN<\/p>\n<p><strong><u>Wk\u0142ad Funduszy Europejskich:<\/u><\/strong>\u00a01\u00a0604\u00a0471,38 PLN<\/p>\n<\/div>\n<p><\/br><br \/>\n<img loading=\"lazy\" decoding=\"async\" class=\"alignnone size-full wp-image-10075\" src=\"https:\/\/masterpress.com:443\/wp-content\/uploads\/2024\/09\/logotypy-nowe.png\" alt=\"\" width=\"1455\" height=\"85\" srcset=\"https:\/\/masterpress.com:443\/wp-content\/uploads\/2024\/09\/logotypy-nowe.png 1455w, https:\/\/masterpress.com:443\/wp-content\/uploads\/2024\/09\/logotypy-nowe-300x18.png 300w, https:\/\/masterpress.com:443\/wp-content\/uploads\/2024\/09\/logotypy-nowe-1024x60.png 1024w, https:\/\/masterpress.com:443\/wp-content\/uploads\/2024\/09\/logotypy-nowe-768x45.png 768w, https:\/\/masterpress.com:443\/wp-content\/uploads\/2024\/09\/logotypy-nowe-500x29.png 500w\" sizes=\"auto, (max-width: 1455px) 100vw, 1455px\" \/><\/p>\n\t\t\t\t\t<\/div>\n\t\t\t\t\n\t\t\t\t\t\t\t<\/header>\n\n\t\t\t\t\t<\/div>\n\t<\/div>\n<\/section>\n","protected":false},"excerpt":{"rendered":"","protected":false},"author":3,"featured_media":0,"parent":3641,"menu_order":0,"comment_status":"closed","ping_status":"closed","template":"","meta":{"footnotes":""},"class_list":["post-3674","page","type-page","status-publish","hentry"],"acf":[],"_links":{"self":[{"href":"https:\/\/masterpress.com\/pl\/wp-json\/wp\/v2\/pages\/3674","targetHints":{"allow":["GET"]}}],"collection":[{"href":"https:\/\/masterpress.com\/pl\/wp-json\/wp\/v2\/pages"}],"about":[{"href":"https:\/\/masterpress.com\/pl\/wp-json\/wp\/v2\/types\/page"}],"author":[{"embeddable":true,"href":"https:\/\/masterpress.com\/pl\/wp-json\/wp\/v2\/users\/3"}],"replies":[{"embeddable":true,"href":"https:\/\/masterpress.com\/pl\/wp-json\/wp\/v2\/comments?post=3674"}],"version-history":[{"count":6,"href":"https:\/\/masterpress.com\/pl\/wp-json\/wp\/v2\/pages\/3674\/revisions"}],"predecessor-version":[{"id":10090,"href":"https:\/\/masterpress.com\/pl\/wp-json\/wp\/v2\/pages\/3674\/revisions\/10090"}],"up":[{"embeddable":true,"href":"https:\/\/masterpress.com\/pl\/wp-json\/wp\/v2\/pages\/3641"}],"wp:attachment":[{"href":"https:\/\/masterpress.com\/pl\/wp-json\/wp\/v2\/media?parent=3674"}],"curies":[{"name":"wp","href":"https:\/\/api.w.org\/{rel}","templated":true}]}}