{"id":3673,"date":"2023-05-16T14:55:56","date_gmt":"2023-05-16T14:55:56","guid":{"rendered":"https:\/\/masterpress.com\/?page_id=3673"},"modified":"2023-05-16T15:48:23","modified_gmt":"2023-05-16T15:48:23","slug":"zejscie-do-0-w-technologii-flexo-inwestycja-w-infrastrukture-br-niezbedna-do-prac-badawczych-nad-udoskonaleniem-technologii-druku-fleksograficznego","status":"publish","type":"page","link":"https:\/\/masterpress.com\/pl\/projekty-unijne\/zejscie-do-0-w-technologii-flexo-inwestycja-w-infrastrukture-br-niezbedna-do-prac-badawczych-nad-udoskonaleniem-technologii-druku-fleksograficznego\/","title":{"rendered":"Zej\u015bcie do 0% w technologii FLEXO \u2013 inwestycja w infrastruktur\u0119 B+R niezb\u0119dn\u0105 do prac badawczych nad udoskonaleniem technologii druku fleksograficznego"},"content":{"rendered":"<section class=\"l-sec o-mobile-bottom-50 o-bottom-100\">\n\t<div class=\"l-inner\">\n\t\t<div class=\"c-about-us\">\n\t\t\t<header class=\"c-about-us__header\">\n\t\t\t\t\n\t\t\t\t\t\t\t\t\t<div class=\"c-about-us__desc t-size-16 ui-color--dark-grey-1\">\n\t\t\t\t\t\t<h1>Zej\u015bcie do 0% w technologii FLEXO \u2013 inwestycja w infrastruktur\u0119 B+R niezb\u0119dn\u0105 do prac badawczych nad udoskonaleniem technologii druku fleksograficznego<\/h1>\n<p>Projekt pt.\u00a0<em><strong>Zej\u015bcie do 0% w technologii FLEXO \u2013 inwestycja w infrastruktur\u0119 B+R niezb\u0119dn\u0105 do prac badawczych nad udoskonaleniem technologii druku fleksograficznego<\/strong><\/em>\u00a0realizowany w ramach Programu Operacyjny Inteligentny Rozw\u00f3j, 2014-2020, 2. O\u015b priorytetowa: Wsparcie otoczenia i potencja\u0142u przedsi\u0119biorstw do prowadzenia dzia\u0142alno\u015bci B+R+I, Dzia\u0142anie 2.1: Wsparcie inwestycji w infrastruktur\u0119 B+R przedsi\u0119biorstw.<\/p>\n<p>&nbsp;<\/p>\n<p><strong>Cel projektu:<\/strong><\/p>\n<p>Celem niniejszego projektu jest rozw\u00f3j Dzia\u0142u Bada\u0144 i Rozwoju funkcjonuj\u0105cego w\u00a0naszej firmie jako wyodr\u0119bniona jednostka organizacyjna. Cel zostanie osi\u0105gni\u0119ty poprzez inwestycj\u0119 w zakup niezb\u0119dnej infrastruktury badawczej, dzi\u0119ki kt\u00f3rej mo\u017cliwa b\u0119dzie realizacja prac badawczo-rozwojowych zaplanowanych w Agendzie Badawczej.<\/p>\n<p><strong>Planowane efekty:<\/strong><\/p>\n<p>Wyniki prac badawczo-rozwojowych przeprowadzonych dzi\u0119ki zakupionej w ramach wniosku o dofinansowanie infrastrukturze badawczej b\u0119d\u0105 mia\u0142y bezpo\u015brednie zastosowanie w naszej dzia\u0142alno\u015bci gospodarczej. W naszej firmie wprowadzone zostan\u0105 2 innowacje (procesowa i produktowa). Innowacja procesowa polega\u0107 b\u0119dzie na opracowaniu i wdro\u017ceniu udoskonalonej technologii druku fleksograficznego, na bazie, kt\u00f3rej wdro\u017cona zostanie innowacja produktowa \u2013 udoskonalone etykiety drukowane w technologii fleksograficznej.<\/p>\n<p><strong>Warto\u015b\u0107 projektu:\u00a0<\/strong>2 723 213,85 z\u0142<br \/>\n<strong>Wk\u0142ad Funduszy Europejskich:<\/strong>\u00a01\u00a0328\u00a0397,00 z\u0142<\/p>\n<p><strong>ZAPYTANIE OFERTOWE<\/strong><\/p>\n<p><strong>Zapytanie ofertowe nr 1\/05\/2016\/2.1 POIR<\/strong>\u00a0na zakup komputer\u00f3w stacjonarnych \u2013 2 szt. tj. komputer stacjonarny pod system pomiarowy tulei drukowych \u2013 1 szt., komputer stacjonarny pod system pomiarowy p\u0142yt drukowych \u2013 1 szt.<br \/>\nW odpowiedzi na zapytanie ofertowe nr 1\/05\/2016\/2.1 nie wp\u0142yn\u0119\u0142a \u017cadna oferta. Procedura ofertowa zostanie przeprowadzona ponownie.<br \/>\nZa\u0142\u0105cznik nr 1 do zapytania ofertowego nr 1\/05\/2016\/2.1 POIR<br \/>\nZa\u0142\u0105cznik nr 2 do zapytania ofertowego nr 1\/05\/2016\/2.1 POIR<br \/>\nZa\u0142\u0105cznik nr 3 do zapytania ofertowego nr 1\/05\/2016\/2.1 POIR<\/p>\n<p><strong>Zapytanie ofertowe nr 2\/05\/2016\/2.1 POIR<\/strong>\u00a0na zakup cyfrowego mikroskopu pomiarowego do p\u0142yt drukowych z oprogramowaniem \u2013 1 szt.<br \/>\nW wyniku rozstrzygni\u0119cia procedury ofertowej nr 2\/05\/2016\/2.1 wybrana zosta\u0142a oferta firmy SCORPIO Sp. z o.o.<br \/>\nZa\u0142\u0105cznik nr 1 do zapytania ofertowego nr 2\/05\/2016\/2.1 POIR<br \/>\nZa\u0142\u0105cznik nr 2 do zapytania ofertowego nr 2\/05\/2016\/2.1 POIR<br \/>\nZa\u0142\u0105cznik nr 3 do zapytania ofertowego nr 2\/05\/2016\/2.1 POIR<\/p>\n<p><strong>Zapytanie ofertowe nr 3\/05\/2016\/2.1 POIR<\/strong>\u00a0na zakup cyfrowego mikroskopu pomiarowego do anilox\u00f3w z oprogramowaniem \u2013 1 szt.<br \/>\nW wyniku rozstrzygni\u0119cia procedury ofertowej nr 3\/05\/2016\/2.1 wybrana zosta\u0142a oferta firmy PRINT SYSTEMS Sp. z o.o. sp. k.<br \/>\nZa\u0142\u0105cznik nr 1 do zapytania ofertowego nr 3\/05\/2016\/2.1 POIR<br \/>\nZa\u0142\u0105cznik nr 2 do zapytania ofertowego nr 3\/05\/2016\/2.1 POIR<br \/>\nZa\u0142\u0105cznik nr 3 do zapytania ofertowego nr 3\/05\/2016\/2.1 POIR<\/p>\n<p><strong>Zapytanie ofertowe nr 4\/05\/2016\/2.1 POIR<\/strong>\u00a0na zakup cyfrowych linia\u0142\u00f3w pomiarowych \u2013 2 szt.<br \/>\nW wyniku rozstrzygni\u0119cia procedury ofertowej nr 4\/05\/2016\/2.1 wybrana zosta\u0142a oferta firmy Power Tech s.c.<br \/>\nZa\u0142\u0105cznik nr 1 do zapytania ofertowego nr 4\/05\/2016\/2.1 POIR<br \/>\nZa\u0142\u0105cznik nr 2 do zapytania ofertowego nr 4\/05\/2016\/2.1 POIR<br \/>\nZa\u0142\u0105cznik nr 3 do zapytania ofertowego nr 4\/05\/2016\/2.1 POIR<\/p>\n<p><strong>Zapytanie ofertowe nr 5\/05\/2016\/2.1 POIR<\/strong>\u00a0na zakup laptopa \u2013 1 szt. tj. laptop pod system pomiarowy anilox\u00f3w \u2013 1 szt.<br \/>\nW odpowiedzi na zapytanie ofertowe nr 5\/05\/2016\/2.1 nie wp\u0142yn\u0119\u0142a \u017cadna oferta. Procedura ofertowa zostanie przeprowadzona ponownie.<br \/>\nZa\u0142\u0105cznik nr 1 do zapytania ofertowego nr 5\/05\/2016\/2.1 POIR<br \/>\nZa\u0142\u0105cznik nr 2 do zapytania ofertowego nr 5\/05\/2016\/2.1 POIR<br \/>\nZa\u0142\u0105cznik nr 3 do zapytania ofertowego nr 5\/05\/2016\/2.1 POIR<\/p>\n<p><strong>Zapytanie ofertowe nr 6\/06\/2016\/2.1 POIR<\/strong>\u00a0na zakup komputer\u00f3w stacjonarnych \u2013 2 szt. tj. komputer stacjonarny pod system pomiarowy tulei drukowych \u2013 1 szt., komputer stacjonarny pod system pomiarowy p\u0142yt drukowych \u2013 1 szt.<br \/>\nW wyniku rozstrzygni\u0119cia procedury ofertowej nr 6\/06\/2016\/2.1 wybrana zosta\u0142a oferta firmy ITPunkt Sp. z o.o.<br \/>\nZa\u0142\u0105cznik nr 1 do zapytania ofertowego nr 6\/06\/2016\/2.1 POIR<br \/>\nZa\u0142\u0105cznik nr 2 do zapytania ofertowego nr 6\/06\/2016\/2.1 POIR<br \/>\nZa\u0142\u0105cznik nr 3 do zapytania ofertowego nr 6\/06\/2016\/2.1 POIR<\/p>\n<p><strong>Zapytanie ofertowe nr 7\/06\/2016\/2.1 POIR<\/strong>\u00a0na: zakup laptopa \u2013 1 szt. tj. laptop pod system pomiarowy anilox\u00f3w \u2013 1 szt.<br \/>\nW wyniku rozstrzygni\u0119cia procedury ofertowej nr 7\/06\/2016\/2.1 wybrana zosta\u0142a oferta firmy ITPunkt Sp. z o.o.\u200b<br \/>\nZa\u0142\u0105cznik nr 1 do zapytania ofertowego nr 7\/06\/2016\/2.1 POIR<br \/>\nZa\u0142\u0105cznik nr 2 do zapytania ofertowego nr 7\/06\/2016\/2.1 POIR<br \/>\nZa\u0142\u0105cznik nr 3 do zapytania ofertowego nr 7\/06\/2016\/2.1 POIR<\/p>\n<p><strong>Zapytanie ofertowe nr 8\/07\/2016\/2.1 POIR<\/strong>\u00a0na: Zakup stanowiska pomiarowego do kontroli tulei drukowych \u2013 1 szt.<br \/>\nW wyniku rozstrzygni\u0119cia procedury ofertowej nr 8\/07\/2016\/2.1 wybrana zosta\u0142a oferta firmy KEYENCE INTERNATIONAL (Belgium) NV\/SA Sp\u00f3\u0142ka Akcyjna Oddzia\u0142 w Polsce.\u200b<br \/>\nZa\u0142\u0105cznik nr 1 do zapytania ofertowego nr 8\/07\/2016\/2.1 POIR<br \/>\nZa\u0142\u0105cznik nr 2 do zapytania ofertowego nr 8\/07\/2016\/2.1 POIR<br \/>\nZa\u0142\u0105cznik nr 3 do zapytania ofertowego nr 8\/07\/2016\/2.1 POIR<br \/>\nRequest for quotation no 8\/07\/2016\/2.1 the purchase of the measuring unit for printing rollers control \u2013 1 pc.<br \/>\nEnclosure 1 for Request for Quotation no. 8\/07\/2016\/2.1<br \/>\nEnclosure 2 for Request for Quotation no. 8\/07\/2016\/2.1<br \/>\nEnclosure 3 for Request for Quotation no. 8\/07\/2016\/2.1<\/p>\n\t\t\t\t\t<\/div>\n\t\t\t\t\n\t\t\t\t\t\t\t<\/header>\n\n\t\t\t\t\t<\/div>\n\t<\/div>\n<\/section>\n","protected":false},"excerpt":{"rendered":"","protected":false},"author":3,"featured_media":0,"parent":3641,"menu_order":0,"comment_status":"closed","ping_status":"closed","template":"","meta":{"footnotes":""},"class_list":["post-3673","page","type-page","status-publish","hentry"],"acf":[],"_links":{"self":[{"href":"https:\/\/masterpress.com\/pl\/wp-json\/wp\/v2\/pages\/3673","targetHints":{"allow":["GET"]}}],"collection":[{"href":"https:\/\/masterpress.com\/pl\/wp-json\/wp\/v2\/pages"}],"about":[{"href":"https:\/\/masterpress.com\/pl\/wp-json\/wp\/v2\/types\/page"}],"author":[{"embeddable":true,"href":"https:\/\/masterpress.com\/pl\/wp-json\/wp\/v2\/users\/3"}],"replies":[{"embeddable":true,"href":"https:\/\/masterpress.com\/pl\/wp-json\/wp\/v2\/comments?post=3673"}],"version-history":[{"count":2,"href":"https:\/\/masterpress.com\/pl\/wp-json\/wp\/v2\/pages\/3673\/revisions"}],"predecessor-version":[{"id":3697,"href":"https:\/\/masterpress.com\/pl\/wp-json\/wp\/v2\/pages\/3673\/revisions\/3697"}],"up":[{"embeddable":true,"href":"https:\/\/masterpress.com\/pl\/wp-json\/wp\/v2\/pages\/3641"}],"wp:attachment":[{"href":"https:\/\/masterpress.com\/pl\/wp-json\/wp\/v2\/media?parent=3673"}],"curies":[{"name":"wp","href":"https:\/\/api.w.org\/{rel}","templated":true}]}}