{"id":3672,"date":"2023-05-16T14:52:33","date_gmt":"2023-05-16T14:52:33","guid":{"rendered":"https:\/\/masterpress.com\/?page_id=3672"},"modified":"2023-05-16T15:45:34","modified_gmt":"2023-05-16T15:45:34","slug":"kompleksowa-linia-technologiczna-do-aplikacji-i-obkurczania-etykiet-termokurczliwych-w-nowatorskiej-technologii-masterpress-sa","status":"publish","type":"page","link":"https:\/\/masterpress.com\/pl\/projekty-unijne\/kompleksowa-linia-technologiczna-do-aplikacji-i-obkurczania-etykiet-termokurczliwych-w-nowatorskiej-technologii-masterpress-sa\/","title":{"rendered":"Kompleksowa linia technologiczna do aplikacji i obkurczania etykiet termokurczliwych w nowatorskiej technologii Masterpress SA"},"content":{"rendered":"<section class=\"l-sec o-mobile-bottom-50 o-bottom-100\">\n\t<div class=\"l-inner\">\n\t\t<div class=\"c-about-us\">\n\t\t\t<header class=\"c-about-us__header\">\n\t\t\t\t\n\t\t\t\t\t\t\t\t\t<div class=\"c-about-us__desc t-size-16 ui-color--dark-grey-1\">\n\t\t\t\t\t\t<h1>Kompleksowa linia technologiczna do aplikacji i obkurczania etykiet termokurczliwych w nowatorskiej technologii Masterpress SA<\/h1>\n<p>Projekt pt.<strong><em>\u00a0Kompleksowa linia technologiczna do aplikacji i obkurczania etykiet termokurczliwych w nowatorskiej technologii Masterpress SA<\/em><\/strong>\u00a0realizowany w ramach Dzia\u0142ania 1.1 Projekty B+R przedsi\u0119biorstw, Poddzia\u0142ania 1.1.1 Badania przemys\u0142owe i prace rozwojowe realizowane przez przedsi\u0119biorstwa Programu Operacyjnego Inteligentny Rozw\u00f3j, 2014-2020.<\/p>\n<p>&nbsp;<\/p>\n<p><strong>Cel projektu:<\/strong><\/p>\n<p>Celem projektu jest opracowanie innowacji produktowej w postaci kompleksowej linii technologicznej do aplikacji i obkurczania etykiet termokurczliwych na opakowaniach typu shrink sleeve, kt\u00f3ra dzia\u0142a\u0107 b\u0119dzie w oparciu o nowatorsk\u0105 technologi\u0119 wypracowan\u0105 w wyniku prac badawczo-rozwojowych prowadzonych w ramach projektu.<\/p>\n<p><strong>Planowane efekty:<\/strong><\/p>\n<p>Planowana do opracowania i wdro\u017cenia przez Masterpress S.A. kompleksowa linia technologiczna do aplikacji i obkurczania etykiet termokurczliwych stanowi\u0107 b\u0119dzie znacz\u0105ce ulepszenie w stosunku do obecnie oferowanych rozwi\u0105za\u0144, zar\u00f3wno w skali rynku polskiego, jak i mi\u0119dzynarodowego. Rezultatem realizacji projektu b\u0119dzie opracowanie i wdro\u017cenie innowacyjnych rozwi\u0105za\u0144 technologicznych, kt\u00f3re pozwol\u0105 na: optymalizacj\u0119 proces\u00f3w produkcyjnych, zwi\u0119kszon\u0105 automatyzacj\u0119 cyklu produkcyjnego oraz zastosowanie innowacyjnych rozwi\u0105za\u0144 technologicznych zwi\u0119kszaj\u0105cych mo\u017cliwo\u015bci produkcyjne.<\/p>\n<p><strong>Warto\u015b\u0107 projektu:<\/strong>\u00a04 807 304,59 z\u0142<br \/>\n<strong>Wk\u0142ad Funduszy Europejskich:<\/strong>\u00a02 354 570,66 z\u0142<\/p>\n<p><strong>ZAPYTANIE OFERTOWE<\/strong><br \/>\n<strong>Zapytanie ofertowe nr 1\/11\/2015\/1.1.1<\/strong>\u00a0na zakup oscyloskopu cyfrowego \u2013 1 szt.<br \/>\nW wyniku rozstrzygni\u0119cia procedury ofertowej nr 1\/11\/2015\/1.1.1 wybrana zosta\u0142a oferta firmy Pico Polska Eliza Adamczyk.<br \/>\nZa\u0142\u0105cznik nr 1 do zapytania ofertowego nr 1\/11\/2015\/1.1.1<br \/>\nZa\u0142\u0105cznik nr 2 do zapytania ofertowego nr 1\/11\/2015\/1.1.1<\/p>\n<p><strong>Zapytanie ofertowe nr 2\/11\/2015\/1.1.1<\/strong>\u00a0na zakup oprogramowania typu eCAD \u2013 1 szt.<br \/>\nW wyniku rozstrzygni\u0119cia procedury ofertowej nr 2\/11\/2015\/1.1.1 nie zosta\u0142a wybrana \u017cadna oferta. Procedura ofertowa zostanie przeprowadzona ponownie.<br \/>\nZa\u0142\u0105cznik nr 1 do zapytania ofertowego nr 2\/11\/2015\/1.1.1<br \/>\nZa\u0142\u0105cznik nr 2 do zapytania ofertowego nr 2\/11\/2015\/1.1.1<\/p>\n<p><strong>Zapytanie ofertowe nr 3\/11\/2015\/1.1.1<\/strong>\u00a0na zakup stacji roboczej do projektowania \u2013 1 szt.<br \/>\nW odpowiedzi na zapytanie ofertowe nr 3\/11\/2015\/1.1.1 nie wp\u0142yn\u0119\u0142a \u017cadna oferta. Procedura ofertowa zostanie przeprowadzona ponownie.<br \/>\nZa\u0142\u0105cznik nr 1 do zapytania ofertowego nr 3\/11\/2015\/1.1.1<br \/>\nZa\u0142\u0105cznik nr 2 do zapytania ofertowego nr 3\/11\/2015\/1.1.1<\/p>\n<p><strong>Zapytanie ofertowe nr 4\/12\/2015\/1.1.1<\/strong>\u00a0na zakup stacji roboczej do projektowania \u2013 1 szt.<br \/>\nNie wp\u0142yn\u0119\u0142a \u017cadna oferta. Procedura ofertowa zostanie przeprowadzona ponownie.<br \/>\nZa\u0142\u0105cznik nr 1 do zapytania ofertowego nr 4\/12\/2015\/1.1.1<br \/>\nZa\u0142\u0105cznik nr 2 do zapytania ofertowego nr 4\/12\/2015\/1.1.1<br \/>\nZa\u0142\u0105cznik nr 3 do zapytania ofertowego nr 4\/12\/2015\/1.1.1<\/p>\n<p><strong>Zapytanie ofertowe nr 5\/12\/2015\/1.1.1<\/strong>\u00a0dotycz\u0105ce oferty pracy na stanowisko Konsultant naukowy.<br \/>\nWybrana zosta\u0142a kandydatura Prof. dr hab. in\u017c Andrzeja Seweryna.<br \/>\nZa\u0142\u0105cznik nr 1 do zapytania ofertowego nr 5\/12\/2015\/1.1.1<br \/>\nZa\u0142\u0105cznik nr 2 do zapytania ofertowego nr 5\/12\/2015\/1.1.1<\/p>\n<p><strong>Zapytanie ofertowe nr 6\/12\/2015\/1.1.1<\/strong>\u00a0dotycz\u0105ce oferty pracy na stanowisko Cz\u0142onek zespo\u0142u badawczego ds. konstrukcyjnych.<br \/>\nWybrana zosta\u0142a kandydatura dr in\u017c. Adama Tomczyka.<br \/>\nZa\u0142\u0105cznik nr 1 do zapytania ofertowego nr 6\/12\/2015\/1.1.1<br \/>\nZa\u0142\u0105cznik nr 2 do zapytania ofertowego nr 6\/12\/2015\/1.1.1<\/p>\n<p><strong>Zapytanie ofertowe nr 7\/12\/2015\/1.1.1<\/strong>\u00a0na zakup oprogramowania typu eCAD \u2013 1 szt.<br \/>\nW wyniku rozstrzygni\u0119cia procedury ofertowej nr 7\/12\/2015\/1.1.1 wybrana zosta\u0142a oferta firmy IGE+XAO Polska Sp. z o.o.<br \/>\nZa\u0142\u0105cznik nr 1 do zapytania ofertowego nr 7\/12\/2015\/1.1.1<br \/>\nZa\u0142\u0105cznik nr 2 do zapytania ofertowego nr 7\/12\/2015\/1.1.1<br \/>\nZa\u0142\u0105cznik nr 3 do zapytania ofertowego nr 7\/12\/2015\/1.1.1<\/p>\n<p><strong>Zapytanie ofertowe nr 8\/12\/2015\/1.1.1<\/strong>\u00a0zakup paromierza \u2013 1 szt.<br \/>\nW wyniku rozstrzygni\u0119cia procedury ofertowej nr 8\/12\/2015\/1.1.1 nie zosta\u0142a wybrana \u017cadna oferta. Procedura ofertowa zostanie przeprowadzona ponownie.<br \/>\nZa\u0142\u0105cznik nr 1 do zapytania ofertowego nr 8\/12\/2015\/1.1.1<br \/>\nZa\u0142\u0105cznik nr 2 do zapytania ofertowego nr 8\/12\/2015\/1.1.1<br \/>\nZa\u0142\u0105cznik nr 3 do zapytania ofertowego nr 8\/12\/2015\/1.1.1<\/p>\n<p><strong>Zapytanie ofertowe nr 9\/12\/2015\/1.1.1<\/strong>\u00a0zakup stacji roboczej do projektowania \u2013 1 szt.<br \/>\nW wyniku rozstrzygni\u0119cia procedury ofertowej nr 9\/12\/2015\/1.1.1 wybrana zosta\u0142a oferta firmy IT Punkt Sp. z o.o.<br \/>\nZa\u0142\u0105cznik nr 1 do zapytania ofertowego nr 9\/12\/2015\/1.1.1<br \/>\nZa\u0142\u0105cznik nr 2 do zapytania ofertowego nr 9\/12\/2015\/1.1.1<br \/>\nZa\u0142\u0105cznik nr 3 do zapytania ofertowego nr 9\/12\/2015\/1.1.1<\/p>\n<p><strong>Zapytanie ofertowe nr 10\/12\/2015\/1.1.1<\/strong>\u00a0zakup materia\u0142\u00f3w do test\u00f3w badawczych.<br \/>\nW wyniku rozstrzygni\u0119cia procedury ofertowej nr 10\/12\/2015\/1.1.1 nie zosta\u0142a wybrana \u017cadna oferta. Procedura ofertowa zostanie przeprowadzona ponownie.<br \/>\nZa\u0142\u0105cznik nr 1 do zapytania ofertowego nr 10\/12\/2015\/1.1.1<br \/>\nZa\u0142\u0105cznik nr 2 do zapytania ofertowego nr 10\/12\/2015\/1.1.1<br \/>\nZa\u0142\u0105cznik nr 3 do zapytania ofertowego nr 10\/12\/2015\/1.1.1<br \/>\nRequest for quotation no 10\/12\/2015\/1.1.1<br \/>\nEnclosure no 1 to Request for quotation no 10\/12\/2015\/1.1.1<br \/>\nEnclosure no 2 to Request for quotation no 10\/12\/2015\/1.1.1<br \/>\nEnclosure no 3 to Request for quotation no 10\/12\/2015\/1.1.1<\/p>\n\t\t\t\t\t<\/div>\n\t\t\t\t\n\t\t\t\t\t\t\t<\/header>\n\n\t\t\t\t\t<\/div>\n\t<\/div>\n<\/section>\n\n\n<section class=\"l-sec o-mobile-bottom-50 o-bottom-100\">\n\t<div class=\"l-inner\">\n\t\t<div class=\"c-about-us\">\n\t\t\t<header class=\"c-about-us__header\">\n\t\t\t\t\n\t\t\t\t\t\t\t\t\t<div class=\"c-about-us__desc t-size-16 ui-color--dark-grey-1\">\n\t\t\t\t\t\t<p>u003ch1u003eZrealizowane projekty:u003c\/h1u003ernu003cdiv class=u0022entry-contentu0022u003ernu003ch1u003eRozszerzenie oferty firmy o etykiet\u0119 o wysokim stopniu przezroczysto\u015bciu003c\/h1u003ernProjekt pt. u003cemu003eu003cstrongu003eRozszerzenie oferty firmy o etykiet\u0119 o\u00a0wysokim stopniu przezroczysto\u015bciu003c\/strongu003eu003c\/emu003e realizowany w ramach Dzia\u0142ania 4.4 Nowe inwestycje o\u00a0wysokim potencjale innowacyjnym, O\u015b Priorytetowa 4 Inwestycje w\u00a0innowacyjne przedsi\u0119wzi\u0119cia Program Operacyjny Innowacyjna Gospodarka, 2007-2013.rnrnu003c!u002du002dmoreu002du002du003ernrnu003cstrongu003eZAPYTANIE OFERTOWEu003c\/strongu003ernrnu003cstrongu003eZapytanie ofertowe nr 1\/02\/2014\/4.4u003c\/strongu003e \u2013 zakup i monta\u017c automatycznej oklejarki do polimer\u00f3w (monta\u017cownica do maszyn w\u0105skowst\u0119gowych &#8211; 1 szt. oraz monta\u017cownica do maszyn szerokowst\u0119gowych &#8211; 1 szt.) \u2013 maszyny wchodz\u0105cej w sk\u0142ad linii technologicznej do oklejania i mycia form fotopolimerowychrnZa\u0142\u0105cznik nr 1 do zapytania ofertowego nr 1\/02\/2014\/4.4rnZa\u0142\u0105cznik nr 2 do zapytania ofertowego nr 1\/02\/2014\/4.4rnrnu003cstrongu003eZapytanie ofertowe nr 2\/02\/2014\/4.4u003c\/strongu003e \u2013 zakup i monta\u017c automatycznej myjki do polimer\u00f3w \u2013 1 szt. \u2013 maszyny wchodz\u0105cej w sk\u0142ad linii technologicznej do oklejania i mycia form fotopolimerowych.rnZa\u0142\u0105cznik nr 1 do zapytania ofertowego nr 2\/02\/2014\/4.4rnZa\u0142\u0105cznik nr 2 do zapytania ofertowego nr 2\/02\/2014\/4.4rnrnu003cstrongu003eZapytanie ofertowe nr 3\/04\/2014\/4.4u003c\/strongu003e &#8211; dotyczy zakupu i monta\u017cu magazynu polimer\u00f3w (automatycznego rega\u0142u windowego) wchodz\u0105cego w sk\u0142ad linii technologicznej do oklejania i\u00a0mycia form fotopolimerowych.rnZa\u0142\u0105cznik nr 1 do zapytania ofertowego nr 3\/04\/2014\/4.4rnZa\u0142\u0105cznik nr 2 do zapytania ofertowego nr 3\/04\/2014\/4.4rnrnu003cstrongu003eZapytanie ofertowe nr 4\/06\/2014\/4.4u003c\/strongu003e &#8211; dotyczy zakupu i monta\u017cu bobiniarki.rnZa\u0142\u0105cznik nr 1 do zapytania ofertowego nr 4\/06\/2014\/4.4rnZa\u0142\u0105cznik nr 2 do zapytania ofertowego nr 4\/06\/2014\/4.4rnRequest for quotation no 4\/06\/2014\/4.4rnEnclosure no 1 to Request for quotation no 4\/06\/2014\/4.4rnEnclosure no 2 to Request for quotation no 4\/06\/2014\/4.4rnrnu003cstrongu003eZapytanie ofertowe nr 5\/06\/2014\/4.4u003c\/strongu003e &#8211; dotyczy zakupu i monta\u017cu sklejarki.rnZa\u0142\u0105cznik nr 1 do zapytania ofertowego nr 5\/06\/2014\/4.4rnZa\u0142\u0105cznik nr 2 do zapytania ofertowego nr 5\/06\/2014\/4.4rnRequest for quotation no 5\/06\/2014\/4.4rnEnclosure no 1 to Request for quotation no 5\/06\/2014\/4.4rnEnclosure no 2 to Request for quotation no 5\/06\/2014\/4.4rnrnu003cstrongu003eZapytanie ofertowe nr 6\/06\/2014\/4.4u003c\/strongu003e &#8211; dotyczy zakupu i monta\u017cu krajarki.rnZa\u0142\u0105cznik nr 1 do zapytania ofertowego nr 6\/04\/2014\/4.4rnZa\u0142\u0105cznik nr 2 do zapytania ofertowego nr 6\/04\/2014\/4.4rnRequest for quotation no 6\/06\/2014\/4.4rnEnclosure no 1 to Request for quotation no 6\/06\/2014\/4.4rnEnclosure no 2 to Request for quotation no 6\/06\/2014\/4.4rnrnu003cstrongu003eZapytanie ofertowe nr 7\/06\/2014\/4.4u003c\/strongu003e &#8211; dotyczy zakupu i monta\u017cu inspektora.rnZa\u0142\u0105cznik nr 1 do zapytania ofertowego nr 7\/06\/2014\/4.4rnZa\u0142\u0105cznik nr 2 do zapytania ofertowego nr 7\/06\/2014\/4.4rnRequest for quotation no 7\/06\/2014\/4.4rnEnclosure no 1 to Request for quotation no 7\/06\/2014\/4.4rnEnclosure no 2 to Request for quotation no 7\/06\/2014\/4.4rnrnu003cstrongu003eZapytanie ofertowe nr 8\/09\/2014\/4.4u003c\/strongu003e &#8211; dotyczy zakupu i monta\u017cu automatycznej wycinarki do polimer\u00f3w wchodz\u0105cej w sk\u0142ad linii technologicznej do oklejania i mycia form fotopolimerowych.rnZa\u0142\u0105cznik nr 1 do zapytania ofertowego nr 8\/09\/2014\/4.4rnZa\u0142\u0105cznik nr 2 do zapytania ofertowego nr 8\/09\/2014\/4.4rnrnu003cstrongu003eZapytanie ofertowe nr 9\/10\/2014\/4.4u003c\/strongu003e &#8211; dotyczy zakupu i monta\u017cu automatycznej wycinarki do polimer\u00f3w wchodz\u0105cej w sk\u0142ad linii technologicznej do oklejania i mycia form fotopolimerowych.rnZa\u0142\u0105cznik nr 1 do zapytania ofertowego nr 9\/10\/2014\/4.4rnZa\u0142\u0105cznik nr 2 do zapytania ofertowego nr 9\/10\/2014\/4.4rnrnu003cstrongu003eZapytanie ofertowe nr 10\/12\/2014\/4.4u003c\/strongu003e &#8211; dotyczy zakupu i monta\u017cu maszyny drukuj\u0105cej ze specjalnym zespo\u0142em aplikacji kleju i odci\u0105giem odpad\u00f3w.rnZa\u0142\u0105cznik nr 1 do zapytania ofertowego nr 10\/12\/2014\/4.4rnZa\u0142\u0105cznik nr 2 do zapytania ofertowego nr 10\/12\/2014\/4.4rnRequest for quotation no 10\/12\/2014\/4.4rnEnclosure no 1 to Request for quotation no 10\/12\/2014\/4.4rnEnclosure no 2 to Request for quotation no 10\/12\/2014\/4.4rnrnu003cstrongu003eZapytanie ofertowe nr 11\/02\/2015\/4.4u003c\/strongu003e &#8211; dotyczy zakupu komory klimatycznej.rnZa\u0142\u0105cznik nr 1 do zapytania ofertowego nr 11\/02\/2015\/4.4rnZa\u0142\u0105cznik nr 2 do zapytania ofertowego nr 11\/02\/2015\/4.4rnRequest for quotation no 11\/02\/2015\/4.4rnEnclosure no 1 to Request for quotation no 11\/02\/2015\/4.4rnEnclosure no 2 to Request for quotation no 11\/02\/2015\/4.4rnrnu003cstrongu003eZapytanie ofertowe nr 12\/05\/2015\/4.4u003c\/strongu003e &#8211; dotyczy zakupu i monta\u017cu maszyny drukuj\u0105cej ze specjalnym zespo\u0142em aplikacji kleju i odci\u0105giem odpad\u00f3w.rnZa\u0142\u0105cznik nr 1 do zapytania ofertowego nr 12\/05\/2015\/4.4rnZa\u0142\u0105cznik nr 2 do zapytania ofertowego nr 12\/05\/2015\/4.4rnRequest for quotation no 12\/05\/2015\/4.4rnEnclosure no 1 to Request for quotation no 12\/05\/2015\/4.4rnEnclosure no 2 to Request for quotation no 12\/05\/2015\/4.4rnrnu0026nbsp;rnrnu003c\/divu003ernu003ch1u003eWdro\u017cenie zaawansowanego systemu B2B usprawniaj\u0105cego wsp\u00f3\u0142prac\u0119 z dotychczasowymi partnerami biznesowymi jako czynnik wzrostu konkurencyjno\u015bci firmy Masterpress S.A. w skali regionu i krajuu003c\/h1u003ernProjekt \u201eu003cemu003eu003cstrongu003eWdro\u017cenie zaawansowanego systemu B2B usprawniaj\u0105cego wsp\u00f3\u0142prac\u0119 z\u00a0dotychczasowymi partnerami biznesowymi jako czynnik wzrostu konkurencyjno\u015bci firmy Masterpress S.A. w skali regionu i krajuu003c\/strongu003eu003c\/emu003e\u201d w ramach dzia\u0142ania 8.2 Wspieranie wdra\u017cania elektronicznego biznesu typu B2B 8 osi priorytetowej Spo\u0142ecze\u0144stwo informacyjne \u2013 zwi\u0119kszenie innowacyjno\u015bci gospodarki Programu Operacyjnego Innowacyjna Gospodarka, 2007-2013.rnrnu003c!u002du002dmoreu002du002du003ernrnu003cstrongu003eZAPYTANIE OFERTOWEu003c\/strongu003ernrnu003cstrongu003eZapytanie ofertowe nr 1\/03\/2013rnu003c\/strongu003eZa\u0142\u0105cznik nr 1 do zapytania ofertowego nr 1\/03\/2013rnZa\u0142\u0105cznik nr 2 do zapytania ofertowego nr 1\/03\/2013rnrnu003cstrongu003eZapytanie ofertowe nr 2\/06\/2013u003c\/strongu003e \u2013 dotyczy zakupu licencji Automation Engine wraz z\u00a0WebCenterrnZa\u0142\u0105cznik nr 1 do zapytania ofertowego nr 2\/06\/2013rnZa\u0142\u0105cznik nr 2 do zapytania ofertowego nr 2\/06\/2013 [PDF]rnZa\u0142\u0105cznik nr 2 do zapytania ofertowego nr 2\/06\/2013 [DOC]rnu003cemu003eW zwi\u0105zku z opublikowanym zapytaniem ofertowym nr 3\/06\/2013 wyja\u015bniamy, i\u017c przedmiotem zapytania jest zakup licencji Windows 2012 serwer &#8211; edycja STANDARD. Dok\u0142adna specyfikacja przedmiotu zam\u00f3wienia stanowi za\u0142\u0105cznik nr 1 do zapytania ofertowego nr 3\/06\/2013. Formularz oferty stanowi Za\u0142\u0105cznik nr 2 do zapytania ofertowego nr 3\/06\/2013.u003c\/emu003ernrnu003cstrongu003eZapytanie ofertowe nr 3\/06\/2013u003c\/strongu003e \u2013 dotyczy zakupu licencji Windows 2012 serwerrnZa\u0142\u0105cznik nr 1 do zapytania ofertowego nr 3\/06\/2013rnZa\u0142\u0105cznik nr 2 do zapytania ofertowego nr 3\/06\/2013 [PDF]rnZa\u0142\u0105cznik nr 2 do zapytania ofertowego nr 3\/06\/2013 [DOC]rnrnu003cstrongu003eZapytanie ofertowe nr 4\/06\/2013u003c\/strongu003e &#8211; dotyczy zakupu interaktywnego punktu rejestracji danych TeNetrnZa\u0142\u0105cznik nr 1 do zapytania ofertowego nr 4\/06\/2013rnZa\u0142\u0105cznik nr 2 do zapytania ofertowego nr 4\/06\/2013 [PDF]rnZa\u0142\u0105cznik nr 2 do zapytania ofertowego nr 4\/06\/2013 [DOC]rnrnu003cstrongu003eZapytanie ofertowe nr 5\/06\/2013u003c\/strongu003e &#8211; dotyczy zakupu dw\u00f3ch zestaw\u00f3w komputerowychrnZa\u0142\u0105cznik nr 1 do zapytania ofertowego nr 5\/06\/2013rnZa\u0142\u0105cznik nr 2 do zapytania ofertowego nr 5\/06\/2013 [PDF]rnZa\u0142\u0105cznik nr 2 do zapytania ofertowego nr 5\/06\/2013 [DOC]rnrnu003cstrongu003eZapytanie ofertowe nr 6\/12\/2013u003c\/strongu003e &#8211; dotyczy zakupu licencji Automation Engine wraz z\u00a0WebCenter.rnZa\u0142\u0105cznik nr 1 do zapytania ofertowego nr 6\/12\/2013rnZa\u0142\u0105cznik nr 2 do zapytania ofertowego nr 6\/12\/2013 [PDF]rnZa\u0142\u0105cznik nr 2 do zapytania ofertowego nr 6\/12\/2013 [DOC]rnrnu003cstrongu003eZapytanie ofertowe nr 7\/01\/2014u003c\/strongu003e &#8211; dotyczy zakupu licencji na oprogramowanie V-Desk lub oprogramowanie r\u00f3wnowa\u017cne wraz z wdro\u017ceniem.rnZa\u0142\u0105cznik nr 1 do zapytania ofertowego nr 7\/01\/2014rnZa\u0142\u0105cznik nr 2 do zapytania ofertowego nr 7\/01\/2014 [PDF]rnZa\u0142\u0105cznik nr 2 do zapytania ofertowego nr 7\/01\/2014 [DOC]rnrnu003cstrongu003eZapytanie ofertowe nr 8\/01\/2014u003c\/strongu003e &#8211; dotyczy zakupu licencji QlikView lub licencji r\u00f3wnowa\u017cnej oraz zakupu us\u0142ugi szkoleniowej z zakresu obs\u0142ugi narz\u0119dzia QlikView lub narz\u0119dzia r\u00f3wnowa\u017cnego.rnZa\u0142\u0105cznik nr 1 do zapytania ofertowego nr 8\/01\/2014rnZa\u0142\u0105cznik nr 2 do zapytania ofertowego nr 8\/01\/2014 [PDF]rnZa\u0142\u0105cznik nr 2 do zapytania ofertowego nr 8\/01\/2014 [DOC]rnrnu0026nbsp;rnu003ch1u003eNowe etykiety wrap-around w innowacyjnej technologii w Masterpress S.A.u003c\/h1u003ernProjekt u003cemu003eu003cstrongu003eNowe etykiety wrap-around w innowacyjnej technologii w Masterpress S.Au003c\/strongu003eu003c\/emu003e. realizowany w ramach dzia\u0142ania 4.4 Nowe inwestycje o wysokim potencjale innowacyjnym osi priorytetowej 4 Inwestycje w innowacyjne przedsi\u0119wzi\u0119cia Programu Operacyjnego Innowacyjna Gospodarka, 2007-2013.rnrnu0026nbsp;<\/p>\n\t\t\t\t\t<\/div>\n\t\t\t\t\n\t\t\t\t\t\t\t<\/header>\n\n\t\t\t\t\t<\/div>\n\t<\/div>\n<\/section>\n","protected":false},"excerpt":{"rendered":"","protected":false},"author":3,"featured_media":0,"parent":3641,"menu_order":0,"comment_status":"closed","ping_status":"closed","template":"","meta":{"footnotes":""},"class_list":["post-3672","page","type-page","status-publish","hentry"],"acf":[],"_links":{"self":[{"href":"https:\/\/masterpress.com\/pl\/wp-json\/wp\/v2\/pages\/3672","targetHints":{"allow":["GET"]}}],"collection":[{"href":"https:\/\/masterpress.com\/pl\/wp-json\/wp\/v2\/pages"}],"about":[{"href":"https:\/\/masterpress.com\/pl\/wp-json\/wp\/v2\/types\/page"}],"author":[{"embeddable":true,"href":"https:\/\/masterpress.com\/pl\/wp-json\/wp\/v2\/users\/3"}],"replies":[{"embeddable":true,"href":"https:\/\/masterpress.com\/pl\/wp-json\/wp\/v2\/comments?post=3672"}],"version-history":[{"count":2,"href":"https:\/\/masterpress.com\/pl\/wp-json\/wp\/v2\/pages\/3672\/revisions"}],"predecessor-version":[{"id":3695,"href":"https:\/\/masterpress.com\/pl\/wp-json\/wp\/v2\/pages\/3672\/revisions\/3695"}],"up":[{"embeddable":true,"href":"https:\/\/masterpress.com\/pl\/wp-json\/wp\/v2\/pages\/3641"}],"wp:attachment":[{"href":"https:\/\/masterpress.com\/pl\/wp-json\/wp\/v2\/media?parent=3672"}],"curies":[{"name":"wp","href":"https:\/\/api.w.org\/{rel}","templated":true}]}}