{"id":3671,"date":"2023-05-16T14:51:30","date_gmt":"2023-05-16T14:51:30","guid":{"rendered":"https:\/\/masterpress.com\/?page_id=3671"},"modified":"2023-05-17T09:53:09","modified_gmt":"2023-05-17T09:53:09","slug":"przedsiewziecie-w-ramach-projektu-granty-na-badania-i-innowacje-2","status":"publish","type":"page","link":"https:\/\/masterpress.com\/pl\/projekty-unijne\/przedsiewziecie-w-ramach-projektu-granty-na-badania-i-innowacje-2\/","title":{"rendered":"Przedsi\u0119wzi\u0119cie w ramach projektu ,,Granty na badania i innowacje\u201d"},"content":{"rendered":"<section class=\"l-sec o-mobile-bottom-50 o-bottom-100\">\n\t<div class=\"l-inner\">\n\t\t<div class=\"c-about-us\">\n\t\t\t<header class=\"c-about-us__header\">\n\t\t\t\t\n\t\t\t\t\t\t\t\t\t<div class=\"c-about-us__desc t-size-16 ui-color--dark-grey-1\">\n\t\t\t\t\t\t<h1>Przedsi\u0119wzi\u0119cie w ramach projektu ,,Granty na badania i innowacje\u201d<\/h1>\n<p>Przedsi\u0119wzi\u0119cie w ramach projektu ,,Granty na badania i innowacje\u201d dofinansowanego z Funduszy Europejskich realizowanego przez Podlask\u0105 Fundacj\u0119 Rozwoju Regionalnego w ramach Dzia\u0142ania 1.2.2 \u201eBon na us\u0142ugi badawcze\u201d Regionalnego Programu Operacyjnego Wojew\u00f3dztwa Podlaskiego, 2014-2020.<\/p>\n<p><strong><u>Cel projektu:<\/u><\/strong><\/p>\n<p>Celem grantu jest zakup us\u0142ugi przeprowadzenia Audytu technologicznego procesu produkcji etykiety typu shrink sleeve obejmuj\u0105cego dwa etapy procesu produkcyjnego, tj.: proces druku i proces konfekcjonowania (ci\u0119cie, klejenie, inspekcja).<\/p>\n<p><strong><u>Planowane efekty:<\/u><\/strong><\/p>\n<p>Audyt technologiczny procesu produkcji etykiety typu shrink sleeve ma doprowadzi\u0107 do skr\u00f3cenia procesu produkcyjnego, zmniejszenia straty materia\u0142owej, zminimalizowania wad jako\u015bciowych w trakcie procesu, bie\u017c\u0105cej kontroli zgodno\u015bci oczekiwanego nak\u0142adu produkcji z bie\u017c\u0105cym wykonaniem.<\/p>\n<p><strong><u>Warto\u015b\u0107 projektu<\/u><\/strong><em>:\u00a0<\/em>84\u00a0856,00 PLN<\/p>\n<p><strong><u>Wk\u0142ad Funduszy Europejskich:\u00a0<\/u><\/strong>63\u00a0642,00 PLN<\/p>\n<p><img loading=\"lazy\" decoding=\"async\" class=\"alignnone size-full wp-image-3735\" src=\"https:\/\/masterpress.com:443\/wp-content\/uploads\/2023\/05\/regionalny.png\" alt=\"\" width=\"1200\" height=\"152\" srcset=\"https:\/\/masterpress.com:443\/wp-content\/uploads\/2023\/05\/regionalny.png 1200w, https:\/\/masterpress.com:443\/wp-content\/uploads\/2023\/05\/regionalny-300x38.png 300w, https:\/\/masterpress.com:443\/wp-content\/uploads\/2023\/05\/regionalny-1024x130.png 1024w, https:\/\/masterpress.com:443\/wp-content\/uploads\/2023\/05\/regionalny-768x97.png 768w, https:\/\/masterpress.com:443\/wp-content\/uploads\/2023\/05\/regionalny-500x63.png 500w\" sizes=\"auto, (max-width: 1200px) 100vw, 1200px\" \/><\/p>\n\t\t\t\t\t<\/div>\n\t\t\t\t\n\t\t\t\t\t\t\t<\/header>\n\n\t\t\t\t\t<\/div>\n\t<\/div>\n<\/section>\n","protected":false},"excerpt":{"rendered":"","protected":false},"author":3,"featured_media":0,"parent":3641,"menu_order":0,"comment_status":"closed","ping_status":"closed","template":"","meta":{"footnotes":""},"class_list":["post-3671","page","type-page","status-publish","hentry"],"acf":[],"_links":{"self":[{"href":"https:\/\/masterpress.com\/pl\/wp-json\/wp\/v2\/pages\/3671","targetHints":{"allow":["GET"]}}],"collection":[{"href":"https:\/\/masterpress.com\/pl\/wp-json\/wp\/v2\/pages"}],"about":[{"href":"https:\/\/masterpress.com\/pl\/wp-json\/wp\/v2\/types\/page"}],"author":[{"embeddable":true,"href":"https:\/\/masterpress.com\/pl\/wp-json\/wp\/v2\/users\/3"}],"replies":[{"embeddable":true,"href":"https:\/\/masterpress.com\/pl\/wp-json\/wp\/v2\/comments?post=3671"}],"version-history":[{"count":4,"href":"https:\/\/masterpress.com\/pl\/wp-json\/wp\/v2\/pages\/3671\/revisions"}],"predecessor-version":[{"id":3755,"href":"https:\/\/masterpress.com\/pl\/wp-json\/wp\/v2\/pages\/3671\/revisions\/3755"}],"up":[{"embeddable":true,"href":"https:\/\/masterpress.com\/pl\/wp-json\/wp\/v2\/pages\/3641"}],"wp:attachment":[{"href":"https:\/\/masterpress.com\/pl\/wp-json\/wp\/v2\/media?parent=3671"}],"curies":[{"name":"wp","href":"https:\/\/api.w.org\/{rel}","templated":true}]}}