{"id":3670,"date":"2023-05-16T14:50:31","date_gmt":"2023-05-16T14:50:31","guid":{"rendered":"https:\/\/masterpress.com\/?page_id=3670"},"modified":"2024-05-07T18:06:10","modified_gmt":"2024-05-07T18:06:10","slug":"wdrozenie-wynikow-prac-br-prowadzacych-do-uruchomienia-produkcji-unikalnej-etykiety-termokurczliwej-z-nowatorska-perforacja-i-efektywnym-drukiem-wypuklym","status":"publish","type":"page","link":"https:\/\/masterpress.com\/pl\/projekty-unijne\/wdrozenie-wynikow-prac-br-prowadzacych-do-uruchomienia-produkcji-unikalnej-etykiety-termokurczliwej-z-nowatorska-perforacja-i-efektywnym-drukiem-wypuklym\/","title":{"rendered":"Wdro\u017cenie wynik\u00f3w prac B+R prowadz\u0105cych do uruchomienia produkcji unikalnej etykiety termokurczliwej z nowatorsk\u0105 perforacj\u0105 i efektywnym drukiem wypuk\u0142ym"},"content":{"rendered":"<section class=\"l-sec o-mobile-bottom-50 o-bottom-100\">\n\t<div class=\"l-inner\">\n\t\t<div class=\"c-about-us\">\n\t\t\t<header class=\"c-about-us__header\">\n\t\t\t\t\n\t\t\t\t\t\t\t\t\t<div class=\"c-about-us__desc t-size-16 ui-color--dark-grey-1\">\n\t\t\t\t\t\t<h1>Wdro\u017cenie wynik\u00f3w prac B+R prowadz\u0105cych do uruchomienia produkcji unikalnej etykiety termokurczliwej z nowatorsk\u0105 perforacj\u0105 i efektywnym drukiem wypuk\u0142ym<\/h1>\n<p>Projekt pt. \u201eWdro\u017cenie wynik\u00f3w prac B+R prowadz\u0105cych do uruchomienia produkcji unikalnej etykiety termokurczliwej z nowatorsk\u0105 perforacj\u0105\u00a0i efektywnym drukiem wypuk\u0142ym\u201d realizowany w ramach Dzia\u0142ania 3.2 Wsparcie wdro\u017ce\u0144 wynik\u00f3w prac B+R, Poddzia\u0142ania 3.2.1 Badania na rynek Programu Operacyjnego Inteligentny Rozw\u00f3j, 2014-2020.<\/p>\n<p><strong><u>Cel projektu:<\/u><\/strong><\/p>\n<p>Celem projektu jest zwi\u0119kszenie konkurencyjno\u015bci Masterpress S.A. poprzez wdro\u017cenie na rynek pionierskich rozwi\u0105za\u0144 w zakresie produkcji unikalnej etykiety termokurczliwej.<\/p>\n<p><strong><u>Planowane efekty:<\/u><\/strong><\/p>\n<p>Efektem realizacji projektu b\u0119dzie wdro\u017cenie przez Masterpress S.A. wynik\u00f3w w\u0142asnych prac badawczo-rozwojowych oraz wprowadzenie na rynek unikalnej etykiety SSL o nowych cechach i funkcjonalno\u015bciach. Planowany efekt zostanie osi\u0105gni\u0119ty poprzez wdro\u017cenie hybrydowych linii technologicznych do produkcji unikalnych etykiet SSL, wyposa\u017conych w komponenty in\u017cynieryjne b\u0119d\u0105ce wynikiem prac B+R.<\/p>\n<p><strong><u>Warto\u015b\u0107 projektu:<\/u><\/strong>\u00a0 35 098 176,26 PLN<\/p>\n<p><strong><u>Wk\u0142ad Funduszy Europejskich:<\/u><\/strong>\u00a019 173 446,14 PLN<\/p>\n<p><img loading=\"lazy\" decoding=\"async\" class=\"alignnone size-full wp-image-4178\" src=\"https:\/\/masterpress.com:443\/wp-content\/uploads\/2023\/12\/wypulym-eu.png\" alt=\"\" width=\"846\" height=\"87\" srcset=\"https:\/\/masterpress.com:443\/wp-content\/uploads\/2023\/12\/wypulym-eu.png 846w, https:\/\/masterpress.com:443\/wp-content\/uploads\/2023\/12\/wypulym-eu-300x31.png 300w, https:\/\/masterpress.com:443\/wp-content\/uploads\/2023\/12\/wypulym-eu-768x79.png 768w, https:\/\/masterpress.com:443\/wp-content\/uploads\/2023\/12\/wypulym-eu-500x51.png 500w\" sizes=\"auto, (max-width: 846px) 100vw, 846px\" \/><\/p>\n<p>W wyniku realizacji projektu osi\u0105gni\u0119to za\u0142o\u017cone cele i wdro\u017cono innowacj\u0119 produktow\u0105 \u2013 etykiet\u0119 termokurczliw\u0105 SSL.<\/p>\n<p>Powsta\u0142 produkt i oferta firmy zawieraj\u0105ca nast\u0119puj\u0105ce cechy etykiety termokurczliwej SSL:<\/p>\n<p>\u2013 skuteczn\u0105 perforacj\u0119 etykiety termokurczliwej SSL<\/p>\n<p>\u2013 efekt zdobienia wypuk\u0142ego<\/p>\n<p>\u2013 efekt wypuk\u0142o\u015bci punktowej<\/p>\n<p>\u2013 efekt wypuk\u0142ego znaku ostrzegawczego<\/p>\n<p>Wedle \u017cyczenia Klienta powy\u017csze efekty mog\u0105 by\u0107 \u0142\u0105czone na jednej etykiecie lub stosowane osobno.<\/p>\n\t\t\t\t\t<\/div>\n\t\t\t\t\n\t\t\t\t\t\t\t<\/header>\n\n\t\t\t\t\t<\/div>\n\t<\/div>\n<\/section>\n","protected":false},"excerpt":{"rendered":"","protected":false},"author":3,"featured_media":0,"parent":3641,"menu_order":0,"comment_status":"closed","ping_status":"closed","template":"","meta":{"footnotes":""},"class_list":["post-3670","page","type-page","status-publish","hentry"],"acf":[],"_links":{"self":[{"href":"https:\/\/masterpress.com\/pl\/wp-json\/wp\/v2\/pages\/3670","targetHints":{"allow":["GET"]}}],"collection":[{"href":"https:\/\/masterpress.com\/pl\/wp-json\/wp\/v2\/pages"}],"about":[{"href":"https:\/\/masterpress.com\/pl\/wp-json\/wp\/v2\/types\/page"}],"author":[{"embeddable":true,"href":"https:\/\/masterpress.com\/pl\/wp-json\/wp\/v2\/users\/3"}],"replies":[{"embeddable":true,"href":"https:\/\/masterpress.com\/pl\/wp-json\/wp\/v2\/comments?post=3670"}],"version-history":[{"count":11,"href":"https:\/\/masterpress.com\/pl\/wp-json\/wp\/v2\/pages\/3670\/revisions"}],"predecessor-version":[{"id":6452,"href":"https:\/\/masterpress.com\/pl\/wp-json\/wp\/v2\/pages\/3670\/revisions\/6452"}],"up":[{"embeddable":true,"href":"https:\/\/masterpress.com\/pl\/wp-json\/wp\/v2\/pages\/3641"}],"wp:attachment":[{"href":"https:\/\/masterpress.com\/pl\/wp-json\/wp\/v2\/media?parent=3670"}],"curies":[{"name":"wp","href":"https:\/\/api.w.org\/{rel}","templated":true}]}}