{"id":3669,"date":"2023-05-16T14:49:32","date_gmt":"2023-05-16T14:49:32","guid":{"rendered":"https:\/\/masterpress.com\/?page_id=3669"},"modified":"2023-05-17T09:53:36","modified_gmt":"2023-05-17T09:53:36","slug":"przedsiewziecie-w-ramach-projektu-granty-na-badania-i-innowacje","status":"publish","type":"page","link":"https:\/\/masterpress.com\/pl\/projekty-unijne\/przedsiewziecie-w-ramach-projektu-granty-na-badania-i-innowacje\/","title":{"rendered":"Przedsi\u0119wzi\u0119cie w ramach projektu \u2013 ,,Granty na badania i innowacje\u201d"},"content":{"rendered":"<section class=\"l-sec o-mobile-bottom-50 o-bottom-100\">\n\t<div class=\"l-inner\">\n\t\t<div class=\"c-about-us\">\n\t\t\t<header class=\"c-about-us__header\">\n\t\t\t\t\n\t\t\t\t\t\t\t\t\t<div class=\"c-about-us__desc t-size-16 ui-color--dark-grey-1\">\n\t\t\t\t\t\t<h1>Przedsi\u0119wzi\u0119cie w ramach projektu \u2013 ,,Granty na badania i innowacje\u201d<\/h1>\n<p>Przedsi\u0119wzi\u0119cie w ramach projektu ,,Granty na badania i innowacje\u201d dofinansowanego z Funduszy Europejskich realizowanego przez Podlask\u0105 Fundacj\u0119 Rozwoju Regionalnego w ramach Dzia\u0142ania 1.2.2 \u201eBon na us\u0142ugi badawcze\u201d Regionalnego Programu Operacyjnego Wojew\u00f3dztwa Podlaskiego, 2014-2020.<\/p>\n<p><strong><u>Cel projektu:<\/u><\/strong><\/p>\n<p>Celem grantu jest zakup licencji na dedykowane oprogramowanie do analitycznego zarz\u0105dzania procesem produkcji w firmie Masterpress S.A.\u00a0 z ko\u0144c\u00f3wkami na 46 stanowisk.<\/p>\n<p><strong><u>Planowane efekty:<\/u><\/strong><\/p>\n<p>Wdro\u017cenie licencji na dedykowane oprogramowanie do analitycznego zarz\u0105dzania procesem produkcji w firmie Masterpress S.A.\u00a0 z ko\u0144c\u00f3wkami na 46 stanowisk pozwoli na wprowadzenie innowacji w procesie produkcji dzi\u0119ki kt\u00f3rej przedsi\u0119biorstwo zyska\u00a0 wi\u0119ksz\u0105 efektywno\u015b\u0107 w dzia\u0142aniach zwi\u0105zanych z produkcj\u0105. Obejmie ona przede wszystkim procesy od planowania produkcji, harmonogramowania, obliczania zapotrzebowania materia\u0142owego oraz kontroli.<\/p>\n<p><strong><u>Warto\u015b\u0107 projektu<\/u><\/strong><em>:\u00a0<\/em>226 829,34 PLN<\/p>\n<p><strong><u>Wk\u0142ad Funduszy Europejskich:\u00a0<\/u><\/strong>99 583,61 PLN<\/p>\n<p><img loading=\"lazy\" decoding=\"async\" class=\"alignnone size-full wp-image-3735\" src=\"https:\/\/masterpress.com:443\/wp-content\/uploads\/2023\/05\/regionalny.png\" alt=\"\" width=\"1200\" height=\"152\" srcset=\"https:\/\/masterpress.com:443\/wp-content\/uploads\/2023\/05\/regionalny.png 1200w, https:\/\/masterpress.com:443\/wp-content\/uploads\/2023\/05\/regionalny-300x38.png 300w, https:\/\/masterpress.com:443\/wp-content\/uploads\/2023\/05\/regionalny-1024x130.png 1024w, https:\/\/masterpress.com:443\/wp-content\/uploads\/2023\/05\/regionalny-768x97.png 768w, https:\/\/masterpress.com:443\/wp-content\/uploads\/2023\/05\/regionalny-500x63.png 500w\" sizes=\"auto, (max-width: 1200px) 100vw, 1200px\" \/><\/p>\n\t\t\t\t\t<\/div>\n\t\t\t\t\n\t\t\t\t\t\t\t<\/header>\n\n\t\t\t\t\t<\/div>\n\t<\/div>\n<\/section>\n\n\n<section class=\"l-sec o-mobile-bottom-50 o-bottom-100\">\n\t<div class=\"l-inner\">\n\t\t<div class=\"c-about-us\">\n\t\t\t<header class=\"c-about-us__header\">\n\t\t\t\t\n\t\t\t\t\t\t\t\t\t<div class=\"c-about-us__desc t-size-16 ui-color--dark-grey-1\">\n\t\t\t\t\t\t<p>u003ch1u003eZrealizowane projekty:u003c\/h1u003ernu003cdiv class=u0022entry-contentu0022u003ernu003ch1u003eRozszerzenie oferty firmy o etykiet\u0119 o wysokim stopniu przezroczysto\u015bciu003c\/h1u003ernProjekt pt. u003cemu003eu003cstrongu003eRozszerzenie oferty firmy o etykiet\u0119 o\u00a0wysokim stopniu przezroczysto\u015bciu003c\/strongu003eu003c\/emu003e realizowany w ramach Dzia\u0142ania 4.4 Nowe inwestycje o\u00a0wysokim potencjale innowacyjnym, O\u015b Priorytetowa 4 Inwestycje w\u00a0innowacyjne przedsi\u0119wzi\u0119cia Program Operacyjny Innowacyjna Gospodarka, 2007-2013.rnrnu003c!u002du002dmoreu002du002du003ernrnu003cstrongu003eZAPYTANIE OFERTOWEu003c\/strongu003ernrnu003cstrongu003eZapytanie ofertowe nr 1\/02\/2014\/4.4u003c\/strongu003e \u2013 zakup i monta\u017c automatycznej oklejarki do polimer\u00f3w (monta\u017cownica do maszyn w\u0105skowst\u0119gowych &#8211; 1 szt. oraz monta\u017cownica do maszyn szerokowst\u0119gowych &#8211; 1 szt.) \u2013 maszyny wchodz\u0105cej w sk\u0142ad linii technologicznej do oklejania i mycia form fotopolimerowychrnZa\u0142\u0105cznik nr 1 do zapytania ofertowego nr 1\/02\/2014\/4.4rnZa\u0142\u0105cznik nr 2 do zapytania ofertowego nr 1\/02\/2014\/4.4rnrnu003cstrongu003eZapytanie ofertowe nr 2\/02\/2014\/4.4u003c\/strongu003e \u2013 zakup i monta\u017c automatycznej myjki do polimer\u00f3w \u2013 1 szt. \u2013 maszyny wchodz\u0105cej w sk\u0142ad linii technologicznej do oklejania i mycia form fotopolimerowych.rnZa\u0142\u0105cznik nr 1 do zapytania ofertowego nr 2\/02\/2014\/4.4rnZa\u0142\u0105cznik nr 2 do zapytania ofertowego nr 2\/02\/2014\/4.4rnrnu003cstrongu003eZapytanie ofertowe nr 3\/04\/2014\/4.4u003c\/strongu003e &#8211; dotyczy zakupu i monta\u017cu magazynu polimer\u00f3w (automatycznego rega\u0142u windowego) wchodz\u0105cego w sk\u0142ad linii technologicznej do oklejania i\u00a0mycia form fotopolimerowych.rnZa\u0142\u0105cznik nr 1 do zapytania ofertowego nr 3\/04\/2014\/4.4rnZa\u0142\u0105cznik nr 2 do zapytania ofertowego nr 3\/04\/2014\/4.4rnrnu003cstrongu003eZapytanie ofertowe nr 4\/06\/2014\/4.4u003c\/strongu003e &#8211; dotyczy zakupu i monta\u017cu bobiniarki.rnZa\u0142\u0105cznik nr 1 do zapytania ofertowego nr 4\/06\/2014\/4.4rnZa\u0142\u0105cznik nr 2 do zapytania ofertowego nr 4\/06\/2014\/4.4rnRequest for quotation no 4\/06\/2014\/4.4rnEnclosure no 1 to Request for quotation no 4\/06\/2014\/4.4rnEnclosure no 2 to Request for quotation no 4\/06\/2014\/4.4rnrnu003cstrongu003eZapytanie ofertowe nr 5\/06\/2014\/4.4u003c\/strongu003e &#8211; dotyczy zakupu i monta\u017cu sklejarki.rnZa\u0142\u0105cznik nr 1 do zapytania ofertowego nr 5\/06\/2014\/4.4rnZa\u0142\u0105cznik nr 2 do zapytania ofertowego nr 5\/06\/2014\/4.4rnRequest for quotation no 5\/06\/2014\/4.4rnEnclosure no 1 to Request for quotation no 5\/06\/2014\/4.4rnEnclosure no 2 to Request for quotation no 5\/06\/2014\/4.4rnrnu003cstrongu003eZapytanie ofertowe nr 6\/06\/2014\/4.4u003c\/strongu003e &#8211; dotyczy zakupu i monta\u017cu krajarki.rnZa\u0142\u0105cznik nr 1 do zapytania ofertowego nr 6\/04\/2014\/4.4rnZa\u0142\u0105cznik nr 2 do zapytania ofertowego nr 6\/04\/2014\/4.4rnRequest for quotation no 6\/06\/2014\/4.4rnEnclosure no 1 to Request for quotation no 6\/06\/2014\/4.4rnEnclosure no 2 to Request for quotation no 6\/06\/2014\/4.4rnrnu003cstrongu003eZapytanie ofertowe nr 7\/06\/2014\/4.4u003c\/strongu003e &#8211; dotyczy zakupu i monta\u017cu inspektora.rnZa\u0142\u0105cznik nr 1 do zapytania ofertowego nr 7\/06\/2014\/4.4rnZa\u0142\u0105cznik nr 2 do zapytania ofertowego nr 7\/06\/2014\/4.4rnRequest for quotation no 7\/06\/2014\/4.4rnEnclosure no 1 to Request for quotation no 7\/06\/2014\/4.4rnEnclosure no 2 to Request for quotation no 7\/06\/2014\/4.4rnrnu003cstrongu003eZapytanie ofertowe nr 8\/09\/2014\/4.4u003c\/strongu003e &#8211; dotyczy zakupu i monta\u017cu automatycznej wycinarki do polimer\u00f3w wchodz\u0105cej w sk\u0142ad linii technologicznej do oklejania i mycia form fotopolimerowych.rnZa\u0142\u0105cznik nr 1 do zapytania ofertowego nr 8\/09\/2014\/4.4rnZa\u0142\u0105cznik nr 2 do zapytania ofertowego nr 8\/09\/2014\/4.4rnrnu003cstrongu003eZapytanie ofertowe nr 9\/10\/2014\/4.4u003c\/strongu003e &#8211; dotyczy zakupu i monta\u017cu automatycznej wycinarki do polimer\u00f3w wchodz\u0105cej w sk\u0142ad linii technologicznej do oklejania i mycia form fotopolimerowych.rnZa\u0142\u0105cznik nr 1 do zapytania ofertowego nr 9\/10\/2014\/4.4rnZa\u0142\u0105cznik nr 2 do zapytania ofertowego nr 9\/10\/2014\/4.4rnrnu003cstrongu003eZapytanie ofertowe nr 10\/12\/2014\/4.4u003c\/strongu003e &#8211; dotyczy zakupu i monta\u017cu maszyny drukuj\u0105cej ze specjalnym zespo\u0142em aplikacji kleju i odci\u0105giem odpad\u00f3w.rnZa\u0142\u0105cznik nr 1 do zapytania ofertowego nr 10\/12\/2014\/4.4rnZa\u0142\u0105cznik nr 2 do zapytania ofertowego nr 10\/12\/2014\/4.4rnRequest for quotation no 10\/12\/2014\/4.4rnEnclosure no 1 to Request for quotation no 10\/12\/2014\/4.4rnEnclosure no 2 to Request for quotation no 10\/12\/2014\/4.4rnrnu003cstrongu003eZapytanie ofertowe nr 11\/02\/2015\/4.4u003c\/strongu003e &#8211; dotyczy zakupu komory klimatycznej.rnZa\u0142\u0105cznik nr 1 do zapytania ofertowego nr 11\/02\/2015\/4.4rnZa\u0142\u0105cznik nr 2 do zapytania ofertowego nr 11\/02\/2015\/4.4rnRequest for quotation no 11\/02\/2015\/4.4rnEnclosure no 1 to Request for quotation no 11\/02\/2015\/4.4rnEnclosure no 2 to Request for quotation no 11\/02\/2015\/4.4rnrnu003cstrongu003eZapytanie ofertowe nr 12\/05\/2015\/4.4u003c\/strongu003e &#8211; dotyczy zakupu i monta\u017cu maszyny drukuj\u0105cej ze specjalnym zespo\u0142em aplikacji kleju i odci\u0105giem odpad\u00f3w.rnZa\u0142\u0105cznik nr 1 do zapytania ofertowego nr 12\/05\/2015\/4.4rnZa\u0142\u0105cznik nr 2 do zapytania ofertowego nr 12\/05\/2015\/4.4rnRequest for quotation no 12\/05\/2015\/4.4rnEnclosure no 1 to Request for quotation no 12\/05\/2015\/4.4rnEnclosure no 2 to Request for quotation no 12\/05\/2015\/4.4rnrnu0026nbsp;rnrnu003c\/divu003ernu003ch1u003eWdro\u017cenie zaawansowanego systemu B2B usprawniaj\u0105cego wsp\u00f3\u0142prac\u0119 z dotychczasowymi partnerami biznesowymi jako czynnik wzrostu konkurencyjno\u015bci firmy Masterpress S.A. w skali regionu i krajuu003c\/h1u003ernProjekt \u201eu003cemu003eu003cstrongu003eWdro\u017cenie zaawansowanego systemu B2B usprawniaj\u0105cego wsp\u00f3\u0142prac\u0119 z\u00a0dotychczasowymi partnerami biznesowymi jako czynnik wzrostu konkurencyjno\u015bci firmy Masterpress S.A. w skali regionu i krajuu003c\/strongu003eu003c\/emu003e\u201d w ramach dzia\u0142ania 8.2 Wspieranie wdra\u017cania elektronicznego biznesu typu B2B 8 osi priorytetowej Spo\u0142ecze\u0144stwo informacyjne \u2013 zwi\u0119kszenie innowacyjno\u015bci gospodarki Programu Operacyjnego Innowacyjna Gospodarka, 2007-2013.rnrnu003c!u002du002dmoreu002du002du003ernrnu003cstrongu003eZAPYTANIE OFERTOWEu003c\/strongu003ernrnu003cstrongu003eZapytanie ofertowe nr 1\/03\/2013rnu003c\/strongu003eZa\u0142\u0105cznik nr 1 do zapytania ofertowego nr 1\/03\/2013rnZa\u0142\u0105cznik nr 2 do zapytania ofertowego nr 1\/03\/2013rnrnu003cstrongu003eZapytanie ofertowe nr 2\/06\/2013u003c\/strongu003e \u2013 dotyczy zakupu licencji Automation Engine wraz z\u00a0WebCenterrnZa\u0142\u0105cznik nr 1 do zapytania ofertowego nr 2\/06\/2013rnZa\u0142\u0105cznik nr 2 do zapytania ofertowego nr 2\/06\/2013 [PDF]rnZa\u0142\u0105cznik nr 2 do zapytania ofertowego nr 2\/06\/2013 [DOC]rnu003cemu003eW zwi\u0105zku z opublikowanym zapytaniem ofertowym nr 3\/06\/2013 wyja\u015bniamy, i\u017c przedmiotem zapytania jest zakup licencji Windows 2012 serwer &#8211; edycja STANDARD. Dok\u0142adna specyfikacja przedmiotu zam\u00f3wienia stanowi za\u0142\u0105cznik nr 1 do zapytania ofertowego nr 3\/06\/2013. Formularz oferty stanowi Za\u0142\u0105cznik nr 2 do zapytania ofertowego nr 3\/06\/2013.u003c\/emu003ernrnu003cstrongu003eZapytanie ofertowe nr 3\/06\/2013u003c\/strongu003e \u2013 dotyczy zakupu licencji Windows 2012 serwerrnZa\u0142\u0105cznik nr 1 do zapytania ofertowego nr 3\/06\/2013rnZa\u0142\u0105cznik nr 2 do zapytania ofertowego nr 3\/06\/2013 [PDF]rnZa\u0142\u0105cznik nr 2 do zapytania ofertowego nr 3\/06\/2013 [DOC]rnrnu003cstrongu003eZapytanie ofertowe nr 4\/06\/2013u003c\/strongu003e &#8211; dotyczy zakupu interaktywnego punktu rejestracji danych TeNetrnZa\u0142\u0105cznik nr 1 do zapytania ofertowego nr 4\/06\/2013rnZa\u0142\u0105cznik nr 2 do zapytania ofertowego nr 4\/06\/2013 [PDF]rnZa\u0142\u0105cznik nr 2 do zapytania ofertowego nr 4\/06\/2013 [DOC]rnrnu003cstrongu003eZapytanie ofertowe nr 5\/06\/2013u003c\/strongu003e &#8211; dotyczy zakupu dw\u00f3ch zestaw\u00f3w komputerowychrnZa\u0142\u0105cznik nr 1 do zapytania ofertowego nr 5\/06\/2013rnZa\u0142\u0105cznik nr 2 do zapytania ofertowego nr 5\/06\/2013 [PDF]rnZa\u0142\u0105cznik nr 2 do zapytania ofertowego nr 5\/06\/2013 [DOC]rnrnu003cstrongu003eZapytanie ofertowe nr 6\/12\/2013u003c\/strongu003e &#8211; dotyczy zakupu licencji Automation Engine wraz z\u00a0WebCenter.rnZa\u0142\u0105cznik nr 1 do zapytania ofertowego nr 6\/12\/2013rnZa\u0142\u0105cznik nr 2 do zapytania ofertowego nr 6\/12\/2013 [PDF]rnZa\u0142\u0105cznik nr 2 do zapytania ofertowego nr 6\/12\/2013 [DOC]rnrnu003cstrongu003eZapytanie ofertowe nr 7\/01\/2014u003c\/strongu003e &#8211; dotyczy zakupu licencji na oprogramowanie V-Desk lub oprogramowanie r\u00f3wnowa\u017cne wraz z wdro\u017ceniem.rnZa\u0142\u0105cznik nr 1 do zapytania ofertowego nr 7\/01\/2014rnZa\u0142\u0105cznik nr 2 do zapytania ofertowego nr 7\/01\/2014 [PDF]rnZa\u0142\u0105cznik nr 2 do zapytania ofertowego nr 7\/01\/2014 [DOC]rnrnu003cstrongu003eZapytanie ofertowe nr 8\/01\/2014u003c\/strongu003e &#8211; dotyczy zakupu licencji QlikView lub licencji r\u00f3wnowa\u017cnej oraz zakupu us\u0142ugi szkoleniowej z zakresu obs\u0142ugi narz\u0119dzia QlikView lub narz\u0119dzia r\u00f3wnowa\u017cnego.rnZa\u0142\u0105cznik nr 1 do zapytania ofertowego nr 8\/01\/2014rnZa\u0142\u0105cznik nr 2 do zapytania ofertowego nr 8\/01\/2014 [PDF]rnZa\u0142\u0105cznik nr 2 do zapytania ofertowego nr 8\/01\/2014 [DOC]rnrnu0026nbsp;rnu003ch1u003eNowe etykiety wrap-around w innowacyjnej technologii w Masterpress S.A.u003c\/h1u003ernProjekt u003cemu003eu003cstrongu003eNowe etykiety wrap-around w innowacyjnej technologii w Masterpress S.Au003c\/strongu003eu003c\/emu003e. realizowany w ramach dzia\u0142ania 4.4 Nowe inwestycje o wysokim potencjale innowacyjnym osi priorytetowej 4 Inwestycje w innowacyjne przedsi\u0119wzi\u0119cia Programu Operacyjnego Innowacyjna Gospodarka, 2007-2013.rnrnu0026nbsp;<\/p>\n\t\t\t\t\t<\/div>\n\t\t\t\t\n\t\t\t\t\t\t\t<\/header>\n\n\t\t\t\t\t<\/div>\n\t<\/div>\n<\/section>\n","protected":false},"excerpt":{"rendered":"","protected":false},"author":3,"featured_media":0,"parent":3641,"menu_order":0,"comment_status":"closed","ping_status":"closed","template":"","meta":{"footnotes":""},"class_list":["post-3669","page","type-page","status-publish","hentry"],"acf":[],"_links":{"self":[{"href":"https:\/\/masterpress.com\/pl\/wp-json\/wp\/v2\/pages\/3669","targetHints":{"allow":["GET"]}}],"collection":[{"href":"https:\/\/masterpress.com\/pl\/wp-json\/wp\/v2\/pages"}],"about":[{"href":"https:\/\/masterpress.com\/pl\/wp-json\/wp\/v2\/types\/page"}],"author":[{"embeddable":true,"href":"https:\/\/masterpress.com\/pl\/wp-json\/wp\/v2\/users\/3"}],"replies":[{"embeddable":true,"href":"https:\/\/masterpress.com\/pl\/wp-json\/wp\/v2\/comments?post=3669"}],"version-history":[{"count":4,"href":"https:\/\/masterpress.com\/pl\/wp-json\/wp\/v2\/pages\/3669\/revisions"}],"predecessor-version":[{"id":3757,"href":"https:\/\/masterpress.com\/pl\/wp-json\/wp\/v2\/pages\/3669\/revisions\/3757"}],"up":[{"embeddable":true,"href":"https:\/\/masterpress.com\/pl\/wp-json\/wp\/v2\/pages\/3641"}],"wp:attachment":[{"href":"https:\/\/masterpress.com\/pl\/wp-json\/wp\/v2\/media?parent=3669"}],"curies":[{"name":"wp","href":"https:\/\/api.w.org\/{rel}","templated":true}]}}