{"id":3668,"date":"2023-05-16T14:48:56","date_gmt":"2023-05-16T14:48:56","guid":{"rendered":"https:\/\/masterpress.com\/?page_id=3668"},"modified":"2023-05-17T09:52:10","modified_gmt":"2023-05-17T09:52:10","slug":"projekt-pt-wzmocnienie-potencjalu-eksportowego-masterpress-s-a-poprzez-udzial-w-targach-fachpack-2018","status":"publish","type":"page","link":"https:\/\/masterpress.com\/pl\/projekty-unijne\/projekt-pt-wzmocnienie-potencjalu-eksportowego-masterpress-s-a-poprzez-udzial-w-targach-fachpack-2018\/","title":{"rendered":"Projekt pt.: \u201eWzmocnienie potencja\u0142u eksportowego Masterpress S.A.\u201d poprzez udzia\u0142 w targach FachPack 2018\u201d"},"content":{"rendered":"<section class=\"l-sec o-mobile-bottom-50 o-bottom-100\">\n\t<div class=\"l-inner\">\n\t\t<div class=\"c-about-us\">\n\t\t\t<header class=\"c-about-us__header\">\n\t\t\t\t\n\t\t\t\t\t\t\t\t\t<div class=\"c-about-us__desc t-size-16 ui-color--dark-grey-1\">\n\t\t\t\t\t\t<h1>Projekt pt.: \u201eWzmocnienie potencja\u0142u eksportowego Masterpress S.A.\u201d poprzez udzia\u0142 w targach FachPack 2018\u201d<\/h1>\n<p>Projekt pt.: \u201eWzmocnienie potencja\u0142u eksportowego Masterpress S.A.\u201d poprzez udzia\u0142 w targach FachPack 2018\u201d. realizowany w ramach Regionalnego Programu Operacyjnego Wojew\u00f3dztwa Podlaskiego, 2014-2020, 1. O\u015b priorytetowa: \u201eWzmocnienie potencja\u0142u i konkurencyjno\u015bci gospodarki regionu, Dzia\u0142anie 1.4.: \u201ePromocja przedsi\u0119biorczo\u015bci oraz podniesienie atrakcyjno\u015bci inwestycyjnej wojew\u00f3dztwa\u201d, Poddzia\u0142anie 1.4.1 \u201ePromocja przedsi\u0119biorczo\u015bci oraz podniesienie atrakcyjno\u015bci inwestycyjnej wojew\u00f3dztwa\u201d.<\/p>\n<p><strong><u>Cel projektu:<\/u><\/strong><\/p>\n<p>Celem projektu jest wzrost konkurencyjno\u015bci Masterpress S.A. oraz promocja marki Masterpress poprzez udzia\u0142 w targach bran\u017cowych FachPack 2018<br \/>\nw Norymberdze. Projekt ma na celu promocj\u0119 nowatorskich rozwi\u0105za\u0144 w zakresie zadruku etykiet typu shrink sleeve oraz nowych rozwi\u0105za\u0144 z zakresu maszyn do aplikacji i obkurczania etykiet shrink sleeve.<\/p>\n<p><strong><u>Planowane efekty:<\/u><\/strong><\/p>\n<p>Realizacja projektu przyczyni si\u0119 do wzrostu konkurencyjno\u015bci Masterpress S.A. oraz zwi\u0119kszenia rozpoznawalno\u015bci marki Masterpress na rynku europejskim i \u015bwiatowym w sektorze produkcji opakowa\u0144 poprzez promocj\u0119 przedsi\u0119biorstwa oraz nawi\u0105zanie wsp\u00f3\u0142pracy z nowymi kontrahentami. Efektami realizacji projektu b\u0119d\u0105: zwi\u0119kszenie sprzeda\u017cy eksportowej oraz wzrost poziomu internacjonalizacji Wojew\u00f3dztwa Podlaskiego.<\/p>\n<p><strong><u>Warto\u015b\u0107 projektu:<\/u><\/strong>\u00a0 226\u00a0380,00 PLN<\/p>\n<p><strong><u>Wk\u0142ad Funduszy Europejskich:<\/u><\/strong>\u00a098 520,37 PLN<\/p>\n<p><img loading=\"lazy\" decoding=\"async\" class=\"alignnone size-full wp-image-3735\" src=\"https:\/\/masterpress.com:443\/wp-content\/uploads\/2023\/05\/regionalny.png\" alt=\"\" width=\"1200\" height=\"152\" srcset=\"https:\/\/masterpress.com:443\/wp-content\/uploads\/2023\/05\/regionalny.png 1200w, https:\/\/masterpress.com:443\/wp-content\/uploads\/2023\/05\/regionalny-300x38.png 300w, https:\/\/masterpress.com:443\/wp-content\/uploads\/2023\/05\/regionalny-1024x130.png 1024w, https:\/\/masterpress.com:443\/wp-content\/uploads\/2023\/05\/regionalny-768x97.png 768w, https:\/\/masterpress.com:443\/wp-content\/uploads\/2023\/05\/regionalny-500x63.png 500w\" sizes=\"auto, (max-width: 1200px) 100vw, 1200px\" \/><\/p>\n\t\t\t\t\t<\/div>\n\t\t\t\t\n\t\t\t\t\t\t\t<\/header>\n\n\t\t\t\t\t<\/div>\n\t<\/div>\n<\/section>\n","protected":false},"excerpt":{"rendered":"","protected":false},"author":3,"featured_media":0,"parent":3641,"menu_order":0,"comment_status":"closed","ping_status":"closed","template":"","meta":{"footnotes":""},"class_list":["post-3668","page","type-page","status-publish","hentry"],"acf":[],"_links":{"self":[{"href":"https:\/\/masterpress.com\/pl\/wp-json\/wp\/v2\/pages\/3668","targetHints":{"allow":["GET"]}}],"collection":[{"href":"https:\/\/masterpress.com\/pl\/wp-json\/wp\/v2\/pages"}],"about":[{"href":"https:\/\/masterpress.com\/pl\/wp-json\/wp\/v2\/types\/page"}],"author":[{"embeddable":true,"href":"https:\/\/masterpress.com\/pl\/wp-json\/wp\/v2\/users\/3"}],"replies":[{"embeddable":true,"href":"https:\/\/masterpress.com\/pl\/wp-json\/wp\/v2\/comments?post=3668"}],"version-history":[{"count":4,"href":"https:\/\/masterpress.com\/pl\/wp-json\/wp\/v2\/pages\/3668\/revisions"}],"predecessor-version":[{"id":3753,"href":"https:\/\/masterpress.com\/pl\/wp-json\/wp\/v2\/pages\/3668\/revisions\/3753"}],"up":[{"embeddable":true,"href":"https:\/\/masterpress.com\/pl\/wp-json\/wp\/v2\/pages\/3641"}],"wp:attachment":[{"href":"https:\/\/masterpress.com\/pl\/wp-json\/wp\/v2\/media?parent=3668"}],"curies":[{"name":"wp","href":"https:\/\/api.w.org\/{rel}","templated":true}]}}