{"id":3667,"date":"2023-05-16T14:47:35","date_gmt":"2023-05-16T14:47:35","guid":{"rendered":"https:\/\/masterpress.com\/?page_id=3667"},"modified":"2023-05-17T09:51:33","modified_gmt":"2023-05-17T09:51:33","slug":"dywersyfikacja-produkcji-firmy-masterpress-s-a-poprzez-wprowadzenie-do-oferty-firmy-i-na-rynek-europejski-ekoinnowacyjnej-etykiety-shrink-sleeve-z-termoaktywna-powloka-pozycjonujaca-na-kubki","status":"publish","type":"page","link":"https:\/\/masterpress.com\/pl\/projekty-unijne\/dywersyfikacja-produkcji-firmy-masterpress-s-a-poprzez-wprowadzenie-do-oferty-firmy-i-na-rynek-europejski-ekoinnowacyjnej-etykiety-shrink-sleeve-z-termoaktywna-powloka-pozycjonujaca-na-kubki\/","title":{"rendered":"Dywersyfikacja produkcji firmy Masterpress S.A. poprzez wprowadzenie do oferty firmy i na rynek europejski ekoinnowacyjnej etykiety shrink sleeve z termoaktywn\u0105 pow\u0142ok\u0105 pozycjonuj\u0105c\u0105 na kubki"},"content":{"rendered":"<section class=\"l-sec o-mobile-bottom-50 o-bottom-100\">\n\t<div class=\"l-inner\">\n\t\t<div class=\"c-about-us\">\n\t\t\t<header class=\"c-about-us__header\">\n\t\t\t\t\n\t\t\t\t\t\t\t\t\t<div class=\"c-about-us__desc t-size-16 ui-color--dark-grey-1\">\n\t\t\t\t\t\t<h1>Dywersyfikacja produkcji firmy Masterpress S.A. poprzez wprowadzenie do oferty firmy i na rynek europejski ekoinnowacyjnej etykiety shrink sleeve z termoaktywn\u0105 pow\u0142ok\u0105 pozycjonuj\u0105c\u0105 na kubki<\/h1>\n<p>Projekt pt.\u00a0<strong>\u201eDywersyfikacja produkcji firmy Masterpress S.A. poprzez wprowadzenie do oferty firmy i na rynek europejski ekoinnowacyjnej etykiety shrink sleeve z termoaktywn\u0105 pow\u0142ok\u0105 pozycjonuj\u0105c\u0105 na kubki\u201d\u00a0<\/strong>realizowany w ramach Regionalnego Programu Operacyjnego Wojew\u00f3dztwa Podlaskiego, 2014-2020, 1. O\u015b priorytetowa: \u201eWzmocnienie potencja\u0142u i konkurencyjno\u015bci gospodarki regionu, Dzia\u0142anie 1.3.: \u201eWsparcie inwestycji w przedsiebiorstwach\u201d.<\/p>\n<p><strong><u>Cel projektu:<\/u><\/strong><\/p>\n<p>Celem projektu jest wzrost konkurencyjno\u015bci Masterpress S.A. poprzez dywersyfikacj\u0119 produkcji i wprowadzenie do oferty przedsi\u0119biorstwa i na rynek europejski znacz\u0105co udoskonalonego produktu, jakim jest ekoinnowacyjna etykieta shrink sleeve z termoaktywn\u0105 pow\u0142ok\u0105 pozycjonuj\u0105c\u0105 na kubek.<\/p>\n<p><strong><u>Planowane efekty:<\/u><\/strong><\/p>\n<p>Efektem realizacji inwestycji b\u0119dzie wdro\u017cenie innowacyjnej technologii produkcji znacz\u0105co udoskonalonego produktu, jakim jest ekoinnowacyjna etykieta shrink sleeve z termoaktywn\u0105 pow\u0142ok\u0105 pozycjonuj\u0105c\u0105 na kubek i wprowadzenie udoskonalonego produktu do oferty przedsi\u0119biorstwa i na rynek europejski.<\/p>\n<p><strong><u>Warto\u015b\u0107 projektu:<\/u><\/strong>\u00a0 6\u00a0796\u00a0579,02PLN<\/p>\n<p><strong><u>Wk\u0142ad Funduszy Europejskich:<\/u><\/strong>\u00a03\u00a0000\u00a0000,00 PLN<\/p>\n<p><img loading=\"lazy\" decoding=\"async\" class=\"alignnone size-full wp-image-3735\" src=\"https:\/\/masterpress.com:443\/wp-content\/uploads\/2023\/05\/regionalny.png\" alt=\"\" width=\"1200\" height=\"152\" srcset=\"https:\/\/masterpress.com:443\/wp-content\/uploads\/2023\/05\/regionalny.png 1200w, https:\/\/masterpress.com:443\/wp-content\/uploads\/2023\/05\/regionalny-300x38.png 300w, https:\/\/masterpress.com:443\/wp-content\/uploads\/2023\/05\/regionalny-1024x130.png 1024w, https:\/\/masterpress.com:443\/wp-content\/uploads\/2023\/05\/regionalny-768x97.png 768w, https:\/\/masterpress.com:443\/wp-content\/uploads\/2023\/05\/regionalny-500x63.png 500w\" sizes=\"auto, (max-width: 1200px) 100vw, 1200px\" \/><\/p>\n\t\t\t\t\t<\/div>\n\t\t\t\t\n\t\t\t\t\t\t\t<\/header>\n\n\t\t\t\t\t<\/div>\n\t<\/div>\n<\/section>\n","protected":false},"excerpt":{"rendered":"","protected":false},"author":3,"featured_media":0,"parent":3641,"menu_order":0,"comment_status":"closed","ping_status":"closed","template":"","meta":{"footnotes":""},"class_list":["post-3667","page","type-page","status-publish","hentry"],"acf":[],"_links":{"self":[{"href":"https:\/\/masterpress.com\/pl\/wp-json\/wp\/v2\/pages\/3667","targetHints":{"allow":["GET"]}}],"collection":[{"href":"https:\/\/masterpress.com\/pl\/wp-json\/wp\/v2\/pages"}],"about":[{"href":"https:\/\/masterpress.com\/pl\/wp-json\/wp\/v2\/types\/page"}],"author":[{"embeddable":true,"href":"https:\/\/masterpress.com\/pl\/wp-json\/wp\/v2\/users\/3"}],"replies":[{"embeddable":true,"href":"https:\/\/masterpress.com\/pl\/wp-json\/wp\/v2\/comments?post=3667"}],"version-history":[{"count":4,"href":"https:\/\/masterpress.com\/pl\/wp-json\/wp\/v2\/pages\/3667\/revisions"}],"predecessor-version":[{"id":3751,"href":"https:\/\/masterpress.com\/pl\/wp-json\/wp\/v2\/pages\/3667\/revisions\/3751"}],"up":[{"embeddable":true,"href":"https:\/\/masterpress.com\/pl\/wp-json\/wp\/v2\/pages\/3641"}],"wp:attachment":[{"href":"https:\/\/masterpress.com\/pl\/wp-json\/wp\/v2\/media?parent=3667"}],"curies":[{"name":"wp","href":"https:\/\/api.w.org\/{rel}","templated":true}]}}