{"id":3641,"date":"2023-05-16T14:03:27","date_gmt":"2023-05-16T14:03:27","guid":{"rendered":"https:\/\/masterpress.com\/?page_id=3641"},"modified":"2023-05-16T15:54:34","modified_gmt":"2023-05-16T15:54:34","slug":"projekty-unijne","status":"publish","type":"page","link":"https:\/\/masterpress.com\/pl\/projekty-unijne\/","title":{"rendered":"Projekty unijne"},"content":{"rendered":"<section class=\"l-sec o-mobile-bottom-50 o-bottom-100\">\n\t<div class=\"l-inner\">\n\t\t<div class=\"c-about-us\">\n\t\t\t<header class=\"c-about-us__header\">\n\t\t\t\t\n\t\t\t\t\n\t\t\t\t\t\t\t<\/header>\n\n\t\t\t\t\t<\/div>\n\t<\/div>\n<\/section>\n\n\n\n<section class=\"l-sec o-mobile-bottom-60 o-bottom-160 o-mobile-top-80\">\n\t<div class=\"l-inner\">\n\t\t<div class=\"c-solutions\">\n\t\t\t\t\t\t\t<h2 class=\"c-solutions__heading t-size-42 t-size-40--desktop ui-color--black-1 ui-font-weight--bold t-font-secondary t-lower\">\n\t\t\t\t\tRealizowane projekty:\t\t\t\t<\/h2>\n\t\t\t\t\t\t<div class=\"c-solutions__content\">\n\t\t\t\t\t\t\t\t\t<ul class=\"c-solutions-list c-list\">\n\t\t\t\t\t\t\t\t\t\t\t\t\t<li class=\"c-solutions-list__item\">\n\t\t\t\t\t\t\t\t<div class=\"c-solution-box\">\n\t\t\t\t\t\t\t\t\t\t\t\t\t\t\t\t\t<div class=\"c-solution-box__media\">\n\t\t\t\t\t\t\t\t\t\t<figure class=\"c-solution-box__figure\">\n\t\t\t\t\t\t\t\t\t\t\t<img decoding=\"async\" class=\"c-solution-box__image\" src=\"https:\/\/masterpress.com:443\/wp-content\/uploads\/2022\/03\/logo_FE_Program_Regionalny-01.png\" alt=\"\">\n\t\t\t\t\t\t\t\t\t\t<\/figure>\n\t\t\t\t\t\t\t\t\t<\/div>\n\t\t\t\t\t\t\t\t\t\t\t\t\t\t\t\t\t\t\t\t\t\t\t\t\t<div class=\"c-solution-box__title\">\n\t\t\t\t\t\t\t\t\t\t<a class=\"c-solution-box__link c-link c-link--icon c-link--icon-animate\" href=\"https:\/\/masterpress.com\/pl\/projekty-unijne\/rozbudowa-infrastruktury-br-w-celu-wdrozenia-innowacji-produktowej-i-procesowej\/\" target=\"\">\n\t\t\t\t\t\t\t\t\t\t\tRozbudowa infrastruktury B+R w celu wdro\u017cenia innowacji produktowej i procesowej\t\t\t\t\t\t\t\t\t\t\t<img decoding=\"async\" class=\"c-link__icon js-injected-svg \" src=\"https:\/\/masterpress.com:443\/wp-content\/themes\/masterpress\/front\/static\/img\/icon-arrow-right.svg\" alt=\"\">\n\t\t\t\t\t\t\t\t\t\t<\/a>\n\t\t\t\t\t\t\t\t\t<\/div>\n\t\t\t\t\t\t\t\t\t\t\t\t\t\t\t\t<\/div>\n\t\t\t\t\t\t\t<\/li>\n\t\t\t\t\t\t\t\t\t\t\t\t\t<li class=\"c-solutions-list__item\">\n\t\t\t\t\t\t\t\t<div class=\"c-solution-box\">\n\t\t\t\t\t\t\t\t\t\t\t\t\t\t\t\t\t<div class=\"c-solution-box__media\">\n\t\t\t\t\t\t\t\t\t\t<figure class=\"c-solution-box__figure\">\n\t\t\t\t\t\t\t\t\t\t\t<img decoding=\"async\" class=\"c-solution-box__image\" src=\"https:\/\/masterpress.com:443\/wp-content\/uploads\/2022\/03\/ue_inteligentny_rozwoj.jpg\" alt=\"\">\n\t\t\t\t\t\t\t\t\t\t<\/figure>\n\t\t\t\t\t\t\t\t\t<\/div>\n\t\t\t\t\t\t\t\t\t\t\t\t\t\t\t\t\t\t\t\t\t\t\t\t\t<div class=\"c-solution-box__title\">\n\t\t\t\t\t\t\t\t\t\t<a class=\"c-solution-box__link c-link c-link--icon c-link--icon-animate\" href=\"https:\/\/masterpress.com\/pl\/projekty-unijne\/wdrozenie-wynikow-prac-br-prowadzacych-do-uruchomienia-produkcji-unikalnej-etykiety-termokurczliwej-z-nowatorska-perforacja-i-efektywnym-drukiem-wypuklym\/\" target=\"\">\n\t\t\t\t\t\t\t\t\t\t\tWdro\u017cenie wynik\u00f3w prac B+R prowadz\u0105cych do uruchomienia produkcji unikalnej etykiety termokurczliwej z nowatorsk\u0105 perforacj\u0105 i efektywnym drukiem wypuk\u0142ym\t\t\t\t\t\t\t\t\t\t\t<img decoding=\"async\" class=\"c-link__icon js-injected-svg \" src=\"https:\/\/masterpress.com:443\/wp-content\/themes\/masterpress\/front\/static\/img\/icon-arrow-right.svg\" alt=\"\">\n\t\t\t\t\t\t\t\t\t\t<\/a>\n\t\t\t\t\t\t\t\t\t<\/div>\n\t\t\t\t\t\t\t\t\t\t\t\t\t\t\t\t<\/div>\n\t\t\t\t\t\t\t<\/li>\n\t\t\t\t\t\t\t\t\t\t\t<\/ul>\n\t\t\t\t\t\t\t<\/div>\n\t\t<\/div>\n\t<\/div>\n<\/section>\n\n\n\n<section class=\"l-sec o-mobile-bottom-60 o-bottom-160 o-mobile-top-80\">\n\t<div class=\"l-inner\">\n\t\t<div class=\"c-solutions\">\n\t\t\t\t\t\t\t<h2 class=\"c-solutions__heading t-size-42 t-size-40--desktop ui-color--black-1 ui-font-weight--bold t-font-secondary t-lower\">\n\t\t\t\t\tZrealizowane projekty:\t\t\t\t<\/h2>\n\t\t\t\t\t\t<div class=\"c-solutions__content\">\n\t\t\t\t\t\t\t\t\t<ul class=\"c-solutions-list c-list\">\n\t\t\t\t\t\t\t\t\t\t\t\t\t<li class=\"c-solutions-list__item\">\n\t\t\t\t\t\t\t\t<div class=\"c-solution-box\">\n\t\t\t\t\t\t\t\t\t\t\t\t\t\t\t\t\t<div class=\"c-solution-box__media\">\n\t\t\t\t\t\t\t\t\t\t<figure class=\"c-solution-box__figure\">\n\t\t\t\t\t\t\t\t\t\t\t<img decoding=\"async\" class=\"c-solution-box__image\" src=\"https:\/\/masterpress.com:443\/wp-content\/uploads\/2022\/03\/ue_inteligentny_rozwoj.jpg\" alt=\"\">\n\t\t\t\t\t\t\t\t\t\t<\/figure>\n\t\t\t\t\t\t\t\t\t<\/div>\n\t\t\t\t\t\t\t\t\t\t\t\t\t\t\t\t\t\t\t\t\t\t\t\t\t<div class=\"c-solution-box__title\">\n\t\t\t\t\t\t\t\t\t\t<a class=\"c-solution-box__link c-link c-link--icon c-link--icon-animate\" href=\"https:\/\/masterpress.com\/pl\/projekty-unijne\/funkcjonalna-ssl-w-innowacyjnej-autorskiej-technologii-masterpress-s-a\/\" target=\"\">\n\t\t\t\t\t\t\t\t\t\t\tFunkcjonalna SSL w innowacyjnej autorskiej technologii Masterpress S.A.\t\t\t\t\t\t\t\t\t\t\t<img decoding=\"async\" class=\"c-link__icon js-injected-svg \" src=\"https:\/\/masterpress.com:443\/wp-content\/themes\/masterpress\/front\/static\/img\/icon-arrow-right.svg\" alt=\"\">\n\t\t\t\t\t\t\t\t\t\t<\/a>\n\t\t\t\t\t\t\t\t\t<\/div>\n\t\t\t\t\t\t\t\t\t\t\t\t\t\t\t\t<\/div>\n\t\t\t\t\t\t\t<\/li>\n\t\t\t\t\t\t\t\t\t\t\t\t\t<li class=\"c-solutions-list__item\">\n\t\t\t\t\t\t\t\t<div class=\"c-solution-box\">\n\t\t\t\t\t\t\t\t\t\t\t\t\t\t\t\t\t<div class=\"c-solution-box__media\">\n\t\t\t\t\t\t\t\t\t\t<figure class=\"c-solution-box__figure\">\n\t\t\t\t\t\t\t\t\t\t\t<img decoding=\"async\" class=\"c-solution-box__image\" src=\"https:\/\/masterpress.com:443\/wp-content\/uploads\/2022\/03\/logo_FE_Program_Regionalny-01.png\" alt=\"\">\n\t\t\t\t\t\t\t\t\t\t<\/figure>\n\t\t\t\t\t\t\t\t\t<\/div>\n\t\t\t\t\t\t\t\t\t\t\t\t\t\t\t\t\t\t\t\t\t\t\t\t\t<div class=\"c-solution-box__title\">\n\t\t\t\t\t\t\t\t\t\t<a class=\"c-solution-box__link c-link c-link--icon c-link--icon-animate\" href=\"https:\/\/masterpress.com\/pl\/projekty-unijne\/dywersyfikacja-produkcji-firmy-masterpress-s-a-poprzez-wprowadzenie-do-oferty-firmy-i-na-rynek-europejski-ekoinnowacyjnej-etykiety-shrink-sleeve-z-termoaktywna-powloka-pozycjonujaca-na-kubki\/\" target=\"\">\n\t\t\t\t\t\t\t\t\t\t\tDywersyfikacja produkcji firmy Masterpress S.A. poprzez wprowadzenie do oferty firmy i na rynek europejski ekoinnowacyjnej etykiety shrink sleeve z termoaktywn\u0105 pow\u0142ok\u0105 pozycjonuj\u0105c\u0105 na kubki\t\t\t\t\t\t\t\t\t\t\t<img decoding=\"async\" class=\"c-link__icon js-injected-svg \" src=\"https:\/\/masterpress.com:443\/wp-content\/themes\/masterpress\/front\/static\/img\/icon-arrow-right.svg\" alt=\"\">\n\t\t\t\t\t\t\t\t\t\t<\/a>\n\t\t\t\t\t\t\t\t\t<\/div>\n\t\t\t\t\t\t\t\t\t\t\t\t\t\t\t\t<\/div>\n\t\t\t\t\t\t\t<\/li>\n\t\t\t\t\t\t\t\t\t\t\t\t\t<li class=\"c-solutions-list__item\">\n\t\t\t\t\t\t\t\t<div class=\"c-solution-box\">\n\t\t\t\t\t\t\t\t\t\t\t\t\t\t\t\t\t<div class=\"c-solution-box__media\">\n\t\t\t\t\t\t\t\t\t\t<figure class=\"c-solution-box__figure\">\n\t\t\t\t\t\t\t\t\t\t\t<img decoding=\"async\" class=\"c-solution-box__image\" src=\"https:\/\/masterpress.com:443\/wp-content\/uploads\/2022\/03\/logo_FE_Program_Regionalny-01.png\" alt=\"\">\n\t\t\t\t\t\t\t\t\t\t<\/figure>\n\t\t\t\t\t\t\t\t\t<\/div>\n\t\t\t\t\t\t\t\t\t\t\t\t\t\t\t\t\t\t\t\t\t\t\t\t\t<div class=\"c-solution-box__title\">\n\t\t\t\t\t\t\t\t\t\t<a class=\"c-solution-box__link c-link c-link--icon c-link--icon-animate\" href=\"https:\/\/masterpress.com\/pl\/projekty-unijne\/projekt-pt-wzmocnienie-potencjalu-eksportowego-masterpress-s-a-poprzez-udzial-w-targach-fachpack-2018\/\" target=\"\">\n\t\t\t\t\t\t\t\t\t\t\tProjekt pt.: \u201eWzmocnienie potencja\u0142u eksportowego Masterpress S.A.\u201d poprzez udzia\u0142 w targach FachPack 2018\u201d\t\t\t\t\t\t\t\t\t\t\t<img decoding=\"async\" class=\"c-link__icon js-injected-svg \" src=\"https:\/\/masterpress.com:443\/wp-content\/themes\/masterpress\/front\/static\/img\/icon-arrow-right.svg\" alt=\"\">\n\t\t\t\t\t\t\t\t\t\t<\/a>\n\t\t\t\t\t\t\t\t\t<\/div>\n\t\t\t\t\t\t\t\t\t\t\t\t\t\t\t\t<\/div>\n\t\t\t\t\t\t\t<\/li>\n\t\t\t\t\t\t\t\t\t\t\t\t\t<li class=\"c-solutions-list__item\">\n\t\t\t\t\t\t\t\t<div class=\"c-solution-box\">\n\t\t\t\t\t\t\t\t\t\t\t\t\t\t\t\t\t<div class=\"c-solution-box__media\">\n\t\t\t\t\t\t\t\t\t\t<figure class=\"c-solution-box__figure\">\n\t\t\t\t\t\t\t\t\t\t\t<img decoding=\"async\" class=\"c-solution-box__image\" src=\"https:\/\/masterpress.com:443\/wp-content\/uploads\/2022\/03\/logo_FE_Program_Regionalny-01.png\" alt=\"\">\n\t\t\t\t\t\t\t\t\t\t<\/figure>\n\t\t\t\t\t\t\t\t\t<\/div>\n\t\t\t\t\t\t\t\t\t\t\t\t\t\t\t\t\t\t\t\t\t\t\t\t\t<div class=\"c-solution-box__title\">\n\t\t\t\t\t\t\t\t\t\t<a class=\"c-solution-box__link c-link c-link--icon c-link--icon-animate\" href=\"https:\/\/masterpress.com\/pl\/projekty-unijne\/przedsiewziecie-w-ramach-projektu-granty-na-badania-i-innowacje-2\/\" target=\"\">\n\t\t\t\t\t\t\t\t\t\t\tPrzedsi\u0119wzi\u0119cie w ramach projektu \u2013 ,,Granty na badania i innowacje\u201d\t\t\t\t\t\t\t\t\t\t\t<img decoding=\"async\" class=\"c-link__icon js-injected-svg \" src=\"https:\/\/masterpress.com:443\/wp-content\/themes\/masterpress\/front\/static\/img\/icon-arrow-right.svg\" alt=\"\">\n\t\t\t\t\t\t\t\t\t\t<\/a>\n\t\t\t\t\t\t\t\t\t<\/div>\n\t\t\t\t\t\t\t\t\t\t\t\t\t\t\t\t<\/div>\n\t\t\t\t\t\t\t<\/li>\n\t\t\t\t\t\t\t\t\t\t\t\t\t<li class=\"c-solutions-list__item\">\n\t\t\t\t\t\t\t\t<div class=\"c-solution-box\">\n\t\t\t\t\t\t\t\t\t\t\t\t\t\t\t\t\t<div class=\"c-solution-box__media\">\n\t\t\t\t\t\t\t\t\t\t<figure class=\"c-solution-box__figure\">\n\t\t\t\t\t\t\t\t\t\t\t<img decoding=\"async\" class=\"c-solution-box__image\" src=\"https:\/\/masterpress.com:443\/wp-content\/uploads\/2022\/03\/logo_FE_Program_Regionalny-01.png\" alt=\"\">\n\t\t\t\t\t\t\t\t\t\t<\/figure>\n\t\t\t\t\t\t\t\t\t<\/div>\n\t\t\t\t\t\t\t\t\t\t\t\t\t\t\t\t\t\t\t\t\t\t\t\t\t<div class=\"c-solution-box__title\">\n\t\t\t\t\t\t\t\t\t\t<a class=\"c-solution-box__link c-link c-link--icon c-link--icon-animate\" href=\"https:\/\/masterpress.com\/pl\/projekty-unijne\/przedsiewziecie-w-ramach-projektu-granty-na-badania-i-innowacje\/\" target=\"\">\n\t\t\t\t\t\t\t\t\t\t\tPrzedsi\u0119wzi\u0119cie w ramach projektu \u2013 ,,Granty na badania i innowacje\u201d\t\t\t\t\t\t\t\t\t\t\t<img decoding=\"async\" class=\"c-link__icon js-injected-svg \" src=\"https:\/\/masterpress.com:443\/wp-content\/themes\/masterpress\/front\/static\/img\/icon-arrow-right.svg\" alt=\"\">\n\t\t\t\t\t\t\t\t\t\t<\/a>\n\t\t\t\t\t\t\t\t\t<\/div>\n\t\t\t\t\t\t\t\t\t\t\t\t\t\t\t\t<\/div>\n\t\t\t\t\t\t\t<\/li>\n\t\t\t\t\t\t\t\t\t\t\t\t\t<li class=\"c-solutions-list__item\">\n\t\t\t\t\t\t\t\t<div class=\"c-solution-box\">\n\t\t\t\t\t\t\t\t\t\t\t\t\t\t\t\t\t<div class=\"c-solution-box__media\">\n\t\t\t\t\t\t\t\t\t\t<figure class=\"c-solution-box__figure\">\n\t\t\t\t\t\t\t\t\t\t\t<img decoding=\"async\" class=\"c-solution-box__image\" src=\"https:\/\/masterpress.com:443\/wp-content\/uploads\/2022\/03\/ue_inteligentny_rozwoj.jpg\" alt=\"\">\n\t\t\t\t\t\t\t\t\t\t<\/figure>\n\t\t\t\t\t\t\t\t\t<\/div>\n\t\t\t\t\t\t\t\t\t\t\t\t\t\t\t\t\t\t\t\t\t\t\t\t\t<div class=\"c-solution-box__title\">\n\t\t\t\t\t\t\t\t\t\t<a class=\"c-solution-box__link c-link c-link--icon c-link--icon-animate\" href=\"https:\/\/masterpress.com\/pl\/projekty-unijne\/kompleksowa-linia-technologiczna-do-aplikacji-i-obkurczania-etykiet-termokurczliwych-w-nowatorskiej-technologii-masterpress-sa\/\" target=\"\">\n\t\t\t\t\t\t\t\t\t\t\tKompleksowa linia technologiczna do aplikacji i obkurczania etykiet termokurczliwych w nowatorskiej technologii Masterpress SA\t\t\t\t\t\t\t\t\t\t\t<img decoding=\"async\" class=\"c-link__icon js-injected-svg \" src=\"https:\/\/masterpress.com:443\/wp-content\/themes\/masterpress\/front\/static\/img\/icon-arrow-right.svg\" alt=\"\">\n\t\t\t\t\t\t\t\t\t\t<\/a>\n\t\t\t\t\t\t\t\t\t<\/div>\n\t\t\t\t\t\t\t\t\t\t\t\t\t\t\t\t<\/div>\n\t\t\t\t\t\t\t<\/li>\n\t\t\t\t\t\t\t\t\t\t\t\t\t<li class=\"c-solutions-list__item\">\n\t\t\t\t\t\t\t\t<div class=\"c-solution-box\">\n\t\t\t\t\t\t\t\t\t\t\t\t\t\t\t\t\t<div class=\"c-solution-box__media\">\n\t\t\t\t\t\t\t\t\t\t<figure class=\"c-solution-box__figure\">\n\t\t\t\t\t\t\t\t\t\t\t<img decoding=\"async\" class=\"c-solution-box__image\" src=\"https:\/\/masterpress.com:443\/wp-content\/uploads\/2022\/03\/ue_inteligentny_rozwoj.jpg\" alt=\"\">\n\t\t\t\t\t\t\t\t\t\t<\/figure>\n\t\t\t\t\t\t\t\t\t<\/div>\n\t\t\t\t\t\t\t\t\t\t\t\t\t\t\t\t\t\t\t\t\t\t\t\t\t<div class=\"c-solution-box__title\">\n\t\t\t\t\t\t\t\t\t\t<a class=\"c-solution-box__link c-link c-link--icon c-link--icon-animate\" href=\"https:\/\/masterpress.com\/pl\/projekty-unijne\/zejscie-do-0-w-technologii-flexo-inwestycja-w-infrastrukture-br-niezbedna-do-prac-badawczych-nad-udoskonaleniem-technologii-druku-fleksograficznego\/\" target=\"\">\n\t\t\t\t\t\t\t\t\t\t\tZej\u015bcie do 0% w technologii FLEXO \u2013 inwestycja w infrastruktur\u0119 B+R niezb\u0119dn\u0105 do prac badawczych nad udoskonaleniem technologii druku fleksograficznego\t\t\t\t\t\t\t\t\t\t\t<img decoding=\"async\" class=\"c-link__icon js-injected-svg \" src=\"https:\/\/masterpress.com:443\/wp-content\/themes\/masterpress\/front\/static\/img\/icon-arrow-right.svg\" alt=\"\">\n\t\t\t\t\t\t\t\t\t\t<\/a>\n\t\t\t\t\t\t\t\t\t<\/div>\n\t\t\t\t\t\t\t\t\t\t\t\t\t\t\t\t<\/div>\n\t\t\t\t\t\t\t<\/li>\n\t\t\t\t\t\t\t\t\t\t\t<\/ul>\n\t\t\t\t\t\t\t<\/div>\n\t\t<\/div>\n\t<\/div>\n<\/section>\n","protected":false},"excerpt":{"rendered":"","protected":false},"author":3,"featured_media":0,"parent":0,"menu_order":0,"comment_status":"closed","ping_status":"closed","template":"","meta":{"footnotes":""},"class_list":["post-3641","page","type-page","status-publish","hentry"],"acf":[],"_links":{"self":[{"href":"https:\/\/masterpress.com\/pl\/wp-json\/wp\/v2\/pages\/3641","targetHints":{"allow":["GET"]}}],"collection":[{"href":"https:\/\/masterpress.com\/pl\/wp-json\/wp\/v2\/pages"}],"about":[{"href":"https:\/\/masterpress.com\/pl\/wp-json\/wp\/v2\/types\/page"}],"author":[{"embeddable":true,"href":"https:\/\/masterpress.com\/pl\/wp-json\/wp\/v2\/users\/3"}],"replies":[{"embeddable":true,"href":"https:\/\/masterpress.com\/pl\/wp-json\/wp\/v2\/comments?post=3641"}],"version-history":[{"count":9,"href":"https:\/\/masterpress.com\/pl\/wp-json\/wp\/v2\/pages\/3641\/revisions"}],"predecessor-version":[{"id":3708,"href":"https:\/\/masterpress.com\/pl\/wp-json\/wp\/v2\/pages\/3641\/revisions\/3708"}],"wp:attachment":[{"href":"https:\/\/masterpress.com\/pl\/wp-json\/wp\/v2\/media?parent=3641"}],"curies":[{"name":"wp","href":"https:\/\/api.w.org\/{rel}","templated":true}]}}