{"id":3615,"date":"2023-05-15T10:03:54","date_gmt":"2023-05-15T10:03:54","guid":{"rendered":"https:\/\/masterpress.com\/?page_id=3615"},"modified":"2023-05-15T10:04:18","modified_gmt":"2023-05-15T10:04:18","slug":"privacy-policy","status":"publish","type":"page","link":"https:\/\/masterpress.com\/pl\/privacy-policy\/","title":{"rendered":"Polityka prywatno\u015bci"},"content":{"rendered":"<section class=\"l-sec o-mobile-bottom-50 o-bottom-100\">\n\t<div class=\"l-inner\">\n\t\t<div class=\"c-about-us\">\n\t\t\t<header class=\"c-about-us__header\">\n\t\t\t\t\n\t\t\t\t\t\t\t\t\t<div class=\"c-about-us__desc t-size-16 ui-color--dark-grey-1\">\n\t\t\t\t\t\t<h1>Polityka prywatno\u015bci<\/h1>\n<p><strong>Masterpress SA zobowi\u0105zuje si\u0119 do ochrony Pa\u0144stwa prywatno\u015bci. Niniejsza polityka prywatno\u015bci okre\u015bla, w jaki spos\u00f3b wykorzystujemy i chronimy wszelkie dane osobowe przekazywane nam przez Pa\u0144stwa podczas korzystania z tej strony internetowej.<\/strong><\/p>\n<p>Informacje, kt\u00f3re gromadzimy<br \/>\n1.1 Mo\u017cemy gromadzi\u0107 nast\u0119puj\u0105ce dane osobowe:<br \/>\n(a) imi\u0119 i nazwisko oraz stanowisko;<br \/>\n(b) informacje kontaktowe, w tym adres e-mail i numer telefonu;<br \/>\n(c) informacje demograficzne, takie jak kod pocztowy, preferencje i zainteresowania;<br \/>\n(d) inne informacje zwi\u0105zane z badaniami klient\u00f3w i\/lub ofertami.<br \/>\nJak wykorzystujemy Twoje informacje<br \/>\n2.1 Potrzebujemy tych informacji, aby zrozumie\u0107 Twoje potrzeby i zapewni\u0107 Ci lepsz\u0105 obs\u0142ug\u0119, a w szczeg\u00f3lno\u015bci z nast\u0119puj\u0105cych powod\u00f3w:<br \/>\n(a) wewn\u0119trzne prowadzenie dokumentacji;<br \/>\n(b) aby ulepszy\u0107 nasze produkty i us\u0142ugi;<br \/>\n(c) aby wysy\u0142a\u0107 promocyjne wiadomo\u015bci e-mail o nowych produktach, ofertach specjalnych lub innych informacjach, kt\u00f3re naszym zdaniem mog\u0105 Ci\u0119 zainteresowa\u0107, korzystaj\u0105c z podanego przez Ciebie adresu e-mail;<br \/>\n(d) aby skontaktowa\u0107 si\u0119 z Pa\u0144stwem w celu przeprowadzenia bada\u0144 rynkowych.<br \/>\nBezpiecze\u0144stwo<br \/>\n3.1 Dok\u0142adamy wszelkich stara\u0144, aby zapewni\u0107 bezpiecze\u0144stwo Pa\u0144stwa informacji. Aby zapobiec nieautoryzowanemu dost\u0119powi lub ujawnieniu, wprowadzili\u015bmy odpowiednie procedury fizyczne, elektroniczne i zarz\u0105dcze w celu ochrony i zabezpieczenia informacji, kt\u00f3re zbieramy online.<br \/>\nPliki cookie<br \/>\n4.1 Plik cookie to ma\u0142y plik, kt\u00f3ry prosi o zgod\u0119 na umieszczenie go na dysku twardym komputera. Po wyra\u017ceniu zgody, plik jest dodawany i pomaga analizowa\u0107 ruch w sieci lub daje zna\u0107, kiedy u\u017cytkownik odwiedza dan\u0105 stron\u0119. Pliki cookie pozwalaj\u0105 aplikacjom internetowym reagowa\u0107 na u\u017cytkownika jako osob\u0119 indywidualn\u0105. Aplikacja internetowa mo\u017ce dostosowa\u0107 swoje dzia\u0142ania do Twoich potrzeb, upodoba\u0144 i preferencji poprzez gromadzenie i zapami\u0119tywanie informacji o Twoich preferencjach.<br \/>\n4.2 U\u017cywamy plik\u00f3w cookie rejestru ruchu, aby zidentyfikowa\u0107, kt\u00f3re strony s\u0105 u\u017cywane. Pomaga nam to analizowa\u0107 dane o ruchu na stronie internetowej i ulepsza\u0107 nasz\u0105 stron\u0119 internetow\u0105 w celu dostosowania jej do potrzeb klient\u00f3w. U\u017cywamy tych informacji tylko do cel\u00f3w analizy statystycznej, a nast\u0119pnie dane s\u0105 usuwane z systemu.<br \/>\nLinki do innych stron internetowych<br \/>\n5.1 Nasza strona internetowa mo\u017ce zawiera\u0107 linki do innych interesuj\u0105cych stron internetowych. Jednak po skorzystaniu z tych link\u00f3w w celu opuszczenia naszej strony, nale\u017cy pami\u0119ta\u0107, \u017ce nie mamy \u017cadnej kontroli nad t\u0105 inn\u0105 stron\u0105. W zwi\u0105zku z tym nie mo\u017cemy odpowiada\u0107 za ochron\u0119 i prywatno\u015b\u0107 jakichkolwiek informacji podawanych przez u\u017cytkownika podczas odwiedzania takich stron, a strony te nie podlegaj\u0105 niniejszemu o\u015bwiadczeniu o ochronie prywatno\u015bci. Nale\u017cy zachowa\u0107 ostro\u017cno\u015b\u0107 i zapozna\u0107 si\u0119 z o\u015bwiadczeniem o prywatno\u015bci maj\u0105cym zastosowanie do danej strony internetowej.<br \/>\nKontrolowanie swoich danych osobowych<br \/>\n6.1 U\u017cytkownik mo\u017ce zdecydowa\u0107 si\u0119 na ograniczenie zbierania lub wykorzystywania swoich danych osobowych w nast\u0119puj\u0105cy spos\u00f3b:<br \/>\n(a) za ka\u017cdym razem, gdy zostaniesz poproszony o wype\u0142nienie formularza na stronie internetowej, poszukaj pola, kt\u00f3re mo\u017cesz klikn\u0105\u0107, aby wskaza\u0107, \u017ce nie chcesz, aby te informacje by\u0142y wykorzystywane przez kogokolwiek do cel\u00f3w marketingu bezpo\u015bredniego; (b) je\u015bli wcze\u015bniej zgodzi\u0142e\u015b si\u0119 na wykorzystanie przez nas Twoich danych osobowych do cel\u00f3w marketingu bezpo\u015bredniego, mo\u017cesz zmieni\u0107 zdanie w dowolnym momencie, wysy\u0142aj\u0105c nam wiadomo\u015b\u0107 e-mail na adres infob@masterpress.com.<br \/>\n(b) je\u015bli wcze\u015bniej wyrazili Pa\u0144stwo zgod\u0119 na wykorzystywanie przez nas Pa\u0144stwa danych osobowych do cel\u00f3w marketingu bezpo\u015bredniego, mog\u0105 Pa\u0144stwo w ka\u017cdej chwili zmieni\u0107 zdanie, wysy\u0142aj\u0105c nam wiadomo\u015b\u0107 na adres infob@masterpress.com.<br \/>\nZmiany w niniejszej Polityce Prywatno\u015bci<br \/>\n7.1 Mo\u017cemy od czasu do czasu aktualizowa\u0107 niniejsz\u0105 polityk\u0119 prywatno\u015bci poprzez zamieszczenie jej nowej wersji na naszej stronie internetowej. Powiniene\u015b sprawdza\u0107 t\u0119 stron\u0119 od czasu do czasu, aby upewni\u0107 si\u0119, \u017ce jeste\u015b zadowolony z wszelkich zmian.<br \/>\nWPML u\u017cywa plik\u00f3w cookie do identyfikacji aktualnego j\u0119zyka odwiedzaj\u0105cego, ostatnio odwiedzanego j\u0119zyka i j\u0119zyka u\u017cytkownik\u00f3w, kt\u00f3rzy si\u0119 zalogowali. Podczas korzystania z wtyczki, WPML b\u0119dzie udost\u0119pnia\u0107 dane dotycz\u0105ce witryny za po\u015brednictwem Instalatora. \u017badne dane od samego u\u017cytkownika nie b\u0119d\u0105 udost\u0119pniane.<br \/>\nWtyczka chroniona has\u0142em przechowuje plik cookie przy pomy\u015blnym logowaniu has\u0142em, zawieraj\u0105cy skr\u00f3con\u0105 wersj\u0119 wprowadzonego has\u0142a. Nie przechowuje \u017cadnych informacji o u\u017cytkowniku. Przechowywany plik cookie nosi nazw\u0119 bid_n_password_protected_auth, gdzie n to identyfikator bloga w sieci multisite<br \/>\nWPML Translation Management prze\u015ble adres e-mail i nazwisko ka\u017cdego mened\u017cera i przydzielonego t\u0142umacza, a tak\u017ce sam\u0105 tre\u015b\u0107 do Advanced Translation Editor i do us\u0142ug t\u0142umaczeniowych, kt\u00f3re s\u0105 u\u017cywane.<\/p>\n<p>Je\u015bli masz jakiekolwiek pytania lub w\u0105tpliwo\u015bci dotycz\u0105ce naszej polityki prywatno\u015bci, skontaktuj si\u0119 z nami pod adresem infob@masterpress.com.<\/p>\n\t\t\t\t\t<\/div>\n\t\t\t\t\n\t\t\t\t\t\t\t<\/header>\n\n\t\t\t\t\t<\/div>\n\t<\/div>\n<\/section>\n","protected":false},"excerpt":{"rendered":"","protected":false},"author":3,"featured_media":0,"parent":0,"menu_order":0,"comment_status":"closed","ping_status":"closed","template":"","meta":{"footnotes":""},"class_list":["post-3615","page","type-page","status-publish","hentry"],"acf":[],"_links":{"self":[{"href":"https:\/\/masterpress.com\/pl\/wp-json\/wp\/v2\/pages\/3615","targetHints":{"allow":["GET"]}}],"collection":[{"href":"https:\/\/masterpress.com\/pl\/wp-json\/wp\/v2\/pages"}],"about":[{"href":"https:\/\/masterpress.com\/pl\/wp-json\/wp\/v2\/types\/page"}],"author":[{"embeddable":true,"href":"https:\/\/masterpress.com\/pl\/wp-json\/wp\/v2\/users\/3"}],"replies":[{"embeddable":true,"href":"https:\/\/masterpress.com\/pl\/wp-json\/wp\/v2\/comments?post=3615"}],"version-history":[{"count":4,"href":"https:\/\/masterpress.com\/pl\/wp-json\/wp\/v2\/pages\/3615\/revisions"}],"predecessor-version":[{"id":3619,"href":"https:\/\/masterpress.com\/pl\/wp-json\/wp\/v2\/pages\/3615\/revisions\/3619"}],"wp:attachment":[{"href":"https:\/\/masterpress.com\/pl\/wp-json\/wp\/v2\/media?parent=3615"}],"curies":[{"name":"wp","href":"https:\/\/api.w.org\/{rel}","templated":true}]}}