{"id":3609,"date":"2023-05-15T09:53:48","date_gmt":"2023-05-15T09:53:48","guid":{"rendered":"https:\/\/masterpress.com\/?page_id=3609"},"modified":"2023-05-15T09:53:48","modified_gmt":"2023-05-15T09:53:48","slug":"zasady-i-warunki","status":"publish","type":"page","link":"https:\/\/masterpress.com\/pl\/zasady-i-warunki\/","title":{"rendered":"Zasady i warunki"},"content":{"rendered":"<section class=\"l-sec o-mobile-bottom-50 o-bottom-100\">\n\t<div class=\"l-inner\">\n\t\t<div class=\"c-about-us\">\n\t\t\t<header class=\"c-about-us__header\">\n\t\t\t\t\n\t\t\t\t\t\t\t\t\t<div class=\"c-about-us__desc t-size-16 ui-color--dark-grey-1\">\n\t\t\t\t\t\t<h1>Zasady i warunki korzystania ze strony internetowej<\/h1>\n<p>Witamy na stronie internetowej Masterpress SA. Je\u015bli kontynuujesz przegl\u0105danie i korzystanie z tej strony, zgadzasz si\u0119 przestrzega\u0107 i by\u0107 zwi\u0105zany nast\u0119puj\u0105cymi warunkami u\u017cytkowania, kt\u00f3re wraz z nasz\u0105 polityk\u0105 prywatno\u015bci reguluj\u0105 nasze relacje z Tob\u0105 w odniesieniu do tej strony. Je\u015bli nie zgadzasz si\u0119 z jak\u0105kolwiek cz\u0119\u015bci\u0105 tych warunk\u00f3w, prosimy nie korzysta\u0107 z naszej strony internetowej.<\/p>\n<p>Termin &#8220;Masterpress SA&#8221; lub &#8220;my&#8221; lub &#8220;nas&#8221; odnosi si\u0119 do w\u0142a\u015bciciela strony internetowej, kt\u00f3rego siedzib\u0105 jest [wstaw adres]. Termin &#8220;Ty&#8221; odnosi si\u0119 do u\u017cytkownika lub widza naszej strony internetowej.<\/p>\n<ol>\n<li>Korzystanie z witryny<br \/>\n1.1 Zawarto\u015b\u0107 stron tej witryny jest przeznaczona wy\u0142\u0105cznie do og\u00f3lnej informacji i u\u017cytku. Mo\u017ce ona ulec zmianie bez powiadomienia.<br \/>\n1.2 Ta strona u\u017cywa plik\u00f3w cookie do monitorowania preferencji przegl\u0105dania. Je\u015bli zezwolisz na korzystanie z plik\u00f3w cookie, nast\u0119puj\u0105ce dane osobowe mog\u0105 by\u0107 przez nas przechowywane w celu wykorzystania przez osoby trzecie: [wstawi\u0107 list\u0119 danych osobowych].<br \/>\n1.3 Ani my, ani osoby trzecie nie udzielaj\u0105 \u017cadnych gwarancji ani r\u0119kojmi co do dok\u0142adno\u015bci, aktualno\u015bci, wydajno\u015bci, kompletno\u015bci lub przydatno\u015bci informacji i materia\u0142\u00f3w znalezionych lub oferowanych na tej stronie do jakiegokolwiek konkretnego celu. U\u017cytkownik przyjmuje do wiadomo\u015bci, \u017ce takie informacje i materia\u0142y mog\u0105 zawiera\u0107 nie\u015bcis\u0142o\u015bci lub b\u0142\u0119dy, a my wyra\u017anie wykluczamy odpowiedzialno\u015b\u0107 za takie nie\u015bcis\u0142o\u015bci lub b\u0142\u0119dy w najszerszym zakresie dozwolonym przez prawo.<br \/>\n1.4 U\u017cytkownik korzysta z informacji lub materia\u0142\u00f3w na tej stronie wy\u0142\u0105cznie na w\u0142asne ryzyko, za kt\u00f3re nie ponosimy odpowiedzialno\u015bci. To Pa\u0144stwo s\u0105 odpowiedzialni za zapewnienie, \u017ce wszelkie produkty, us\u0142ugi lub informacje dost\u0119pne za po\u015brednictwem tej strony spe\u0142niaj\u0105 Pa\u0144stwa konkretne wymagania.<br \/>\n1.5 Ta strona zawiera materia\u0142y, kt\u00f3re s\u0105 w\u0142asno\u015bci\u0105 lub s\u0105 licencjonowane przez nas. Materia\u0142 ten obejmuje, ale nie jest ograniczony do projektu, uk\u0142adu, wygl\u0105du i grafiki. Reprodukcja jest zabroniona, chyba \u017ce zgodnie z informacj\u0105 o prawach autorskich, kt\u00f3ra stanowi cz\u0119\u015b\u0107 niniejszych warunk\u00f3w.<br \/>\n1.6 Wszystkie znaki towarowe reprodukowane na tej stronie, kt\u00f3re nie s\u0105 w\u0142asno\u015bci\u0105 lub nie s\u0105 licencjonowane przez operatora, s\u0105 potwierdzone na stronie.<br \/>\n1.7 Nieuprawnione korzystanie z tej strony mo\u017ce by\u0107 podstaw\u0105 do roszczenia o odszkodowanie i\/lub stanowi\u0107 przest\u0119pstwo.<br \/>\n1.8 Od czasu do czasu, ta strona mo\u017ce zawiera\u0107 linki do innych stron internetowych. Linki te s\u0105 podane dla Pa\u0144stwa wygody, aby zapewni\u0107 dalsze informacje. Nie oznaczaj\u0105 one, \u017ce popieramy dan\u0105 stron\u0119 (strony). Nie ponosimy odpowiedzialno\u015bci za tre\u015b\u0107 stron, do kt\u00f3rych prowadz\u0105 linki.<br \/>\n1.9 Korzystanie z niniejszej strony internetowej oraz wszelkie spory wynikaj\u0105ce z takiego korzystania ze strony internetowej podlegaj\u0105 prawu [wstawi\u0107 jurysdykcj\u0119].<\/li>\n<li>W\u0142asno\u015b\u0107 intelektualna<br \/>\n2.1 Wszystkie prawa w\u0142asno\u015bci intelektualnej w tej witrynie i materia\u0142ach na niej zawartych, w tym bez ogranicze\u0144 tekst, grafika, logo, ikony, obrazy, klipy d\u017awi\u0119kowe, pliki cyfrowe do pobrania, kompilacje danych i oprogramowanie, s\u0105 w\u0142asno\u015bci\u0105 nasz\u0105, naszych podmiot\u00f3w stowarzyszonych lub naszych licencjodawc\u00f3w i s\u0105 chronione prawami autorskimi, znakami towarowymi i innymi prawami w\u0142asno\u015bci intelektualnej.<br \/>\n2.2 Mo\u017cesz przegl\u0105da\u0107, pobiera\u0107 tylko dla cel\u00f3w buforowania i drukowa\u0107 strony z tej witryny dla w\u0142asnego u\u017cytku, z zastrze\u017ceniem ogranicze\u0144 okre\u015blonych poni\u017cej i w innych miejscach niniejszego regulaminu.<br \/>\n2.3 Nie wolno:<br \/>\n(a) republikowa\u0107;kopiowa\u0107 materia\u0142\u00f3w z tej strony internetowej (w tym republikowania na innej stronie internetowej);<br \/>\n(b) sprzedawa\u0107, wynajmowa\u0107 lub udziela\u0107 sublicencji na materia\u0142y z tej strony internetowej;<br \/>\n(c) pokazywa\u0107 publicznie jakichkolwiek materia\u0142\u00f3w z tej strony internetowej;<br \/>\n(d) reprodukowa\u0107, powiela\u0107, kopiowa\u0107 lub w inny spos\u00f3b wykorzystywa\u0107 materia\u0142\u00f3w z naszej strony internetowej do cel\u00f3w komercyjnych bez naszej wyra\u017anej pisemnej zgody<br \/>\n(e) edytowa\u0107 lub w inny spos\u00f3b modyfikowa\u0107 jakichkolwiek materia\u0142\u00f3w na stronie internetowej;<br \/>\n(f) redystrybuowa\u0107 materia\u0142\u00f3w z tej strony internetowej, z wyj\u0105tkiem tre\u015bci specjalnie i wyra\u017anie udost\u0119pnionych do redystrybucji (takich jak nasz newsletter).<\/li>\n<li>Ograniczenia odpowiedzialno\u015bci<br \/>\n3.1 Zawarto\u015b\u0107 tej strony internetowej jest dostarczana &#8220;tak jak jest&#8221; bez \u017cadnych o\u015bwiadcze\u0144 ani gwarancji, wyra\u017anych.<\/li>\n<\/ol>\n\t\t\t\t\t<\/div>\n\t\t\t\t\n\t\t\t\t\t\t\t<\/header>\n\n\t\t\t\t\t<\/div>\n\t<\/div>\n<\/section>\n","protected":false},"excerpt":{"rendered":"","protected":false},"author":3,"featured_media":0,"parent":0,"menu_order":0,"comment_status":"closed","ping_status":"closed","template":"","meta":{"footnotes":""},"class_list":["post-3609","page","type-page","status-publish","hentry"],"acf":[],"_links":{"self":[{"href":"https:\/\/masterpress.com\/pl\/wp-json\/wp\/v2\/pages\/3609","targetHints":{"allow":["GET"]}}],"collection":[{"href":"https:\/\/masterpress.com\/pl\/wp-json\/wp\/v2\/pages"}],"about":[{"href":"https:\/\/masterpress.com\/pl\/wp-json\/wp\/v2\/types\/page"}],"author":[{"embeddable":true,"href":"https:\/\/masterpress.com\/pl\/wp-json\/wp\/v2\/users\/3"}],"replies":[{"embeddable":true,"href":"https:\/\/masterpress.com\/pl\/wp-json\/wp\/v2\/comments?post=3609"}],"version-history":[{"count":2,"href":"https:\/\/masterpress.com\/pl\/wp-json\/wp\/v2\/pages\/3609\/revisions"}],"predecessor-version":[{"id":3611,"href":"https:\/\/masterpress.com\/pl\/wp-json\/wp\/v2\/pages\/3609\/revisions\/3611"}],"wp:attachment":[{"href":"https:\/\/masterpress.com\/pl\/wp-json\/wp\/v2\/media?parent=3609"}],"curies":[{"name":"wp","href":"https:\/\/api.w.org\/{rel}","templated":true}]}}