{"id":3572,"date":"2023-05-05T15:17:46","date_gmt":"2023-05-05T15:17:46","guid":{"rendered":"https:\/\/masterpress.com\/?page_id=3572"},"modified":"2023-12-01T19:51:25","modified_gmt":"2023-12-01T19:51:25","slug":"tunele-parowe","status":"publish","type":"page","link":"https:\/\/masterpress.com\/pl\/maszyny\/tunele-parowe\/","title":{"rendered":"Tunele parowe"},"content":{"rendered":"\n<section class=\"l-sec l-hero o-mobile-bottom-50 o-bottom-160 o-top-100 u-overflow-hidden\">\n\t<div class=\"l-inner\">\n\t\t<div class=\"c-hero\">\n\n\t\t\t<div class=\"c-hero__header\">\n\t\t\t\t\t\t\t\t\t<h1 class=\"c-hero__heading ui-font-weight--medium t-font-secondary\">\n\t\t\t\t\t\ttunele parowe\t\t\t\t\t<\/h1>\n\t\t\t\t\t\t\t\t\t\t\t<\/div>\n\n\t\t\t<div class=\"c-hero__body u-move-outside-inner--mobile\">\n\t\t\t\t\t\t\t\t\t<div class=\"c-hero__desc c-hero__desc--mobile ui-font-weight--medium t-size-16 \"><\/div>\n\t\t\t\t\n\t\t\t\t\t\t\t\t\t<div class=\"c-hero-slider js-slider swiper u-overflow-visible\" data-slider-type=\"hero\">\n\t\t\t\t\t\t<ul class=\"c-hero-slider__list swiper-wrapper\">\n\n\t\t\t\t\t\t\t\t\t\t\t\t\t\t\t<li class=\"c-hero-slider__list-item swiper-slide\">\n\t\t\t\t\t\t\t\t\t<div class=\"c-hero-slide-box\">\n\n\t\t\t\t\t\t\t\t\t\t\t\t\t\t\t\t\t\t\t\t\t<figure class=\"c-hero-slide-box__figure\">\n\t\t\t\t\t\t\t\t\t\t\t\t<img decoding=\"async\" class=\"c-hero-slide-box__image\" src=\"https:\/\/masterpress.com:443\/wp-content\/uploads\/2023\/01\/zdjecie-nr-3-scaled.jpg\" alt=\"\">\n\t\t\t\t\t\t\t\t\t\t\t<\/figure>\n\t\t\t\t\t\t\t\t\t\t\t\t\t\t\t\t\t\t\t\t\t\t\t\t\t\t\t\t\t<\/div>\n\n\n\t\t\t\t\t\t\t\t<\/li>\n\t\t\t\t\t\t\t\n\t\t\t\t\t\t<\/ul>\n\t\t\t\t\t\t<span class=\"c-hero-slider__decor\"><\/span>\n\n\t\t\t\t\t\t\t\t\t\t\t<\/div>\n\n\t\t\t\t\n\t\t\t<\/div>\n\n\t\t\t<div class=\"c-hero__footer\">\n\t\t\t\t\t\t\t\t\t\t\t<\/div>\n\t\t<\/div>\n\t<\/div>\n<\/section>\n\n\n\n<section class=\"l-sec o-mobile-bottom-50 o-bottom-230 l-image-text\">\n\t<div class=\"l-inner\">\n\t\t<article class=\"c-image-text\">\n\t\t\t\t\t\t\t<h3 class=\"c-image-text__heading t-size-30 t-size-40--desktop t-font-secondary t-lower\">\n\t\t\t\t\tpodstawowe dane techniczne:\t\t\t\t<\/h3>\n\t\t\t\t\t\t\t\t\t\t<div class=\"c-image-text__media c-image-text__media--with-decor\">\n\t\t\t\t\t<figure class=\"c-image-text__figure\">\n\t\t\t\t\t\t<img decoding=\"async\" class=\"c-image-text__image\" src=\"https:\/\/masterpress.com:443\/wp-content\/uploads\/2023\/01\/masterpress-sleeves.jpg\" alt=\"\">\n\t\t\t\t\t<\/figure>\n\t\t\t\t<\/div>\n\t\t\t\t\t\t\t\t\t\t<div class=\"c-image-text__description ui-color--dark-grey-1 c-wysiwyg\">\n\t\t\t\t\t<p>-zaprojektowany i wyprodukowany w 100% w Polsce<br \/>\n-\u0142atwa i prosta obs\u0142uga<br \/>\n-nowoczesny design<br \/>\n-solidna konstrukcja ze stali szlachetnej<br \/>\n-przeszklone drzwi<br \/>\n-bezpieczny w obs\u0142udze<br \/>\n-konstrukcja modu\u0142owa \u2013 d\u0142ugo\u015b\u0107 tunelu 2,3,4 or 5 metr\u00f3w<br \/>\n-wymagane ci\u015bnienie pary \u2013 4 bar<br \/>\n-wymagane zasilanie 3 x 400 V\/50 Hz<br \/>\n-maxymalny pob\u00f3r energii \u2013 3 kW<br \/>\n-konstrukcja sk\u0142ada si\u0119 z metrowych dwuwarstwowych, izolowanych termicznie segment\u00f3w<br \/>\n-w ka\u017cdym segmencie mo\u017cliwa jest zmiana po\u0142o\u017cenia dyszy w kierunku pionowym i poziomym oraz jej obr\u00f3t do 45 stopni<\/p>\n\t\t\t\t<\/div>\n\t\t\t\t\t<\/article>\n\t<\/div>\n<\/section>\n\n\n<section class=\"l-sec o-mobile-bottom-50 o-bottom-100\">\n\t<div class=\"l-inner\">\n\t\t<div class=\"c-about-us\">\n\t\t\t<header class=\"c-about-us__header\">\n\t\t\t\t\t\t\t\t\t<h2 class=\"c-about-us__heading t-size-30 t-size-35--desktop ui-color--black-1 ui-font-weight--semibold t-font-secondary t-lower\">\n\t\t\t\t\t\tzobacz wideo\t\t\t\t\t<\/h2>\n\t\t\t\t\n\t\t\t\t\t\t\t\t\t<div class=\"c-about-us__desc t-size-16 ui-color--dark-grey-1\">\n\t\t\t\t\t\t<table>\n<tbody>\n<tr>\n<th style=\"padding: 40px;\">\n<h3><iframe loading=\"lazy\" title=\"YouTube video player\" src=\"https:\/\/www.youtube.com\/embed\/kMQO3aelt1w\" width=\"800\" height=\"400\" frameborder=\"0\" allowfullscreen=\"allowfullscreen\"><\/iframe><\/h3>\n<\/th>\n<th><img loading=\"lazy\" decoding=\"async\" class=\"alignnone wp-image-3093 size-large\" src=\"https:\/\/masterpress.com:443\/wp-content\/uploads\/2023\/03\/butelka-en-1024x1024.jpg\" alt=\"\" width=\"640\" height=\"640\" srcset=\"https:\/\/masterpress.com:443\/wp-content\/uploads\/2023\/03\/butelka-en-1024x1024.jpg 1024w, https:\/\/masterpress.com:443\/wp-content\/uploads\/2023\/03\/butelka-en-300x300.jpg 300w, https:\/\/masterpress.com:443\/wp-content\/uploads\/2023\/03\/butelka-en-150x150.jpg 150w, https:\/\/masterpress.com:443\/wp-content\/uploads\/2023\/03\/butelka-en-768x768.jpg 768w, https:\/\/masterpress.com:443\/wp-content\/uploads\/2023\/03\/butelka-en-500x500.jpg 500w, https:\/\/masterpress.com:443\/wp-content\/uploads\/2023\/03\/butelka-en.jpg 1080w\" sizes=\"auto, (max-width: 640px) 100vw, 640px\" \/><br \/>\nWymiary pojemnik\u00f3w do obkurczania<\/th>\n<\/tr>\n<\/tbody>\n<\/table>\n\t\t\t\t\t<\/div>\n\t\t\t\t\n\t\t\t\t\t\t\t<\/header>\n\n\t\t\t\t\t<\/div>\n\t<\/div>\n<\/section>\n","protected":false},"excerpt":{"rendered":"","protected":false},"author":3,"featured_media":0,"parent":1725,"menu_order":0,"comment_status":"closed","ping_status":"closed","template":"","meta":{"footnotes":""},"class_list":["post-3572","page","type-page","status-publish","hentry"],"acf":[],"_links":{"self":[{"href":"https:\/\/masterpress.com\/pl\/wp-json\/wp\/v2\/pages\/3572","targetHints":{"allow":["GET"]}}],"collection":[{"href":"https:\/\/masterpress.com\/pl\/wp-json\/wp\/v2\/pages"}],"about":[{"href":"https:\/\/masterpress.com\/pl\/wp-json\/wp\/v2\/types\/page"}],"author":[{"embeddable":true,"href":"https:\/\/masterpress.com\/pl\/wp-json\/wp\/v2\/users\/3"}],"replies":[{"embeddable":true,"href":"https:\/\/masterpress.com\/pl\/wp-json\/wp\/v2\/comments?post=3572"}],"version-history":[{"count":9,"href":"https:\/\/masterpress.com\/pl\/wp-json\/wp\/v2\/pages\/3572\/revisions"}],"predecessor-version":[{"id":3973,"href":"https:\/\/masterpress.com\/pl\/wp-json\/wp\/v2\/pages\/3572\/revisions\/3973"}],"up":[{"embeddable":true,"href":"https:\/\/masterpress.com\/pl\/wp-json\/wp\/v2\/pages\/1725"}],"wp:attachment":[{"href":"https:\/\/masterpress.com\/pl\/wp-json\/wp\/v2\/media?parent=3572"}],"curies":[{"name":"wp","href":"https:\/\/api.w.org\/{rel}","templated":true}]}}