{"id":357,"date":"2022-02-02T20:05:16","date_gmt":"2022-02-02T20:05:16","guid":{"rendered":"https:\/\/masterpress.aazzxx.com\/about-us\/"},"modified":"2024-04-10T16:07:17","modified_gmt":"2024-04-10T16:07:17","slug":"about-us","status":"publish","type":"page","link":"https:\/\/masterpress.com\/pl\/about-us\/","title":{"rendered":"O nas"},"content":{"rendered":"\n<section class=\"l-sec o-mobile-top-25 o-mobile-bottom-100 o-bottom-160 u-overflow-hidden\">\n\t<div class=\"l-inner\">\n\t\t<div class=\"c-hero-card\">\n\t\t\t<div class=\"c-hero-card__content ui-bg--white-2 t-font-secondary\">\n\t\t\t\t\t\t\t\t\t<h1 class=\"c-hero-card__title ui-font-weight--semibold\">\n\t\t\t\t\t\to nas\t\t\t\t\t<\/h1>\n\t\t\t\t\t\t\t\t\t\t\t<\/div>\n\t\t\t<div class=\"c-hero-card__media u-move-outside-inner--mobile\">\n\t\t\t\t\t\t\t\t\t<figure class=\"c-hero-card__figure\">\n\t\t\t\t\t\t<img decoding=\"async\" class=\"c-hero-card__image\" src=\"https:\/\/masterpress.com:443\/wp-content\/uploads\/2023\/02\/masterpress-hq.png\" alt=\"\">\n\t\t\t\t\t<\/figure>\n\t\t\t\t\t\t\t<\/div>\n\t\t<\/div>\n\t<\/div>\n<\/section>\n\n\n\n<section class=\"l-sec o-mobile-bottom-50 o-bottom-140\">\n\t<div class=\"l-inner\">\n\t\t<div class=\"c-images-text\">\n\t\t\t\n\t\t\t\t\n\t\t\t\t\t<article class=\"c-images-text__row\">\n\t\t\t\t\t\t<div class=\"c-images-text__content\">\n\t\t\t\t\t\t\t\t\t\t\t\t\t\t\t<header class=\"c-images-text__header\">\n\t\t\t\t\t\t\t\t\t<h3 class=\"c-images-text__title t-font-secondary ui-font-weight--bold ui-color--black-1 t-size-30 t-size-40--desktop t-lower\">\n\t\t\t\t\t\t\t\t\t\tkilka s\u0142\u00f3w o nas\t\t\t\t\t\t\t\t\t<\/h3>\n\t\t\t\t\t\t\t\t<\/header>\n\t\t\t\t\t\t\t\n\n\t\t\t\t\t\t\t\t\t\t\t\t\t\t\t<div class=\"c-images-text__desc t-size-16 ui-color--dark-grey-1\">\n\t\t\t\t\t\t\t\t\t<p>Masterpress wspiera pozytywny wizerunek marek, dostarczaj\u0105c etykiety wyprodukowane zgodnie z zasadami zr\u00f3wnowa\u017conego rozwoju. Naszym klientom doradzamy w wyborze w\u0142a\u015bciwych rozwi\u0105za\u0144 w zakresie etykiet przeznaczonych do wt\u00f3rnego przetworzenia oraz dobieramy odpowiedni\u0105 technologi\u0119 druku hybrydowego. W ten spos\u00f3b zapewniamy, \u017ce produkty ozdobione naszymi etykietami nie tylko b\u0119d\u0105 si\u0119 doskonale prezentowa\u0142y na p\u00f3\u0142ce, ale zostan\u0105 r\u00f3wnie\u017c poddane prawid\u0142owemu recyklingowi.<\/p>\n\t\t\t\t\t\t\t\t<\/div>\n\t\t\t\t\t\t\t\t\t\t\t\t\t<\/div>\n\t\t\t\t\t\t\t\t\t\t\t\t\t<div class=\"c-images-text__media\">\n\t\t\t\t\t\t\t\t\t\t\t\t\t\t\t\t\t\t\t\t\t\t\t\t\t\t\t<figure class=\"c-images-text__figure\">\n\t\t\t\t\t\t\t\t\t\t\t<img decoding=\"async\" class=\"c-images-text__image\" src=\"https:\/\/masterpress.com:443\/wp-content\/uploads\/2024\/03\/094_Masterpress-min.jpg\" alt=\"\">\n\t\t\t\t\t\t\t\t\t\t<\/figure>\n\t\t\t\t\t\t\t\t\t\t\t\t\t\t\t\t\t\t\t\t\t\t\t\t\t\t\t\t\t\t\t\t\t\t\t\t<figure class=\"c-images-text__figure\">\n\t\t\t\t\t\t\t\t\t\t\t<img decoding=\"async\" class=\"c-images-text__image\" src=\"https:\/\/masterpress.com:443\/wp-content\/uploads\/2024\/03\/075_Masterpress-min.jpg\" alt=\"\">\n\t\t\t\t\t\t\t\t\t\t<\/figure>\n\t\t\t\t\t\t\t\t\t\t\t\t\t\t\t\t\t\t\t\t\t\t\t\t<\/div>\n\t\t\t\t\t\t\t\t\t\t\t<\/article>\n\t\t\t\t\n\t\t\t\t\t<article class=\"c-images-text__row\">\n\t\t\t\t\t\t<div class=\"c-images-text__content\">\n\t\t\t\t\t\t\t\n\n\t\t\t\t\t\t\t\t\t\t\t\t\t\t\t<div class=\"c-images-text__desc t-size-16 ui-color--dark-grey-1\">\n\t\t\t\t\t\t\t\t\t<p>Od pocz\u0105tku dzia\u0142alno\u015bci w 1996 r. firma Masterpress sta\u0142a si\u0119 synonimem najwy\u017cszej jako\u015bci etykiet i standard\u00f3w obs\u0142ugi klienta. Obecnie osi\u0105gn\u0119\u0142a pozycj\u0119 jednego z najbardziej licz\u0105cych si\u0119 dostawc\u00f3w etykiet na kontynencie europejskim. Wiernie trzymamy si\u0119 podstawowych warto\u015bci, jakimi s\u0105 zaanga\u017cowanie we wsp\u00f3\u0142prac\u0119 z klientem i uczciwo\u015b\u0107. Dzi\u0119ki temu zdobyli\u015bmy zaufanie wielu mi\u0119dzynarodowych firm, kt\u00f3re powierzy\u0142y nam obs\u0142ug\u0119 najbardziej znanych globalnych marek.<\/p>\n\t\t\t\t\t\t\t\t<\/div>\n\t\t\t\t\t\t\t\t\t\t\t\t\t<\/div>\n\t\t\t\t\t\t\t\t\t\t\t\t\t<div class=\"c-images-text__media\">\n\t\t\t\t\t\t\t\t\t\t\t\t\t\t\t\t\t\t\t\t\t\t\t\t\t\t\t<figure class=\"c-images-text__figure\">\n\t\t\t\t\t\t\t\t\t\t\t<img decoding=\"async\" class=\"c-images-text__image\" src=\"https:\/\/masterpress.com:443\/wp-content\/uploads\/2022\/02\/our-story-hero.jpg\" alt=\"\">\n\t\t\t\t\t\t\t\t\t\t<\/figure>\n\t\t\t\t\t\t\t\t\t\t\t\t\t\t\t\t\t\t\t\t\t\t\t\t\t\t\t\t\t\t\t\t\t\t\t\t<figure class=\"c-images-text__figure\">\n\t\t\t\t\t\t\t\t\t\t\t<img decoding=\"async\" class=\"c-images-text__image\" src=\"https:\/\/masterpress.com:443\/wp-content\/uploads\/2024\/03\/090_Masterpress-min.jpg\" alt=\"\">\n\t\t\t\t\t\t\t\t\t\t<\/figure>\n\t\t\t\t\t\t\t\t\t\t\t\t\t\t\t\t\t\t\t\t\t\t\t\t<\/div>\n\t\t\t\t\t\t\t\t\t\t\t<\/article>\n\t\t\t\t\t\t\t\t\t<\/div>\n\t<\/div>\n<\/section>\n\n\n\n<section class=\"l-sec l-products ui-bg--light-blue-8 o-mobile-top-25 o-mobile-bottom-25 o-top-100 o-bottom-120 u-overflow-hidden\">\n\t<div class=\"l-inner\">\n\t\t<div class=\"c-products\">\n\t\t\t\t\t\t\t<header class=\"c-products__header\">\n\t\t\t\t\t\t\t\t\t\t\t<h3 class=\"c-products__heading t-size-30 t-size-35--desktop ui-color--black-1 ui-font-weight--bold t-font-secondary t-lower\">\n\t\t\t\t\t\t\tdowiedz si\u0119 wi\u0119cej o naszej pe\u0142nej gamie rozwi\u0105za\u0144 w zakresie etykietowania\t\t\t\t\t\t<\/h3>\n\t\t\t\t\t\t\t\t\t\t<nav class=\"c-products__slider-nav js-slider-nav\">\n\t\t\t\t\t\t<button type=\"button\" class=\"c-icon-btn js-slider-nav-prev\">\n\t\t\t\t\t\t\t<img decoding=\"async\" class=\"js-injected-svg c-icon-btn__icon\" src=\"https:\/\/masterpress.com:443\/wp-content\/themes\/masterpress\/front\/static\/img\/icon-arrow-left.svg\" alt=\"\">\n\t\t\t\t\t\t<\/button>\n\t\t\t\t\t\t<button type=\"button\" class=\"c-icon-btn js-slider-nav-next\">\n\t\t\t\t\t\t\t<img decoding=\"async\" class=\"js-injected-svg c-icon-btn__icon\" src=\"https:\/\/masterpress.com:443\/wp-content\/themes\/masterpress\/front\/static\/img\/icon-arrow-right.svg\" alt=\"\">\n\t\t\t\t\t\t<\/button>\n\t\t\t\t\t<\/nav>\n\t\t\t\t<\/header>\n\t\t\t\n\t\t\t\t\t\t\t<div class=\"c-products__content\">\n\t\t\t\t\t<div class=\"c-overlow-slider js-slider swiper u-overflow-visible\" data-slider-type=\"overflowSlider\">\n\t\t\t\t\t\t<ul class=\"c-overflow-slider__list swiper-wrapper\">\n\t\t\t\t\t\t\t\t\t\t\t\t\t\t\t<li class=\"c-overflow-slider__item swiper-slide\">\n\t\t\t\t\t\t\t\t\t<a class=\"c-overflow-slider__link\" href=\"https:\/\/masterpress.com\/pl\/alkohole\/\" >\n\t\t\t\t\t\t\t\t\t\t<div class=\"c-product-teaser\">\n\t\t\t\t\t\t\t\t\t\t\t<div class=\"c-product-teaser__square ui-bg--white-1 u-ratio-1\">\n\t\t\t\t\t\t\t\t\t\t\t\t<div class=\"c-product-teaser__content\">\n\t\t\t\t\t\t\t\t\t\t\t\t\t\t\t\t\t\t\t\t\t\t\t\t\t\t\t<div class=\"c-product-teaser__media\">\n\t\t\t\t\t\t\t\t\t\t\t\t\t\t\t<figure class=\"c-product-teaser__figure\">\n\t\t\t\t\t\t\t\t\t\t\t\t\t\t\t\t<img decoding=\"async\" class=\"c-product-teaser__image\" src=\"https:\/\/masterpress.com:443\/wp-content\/uploads\/2024\/03\/spirt-rep.png\" alt=\"\">\n\t\t\t\t\t\t\t\t\t\t\t\t\t\t\t<\/figure>\n\t\t\t\t\t\t\t\t\t\t\t\t\t\t<\/div>\n\t\t\t\t\t\t\t\t\t\t\t\t\t\t\t\t\t\t\t\t\t\t\t\t\t\t<div class=\"c-product-teaser__text\">\n\t\t\t\t\t\t\t\t\t\t\t\t\t\t<h3 class=\"c-product-teaser__title ui-font-weight--semibold\">alkohole<\/h3>\n\t\t\t\t\t\t\t\t\t\t\t\t\t<\/div>\n\t\t\t\t\t\t\t\t\t\t\t\t<\/div>\n\t\t\t\t\t\t\t\t\t\t\t<\/div>\n\t\t\t\t\t\t\t\t\t\t\t\t\t\t\t\t\t\t\t\t\t\t\t<div class=\"c-product-teaser__action ui-bg--blue-1 u-hide-from-mobile\">\n\t\t\t\t\t\t\t\t\t\t\t\t\t<a class=\"c-product-teaser__cta ui-color--white-1 t-upper ui-font-weight--medium t-size-14\" href=\"https:\/\/masterpress.com\/pl\/alkohole\/\" >\n\t\t\t\t\t\t\t\t\t\t\t\t\t\tSEE MORE\t\t\t\t\t\t\t\t\t\t\t\t\t\t<img decoding=\"async\" class=\"js-injected-svg c-product-teaser__cta-icon\" src=\"https:\/\/masterpress.com:443\/wp-content\/themes\/masterpress\/front\/static\/img\/icon-arrow-right.svg\" alt=\"\">\n\t\t\t\t\t\t\t\t\t\t\t\t\t<\/a>\n\t\t\t\t\t\t\t\t\t\t\t\t<\/div>\n\t\t\t\t\t\t\t\t\t\t\t\t\t\t\t\t\t\t\t\t\t<\/div>\n\t\t\t\t\t\t\t\t\t<\/a>\n\t\t\t\t\t\t\t\t<\/li>\n\t\t\t\t\t\t\t\t\t\t\t\t\t\t\t<li class=\"c-overflow-slider__item swiper-slide\">\n\t\t\t\t\t\t\t\t\t<a class=\"c-overflow-slider__link\" href=\"https:\/\/masterpress.com\/pl\/beverages\/\" >\n\t\t\t\t\t\t\t\t\t\t<div class=\"c-product-teaser\">\n\t\t\t\t\t\t\t\t\t\t\t<div class=\"c-product-teaser__square ui-bg--white-1 u-ratio-1\">\n\t\t\t\t\t\t\t\t\t\t\t\t<div class=\"c-product-teaser__content\">\n\t\t\t\t\t\t\t\t\t\t\t\t\t\t\t\t\t\t\t\t\t\t\t\t\t\t\t<div class=\"c-product-teaser__media\">\n\t\t\t\t\t\t\t\t\t\t\t\t\t\t\t<figure class=\"c-product-teaser__figure\">\n\t\t\t\t\t\t\t\t\t\t\t\t\t\t\t\t<img decoding=\"async\" class=\"c-product-teaser__image\" src=\"https:\/\/masterpress.com:443\/wp-content\/uploads\/2024\/03\/napoje-rep.png\" alt=\"\">\n\t\t\t\t\t\t\t\t\t\t\t\t\t\t\t<\/figure>\n\t\t\t\t\t\t\t\t\t\t\t\t\t\t<\/div>\n\t\t\t\t\t\t\t\t\t\t\t\t\t\t\t\t\t\t\t\t\t\t\t\t\t\t<div class=\"c-product-teaser__text\">\n\t\t\t\t\t\t\t\t\t\t\t\t\t\t<h3 class=\"c-product-teaser__title ui-font-weight--semibold\">napoje<\/h3>\n\t\t\t\t\t\t\t\t\t\t\t\t\t<\/div>\n\t\t\t\t\t\t\t\t\t\t\t\t<\/div>\n\t\t\t\t\t\t\t\t\t\t\t<\/div>\n\t\t\t\t\t\t\t\t\t\t\t\t\t\t\t\t\t\t\t\t\t\t\t<div class=\"c-product-teaser__action ui-bg--blue-1 u-hide-from-mobile\">\n\t\t\t\t\t\t\t\t\t\t\t\t\t<a class=\"c-product-teaser__cta ui-color--white-1 t-upper ui-font-weight--medium t-size-14\" href=\"https:\/\/masterpress.com\/pl\/beverages\/\" >\n\t\t\t\t\t\t\t\t\t\t\t\t\t\tSEE MORE\t\t\t\t\t\t\t\t\t\t\t\t\t\t<img decoding=\"async\" class=\"js-injected-svg c-product-teaser__cta-icon\" src=\"https:\/\/masterpress.com:443\/wp-content\/themes\/masterpress\/front\/static\/img\/icon-arrow-right.svg\" alt=\"\">\n\t\t\t\t\t\t\t\t\t\t\t\t\t<\/a>\n\t\t\t\t\t\t\t\t\t\t\t\t<\/div>\n\t\t\t\t\t\t\t\t\t\t\t\t\t\t\t\t\t\t\t\t\t<\/div>\n\t\t\t\t\t\t\t\t\t<\/a>\n\t\t\t\t\t\t\t\t<\/li>\n\t\t\t\t\t\t\t\t\t\t\t\t\t\t\t<li class=\"c-overflow-slider__item swiper-slide\">\n\t\t\t\t\t\t\t\t\t<a class=\"c-overflow-slider__link\" href=\"https:\/\/masterpress.com\/pl\/chemia-gospodarcza\/\" >\n\t\t\t\t\t\t\t\t\t\t<div class=\"c-product-teaser\">\n\t\t\t\t\t\t\t\t\t\t\t<div class=\"c-product-teaser__square ui-bg--white-1 u-ratio-1\">\n\t\t\t\t\t\t\t\t\t\t\t\t<div class=\"c-product-teaser__content\">\n\t\t\t\t\t\t\t\t\t\t\t\t\t\t\t\t\t\t\t\t\t\t\t\t\t\t\t<div class=\"c-product-teaser__media\">\n\t\t\t\t\t\t\t\t\t\t\t\t\t\t\t<figure class=\"c-product-teaser__figure\">\n\t\t\t\t\t\t\t\t\t\t\t\t\t\t\t\t<img decoding=\"async\" class=\"c-product-teaser__image\" src=\"https:\/\/masterpress.com:443\/wp-content\/uploads\/2024\/03\/higiene-rep.png\" alt=\"\">\n\t\t\t\t\t\t\t\t\t\t\t\t\t\t\t<\/figure>\n\t\t\t\t\t\t\t\t\t\t\t\t\t\t<\/div>\n\t\t\t\t\t\t\t\t\t\t\t\t\t\t\t\t\t\t\t\t\t\t\t\t\t\t<div class=\"c-product-teaser__text\">\n\t\t\t\t\t\t\t\t\t\t\t\t\t\t<h3 class=\"c-product-teaser__title ui-font-weight--semibold\">chemia gospodarcza<\/h3>\n\t\t\t\t\t\t\t\t\t\t\t\t\t<\/div>\n\t\t\t\t\t\t\t\t\t\t\t\t<\/div>\n\t\t\t\t\t\t\t\t\t\t\t<\/div>\n\t\t\t\t\t\t\t\t\t\t\t\t\t\t\t\t\t\t\t\t\t\t\t<div class=\"c-product-teaser__action ui-bg--blue-1 u-hide-from-mobile\">\n\t\t\t\t\t\t\t\t\t\t\t\t\t<a class=\"c-product-teaser__cta ui-color--white-1 t-upper ui-font-weight--medium t-size-14\" href=\"https:\/\/masterpress.com\/pl\/chemia-gospodarcza\/\" >\n\t\t\t\t\t\t\t\t\t\t\t\t\t\tSEE MORE\t\t\t\t\t\t\t\t\t\t\t\t\t\t<img decoding=\"async\" class=\"js-injected-svg c-product-teaser__cta-icon\" src=\"https:\/\/masterpress.com:443\/wp-content\/themes\/masterpress\/front\/static\/img\/icon-arrow-right.svg\" alt=\"\">\n\t\t\t\t\t\t\t\t\t\t\t\t\t<\/a>\n\t\t\t\t\t\t\t\t\t\t\t\t<\/div>\n\t\t\t\t\t\t\t\t\t\t\t\t\t\t\t\t\t\t\t\t\t<\/div>\n\t\t\t\t\t\t\t\t\t<\/a>\n\t\t\t\t\t\t\t\t<\/li>\n\t\t\t\t\t\t\t\t\t\t\t\t\t\t\t<li class=\"c-overflow-slider__item swiper-slide\">\n\t\t\t\t\t\t\t\t\t<a class=\"c-overflow-slider__link\" href=\"https:\/\/masterpress.com\/pl\/produkty-kosmetyczne\/\" >\n\t\t\t\t\t\t\t\t\t\t<div class=\"c-product-teaser\">\n\t\t\t\t\t\t\t\t\t\t\t<div class=\"c-product-teaser__square ui-bg--white-1 u-ratio-1\">\n\t\t\t\t\t\t\t\t\t\t\t\t<div class=\"c-product-teaser__content\">\n\t\t\t\t\t\t\t\t\t\t\t\t\t\t\t\t\t\t\t\t\t\t\t\t\t\t\t<div class=\"c-product-teaser__media\">\n\t\t\t\t\t\t\t\t\t\t\t\t\t\t\t<figure class=\"c-product-teaser__figure\">\n\t\t\t\t\t\t\t\t\t\t\t\t\t\t\t\t<img decoding=\"async\" class=\"c-product-teaser__image\" src=\"https:\/\/masterpress.com:443\/wp-content\/uploads\/2024\/03\/higiene-rep-1.png\" alt=\"\">\n\t\t\t\t\t\t\t\t\t\t\t\t\t\t\t<\/figure>\n\t\t\t\t\t\t\t\t\t\t\t\t\t\t<\/div>\n\t\t\t\t\t\t\t\t\t\t\t\t\t\t\t\t\t\t\t\t\t\t\t\t\t\t<div class=\"c-product-teaser__text\">\n\t\t\t\t\t\t\t\t\t\t\t\t\t\t<h3 class=\"c-product-teaser__title ui-font-weight--semibold\">higiena osobista<\/h3>\n\t\t\t\t\t\t\t\t\t\t\t\t\t<\/div>\n\t\t\t\t\t\t\t\t\t\t\t\t<\/div>\n\t\t\t\t\t\t\t\t\t\t\t<\/div>\n\t\t\t\t\t\t\t\t\t\t\t\t\t\t\t\t\t\t\t\t\t\t\t<div class=\"c-product-teaser__action ui-bg--blue-1 u-hide-from-mobile\">\n\t\t\t\t\t\t\t\t\t\t\t\t\t<a class=\"c-product-teaser__cta ui-color--white-1 t-upper ui-font-weight--medium t-size-14\" href=\"https:\/\/masterpress.com\/pl\/produkty-kosmetyczne\/\" >\n\t\t\t\t\t\t\t\t\t\t\t\t\t\tSEE MORE\t\t\t\t\t\t\t\t\t\t\t\t\t\t<img decoding=\"async\" class=\"js-injected-svg c-product-teaser__cta-icon\" src=\"https:\/\/masterpress.com:443\/wp-content\/themes\/masterpress\/front\/static\/img\/icon-arrow-right.svg\" alt=\"\">\n\t\t\t\t\t\t\t\t\t\t\t\t\t<\/a>\n\t\t\t\t\t\t\t\t\t\t\t\t<\/div>\n\t\t\t\t\t\t\t\t\t\t\t\t\t\t\t\t\t\t\t\t\t<\/div>\n\t\t\t\t\t\t\t\t\t<\/a>\n\t\t\t\t\t\t\t\t<\/li>\n\t\t\t\t\t\t\t\t\t\t\t\t\t\t\t<li class=\"c-overflow-slider__item swiper-slide\">\n\t\t\t\t\t\t\t\t\t<a class=\"c-overflow-slider__link\" href=\"https:\/\/masterpress.com\/pl\/nabial\/\" >\n\t\t\t\t\t\t\t\t\t\t<div class=\"c-product-teaser\">\n\t\t\t\t\t\t\t\t\t\t\t<div class=\"c-product-teaser__square ui-bg--white-1 u-ratio-1\">\n\t\t\t\t\t\t\t\t\t\t\t\t<div class=\"c-product-teaser__content\">\n\t\t\t\t\t\t\t\t\t\t\t\t\t\t\t\t\t\t\t\t\t\t\t\t\t\t\t<div class=\"c-product-teaser__media\">\n\t\t\t\t\t\t\t\t\t\t\t\t\t\t\t<figure class=\"c-product-teaser__figure\">\n\t\t\t\t\t\t\t\t\t\t\t\t\t\t\t\t<img decoding=\"async\" class=\"c-product-teaser__image\" src=\"https:\/\/masterpress.com:443\/wp-content\/uploads\/2023\/12\/dairy-rep.png\" alt=\"\">\n\t\t\t\t\t\t\t\t\t\t\t\t\t\t\t<\/figure>\n\t\t\t\t\t\t\t\t\t\t\t\t\t\t<\/div>\n\t\t\t\t\t\t\t\t\t\t\t\t\t\t\t\t\t\t\t\t\t\t\t\t\t\t<div class=\"c-product-teaser__text\">\n\t\t\t\t\t\t\t\t\t\t\t\t\t\t<h3 class=\"c-product-teaser__title ui-font-weight--semibold\">nabia\u0142<\/h3>\n\t\t\t\t\t\t\t\t\t\t\t\t\t<\/div>\n\t\t\t\t\t\t\t\t\t\t\t\t<\/div>\n\t\t\t\t\t\t\t\t\t\t\t<\/div>\n\t\t\t\t\t\t\t\t\t\t\t\t\t\t\t\t\t\t\t\t\t\t\t<div class=\"c-product-teaser__action ui-bg--blue-1 u-hide-from-mobile\">\n\t\t\t\t\t\t\t\t\t\t\t\t\t<a class=\"c-product-teaser__cta ui-color--white-1 t-upper ui-font-weight--medium t-size-14\" href=\"https:\/\/masterpress.com\/pl\/nabial\/\" >\n\t\t\t\t\t\t\t\t\t\t\t\t\t\tSEE MORE\t\t\t\t\t\t\t\t\t\t\t\t\t\t<img decoding=\"async\" class=\"js-injected-svg c-product-teaser__cta-icon\" src=\"https:\/\/masterpress.com:443\/wp-content\/themes\/masterpress\/front\/static\/img\/icon-arrow-right.svg\" alt=\"\">\n\t\t\t\t\t\t\t\t\t\t\t\t\t<\/a>\n\t\t\t\t\t\t\t\t\t\t\t\t<\/div>\n\t\t\t\t\t\t\t\t\t\t\t\t\t\t\t\t\t\t\t\t\t<\/div>\n\t\t\t\t\t\t\t\t\t<\/a>\n\t\t\t\t\t\t\t\t<\/li>\n\t\t\t\t\t\t\t\t\t\t\t\t\t\t\t<li class=\"c-overflow-slider__item swiper-slide\">\n\t\t\t\t\t\t\t\t\t<a class=\"c-overflow-slider__link\" href=\"https:\/\/masterpress.com\/pl\/suplementy\/\" >\n\t\t\t\t\t\t\t\t\t\t<div class=\"c-product-teaser\">\n\t\t\t\t\t\t\t\t\t\t\t<div class=\"c-product-teaser__square ui-bg--white-1 u-ratio-1\">\n\t\t\t\t\t\t\t\t\t\t\t\t<div class=\"c-product-teaser__content\">\n\t\t\t\t\t\t\t\t\t\t\t\t\t\t\t\t\t\t\t\t\t\t\t\t\t\t\t<div class=\"c-product-teaser__media\">\n\t\t\t\t\t\t\t\t\t\t\t\t\t\t\t<figure class=\"c-product-teaser__figure\">\n\t\t\t\t\t\t\t\t\t\t\t\t\t\t\t\t<img decoding=\"async\" class=\"c-product-teaser__image\" src=\"https:\/\/masterpress.com:443\/wp-content\/uploads\/2024\/03\/sup-rep.png\" alt=\"\">\n\t\t\t\t\t\t\t\t\t\t\t\t\t\t\t<\/figure>\n\t\t\t\t\t\t\t\t\t\t\t\t\t\t<\/div>\n\t\t\t\t\t\t\t\t\t\t\t\t\t\t\t\t\t\t\t\t\t\t\t\t\t\t<div class=\"c-product-teaser__text\">\n\t\t\t\t\t\t\t\t\t\t\t\t\t\t<h3 class=\"c-product-teaser__title ui-font-weight--semibold\">suplementy<\/h3>\n\t\t\t\t\t\t\t\t\t\t\t\t\t<\/div>\n\t\t\t\t\t\t\t\t\t\t\t\t<\/div>\n\t\t\t\t\t\t\t\t\t\t\t<\/div>\n\t\t\t\t\t\t\t\t\t\t\t\t\t\t\t\t\t\t\t\t\t\t\t<div class=\"c-product-teaser__action ui-bg--blue-1 u-hide-from-mobile\">\n\t\t\t\t\t\t\t\t\t\t\t\t\t<a class=\"c-product-teaser__cta ui-color--white-1 t-upper ui-font-weight--medium t-size-14\" href=\"https:\/\/masterpress.com\/pl\/suplementy\/\" >\n\t\t\t\t\t\t\t\t\t\t\t\t\t\tSEE MORE\t\t\t\t\t\t\t\t\t\t\t\t\t\t<img decoding=\"async\" class=\"js-injected-svg c-product-teaser__cta-icon\" src=\"https:\/\/masterpress.com:443\/wp-content\/themes\/masterpress\/front\/static\/img\/icon-arrow-right.svg\" alt=\"\">\n\t\t\t\t\t\t\t\t\t\t\t\t\t<\/a>\n\t\t\t\t\t\t\t\t\t\t\t\t<\/div>\n\t\t\t\t\t\t\t\t\t\t\t\t\t\t\t\t\t\t\t\t\t<\/div>\n\t\t\t\t\t\t\t\t\t<\/a>\n\t\t\t\t\t\t\t\t<\/li>\n\t\t\t\t\t\t\t\t\t\t\t\t\t\t\t<li class=\"c-overflow-slider__item swiper-slide\">\n\t\t\t\t\t\t\t\t\t<a class=\"c-overflow-slider__link\" href=\"https:\/\/masterpress.com\/pl\/rozwiazania-dla-herbat\/\" >\n\t\t\t\t\t\t\t\t\t\t<div class=\"c-product-teaser\">\n\t\t\t\t\t\t\t\t\t\t\t<div class=\"c-product-teaser__square ui-bg--white-1 u-ratio-1\">\n\t\t\t\t\t\t\t\t\t\t\t\t<div class=\"c-product-teaser__content\">\n\t\t\t\t\t\t\t\t\t\t\t\t\t\t\t\t\t\t\t\t\t\t\t\t\t\t\t<div class=\"c-product-teaser__media\">\n\t\t\t\t\t\t\t\t\t\t\t\t\t\t\t<figure class=\"c-product-teaser__figure\">\n\t\t\t\t\t\t\t\t\t\t\t\t\t\t\t\t<img decoding=\"async\" class=\"c-product-teaser__image\" src=\"https:\/\/masterpress.com:443\/wp-content\/uploads\/2024\/03\/herb-rep.png\" alt=\"\">\n\t\t\t\t\t\t\t\t\t\t\t\t\t\t\t<\/figure>\n\t\t\t\t\t\t\t\t\t\t\t\t\t\t<\/div>\n\t\t\t\t\t\t\t\t\t\t\t\t\t\t\t\t\t\t\t\t\t\t\t\t\t\t<div class=\"c-product-teaser__text\">\n\t\t\t\t\t\t\t\t\t\t\t\t\t\t<h3 class=\"c-product-teaser__title ui-font-weight--semibold\">rozwi\u0105zania do herbat<\/h3>\n\t\t\t\t\t\t\t\t\t\t\t\t\t<\/div>\n\t\t\t\t\t\t\t\t\t\t\t\t<\/div>\n\t\t\t\t\t\t\t\t\t\t\t<\/div>\n\t\t\t\t\t\t\t\t\t\t\t\t\t\t\t\t\t\t\t\t\t\t\t<div class=\"c-product-teaser__action ui-bg--blue-1 u-hide-from-mobile\">\n\t\t\t\t\t\t\t\t\t\t\t\t\t<a class=\"c-product-teaser__cta ui-color--white-1 t-upper ui-font-weight--medium t-size-14\" href=\"https:\/\/masterpress.com\/pl\/rozwiazania-dla-herbat\/\" >\n\t\t\t\t\t\t\t\t\t\t\t\t\t\tSEE MORE\t\t\t\t\t\t\t\t\t\t\t\t\t\t<img decoding=\"async\" class=\"js-injected-svg c-product-teaser__cta-icon\" src=\"https:\/\/masterpress.com:443\/wp-content\/themes\/masterpress\/front\/static\/img\/icon-arrow-right.svg\" alt=\"\">\n\t\t\t\t\t\t\t\t\t\t\t\t\t<\/a>\n\t\t\t\t\t\t\t\t\t\t\t\t<\/div>\n\t\t\t\t\t\t\t\t\t\t\t\t\t\t\t\t\t\t\t\t\t<\/div>\n\t\t\t\t\t\t\t\t\t<\/a>\n\t\t\t\t\t\t\t\t<\/li>\n\t\t\t\t\t\t\t\t\t\t\t\t\t<\/ul>\n\t\t\t\t\t\t<div class=\"c-overlow-slider__pagination c-slider-pagination c-slider-pagination--darker c-slider-pagination--y-offset c-slider-pagination--mobile-only js-slider-pagination\"><\/div>\n\t\t\t\t\t<\/div>\n\t\t\t\t<\/div>\n\t\t\t\t\t<\/div>\n\t<\/div>\n<\/section>\n","protected":false},"excerpt":{"rendered":"","protected":false},"author":1,"featured_media":0,"parent":0,"menu_order":0,"comment_status":"closed","ping_status":"closed","template":"","meta":{"footnotes":""},"class_list":["post-357","page","type-page","status-publish","hentry"],"acf":[],"_links":{"self":[{"href":"https:\/\/masterpress.com\/pl\/wp-json\/wp\/v2\/pages\/357","targetHints":{"allow":["GET"]}}],"collection":[{"href":"https:\/\/masterpress.com\/pl\/wp-json\/wp\/v2\/pages"}],"about":[{"href":"https:\/\/masterpress.com\/pl\/wp-json\/wp\/v2\/types\/page"}],"author":[{"embeddable":true,"href":"https:\/\/masterpress.com\/pl\/wp-json\/wp\/v2\/users\/1"}],"replies":[{"embeddable":true,"href":"https:\/\/masterpress.com\/pl\/wp-json\/wp\/v2\/comments?post=357"}],"version-history":[{"count":32,"href":"https:\/\/masterpress.com\/pl\/wp-json\/wp\/v2\/pages\/357\/revisions"}],"predecessor-version":[{"id":10320,"href":"https:\/\/masterpress.com\/pl\/wp-json\/wp\/v2\/pages\/357\/revisions\/10320"}],"wp:attachment":[{"href":"https:\/\/masterpress.com\/pl\/wp-json\/wp\/v2\/media?parent=357"}],"curies":[{"name":"wp","href":"https:\/\/api.w.org\/{rel}","templated":true}]}}