{"id":3511,"date":"2023-05-02T13:31:31","date_gmt":"2023-05-02T13:31:31","guid":{"rendered":"https:\/\/masterpress.com\/?page_id=3511"},"modified":"2024-07-30T07:23:56","modified_gmt":"2024-07-30T07:23:56","slug":"standardy-produkcji","status":"publish","type":"page","link":"https:\/\/masterpress.com\/pl\/about-us\/standardy-produkcji\/","title":{"rendered":"polityka jako\u015bci i produkcja"},"content":{"rendered":"\n<section class=\"l-sec o-mobile-top-25 o-mobile-bottom-100 o-bottom-160 u-overflow-hidden\">\n\t<div class=\"l-inner\">\n\t\t<div class=\"c-hero-card\">\n\t\t\t<div class=\"c-hero-card__content ui-bg--white-2 t-font-secondary\">\n\t\t\t\t\t\t\t\t\t<h1 class=\"c-hero-card__title ui-font-weight--semibold\">\n\t\t\t\t\t\tpolityka jako\u015bci i produkcja\t\t\t\t\t<\/h1>\n\t\t\t\t\t\t\t\t\t\t\t<\/div>\n\t\t\t<div class=\"c-hero-card__media u-move-outside-inner--mobile\">\n\t\t\t\t\t\t\t\t\t<figure class=\"c-hero-card__figure\">\n\t\t\t\t\t\t<img decoding=\"async\" class=\"c-hero-card__image\" src=\"https:\/\/masterpress.com:443\/wp-content\/uploads\/2023\/04\/19197-image-1370559710.jpg\" alt=\"\">\n\t\t\t\t\t<\/figure>\n\t\t\t\t\t\t\t<\/div>\n\t\t<\/div>\n\t<\/div>\n<\/section>\n\n\n\n<section class=\"l-sec o-mobile-bottom-35 o-bottom-120 u-overflow-hidden\">\n\t<div class=\"l-inner\">\n\t\t<div class=\"c-our-values\">\n\t\t\t<header class=\"c-our-values__header\">\n\t\t\t\t\t\t\t\t\t<h2 class=\"c-our-values__heading t-size-30 t-size-35--desktop ui-color--black-1 ui-font-weight--semibold t-font-secondary t-lower\">\n\t\t\t\t\t\tpolityka jako\u015bci system\u00f3w zarz\u0105dzania masterpress\t\t\t\t\t<\/h2>\n\t\t\t\t\t\t\t\t\t\t\t\t\t<div class=\"c-our-values__desc t-size-16 ui-color--dark-grey-1\">\n\t\t\t\t\t\t<p><span style=\"font-weight: 400;\">Ambicj\u0105 naszej firmy jest spe\u0142nienie oczekiwa\u0144, wymaga\u0144 i potrzeb Klient\u00f3w poprzez realizacj\u0119 proces\u00f3w zwi\u0105zanych z produkcj\u0105 oraz sprzeda\u017c\u0105 artyku\u0142\u00f3w opakowaniowych w spos\u00f3b zgodny z wymaganiami regulacyjnymi, prawnymi, a tak\u017ce \u015brodowiskowymi.\u00a0<\/span><br \/>\n<span style=\"font-weight: 400;\">Nadrz\u0119dnym celem naszej organizacji jest bezustanne podnoszenie zadowolenia Klient\u00f3w w zakresie zapewnienia bezpiecze\u0144stwa proces\u00f3w wytw\u00f3rczych, osi\u0105gni\u0119cie najwy\u017cszej jako\u015bci produktu, jak r\u00f3wnie\u017c wysoka dba\u0142o\u015b\u0107 o \u015brodowisko naturalne oraz bezpiecze\u0144stwo i higien\u0119 pracy.\u00a0<\/span><br \/>\n<span style=\"font-weight: 400;\">Strategia dzia\u0142alno\u015bci organizacji jest zgodna z Systemem Zarz\u0105dzania Bezpiecze\u0144stwem \u017bywno\u015bci, norm\u0105 ISO 22000:2018, ISO\/TS 22002-4:2013 oraz z dodatkowymi wymaganiami FSSC 22000 (Wersja 6). Ponadto nasze dzia\u0142ania opieramy o wymagania prawne oraz normy takie jak: ISO 9001, ISO 14001, ISO 45001.\u00a0<\/span><\/p>\n<p><span style=\"font-weight: 400;\">Dzi\u0119ki przyj\u0119tym zasadom Systemu nasz cel realizowany jest poprzez:<\/span><\/p>\n<ul>\n<li style=\"font-weight: 400;\" aria-level=\"1\"><span style=\"font-weight: 400;\">indywidualne podej\u015bcie do klient\u00f3w i dostarczanie im wyrob\u00f3w wyprodukowanych zgodnie <\/span><span style=\"font-weight: 400;\">z zasadami zr\u00f3wnowa\u017conego rozwoju oraz Systemem Zarz\u0105dzania Bezpiecze\u0144stwem \u017bywno\u015bci,<\/span><\/li>\n<li style=\"font-weight: 400;\" aria-level=\"1\"><span style=\"font-weight: 400;\">ws\u0142uchiwanie si\u0119 w g\u0142os Klient\u00f3w, zapewniaj\u0105c im wsparcie technologiczne,<\/span><\/li>\n<li style=\"font-weight: 400;\" aria-level=\"1\"><span style=\"font-weight: 400;\">partnersk\u0105 wsp\u00f3\u0142prac\u0119 z dostawcami i ich ocen\u0119, dzi\u0119ki kt\u00f3rym mo\u017cemy zapewni\u0107 materia\u0142y <\/span><span style=\"font-weight: 400;\">i wyposa\u017cenie zgodne z ustalonymi wymaganiami jako\u015bciowymi Klienta,<\/span><\/li>\n<li style=\"font-weight: 400;\" aria-level=\"1\"><span style=\"font-weight: 400;\">realizacj\u0119 proces\u00f3w w zaplanowanych i nadzorowanych warunkach,\u00a0<\/span><\/li>\n<li style=\"font-weight: 400;\" aria-level=\"1\"><span style=\"font-weight: 400;\">monitorowanie proces\u00f3w i identyfikacj\u0119 obszar\u00f3w wymagaj\u0105cych poprawy i ich ci\u0105g\u0142e doskonalenie,\u00a0<\/span><\/li>\n<li style=\"font-weight: 400;\" aria-level=\"1\"><span style=\"font-weight: 400;\">stosowanie systemu identyfikowalno\u015bci dla wytwarzanych wyrob\u00f3w,<\/span><\/li>\n<li style=\"font-weight: 400;\" aria-level=\"1\"><span style=\"font-weight: 400;\">szkolenia ca\u0142ego personelu dla zapewnienia wymaganych kwalifikacji oraz budowania \u015bwiadomo\u015bcijako\u015bciowej i procesowej w\u015br\u00f3d pracownik\u00f3w.<\/span><\/li>\n<\/ul>\n<p>&nbsp;<\/p>\n<p><span style=\"font-weight: 400;\">Jeste\u015bmy organizacj\u0105 zarz\u0105dzan\u0105 przez warto\u015bci, kt\u00f3re stanowi\u0105 fundament do realizacji strategii firmy i s\u0105 integraln\u0105 cz\u0119\u015bci\u0105 Polityki Jako\u015bci, kt\u00f3ra jest znana wszystkim pracownikom Masterpress. Zobowi\u0105zujemy si\u0119 ci\u0105gle doskonali\u0107 wdro\u017cony System Zarz\u0105dzania Bezpiecze\u0144stwem \u017bywno\u015bci, tym samym zaspokaja\u0107 potrzeby nawet najbardziej wymagaj\u0105cych Klient\u00f3w, jednocze\u015bnie umacniaj\u0105c zaufanie do jako\u015bci wyrob\u00f3w produkowanych przez nasz\u0105 firm\u0119.<\/span><\/p>\n\t\t\t\t\t<\/div>\n\t\t\t\t\t\t\t<\/header>\n\n\t\t\t\t\t<\/div>\n\t<\/div>\n<\/section>\n\n\n\n<section class=\"l-sec o-mobile-bottom-60 o-bottom-160 o-mobile-top-80\">\n\t<div class=\"l-inner\">\n\t\t<div class=\"c-solutions\">\n\t\t\t\t\t\t<div class=\"c-solutions__content\">\n\t\t\t\t\t\t\t\t\t<ul class=\"c-solutions-list c-list\">\n\t\t\t\t\t\t\t\t\t\t\t\t\t<li class=\"c-solutions-list__item\">\n\t\t\t\t\t\t\t\t<div class=\"c-solution-box\">\n\t\t\t\t\t\t\t\t\t\t\t\t\t\t\t\t\t<div class=\"c-solution-box__media\">\n\t\t\t\t\t\t\t\t\t\t<figure class=\"c-solution-box__figure\">\n\t\t\t\t\t\t\t\t\t\t\t<img decoding=\"async\" class=\"c-solution-box__image\" src=\"https:\/\/masterpress.com:443\/wp-content\/uploads\/2024\/07\/Masterpress_24_SA_FSSC_-Certificate_PL-353x500.jpg\" alt=\"\">\n\t\t\t\t\t\t\t\t\t\t<\/figure>\n\t\t\t\t\t\t\t\t\t<\/div>\n\t\t\t\t\t\t\t\t\t\t\t\t\t\t\t\t\t\t\t\t\t\t\t\t\t<div class=\"c-solution-box__title\">\n\t\t\t\t\t\t\t\t\t\t<a class=\"c-solution-box__link c-link c-link--icon c-link--icon-animate\" href=\"https:\/\/masterpress.com:443\/wp-content\/uploads\/2024\/07\/Masterpress_24_SA_FSSC_-Certificate_PL.jpg\" target=\"\">\n\t\t\t\t\t\t\t\t\t\t\t\t\t\t\t\t\t\t\t\t\t\t<img decoding=\"async\" class=\"c-link__icon js-injected-svg \" src=\"https:\/\/masterpress.com:443\/wp-content\/themes\/masterpress\/front\/static\/img\/icon-arrow-right.svg\" alt=\"\">\n\t\t\t\t\t\t\t\t\t\t<\/a>\n\t\t\t\t\t\t\t\t\t<\/div>\n\t\t\t\t\t\t\t\t\t\t\t\t\t\t\t\t<\/div>\n\t\t\t\t\t\t\t<\/li>\n\t\t\t\t\t\t\t\t\t\t\t\t\t<li class=\"c-solutions-list__item\">\n\t\t\t\t\t\t\t\t<div class=\"c-solution-box\">\n\t\t\t\t\t\t\t\t\t\t\t\t\t\t\t\t\t<div class=\"c-solution-box__media\">\n\t\t\t\t\t\t\t\t\t\t<figure class=\"c-solution-box__figure\">\n\t\t\t\t\t\t\t\t\t\t\t<img decoding=\"async\" class=\"c-solution-box__image\" src=\"https:\/\/masterpress.com:443\/wp-content\/uploads\/2023\/04\/Masterpress-c20151902-PL_Issue4_page-0001-354x500.jpg\" alt=\"\">\n\t\t\t\t\t\t\t\t\t\t<\/figure>\n\t\t\t\t\t\t\t\t\t<\/div>\n\t\t\t\t\t\t\t\t\t\t\t\t\t\t\t\t\t\t\t\t\t\t\t\t\t<div class=\"c-solution-box__title\">\n\t\t\t\t\t\t\t\t\t\t<a class=\"c-solution-box__link c-link c-link--icon c-link--icon-animate\" href=\"https:\/\/masterpress.com:443\/wp-content\/uploads\/2023\/04\/Masterpress-c20151902-PL_Issue4_page-0001-scaled.jpg\" target=\"\">\n\t\t\t\t\t\t\t\t\t\t\t\t\t\t\t\t\t\t\t\t\t\t<img decoding=\"async\" class=\"c-link__icon js-injected-svg \" src=\"https:\/\/masterpress.com:443\/wp-content\/themes\/masterpress\/front\/static\/img\/icon-arrow-right.svg\" alt=\"\">\n\t\t\t\t\t\t\t\t\t\t<\/a>\n\t\t\t\t\t\t\t\t\t<\/div>\n\t\t\t\t\t\t\t\t\t\t\t\t\t\t\t\t<\/div>\n\t\t\t\t\t\t\t<\/li>\n\t\t\t\t\t\t\t\t\t\t\t<\/ul>\n\t\t\t\t\t\t\t<\/div>\n\t\t<\/div>\n\t<\/div>\n<\/section>\n","protected":false},"excerpt":{"rendered":"","protected":false},"author":3,"featured_media":0,"parent":357,"menu_order":0,"comment_status":"closed","ping_status":"closed","template":"","meta":{"footnotes":""},"class_list":["post-3511","page","type-page","status-publish","hentry"],"acf":[],"_links":{"self":[{"href":"https:\/\/masterpress.com\/pl\/wp-json\/wp\/v2\/pages\/3511","targetHints":{"allow":["GET"]}}],"collection":[{"href":"https:\/\/masterpress.com\/pl\/wp-json\/wp\/v2\/pages"}],"about":[{"href":"https:\/\/masterpress.com\/pl\/wp-json\/wp\/v2\/types\/page"}],"author":[{"embeddable":true,"href":"https:\/\/masterpress.com\/pl\/wp-json\/wp\/v2\/users\/3"}],"replies":[{"embeddable":true,"href":"https:\/\/masterpress.com\/pl\/wp-json\/wp\/v2\/comments?post=3511"}],"version-history":[{"count":18,"href":"https:\/\/masterpress.com\/pl\/wp-json\/wp\/v2\/pages\/3511\/revisions"}],"predecessor-version":[{"id":8791,"href":"https:\/\/masterpress.com\/pl\/wp-json\/wp\/v2\/pages\/3511\/revisions\/8791"}],"up":[{"embeddable":true,"href":"https:\/\/masterpress.com\/pl\/wp-json\/wp\/v2\/pages\/357"}],"wp:attachment":[{"href":"https:\/\/masterpress.com\/pl\/wp-json\/wp\/v2\/media?parent=3511"}],"curies":[{"name":"wp","href":"https:\/\/api.w.org\/{rel}","templated":true}]}}