{"id":3444,"date":"2023-04-21T09:06:48","date_gmt":"2023-04-21T09:06:48","guid":{"rendered":"https:\/\/masterpress.com\/?page_id=3444"},"modified":"2026-04-03T18:22:28","modified_gmt":"2026-04-03T18:22:28","slug":"kontakt-dla-akcjonariuszy","status":"publish","type":"page","link":"https:\/\/masterpress.com\/pl\/kontakt-dla-akcjonariuszy\/","title":{"rendered":"Informacje dla akcjonariuszy"},"content":{"rendered":"<section class=\"l-sec o-mobile-bottom-50 o-bottom-100\">\n\t<div class=\"l-inner\">\n\t\t<div class=\"c-about-us\">\n\t\t\t<header class=\"c-about-us__header\">\n\t\t\t\t\n\t\t\t\t\n\t\t\t\t\t\t\t<\/header>\n\n\t\t\t\t\t<\/div>\n\t<\/div>\n<\/section>\n\n\n<section class=\"l-sec o-mobile-bottom-50 o-bottom-100\">\n\t<div class=\"l-inner\">\n\t\t<div class=\"c-about-us\">\n\t\t\t<header class=\"c-about-us__header\">\n\t\t\t\t\t\t\t\t\t<h2 class=\"c-about-us__heading t-size-30 t-size-35--desktop ui-color--black-1 ui-font-weight--semibold t-font-secondary t-lower\">\n\t\t\t\t\t\tInformacje dla akcjonariuszy\t\t\t\t\t<\/h2>\n\t\t\t\t\n\t\t\t\t\t\t\t\t\t<div class=\"c-about-us__desc t-size-16 ui-color--dark-grey-1\">\n\t\t\t\t\t\t<h2>O firmie Masterpress S.A.<\/h2>\n<p style=\"float: none;\">Masterpress Sp\u00f3\u0142ka Akcyjna<br \/>\nul. Jacka Kuronia 4<br \/>\n15-569 Bia\u0142ystok<br \/>\nNIP: 739-18-01-250<br \/>\nREGON: 510431484<br \/>\nWpisana do Rejestru Przedsi\u0119biorc\u00f3w przez S\u0105d Rejonowy w Bia\u0142ymstoku XII Wydzia\u0142 Gospodarczy pod nr KRS 0000297195<\/p>\n<h3 class=\"title\"><strong>Kapita\u0142 Zak\u0142adowy<\/strong><\/h3>\n<div class=\"text\">\n<p>Wysoko\u015b\u0107 kapita\u0142u zak\u0142adowego: 586 386,00 PLN \u2013 op\u0142acony w ca\u0142o\u015bci<\/p>\n<\/div>\n<h3 class=\"title\"><strong>Og\u0142oszenia<\/strong><\/h3>\n<div class=\"text\">\n<p><img decoding=\"async\" style=\"max-width: 80%; height: auto;\" src=\"https:\/\/masterpress.com\/wp-content\/uploads\/2026\/01\/SAPFEV-PRN026010911180-1.jpg\" alt=\"Ogloszenie o zwolaniu WZ\" \/><\/p>\n<\/div>\n\t\t\t\t\t<\/div>\n\t\t\t\t\n\t\t\t\t\t\t\t<\/header>\n\n\t\t\t\t\t<\/div>\n\t<\/div>\n<\/section>\n","protected":false},"excerpt":{"rendered":"","protected":false},"author":3,"featured_media":0,"parent":0,"menu_order":0,"comment_status":"closed","ping_status":"closed","template":"","meta":{"footnotes":""},"class_list":["post-3444","page","type-page","status-publish","hentry"],"acf":[],"_links":{"self":[{"href":"https:\/\/masterpress.com\/pl\/wp-json\/wp\/v2\/pages\/3444","targetHints":{"allow":["GET"]}}],"collection":[{"href":"https:\/\/masterpress.com\/pl\/wp-json\/wp\/v2\/pages"}],"about":[{"href":"https:\/\/masterpress.com\/pl\/wp-json\/wp\/v2\/types\/page"}],"author":[{"embeddable":true,"href":"https:\/\/masterpress.com\/pl\/wp-json\/wp\/v2\/users\/3"}],"replies":[{"embeddable":true,"href":"https:\/\/masterpress.com\/pl\/wp-json\/wp\/v2\/comments?post=3444"}],"version-history":[{"count":54,"href":"https:\/\/masterpress.com\/pl\/wp-json\/wp\/v2\/pages\/3444\/revisions"}],"predecessor-version":[{"id":26361,"href":"https:\/\/masterpress.com\/pl\/wp-json\/wp\/v2\/pages\/3444\/revisions\/26361"}],"wp:attachment":[{"href":"https:\/\/masterpress.com\/pl\/wp-json\/wp\/v2\/media?parent=3444"}],"curies":[{"name":"wp","href":"https:\/\/api.w.org\/{rel}","templated":true}]}}