{"id":3322,"date":"2023-04-10T18:45:22","date_gmt":"2023-04-10T18:45:22","guid":{"rendered":"https:\/\/masterpress.com\/?page_id=3322"},"modified":"2023-12-01T19:29:07","modified_gmt":"2023-12-01T19:29:07","slug":"rozwiazania-dla-herbat","status":"publish","type":"page","link":"https:\/\/masterpress.com\/pl\/rozwiazania-dla-herbat\/","title":{"rendered":"Rozwi\u0105zania dla herbat"},"content":{"rendered":"\n<section class=\"l-sec o-mobile-top-25 o-top-60 o-mobile-bottom-25 o-bottom-120 u-overflow-hidden\">\n\t<div class=\"l-inner\">\n\t\t<div class=\"c-hero-text-img\">\n\t\t\t<div class=\"c-hero-text-img__content\">\n\t\t\t\t\t\t\t\t\t<h1 class=\"c-hero-text-img__heading t-size-42 t-size-40--desktop ui-color--black-1 ui-font-weight--bold t-font-secondary t-lower\">\n\t\t\t\t\t\tRozwi\u0105zania dla herbat\t\t\t\t\t<\/h1>\n\t\t\t\t\t\t\t\t\t\t\t\t\t<div class=\"c-hero-text-img__desc\">\n\t\t\t\t\t\t<div class=\"c-wysiwyg ui-color--dark-grey-1 t-size-14\">\n\t\t\t\t\t\t\t<p>Zawieszki stanowi\u0105 wa\u017cny element do\u015bwiadczenia picia herbaty, poniewa\u017c s\u0105 no\u015bnikiem informacji o marce napoju oraz jego smaku.<\/p>\n<p>W dobie wysokiej \u015bwiadomo\u015bci spo\u0142ecze\u0144stwa, producenci herbat zapewniaj\u0105 nie tylko wyselekcjonowan\u0105 esencj\u0119 naparu, ale musz\u0105 zadba\u0107 przede wszystkim o to, aby ich produkty by\u0142y bezpieczne zar\u00f3wno dla konsument\u00f3w, jak i \u015brodowiska. Zawieszki Masterpress zosta\u0142y opracowane i dopuszczone do kontaktu z \u017cywno\u015bci\u0105 przez niezale\u017cne laboratoria, a jednocze\u015bnie s\u0105 odporne na wrz\u0105c\u0105 wod\u0119, co eliminuje wszelkie potencjalne ryzyko dostania si\u0119 do napoju szkodliwych substancji, je\u015bli zawieszka wpadnie do herbaty.<\/p>\n<p>Nasze etykiety do herbat produkowane s\u0105 z materia\u0142\u00f3w ro\u015blinnych lub kompostowalnych, biodegradowalnych i pochodz\u0105cych z zasob\u00f3w odnawialnych. Zawieszki te zadrukowane s\u0105 farbami, kt\u00f3re pozwalaj\u0105 konsumentowi na kompostowanie ich w domu bez zanieczyszczania \u015brodowiska, dzi\u0119ki temu, \u017ce ich zawarto\u015b\u0107 metali ci\u0119\u017ckich nie przekracza ustalonego prawnie limitu.<\/p>\n<p>Dzi\u0119ki mo\u017cliwo\u015bci drukowania etykiet do herbaty w maksymalnie 10 kolorach w po\u0142\u0105czeniu z uszlachetnieniami takimi jak lakiery, a nawet w pe\u0142ni czytelne kody QR, rozwi\u0105zania Masterpress dla bran\u017cy herbat s\u0105 doskona\u0142ym wyborem, aby pom\u00f3c markom promowa\u0107 ich jako\u015b\u0107 i bezpiecze\u0144stwo za pomoc\u0105 rozwi\u0105za\u0144 przyjaznych naszej planecie.<\/p>\n\t\t\t\t\t\t<\/div>\n\t\t\t\t\t<\/div>\n\t\t\t\t\t\t\t<\/div>\n\t\t\t<div class=\"c-hero-text-img__media\">\n\t\t\t\t\t\t\t\t\t<figure class=\"c-hero-text-img__figure\">\n\t\t\t\t\t\t<img decoding=\"async\" class=\"c-hero-text-img__image\" src=\"https:\/\/masterpress.com:443\/wp-content\/uploads\/2023\/02\/medium-shot-woman-holding-drink.jpg\" alt=\"\">\n\t\t\t\t\t<\/figure>\n\t\t\t\t\t<span class=\"c-hero-text-img__media-decor\"><\/span>\n\t\t\t\t\t\t\t<\/div>\n\t\t<\/div>\n\t<\/div>\n<\/section>\n","protected":false},"excerpt":{"rendered":"","protected":false},"author":3,"featured_media":0,"parent":0,"menu_order":0,"comment_status":"closed","ping_status":"closed","template":"","meta":{"footnotes":""},"class_list":["post-3322","page","type-page","status-publish","hentry"],"acf":[],"_links":{"self":[{"href":"https:\/\/masterpress.com\/pl\/wp-json\/wp\/v2\/pages\/3322","targetHints":{"allow":["GET"]}}],"collection":[{"href":"https:\/\/masterpress.com\/pl\/wp-json\/wp\/v2\/pages"}],"about":[{"href":"https:\/\/masterpress.com\/pl\/wp-json\/wp\/v2\/types\/page"}],"author":[{"embeddable":true,"href":"https:\/\/masterpress.com\/pl\/wp-json\/wp\/v2\/users\/3"}],"replies":[{"embeddable":true,"href":"https:\/\/masterpress.com\/pl\/wp-json\/wp\/v2\/comments?post=3322"}],"version-history":[{"count":7,"href":"https:\/\/masterpress.com\/pl\/wp-json\/wp\/v2\/pages\/3322\/revisions"}],"predecessor-version":[{"id":3936,"href":"https:\/\/masterpress.com\/pl\/wp-json\/wp\/v2\/pages\/3322\/revisions\/3936"}],"wp:attachment":[{"href":"https:\/\/masterpress.com\/pl\/wp-json\/wp\/v2\/media?parent=3322"}],"curies":[{"name":"wp","href":"https:\/\/api.w.org\/{rel}","templated":true}]}}