{"id":3266,"date":"2023-04-10T17:47:34","date_gmt":"2023-04-10T17:47:34","guid":{"rendered":"https:\/\/masterpress.com\/?page_id=3266"},"modified":"2024-03-28T13:58:58","modified_gmt":"2024-03-28T13:58:58","slug":"aplikatory-etykiet-shrink-sleeves","status":"publish","type":"page","link":"https:\/\/masterpress.com\/pl\/maszyny\/aplikatory-etykiet-shrink-sleeves\/","title":{"rendered":"Aplikatory etykiet shrink sleeves"},"content":{"rendered":"\n<section class=\"l-sec o-mobile-top-25 o-top-60 o-mobile-bottom-25 o-bottom-120 u-overflow-hidden\">\n\t<div class=\"l-inner\">\n\t\t<div class=\"c-hero-text-img\">\n\t\t\t<div class=\"c-hero-text-img__content\">\n\t\t\t\t\t\t\t\t\t<h1 class=\"c-hero-text-img__heading t-size-42 t-size-40--desktop ui-color--black-1 ui-font-weight--bold t-font-secondary t-lower\">\n\t\t\t\t\t\tAplikatory etykiet shrink sleeves\t\t\t\t\t<\/h1>\n\t\t\t\t\t\t\t\t\t\t\t\t\t<div class=\"c-hero-text-img__desc\">\n\t\t\t\t\t\t<div class=\"c-wysiwyg ui-color--dark-grey-1 t-size-14\">\n\t\t\t\t\t\t\t<ul>\n<li>MP-100 &#8211; do 100 szt\/min<\/li>\n<li>MP-200 &#8211; do 200 szt\/min<\/li>\n<li>MP-300 &#8211; do 300 szt\/min<\/li>\n<li>MP-400 &#8211; do 400 szt\/min<\/li>\n<\/ul>\n\t\t\t\t\t\t<\/div>\n\t\t\t\t\t<\/div>\n\t\t\t\t\t\t\t<\/div>\n\t\t\t<div class=\"c-hero-text-img__media\">\n\t\t\t\t\t\t\t\t\t<figure class=\"c-hero-text-img__figure\">\n\t\t\t\t\t\t<img decoding=\"async\" class=\"c-hero-text-img__image\" src=\"https:\/\/masterpress.com:443\/wp-content\/uploads\/2023\/01\/zdjecie-nr-7-scaled.jpg\" alt=\"\">\n\t\t\t\t\t<\/figure>\n\t\t\t\t\t<span class=\"c-hero-text-img__media-decor\"><\/span>\n\t\t\t\t\t\t\t<\/div>\n\t\t<\/div>\n\t<\/div>\n<\/section>\n\n\n\n<section class=\"l-sec o-mobile-bottom-50 o-bottom-230 l-image-text\">\n\t<div class=\"l-inner\">\n\t\t<article class=\"c-image-text\">\n\t\t\t\t\t\t\t<h3 class=\"c-image-text__heading t-size-30 t-size-40--desktop t-font-secondary t-lower\">\n\t\t\t\t\tG\u0142\u00f3wne dane techniczne: \t\t\t\t<\/h3>\n\t\t\t\t\t\t\t\t\t\t<div class=\"c-image-text__media c-image-text__media--with-decor\">\n\t\t\t\t\t<figure class=\"c-image-text__figure\">\n\t\t\t\t\t\t<img decoding=\"async\" class=\"c-image-text__image\" src=\"https:\/\/masterpress.com:443\/wp-content\/uploads\/2022\/10\/masterpress-shrink-sleeve-machinery.jpg\" alt=\"\">\n\t\t\t\t\t<\/figure>\n\t\t\t\t<\/div>\n\t\t\t\t\t\t\t\t\t\t<div class=\"c-image-text__description ui-color--dark-grey-1 c-wysiwyg\">\n\t\t\t\t\t<p>\u2013 sterowane przez system wieloprocesorowy i nap\u0119dzane serwosilnikami \u2013 Mitsubishi lub Siemens<br \/>\n\u2013 przyjazne dla u\u017cytkownika oprogramowanie i interfejs z ekranem dotykowym<br \/>\n\u2013 \u0142\u0105czno\u015b\u0107 z Internetem do zdalnej diagnostyki i rozwi\u0105zywania problem\u00f3w<br \/>\n\u2013 pe\u0142na kontrola linii do aplikacji i obkurczania<br \/>\n\u2013 odwijak wewn\u0119trzny lub zewn\u0119trzny<br \/>\n\u2013 tryb pracy: automatyczny i r\u0119czny,<br \/>\n\u2013 obs\u0142uga bufora etykiet, pojemnik\u00f3w i tunelu parowego<br \/>\n\u2013 szybka i \u0142atwa zmiana formatu etykiety<br \/>\n\u2013 wydajno\u015b\u0107: od 6 000 \u2013 24 000 szt.\/h (od 100 \u2013 400 szt.\/min) w zale\u017cno\u015bci od rodzaju aplikatora i kszta\u0142tu pojemnika<br \/>\n\u2013 rodzaj u\u017cytego materia\u0142u: rPET, PET o niskiej g\u0119sto\u015bci, PET, OPS, PVC<br \/>\n\u2013 grubo\u015b\u0107 materia\u0142u: 30 \u03bcm \u2013 60 \u03bcm<\/p>\n\t\t\t\t<\/div>\n\t\t\t\t\t<\/article>\n\t<\/div>\n<\/section>\n\n\n\n<section class=\"l-sec o-mobile-top-25 o-top-60 o-mobile-bottom-25 o-bottom-120 u-overflow-hidden\">\n\t<div class=\"l-inner\">\n\t\t<div class=\"c-hero-text-img\">\n\t\t\t<div class=\"c-hero-text-img__content\">\n\t\t\t\t\t\t\t\t\t<h1 class=\"c-hero-text-img__heading t-size-42 t-size-40--desktop ui-color--black-1 ui-font-weight--bold t-font-secondary t-lower\">\n\t\t\t\t\t\todwijaki etykiet\t\t\t\t\t<\/h1>\n\t\t\t\t\t\t\t\t\t\t\t\t\t<div class=\"c-hero-text-img__desc\">\n\t\t\t\t\t\t<div class=\"c-wysiwyg ui-color--dark-grey-1 t-size-14\">\n\t\t\t\t\t\t\t<p class=\"p1\">Odwijak etykiet jest standardowym wyposa\u017ceniem aplikatora. Jest to rodzaj magazynka etykiet, kt\u00f3ry zapewnia p\u0142ynne podawanie etykiet podczas aplikacji. Stosowane s\u0105 r\u00f3\u017cne konfiguracje odwijak\u00f3w etykiet w zale\u017cno\u015bci od rodzaju aplikatora i jego wydajno\u015bci. Odwijaki etykiet z pojedyncz\u0105 lub podw\u00f3jn\u0105 stacj\u0105 odwijania etykiet stosowane s\u0105 do aplikator\u00f3w o mniejszej wydajno\u015bci typu MP-100 i MP-200. W aplikatorach MP-300 i MP-400 zalecane jest zastosowanie odwijak\u00f3w z podw\u00f3jn\u0105 stacj\u0105 odwijania i buforem etykiet. Zastosowanie bufora etykiet zapewnia mo\u017cliwo\u015b\u0107 wymiany rolki bez konieczno\u015bci przerywania aplikacji.<\/p>\n\t\t\t\t\t\t<\/div>\n\t\t\t\t\t<\/div>\n\t\t\t\t\t\t\t<\/div>\n\t\t\t<div class=\"c-hero-text-img__media\">\n\t\t\t\t\t\t\t\t\t<figure class=\"c-hero-text-img__figure\">\n\t\t\t\t\t\t<img decoding=\"async\" class=\"c-hero-text-img__image\" src=\"https:\/\/masterpress.com:443\/wp-content\/uploads\/2022\/10\/0-302-min-1-1.jpg\" alt=\"\">\n\t\t\t\t\t<\/figure>\n\t\t\t\t\t<span class=\"c-hero-text-img__media-decor\"><\/span>\n\t\t\t\t\t\t\t<\/div>\n\t\t<\/div>\n\t<\/div>\n<\/section>\n\n\n\n\n<section class=\"l-sec l-offer u-overflow-hidden o-mobile-bottom-25 o-mobile-top-50 o-top-100 o-bottom-140\">\n\t<div class=\"l-inner\">\n\t\t<div class=\"c-offer\">\n\t\t\t\n\t\t\t\t\t\t\t<div class=\"c-offer__content\">\n\t\t\t\t\t<ul class=\"c-offer-list\">\n\n\n\t\t\t\t\t\t\t\t\t\t\t\t\t<li class=\"c-offer-list__item\">\n\n\n\t\t\t\t\t\t\t\t<div class=\"c-offer-teaser\">\n\t\t\t\t\t\t\t\t\t<div class=\"c-offer-teaser__header\">\n\t\t\t\t\t\t\t\t\t\t\t\t\t\t\t\t\t\t\t\t\t<div class=\"c-offer-teaser__title\">\n\t\t\t\t\t\t\t\t\t\t\t\t<h3 class=\"t-size-24 t-size-35--desktop ui-font-weight--medium t-font-secondary\">\n\t\t\t\t\t\t\t\t\t\t\t\t\todwijak wewn\u0119trzny z pojedyncz\u0105 stacj\u0105 odwijania etykiet\t\t\t\t\t\t\t\t\t\t\t\t<\/h3>\n\t\t\t\t\t\t\t\t\t\t\t<\/div>\n\t\t\t\t\t\t\t\t\t\t\n\t\t\t\t\t\t\t\t\t\t\t\t\t\t\t\t\t\t\t<\/div>\n\t\t\t\t\t\t\t\t\t\t\t\t\t\t\t\t\t\t\t<div class=\"c-offer-teaser__media\">\n\n\t\t\t\t\t\t\t\t\t\t\t<div class=\"c-aside-decor-box\">\n\t\t\t\t\t\t\t\t\t\t\t\t<figure class=\"c-aside-decor-box__figure\">\n\t\t\t\t\t\t\t\t\t\t\t\t\t<img decoding=\"async\" class=\"c-aside-decor-box__image\" src=\"https:\/\/masterpress.com:443\/wp-content\/uploads\/2023\/02\/Odwijak-bez-magazynku-1-1.jpg\" alt=\"\">\n\t\t\t\t\t\t\t\t\t\t\t\t<\/figure>\n\t\t\t\t\t\t\t\t\t\t\t\t\n\t\t\t\t\t\t\t\t\t\t\t\t\t\t\t\t\t\t\t\t\t\t\t<\/div>\n\n\t\t\t\t\t\t\t\t\t\t<\/div>\n\n\t\t\t\t\t\t\t\t\t\n\t\t\t\t\t\t\t\t\t<div class=\"c-offer-teaser__footer\">\n\t\t\t\t\t\t\t\t\t\t\t\t\t\t\t\t\t\t\t\t\t\t\t\t\t\t\t\t\t<\/div>\n\n\t\t\t\t\t\t\t\t<\/div>\n\t\t\t\t\t\t\t<\/li>\n\t\t\t\t\t\t\t\t\t\t\t\t\t<li class=\"c-offer-list__item\">\n\n\n\t\t\t\t\t\t\t\t<div class=\"c-offer-teaser c-offer-teaser--alt\">\n\t\t\t\t\t\t\t\t\t<div class=\"c-offer-teaser__header\">\n\t\t\t\t\t\t\t\t\t\t\t\t\t\t\t\t\t\t\t\t\t<div class=\"c-offer-teaser__title\">\n\t\t\t\t\t\t\t\t\t\t\t\t<h3 class=\"t-size-24 t-size-35--desktop ui-font-weight--medium t-font-secondary\">\n\t\t\t\t\t\t\t\t\t\t\t\t\todwijak zewn\u0119trzny z podw\u00f3jn\u0105 stacj\u0105 odwijania etykiet\t\t\t\t\t\t\t\t\t\t\t\t<\/h3>\n\t\t\t\t\t\t\t\t\t\t\t<\/div>\n\t\t\t\t\t\t\t\t\t\t\n\t\t\t\t\t\t\t\t\t\t\t\t\t\t\t\t\t\t\t<\/div>\n\t\t\t\t\t\t\t\t\t\t\t\t\t\t\t\t\t\t\t<div class=\"c-offer-teaser__media c-offer-teaser__media--alt\">\n\n\t\t\t\t\t\t\t\t\t\t\t<div class=\"c-aside-decor-box\">\n\t\t\t\t\t\t\t\t\t\t\t\t<figure class=\"c-aside-decor-box__figure\">\n\t\t\t\t\t\t\t\t\t\t\t\t\t<img decoding=\"async\" class=\"c-aside-decor-box__image\" src=\"https:\/\/masterpress.com:443\/wp-content\/uploads\/2023\/01\/Zdjecie-9.jpg\" alt=\"\">\n\t\t\t\t\t\t\t\t\t\t\t\t<\/figure>\n\t\t\t\t\t\t\t\t\t\t\t\t\n\t\t\t\t\t\t\t\t\t\t\t\t\t\t\t\t\t\t\t\t\t\t\t<\/div>\n\n\t\t\t\t\t\t\t\t\t\t<\/div>\n\n\t\t\t\t\t\t\t\t\t\n\t\t\t\t\t\t\t\t\t<div class=\"c-offer-teaser__footer\">\n\t\t\t\t\t\t\t\t\t\t\t\t\t\t\t\t\t\t\t\t\t\t\t\t\t\t\t\t\t<\/div>\n\n\t\t\t\t\t\t\t\t<\/div>\n\t\t\t\t\t\t\t<\/li>\n\t\t\t\t\t\t\t\t\t\t\t\t\t<li class=\"c-offer-list__item\">\n\n\n\t\t\t\t\t\t\t\t<div class=\"c-offer-teaser\">\n\t\t\t\t\t\t\t\t\t<div class=\"c-offer-teaser__header\">\n\t\t\t\t\t\t\t\t\t\t\t\t\t\t\t\t\t\t\t\t\t<div class=\"c-offer-teaser__title\">\n\t\t\t\t\t\t\t\t\t\t\t\t<h3 class=\"t-size-24 t-size-35--desktop ui-font-weight--medium t-font-secondary\">\n\t\t\t\t\t\t\t\t\t\t\t\t\todwijak zewn\u0119trzny z podw\u00f3jn\u0105 stacj\u0105 odwijania i buforem etykiet\t\t\t\t\t\t\t\t\t\t\t\t<\/h3>\n\t\t\t\t\t\t\t\t\t\t\t<\/div>\n\t\t\t\t\t\t\t\t\t\t\n\t\t\t\t\t\t\t\t\t\t\t\t\t\t\t\t\t\t\t<\/div>\n\t\t\t\t\t\t\t\t\t\t\t\t\t\t\t\t\t\t\t<div class=\"c-offer-teaser__media\">\n\n\t\t\t\t\t\t\t\t\t\t\t<div class=\"c-aside-decor-box\">\n\t\t\t\t\t\t\t\t\t\t\t\t<figure class=\"c-aside-decor-box__figure\">\n\t\t\t\t\t\t\t\t\t\t\t\t\t<img decoding=\"async\" class=\"c-aside-decor-box__image\" src=\"https:\/\/masterpress.com:443\/wp-content\/uploads\/2023\/01\/zdjecie-nr-10.jpg\" alt=\"\">\n\t\t\t\t\t\t\t\t\t\t\t\t<\/figure>\n\t\t\t\t\t\t\t\t\t\t\t\t\n\t\t\t\t\t\t\t\t\t\t\t\t\t\t\t\t\t\t\t\t\t\t\t<\/div>\n\n\t\t\t\t\t\t\t\t\t\t<\/div>\n\n\t\t\t\t\t\t\t\t\t\n\t\t\t\t\t\t\t\t\t<div class=\"c-offer-teaser__footer\">\n\t\t\t\t\t\t\t\t\t\t\t\t\t\t\t\t\t\t\t\t\t\t\t\t\t\t\t\t\t<\/div>\n\n\t\t\t\t\t\t\t\t<\/div>\n\t\t\t\t\t\t\t<\/li>\n\t\t\t\t\t\t\t\t\t\t\t<\/ul>\n\t\t\t\t<\/div>\n\n\t\t\t\t\t<\/div>\n\t<\/div>\n\n<\/section>\n\n\n<section class=\"l-sec o-mobile-bottom-50 o-bottom-100\">\n\t<div class=\"l-inner\">\n\t\t<div class=\"c-about-us\">\n\t\t\t<header class=\"c-about-us__header\">\n\t\t\t\t\t\t\t\t\t<h2 class=\"c-about-us__heading t-size-30 t-size-35--desktop ui-color--black-1 ui-font-weight--semibold t-font-secondary t-lower\">\n\t\t\t\t\t\tobejrzyj wideo:\t\t\t\t\t<\/h2>\n\t\t\t\t\n\t\t\t\t\t\t\t\t\t<div class=\"c-about-us__desc t-size-16 ui-color--dark-grey-1\">\n\t\t\t\t\t\t<table>\n<tbody>\n<tr>\n<th style=\"padding: 40px;\">\n<h3><iframe loading=\"lazy\" title=\"YouTube video player\" src=\"https:\/\/www.youtube.com\/embed\/EANvZpzkRYk\" width=\"800\" height=\"400\" frameborder=\"0\" allowfullscreen=\"allowfullscreen\"><\/iframe><\/h3>\n<\/th>\n<th><img loading=\"lazy\" decoding=\"async\" class=\"aligncenter wp-image-3085 size-large\" src=\"https:\/\/masterpress.com:443\/wp-content\/uploads\/2023\/03\/butelki_EN-1024x1024.jpg\" alt=\"\" width=\"640\" height=\"640\" srcset=\"https:\/\/masterpress.com:443\/wp-content\/uploads\/2023\/03\/butelki_EN-1024x1024.jpg 1024w, https:\/\/masterpress.com:443\/wp-content\/uploads\/2023\/03\/butelki_EN-300x300.jpg 300w, https:\/\/masterpress.com:443\/wp-content\/uploads\/2023\/03\/butelki_EN-150x150.jpg 150w, https:\/\/masterpress.com:443\/wp-content\/uploads\/2023\/03\/butelki_EN-768x768.jpg 768w, https:\/\/masterpress.com:443\/wp-content\/uploads\/2023\/03\/butelki_EN-500x500.jpg 500w, https:\/\/masterpress.com:443\/wp-content\/uploads\/2023\/03\/butelki_EN.jpg 1080w\" sizes=\"auto, (max-width: 640px) 100vw, 640px\" \/><br \/>\nWielko\u015b\u0107 pojemnika do aplikacji<\/th>\n<\/tr>\n<\/tbody>\n<\/table>\n\t\t\t\t\t<\/div>\n\t\t\t\t\n\t\t\t\t\t\t\t<\/header>\n\n\t\t\t\t\t<\/div>\n\t<\/div>\n<\/section>\n","protected":false},"excerpt":{"rendered":"","protected":false},"author":3,"featured_media":0,"parent":1725,"menu_order":0,"comment_status":"closed","ping_status":"closed","template":"","meta":{"footnotes":""},"class_list":["post-3266","page","type-page","status-publish","hentry"],"acf":[],"_links":{"self":[{"href":"https:\/\/masterpress.com\/pl\/wp-json\/wp\/v2\/pages\/3266","targetHints":{"allow":["GET"]}}],"collection":[{"href":"https:\/\/masterpress.com\/pl\/wp-json\/wp\/v2\/pages"}],"about":[{"href":"https:\/\/masterpress.com\/pl\/wp-json\/wp\/v2\/types\/page"}],"author":[{"embeddable":true,"href":"https:\/\/masterpress.com\/pl\/wp-json\/wp\/v2\/users\/3"}],"replies":[{"embeddable":true,"href":"https:\/\/masterpress.com\/pl\/wp-json\/wp\/v2\/comments?post=3266"}],"version-history":[{"count":11,"href":"https:\/\/masterpress.com\/pl\/wp-json\/wp\/v2\/pages\/3266\/revisions"}],"predecessor-version":[{"id":5732,"href":"https:\/\/masterpress.com\/pl\/wp-json\/wp\/v2\/pages\/3266\/revisions\/5732"}],"up":[{"embeddable":true,"href":"https:\/\/masterpress.com\/pl\/wp-json\/wp\/v2\/pages\/1725"}],"wp:attachment":[{"href":"https:\/\/masterpress.com\/pl\/wp-json\/wp\/v2\/media?parent=3266"}],"curies":[{"name":"wp","href":"https:\/\/api.w.org\/{rel}","templated":true}]}}