{"id":3263,"date":"2023-04-10T17:38:42","date_gmt":"2023-04-10T17:38:42","guid":{"rendered":"https:\/\/masterpress.com\/?page_id=3263"},"modified":"2024-03-28T14:00:55","modified_gmt":"2024-03-28T14:00:55","slug":"stacje-robotyczne","status":"publish","type":"page","link":"https:\/\/masterpress.com\/pl\/maszyny\/stacje-robotyczne\/","title":{"rendered":"Stacje zrobotyzowane"},"content":{"rendered":"<section class=\"l-sec o-mobile-bottom-50 o-bottom-100\">\n\t<div class=\"l-inner\">\n\t\t<div class=\"c-about-us\">\n\t\t\t<header class=\"c-about-us__header\">\n\t\t\t\t\n\t\t\t\t\n\t\t\t\t\t\t\t<\/header>\n\n\t\t\t\t\t<\/div>\n\t<\/div>\n<\/section>\n\n\n\n<section class=\"l-sec o-mobile-bottom-50 o-bottom-230 l-image-text\">\n\t<div class=\"l-inner\">\n\t\t<article class=\"c-image-text\">\n\t\t\t\t\t\t\t<h3 class=\"c-image-text__heading t-size-30 t-size-40--desktop t-font-secondary t-lower\">\n\t\t\t\t\tprojektujemy i budujemy stanowiska zrobotyzowane\t\t\t\t<\/h3>\n\t\t\t\t\t\t\t\t\t\t<div class=\"c-image-text__media c-image-text__media--with-decor\">\n\t\t\t\t\t<figure class=\"c-image-text__figure\">\n\t\t\t\t\t\t<img decoding=\"async\" class=\"c-image-text__image\" src=\"https:\/\/masterpress.com:443\/wp-content\/uploads\/2022\/10\/Robot-min.jpg\" alt=\"\">\n\t\t\t\t\t<\/figure>\n\t\t\t\t<\/div>\n\t\t\t\t\t\t\t\t\t\t<div class=\"c-image-text__description ui-color--dark-grey-1 c-wysiwyg\">\n\t\t\t\t\t<p>Oferujemy:<\/p>\n<p>\u2013 stacje do paletyzacji, depaletyzacji, miksowania, proces\u00f3w pick and place<br \/>\n\u2013 projekt odpowiedniego chwytaka do produktu klienta<br \/>\n\u2013 po\u0142\u0105czenie stanowiska zrobotyzowanego z lini\u0105 klienta<br \/>\n\u2013 obs\u0142ug\u0119 system\u00f3w wizyjnych<br \/>\n\u2013 ocen\u0119 ryzyka stanowiska i zminimalizowanie potencjalnych Zagro\u017ce\u0144<\/p>\n<p>Projektujemy i budujemy stacje zrobotyzowane wykorzystuj\u0105c komponenty najwi\u0119kszych \u015bwiatowych dostawc\u00f3w: Fanuc, Keyence, Schunk, Piab, Troax, Siemens,  Pilz.<\/p>\n\t\t\t\t<\/div>\n\t\t\t\t\t<\/article>\n\t<\/div>\n<\/section>\n\n\n\n\n<section class=\"l-sec l-offer u-overflow-hidden o-mobile-bottom-25 o-mobile-top-50 o-top-100 o-bottom-140\">\n\t<div class=\"l-inner\">\n\t\t<div class=\"c-offer\">\n\t\t\t\n\t\t\t\t\t\t\t<div class=\"c-offer__content\">\n\t\t\t\t\t<ul class=\"c-offer-list\">\n\n\n\t\t\t\t\t\t\t\t\t\t\t\t\t<li class=\"c-offer-list__item\">\n\n\n\t\t\t\t\t\t\t\t<div class=\"c-offer-teaser\">\n\t\t\t\t\t\t\t\t\t<div class=\"c-offer-teaser__header\">\n\t\t\t\t\t\t\t\t\t\t\t\t\t\t\t\t\t\t\t\t\t<div class=\"c-offer-teaser__title\">\n\t\t\t\t\t\t\t\t\t\t\t\t<h3 class=\"t-size-24 t-size-35--desktop ui-font-weight--medium t-font-secondary\">\n\t\t\t\t\t\t\t\t\t\t\t\t\tsystem orientacji butelek\t\t\t\t\t\t\t\t\t\t\t\t<\/h3>\n\t\t\t\t\t\t\t\t\t\t\t<\/div>\n\t\t\t\t\t\t\t\t\t\t\n\t\t\t\t\t\t\t\t\t\t\t\t\t\t\t\t\t\t\t\t\t<div class=\"c-offer-teaser__desc t-size-14 t-size-16--desktop ui-color--dark-grey-1\">\n\t\t\t\t\t\t\t\t\t\t\t\t<p>\u2013 maksymalna wydajno\u015b\u0107 do 80 szt.\/min<br \/>\n\u2013 chwytak dostosowany do produktu klienta<br \/>\n\u2013 maksymalna waga produktu \u2013 1 kg<br \/>\n\u2013 pe\u0142na integracja komunikacji z linia produkcyjn\u0105<br \/>\n\u2013 prosta i intuicyjna obs\u0142uga<\/p>\n\t\t\t\t\t\t\t\t\t\t\t<\/div>\n\t\t\t\t\t\t\t\t\t\t\t\t\t\t\t\t\t\t\t<\/div>\n\t\t\t\t\t\t\t\t\t\t\t\t\t\t\t\t\t\t\t<div class=\"c-offer-teaser__media\">\n\n\t\t\t\t\t\t\t\t\t\t\t<div class=\"c-aside-decor-box\">\n\t\t\t\t\t\t\t\t\t\t\t\t<figure class=\"c-aside-decor-box__figure\">\n\t\t\t\t\t\t\t\t\t\t\t\t\t<img decoding=\"async\" class=\"c-aside-decor-box__image\" src=\"https:\/\/masterpress.com:443\/wp-content\/uploads\/2023\/01\/Stacja-robotyczna.png\" alt=\"\">\n\t\t\t\t\t\t\t\t\t\t\t\t<\/figure>\n\t\t\t\t\t\t\t\t\t\t\t\t\n\t\t\t\t\t\t\t\t\t\t\t\t\t\t\t\t\t\t\t\t\t\t\t<\/div>\n\n\t\t\t\t\t\t\t\t\t\t<\/div>\n\n\t\t\t\t\t\t\t\t\t\n\t\t\t\t\t\t\t\t\t<div class=\"c-offer-teaser__footer\">\n\t\t\t\t\t\t\t\t\t\t\t\t\t\t\t\t\t\t\t\t\t\t\t\t\t\t\t\t\t<\/div>\n\n\t\t\t\t\t\t\t\t<\/div>\n\t\t\t\t\t\t\t<\/li>\n\t\t\t\t\t\t\t\t\t\t\t\t\t<li class=\"c-offer-list__item\">\n\n\n\t\t\t\t\t\t\t\t<div class=\"c-offer-teaser c-offer-teaser--alt\">\n\t\t\t\t\t\t\t\t\t<div class=\"c-offer-teaser__header\">\n\t\t\t\t\t\t\t\t\t\t\t\t\t\t\t\t\t\t\t\t\t<div class=\"c-offer-teaser__title\">\n\t\t\t\t\t\t\t\t\t\t\t\t<h3 class=\"t-size-24 t-size-35--desktop ui-font-weight--medium t-font-secondary\">\n\t\t\t\t\t\t\t\t\t\t\t\t\tstacja mieszania produkt\u00f3w\t\t\t\t\t\t\t\t\t\t\t\t<\/h3>\n\t\t\t\t\t\t\t\t\t\t\t<\/div>\n\t\t\t\t\t\t\t\t\t\t\n\t\t\t\t\t\t\t\t\t\t\t\t\t\t\t\t\t\t\t\t\t<div class=\"c-offer-teaser__desc t-size-14 t-size-16--desktop ui-color--dark-grey-1\">\n\t\t\t\t\t\t\t\t\t\t\t\t<p>\u2013 mieszanie r\u00f3\u017cnych smak\u00f3w na tackach<\/p>\n<p>\u2013 do\u0142\u0105czanie toper\u00f3w do pojemnik\u00f3w<\/p>\n<p>\u2013 optymalizacja przestrzeni produkcyjnej<\/p>\n<p>\u2013 szybko\u015b\u0107 i powtarzalno\u015b\u0107 dzia\u0142ania<\/p>\n<p>\u2013 mo\u017cliwo\u015b\u0107 szerokiego wyboru pojemno\u015bci pojemnik\u00f3w<\/p>\n<p>\u2013 wysokie standardy technologiczne i higieniczne<\/p>\n\t\t\t\t\t\t\t\t\t\t\t<\/div>\n\t\t\t\t\t\t\t\t\t\t\t\t\t\t\t\t\t\t\t<\/div>\n\t\t\t\t\t\t\t\t\t\t\t\t\t\t\t\t\t\t\t<div class=\"c-offer-teaser__media c-offer-teaser__media--alt\">\n\n\t\t\t\t\t\t\t\t\t\t\t<div class=\"c-aside-decor-box\">\n\t\t\t\t\t\t\t\t\t\t\t\t<figure class=\"c-aside-decor-box__figure\">\n\t\t\t\t\t\t\t\t\t\t\t\t\t<img decoding=\"async\" class=\"c-aside-decor-box__image\" src=\"https:\/\/masterpress.com:443\/wp-content\/uploads\/2022\/10\/product-mixing-station.jpg\" alt=\"\">\n\t\t\t\t\t\t\t\t\t\t\t\t<\/figure>\n\t\t\t\t\t\t\t\t\t\t\t\t\n\t\t\t\t\t\t\t\t\t\t\t\t\t\t\t\t\t\t\t\t\t\t\t<\/div>\n\n\t\t\t\t\t\t\t\t\t\t<\/div>\n\n\t\t\t\t\t\t\t\t\t\n\t\t\t\t\t\t\t\t\t<div class=\"c-offer-teaser__footer\">\n\t\t\t\t\t\t\t\t\t\t\t\t\t\t\t\t\t\t\t\t\t\t\t\t\t\t\t\t\t<\/div>\n\n\t\t\t\t\t\t\t\t<\/div>\n\t\t\t\t\t\t\t<\/li>\n\t\t\t\t\t\t\t\t\t\t\t\t\t<li class=\"c-offer-list__item\">\n\n\n\t\t\t\t\t\t\t\t<div class=\"c-offer-teaser\">\n\t\t\t\t\t\t\t\t\t<div class=\"c-offer-teaser__header\">\n\t\t\t\t\t\t\t\t\t\t\t\t\t\t\t\t\t\t\t\t\t<div class=\"c-offer-teaser__title\">\n\t\t\t\t\t\t\t\t\t\t\t\t<h3 class=\"t-size-24 t-size-35--desktop ui-font-weight--medium t-font-secondary\">\n\t\t\t\t\t\t\t\t\t\t\t\t\tstacja paletyzacji pojemnik\u00f3w\t\t\t\t\t\t\t\t\t\t\t\t<\/h3>\n\t\t\t\t\t\t\t\t\t\t\t<\/div>\n\t\t\t\t\t\t\t\t\t\t\n\t\t\t\t\t\t\t\t\t\t\t\t\t\t\t\t\t\t\t\t\t<div class=\"c-offer-teaser__desc t-size-14 t-size-16--desktop ui-color--dark-grey-1\">\n\t\t\t\t\t\t\t\t\t\t\t\t<p>\u2013 precyzyjne wykonanie operacji<br \/>\n\u2013 r\u00f3\u017cnorodno\u015b\u0107 wzor\u00f3w na palecie<br \/>\n\u2013 optymalizacja przestrzeni produkcyjnej<br \/>\n-powtarzalno\u015b\u0107 i szybko\u015b\u0107 operacji<br \/>\n\u2013 zdolno\u015b\u0107 do pracy w szkodliwych warunkach<br \/>\n\u2013 wysokie standardy technologiczne i higieniczne<\/p>\n\t\t\t\t\t\t\t\t\t\t\t<\/div>\n\t\t\t\t\t\t\t\t\t\t\t\t\t\t\t\t\t\t\t<\/div>\n\t\t\t\t\t\t\t\t\t\t\t\t\t\t\t\t\t\t\t<div class=\"c-offer-teaser__media\">\n\n\t\t\t\t\t\t\t\t\t\t\t<div class=\"c-aside-decor-box\">\n\t\t\t\t\t\t\t\t\t\t\t\t<figure class=\"c-aside-decor-box__figure\">\n\t\t\t\t\t\t\t\t\t\t\t\t\t<img decoding=\"async\" class=\"c-aside-decor-box__image\" src=\"https:\/\/masterpress.com:443\/wp-content\/uploads\/2022\/10\/palletizing-station.jpg\" alt=\"\">\n\t\t\t\t\t\t\t\t\t\t\t\t<\/figure>\n\t\t\t\t\t\t\t\t\t\t\t\t\n\t\t\t\t\t\t\t\t\t\t\t\t\t\t\t\t\t\t\t\t\t\t\t<\/div>\n\n\t\t\t\t\t\t\t\t\t\t<\/div>\n\n\t\t\t\t\t\t\t\t\t\n\t\t\t\t\t\t\t\t\t<div class=\"c-offer-teaser__footer\">\n\t\t\t\t\t\t\t\t\t\t\t\t\t\t\t\t\t\t\t\t\t\t\t\t\t\t\t\t\t<\/div>\n\n\t\t\t\t\t\t\t\t<\/div>\n\t\t\t\t\t\t\t<\/li>\n\t\t\t\t\t\t\t\t\t\t\t<\/ul>\n\t\t\t\t<\/div>\n\n\t\t\t\t\t<\/div>\n\t<\/div>\n\n<\/section>\n\n\n<section class=\"l-sec o-mobile-bottom-50 o-bottom-100\">\n\t<div class=\"l-inner\">\n\t\t<div class=\"c-about-us\">\n\t\t\t<header class=\"c-about-us__header\">\n\t\t\t\t\t\t\t\t\t<h2 class=\"c-about-us__heading t-size-30 t-size-35--desktop ui-color--black-1 ui-font-weight--semibold t-font-secondary t-lower\">\n\t\t\t\t\t\tobejrzyj wideo\t\t\t\t\t<\/h2>\n\t\t\t\t\n\t\t\t\t\t\t\t\t\t<div class=\"c-about-us__desc t-size-16 ui-color--dark-grey-1\">\n\t\t\t\t\t\t<table>\n<tbody>\n<tr>\n<th style=\"padding: 40px;\">\n<h3><iframe loading=\"lazy\" title=\"YouTube video player\" src=\"https:\/\/www.youtube.com\/embed\/ldwY-QXDT6Y\" width=\"800\" height=\"400\" frameborder=\"0\" allowfullscreen=\"allowfullscreen\"><\/iframe><\/h3>\n<\/th>\n<th><\/th>\n<\/tr>\n<\/tbody>\n<\/table>\n\t\t\t\t\t<\/div>\n\t\t\t\t\n\t\t\t\t\t\t\t<\/header>\n\n\t\t\t\t\t<\/div>\n\t<\/div>\n<\/section>\n","protected":false},"excerpt":{"rendered":"","protected":false},"author":3,"featured_media":0,"parent":1725,"menu_order":0,"comment_status":"closed","ping_status":"closed","template":"","meta":{"footnotes":""},"class_list":["post-3263","page","type-page","status-publish","hentry"],"acf":[],"_links":{"self":[{"href":"https:\/\/masterpress.com\/pl\/wp-json\/wp\/v2\/pages\/3263","targetHints":{"allow":["GET"]}}],"collection":[{"href":"https:\/\/masterpress.com\/pl\/wp-json\/wp\/v2\/pages"}],"about":[{"href":"https:\/\/masterpress.com\/pl\/wp-json\/wp\/v2\/types\/page"}],"author":[{"embeddable":true,"href":"https:\/\/masterpress.com\/pl\/wp-json\/wp\/v2\/users\/3"}],"replies":[{"embeddable":true,"href":"https:\/\/masterpress.com\/pl\/wp-json\/wp\/v2\/comments?post=3263"}],"version-history":[{"count":9,"href":"https:\/\/masterpress.com\/pl\/wp-json\/wp\/v2\/pages\/3263\/revisions"}],"predecessor-version":[{"id":5738,"href":"https:\/\/masterpress.com\/pl\/wp-json\/wp\/v2\/pages\/3263\/revisions\/5738"}],"up":[{"embeddable":true,"href":"https:\/\/masterpress.com\/pl\/wp-json\/wp\/v2\/pages\/1725"}],"wp:attachment":[{"href":"https:\/\/masterpress.com\/pl\/wp-json\/wp\/v2\/media?parent=3263"}],"curies":[{"name":"wp","href":"https:\/\/api.w.org\/{rel}","templated":true}]}}