{"id":3259,"date":"2023-04-10T17:30:44","date_gmt":"2023-04-10T17:30:44","guid":{"rendered":"https:\/\/masterpress.com\/?page_id=3259"},"modified":"2024-03-28T13:59:48","modified_gmt":"2024-03-28T13:59:48","slug":"suszarki-noze-powietrzne","status":"publish","type":"page","link":"https:\/\/masterpress.com\/pl\/maszyny\/suszarki-noze-powietrzne\/","title":{"rendered":"Osuszacze"},"content":{"rendered":"<section class=\"l-sec o-mobile-bottom-50 o-bottom-100\">\n\t<div class=\"l-inner\">\n\t\t<div class=\"c-about-us\">\n\t\t\t<header class=\"c-about-us__header\">\n\t\t\t\t\n\t\t\t\t\n\t\t\t\t\t\t\t<\/header>\n\n\t\t\t\t\t<\/div>\n\t<\/div>\n<\/section>\n\n\n\n\n<section class=\"l-sec l-offer u-overflow-hidden o-mobile-bottom-25 o-mobile-top-50 o-top-100 o-bottom-140\">\n\t<div class=\"l-inner\">\n\t\t<div class=\"c-offer\">\n\t\t\t\n\t\t\t\t\t\t\t<div class=\"c-offer__content\">\n\t\t\t\t\t<ul class=\"c-offer-list\">\n\n\n\t\t\t\t\t\t\t\t\t\t\t\t\t<li class=\"c-offer-list__item\">\n\n\n\t\t\t\t\t\t\t\t<div class=\"c-offer-teaser\">\n\t\t\t\t\t\t\t\t\t<div class=\"c-offer-teaser__header\">\n\t\t\t\t\t\t\t\t\t\t\t\t\t\t\t\t\t\t\t\t\t<div class=\"c-offer-teaser__title\">\n\t\t\t\t\t\t\t\t\t\t\t\t<h3 class=\"t-size-24 t-size-35--desktop ui-font-weight--medium t-font-secondary\">\n\t\t\t\t\t\t\t\t\t\t\t\t\tosuszacze\t\t\t\t\t\t\t\t\t\t\t\t<\/h3>\n\t\t\t\t\t\t\t\t\t\t\t<\/div>\n\t\t\t\t\t\t\t\t\t\t\n\t\t\t\t\t\t\t\t\t\t\t\t\t\t\t\t\t\t\t\t\t<div class=\"c-offer-teaser__desc t-size-14 t-size-16--desktop ui-color--dark-grey-1\">\n\t\t\t\t\t\t\t\t\t\t\t\t<p>\u2013 urz\u0105dzenie wykonane jest ze stali nierdzewnej<br \/>\n\u2013 zabudowana konstrukcja niweluje ha\u0142asy w procesie osuszania<br \/>\n\u2013 osuszacz posiada mo\u017cliwo\u015b\u0107 precyzyjnego i powtarzalnego ustawiania no\u017cy powietrznych<br \/>\n\u2013 wydajno\u015b\u0107 osuszacza \u2013 do 400 szt.\/min<br \/>\n\u2013 maksymalna wysoko\u015b\u0107 pojemnika \u2013 350 mm<br \/>\n\u2013 maksymalna szeroko\u015b\u0107 (\u015brednica) pojemnika \u2013 240 mm<br \/>\n\u2013 d\u0142ugo\u015b\u0107 no\u017cy powietrznych 300 \u2013 900 mm<\/p>\n\t\t\t\t\t\t\t\t\t\t\t<\/div>\n\t\t\t\t\t\t\t\t\t\t\t\t\t\t\t\t\t\t\t<\/div>\n\t\t\t\t\t\t\t\t\t\t\t\t\t\t\t\t\t\t\t<div class=\"c-offer-teaser__media\">\n\n\t\t\t\t\t\t\t\t\t\t\t<div class=\"c-aside-decor-box\">\n\t\t\t\t\t\t\t\t\t\t\t\t<figure class=\"c-aside-decor-box__figure\">\n\t\t\t\t\t\t\t\t\t\t\t\t\t<img decoding=\"async\" class=\"c-aside-decor-box__image\" src=\"https:\/\/masterpress.com:443\/wp-content\/uploads\/2023\/01\/Zdjecie-4-min-scaled.jpg\" alt=\"\">\n\t\t\t\t\t\t\t\t\t\t\t\t<\/figure>\n\t\t\t\t\t\t\t\t\t\t\t\t\n\t\t\t\t\t\t\t\t\t\t\t\t\t\t\t\t\t\t\t\t\t\t\t<\/div>\n\n\t\t\t\t\t\t\t\t\t\t<\/div>\n\n\t\t\t\t\t\t\t\t\t\n\t\t\t\t\t\t\t\t\t<div class=\"c-offer-teaser__footer\">\n\t\t\t\t\t\t\t\t\t\t\t\t\t\t\t\t\t\t\t\t\t\t\t\t\t\t\t\t\t<\/div>\n\n\t\t\t\t\t\t\t\t<\/div>\n\t\t\t\t\t\t\t<\/li>\n\t\t\t\t\t\t\t\t\t\t\t<\/ul>\n\t\t\t\t<\/div>\n\n\t\t\t\t\t<\/div>\n\t<\/div>\n\n<\/section>\n\n\n<section class=\"l-sec o-mobile-bottom-50 o-bottom-100\">\n\t<div class=\"l-inner\">\n\t\t<div class=\"c-about-us\">\n\t\t\t<header class=\"c-about-us__header\">\n\t\t\t\t\t\t\t\t\t<h2 class=\"c-about-us__heading t-size-30 t-size-35--desktop ui-color--black-1 ui-font-weight--semibold t-font-secondary t-lower\">\n\t\t\t\t\t\tobejrzyj wideo\t\t\t\t\t<\/h2>\n\t\t\t\t\n\t\t\t\t\t\t\t\t\t<div class=\"c-about-us__desc t-size-16 ui-color--dark-grey-1\">\n\t\t\t\t\t\t<table>\n<tbody>\n<tr>\n<th style=\"padding: 40px;\">\n<h3><iframe loading=\"lazy\" title=\"YouTube video player\" src=\"https:\/\/www.youtube.com\/embed\/3qFk5m9jLlw\" width=\"800\" height=\"400\" frameborder=\"0\" allowfullscreen=\"allowfullscreen\"><\/iframe><\/h3>\n<\/th>\n<th><\/th>\n<\/tr>\n<\/tbody>\n<\/table>\n\t\t\t\t\t<\/div>\n\t\t\t\t\n\t\t\t\t\t\t\t<\/header>\n\n\t\t\t\t\t<\/div>\n\t<\/div>\n<\/section>\n","protected":false},"excerpt":{"rendered":"","protected":false},"author":3,"featured_media":0,"parent":1725,"menu_order":0,"comment_status":"closed","ping_status":"closed","template":"","meta":{"footnotes":""},"class_list":["post-3259","page","type-page","status-publish","hentry"],"acf":[],"_links":{"self":[{"href":"https:\/\/masterpress.com\/pl\/wp-json\/wp\/v2\/pages\/3259","targetHints":{"allow":["GET"]}}],"collection":[{"href":"https:\/\/masterpress.com\/pl\/wp-json\/wp\/v2\/pages"}],"about":[{"href":"https:\/\/masterpress.com\/pl\/wp-json\/wp\/v2\/types\/page"}],"author":[{"embeddable":true,"href":"https:\/\/masterpress.com\/pl\/wp-json\/wp\/v2\/users\/3"}],"replies":[{"embeddable":true,"href":"https:\/\/masterpress.com\/pl\/wp-json\/wp\/v2\/comments?post=3259"}],"version-history":[{"count":12,"href":"https:\/\/masterpress.com\/pl\/wp-json\/wp\/v2\/pages\/3259\/revisions"}],"predecessor-version":[{"id":5735,"href":"https:\/\/masterpress.com\/pl\/wp-json\/wp\/v2\/pages\/3259\/revisions\/5735"}],"up":[{"embeddable":true,"href":"https:\/\/masterpress.com\/pl\/wp-json\/wp\/v2\/pages\/1725"}],"wp:attachment":[{"href":"https:\/\/masterpress.com\/pl\/wp-json\/wp\/v2\/media?parent=3259"}],"curies":[{"name":"wp","href":"https:\/\/api.w.org\/{rel}","templated":true}]}}