{"id":3256,"date":"2023-04-10T17:24:20","date_gmt":"2023-04-10T17:24:20","guid":{"rendered":"https:\/\/masterpress.com\/?page_id=3256"},"modified":"2024-03-28T14:01:55","modified_gmt":"2024-03-28T14:01:55","slug":"dodatkowe-wyposazenie-dla-linii-aplikacyjnej-i-obkurczajacej","status":"publish","type":"page","link":"https:\/\/masterpress.com\/pl\/maszyny\/dodatkowe-wyposazenie-dla-linii-aplikacyjnej-i-obkurczajacej\/","title":{"rendered":"Dodatkowe wyposa\u017cenie dla linii aplikacyjnej i obkurczaj\u0105cej"},"content":{"rendered":"<section class=\"l-sec o-mobile-bottom-50 o-bottom-100\">\n\t<div class=\"l-inner\">\n\t\t<div class=\"c-about-us\">\n\t\t\t<header class=\"c-about-us__header\">\n\t\t\t\t\n\t\t\t\t\n\t\t\t\t\t\t\t<\/header>\n\n\t\t\t\t\t<\/div>\n\t<\/div>\n<\/section>\n\n\n\n\n<section class=\"l-sec l-offer u-overflow-hidden o-mobile-bottom-25 o-mobile-top-50 o-top-100 o-bottom-140\">\n\t<div class=\"l-inner\">\n\t\t<div class=\"c-offer\">\n\t\t\t\n\t\t\t\t\t\t\t<div class=\"c-offer__content\">\n\t\t\t\t\t<ul class=\"c-offer-list\">\n\n\n\t\t\t\t\t\t\t\t\t\t\t\t\t<li class=\"c-offer-list__item\">\n\n\n\t\t\t\t\t\t\t\t<div class=\"c-offer-teaser c-offer-teaser--alt\">\n\t\t\t\t\t\t\t\t\t<div class=\"c-offer-teaser__header\">\n\t\t\t\t\t\t\t\t\t\t\t\t\t\t\t\t\t\t\t\t\t<div class=\"c-offer-teaser__title\">\n\t\t\t\t\t\t\t\t\t\t\t\t<h3 class=\"t-size-24 t-size-35--desktop ui-font-weight--medium t-font-secondary\">\n\t\t\t\t\t\t\t\t\t\t\t\t\tlabel stopper -urz\u0105dzenie do pozycjonowania etykiet\t\t\t\t\t\t\t\t\t\t\t\t<\/h3>\n\t\t\t\t\t\t\t\t\t\t\t<\/div>\n\t\t\t\t\t\t\t\t\t\t\n\t\t\t\t\t\t\t\t\t\t\t\t\t\t\t\t\t\t\t\t\t<div class=\"c-offer-teaser__desc t-size-14 t-size-16--desktop ui-color--dark-grey-1\">\n\t\t\t\t\t\t\t\t\t\t\t\t<p>Pozycjoner etykiet cz\u0119\u015bciowo obkurczaj\u0105cych jest opcjonalnym wyposa\u017ceniem aplikatora. Umo\u017cliwia on zorientowanie etykiety do okre\u015blonej wysoko\u015bci pojemnika. Optymalizacja rozmiaru etykiety przyczynia si\u0119 do oszcz\u0119dno\u015bci koszt\u00f3w surowca i zmniejsza zu\u017cycie energii w procesie obkurczania.<\/p>\n\t\t\t\t\t\t\t\t\t\t\t<\/div>\n\t\t\t\t\t\t\t\t\t\t\t\t\t\t\t\t\t\t\t<\/div>\n\t\t\t\t\t\t\t\t\t\t\t\t\t\t\t\t\t\t\t<div class=\"c-offer-teaser__media c-offer-teaser__media--alt\">\n\n\t\t\t\t\t\t\t\t\t\t\t<div class=\"c-aside-decor-box\">\n\t\t\t\t\t\t\t\t\t\t\t\t<figure class=\"c-aside-decor-box__figure\">\n\t\t\t\t\t\t\t\t\t\t\t\t\t<img decoding=\"async\" class=\"c-aside-decor-box__image\" src=\"https:\/\/masterpress.com:443\/wp-content\/uploads\/2022\/10\/3-3.jpg\" alt=\"\">\n\t\t\t\t\t\t\t\t\t\t\t\t<\/figure>\n\t\t\t\t\t\t\t\t\t\t\t\t\n\t\t\t\t\t\t\t\t\t\t\t\t\t\t\t\t\t\t\t\t\t\t\t<\/div>\n\n\t\t\t\t\t\t\t\t\t\t<\/div>\n\n\t\t\t\t\t\t\t\t\t\n\t\t\t\t\t\t\t\t\t<div class=\"c-offer-teaser__footer\">\n\t\t\t\t\t\t\t\t\t\t\t\t\t\t\t\t\t\t\t\t\t\t\t\t\t\t\t\t\t<\/div>\n\n\t\t\t\t\t\t\t\t<\/div>\n\t\t\t\t\t\t\t<\/li>\n\t\t\t\t\t\t\t\t\t\t\t\t\t<li class=\"c-offer-list__item\">\n\n\n\t\t\t\t\t\t\t\t<div class=\"c-offer-teaser\">\n\t\t\t\t\t\t\t\t\t<div class=\"c-offer-teaser__header\">\n\t\t\t\t\t\t\t\t\t\t\t\t\t\t\t\t\t\t\t\t\t<div class=\"c-offer-teaser__title\">\n\t\t\t\t\t\t\t\t\t\t\t\t<h3 class=\"t-size-24 t-size-35--desktop ui-font-weight--medium t-font-secondary\">\n\t\t\t\t\t\t\t\t\t\t\t\t\tmodu\u0142 perforacji\t\t\t\t\t\t\t\t\t\t\t\t<\/h3>\n\t\t\t\t\t\t\t\t\t\t\t<\/div>\n\t\t\t\t\t\t\t\t\t\t\n\t\t\t\t\t\t\t\t\t\t\t\t\t\t\t\t\t\t\t\t\t<div class=\"c-offer-teaser__desc t-size-14 t-size-16--desktop ui-color--dark-grey-1\">\n\t\t\t\t\t\t\t\t\t\t\t\t<p>Modu\u0142 perforacji jest opcjonalnym wyposa\u017ceniem aplikatora etykiet termokurczliwych.<\/p>\n<p>Produkt jest zabezpieczony przed otwarciem poprzez zastosowanie r\u0119kawa na zamkni\u0119ciu pojemnika. Perforacja r\u0119kawa termokurczliwego umo\u017cliwia \u0142atwe usuni\u0119cie plomby zabezpieczaj\u0105cej z pojemnika.<\/p>\n\t\t\t\t\t\t\t\t\t\t\t<\/div>\n\t\t\t\t\t\t\t\t\t\t\t\t\t\t\t\t\t\t\t<\/div>\n\t\t\t\t\t\t\t\t\t\t\t\t\t\t\t\t\t\t\t<div class=\"c-offer-teaser__media\">\n\n\t\t\t\t\t\t\t\t\t\t\t<div class=\"c-aside-decor-box\">\n\t\t\t\t\t\t\t\t\t\t\t\t<figure class=\"c-aside-decor-box__figure\">\n\t\t\t\t\t\t\t\t\t\t\t\t\t<img decoding=\"async\" class=\"c-aside-decor-box__image\" src=\"https:\/\/masterpress.com:443\/wp-content\/uploads\/2022\/10\/1-4.jpg\" alt=\"\">\n\t\t\t\t\t\t\t\t\t\t\t\t<\/figure>\n\t\t\t\t\t\t\t\t\t\t\t\t\n\t\t\t\t\t\t\t\t\t\t\t\t\t\t\t\t\t\t\t\t\t\t\t<\/div>\n\n\t\t\t\t\t\t\t\t\t\t<\/div>\n\n\t\t\t\t\t\t\t\t\t\n\t\t\t\t\t\t\t\t\t<div class=\"c-offer-teaser__footer\">\n\t\t\t\t\t\t\t\t\t\t\t\t\t\t\t\t\t\t\t\t\t\t\t\t\t\t\t\t\t<\/div>\n\n\t\t\t\t\t\t\t\t<\/div>\n\t\t\t\t\t\t\t<\/li>\n\t\t\t\t\t\t\t\t\t\t\t\t\t<li class=\"c-offer-list__item\">\n\n\n\t\t\t\t\t\t\t\t<div class=\"c-offer-teaser c-offer-teaser--alt\">\n\t\t\t\t\t\t\t\t\t<div class=\"c-offer-teaser__header\">\n\t\t\t\t\t\t\t\t\t\t\t\t\t\t\t\t\t\t\t\t\t<div class=\"c-offer-teaser__title\">\n\t\t\t\t\t\t\t\t\t\t\t\t<h3 class=\"t-size-24 t-size-35--desktop ui-font-weight--medium t-font-secondary\">\n\t\t\t\t\t\t\t\t\t\t\t\t\tmodu\u0142 pozycjonowania etykiet termokurczliwych\t\t\t\t\t\t\t\t\t\t\t\t<\/h3>\n\t\t\t\t\t\t\t\t\t\t\t<\/div>\n\t\t\t\t\t\t\t\t\t\t\n\t\t\t\t\t\t\t\t\t\t\t\t\t\t\t\t\t\t\t\t\t<div class=\"c-offer-teaser__desc t-size-14 t-size-16--desktop ui-color--dark-grey-1\">\n\t\t\t\t\t\t\t\t\t\t\t\t<p>Modu\u0142 pozycjonowania etykiet termokurczliwych jest opcjonalnym wyposa\u017ceniem aplikatora.<br \/>\nWykorzystywany do pozycjonowania etykiety termokurczliwej wzgl\u0119dem pojemnika w przypadku, gdy potrzebne jest dopasowanie prze\u0142amania sleeva do kszta\u0142tu pojemnika.<\/p>\n\t\t\t\t\t\t\t\t\t\t\t<\/div>\n\t\t\t\t\t\t\t\t\t\t\t\t\t\t\t\t\t\t\t<\/div>\n\t\t\t\t\t\t\t\t\t\t\t\t\t\t\t\t\t\t\t<div class=\"c-offer-teaser__media c-offer-teaser__media--alt\">\n\n\t\t\t\t\t\t\t\t\t\t\t<div class=\"c-aside-decor-box\">\n\t\t\t\t\t\t\t\t\t\t\t\t<figure class=\"c-aside-decor-box__figure\">\n\t\t\t\t\t\t\t\t\t\t\t\t\t<img decoding=\"async\" class=\"c-aside-decor-box__image\" src=\"https:\/\/masterpress.com:443\/wp-content\/uploads\/2022\/10\/6.jpg\" alt=\"\">\n\t\t\t\t\t\t\t\t\t\t\t\t<\/figure>\n\t\t\t\t\t\t\t\t\t\t\t\t\n\t\t\t\t\t\t\t\t\t\t\t\t\t\t\t\t\t\t\t\t\t\t\t<\/div>\n\n\t\t\t\t\t\t\t\t\t\t<\/div>\n\n\t\t\t\t\t\t\t\t\t\n\t\t\t\t\t\t\t\t\t<div class=\"c-offer-teaser__footer\">\n\t\t\t\t\t\t\t\t\t\t\t\t\t\t\t\t\t\t\t\t\t\t\t\t\t\t\t\t\t<\/div>\n\n\t\t\t\t\t\t\t\t<\/div>\n\t\t\t\t\t\t\t<\/li>\n\t\t\t\t\t\t\t\t\t\t\t\t\t<li class=\"c-offer-list__item\">\n\n\n\t\t\t\t\t\t\t\t<div class=\"c-offer-teaser\">\n\t\t\t\t\t\t\t\t\t<div class=\"c-offer-teaser__header\">\n\t\t\t\t\t\t\t\t\t\t\t\t\t\t\t\t\t\t\t\t\t<div class=\"c-offer-teaser__title\">\n\t\t\t\t\t\t\t\t\t\t\t\t<h3 class=\"t-size-24 t-size-35--desktop ui-font-weight--medium t-font-secondary\">\n\t\t\t\t\t\t\t\t\t\t\t\t\tmodu\u0142 do wykonania dodatkowego prze\u0142amania na etykiecie\t\t\t\t\t\t\t\t\t\t\t\t<\/h3>\n\t\t\t\t\t\t\t\t\t\t\t<\/div>\n\t\t\t\t\t\t\t\t\t\t\n\t\t\t\t\t\t\t\t\t\t\t\t\t\t\t\t\t\t\t\t\t<div class=\"c-offer-teaser__desc t-size-14 t-size-16--desktop ui-color--dark-grey-1\">\n\t\t\t\t\t\t\t\t\t\t\t\t<p>Modu\u0142 jest opcjonalnym elementem aplikatora. Wykonanie dodatkowego prze\u0142amania na etykiecie termokurczliwej u\u0142atwia aplikacj\u0119 sleeva na pojemniki.<\/p>\n\t\t\t\t\t\t\t\t\t\t\t<\/div>\n\t\t\t\t\t\t\t\t\t\t\t\t\t\t\t\t\t\t\t<\/div>\n\t\t\t\t\t\t\t\t\t\t\t\t\t\t\t\t\t\t\t<div class=\"c-offer-teaser__media\">\n\n\t\t\t\t\t\t\t\t\t\t\t<div class=\"c-aside-decor-box\">\n\t\t\t\t\t\t\t\t\t\t\t\t<figure class=\"c-aside-decor-box__figure\">\n\t\t\t\t\t\t\t\t\t\t\t\t\t<img decoding=\"async\" class=\"c-aside-decor-box__image\" src=\"https:\/\/masterpress.com:443\/wp-content\/uploads\/2022\/10\/2-3.jpg\" alt=\"\">\n\t\t\t\t\t\t\t\t\t\t\t\t<\/figure>\n\t\t\t\t\t\t\t\t\t\t\t\t\n\t\t\t\t\t\t\t\t\t\t\t\t\t\t\t\t\t\t\t\t\t\t\t<\/div>\n\n\t\t\t\t\t\t\t\t\t\t<\/div>\n\n\t\t\t\t\t\t\t\t\t\n\t\t\t\t\t\t\t\t\t<div class=\"c-offer-teaser__footer\">\n\t\t\t\t\t\t\t\t\t\t\t\t\t\t\t\t\t\t\t\t\t\t\t\t\t\t\t\t\t<\/div>\n\n\t\t\t\t\t\t\t\t<\/div>\n\t\t\t\t\t\t\t<\/li>\n\t\t\t\t\t\t\t\t\t\t\t\t\t<li class=\"c-offer-list__item\">\n\n\n\t\t\t\t\t\t\t\t<div class=\"c-offer-teaser c-offer-teaser--alt\">\n\t\t\t\t\t\t\t\t\t<div class=\"c-offer-teaser__header\">\n\t\t\t\t\t\t\t\t\t\t\t\t\t\t\t\t\t\t\t\t\t<div class=\"c-offer-teaser__title\">\n\t\t\t\t\t\t\t\t\t\t\t\t<h3 class=\"t-size-24 t-size-35--desktop ui-font-weight--medium t-font-secondary\">\n\t\t\t\t\t\t\t\t\t\t\t\t\trozwi\u0105zania do aplikacji duopack\u00f3w\t\t\t\t\t\t\t\t\t\t\t\t<\/h3>\n\t\t\t\t\t\t\t\t\t\t\t<\/div>\n\t\t\t\t\t\t\t\t\t\t\n\t\t\t\t\t\t\t\t\t\t\t\t\t\t\t\t\t\t\t\t\t<div class=\"c-offer-teaser__desc t-size-14 t-size-16--desktop ui-color--dark-grey-1\">\n\t\t\t\t\t\t\t\t\t\t\t\t<p>Specjalnie zaprojektowana mandrela oraz system separacji produkt\u00f3w umo\u017cliwia aplikacj\u0119 sleeva na opakowania typu duopack.<\/p>\n\t\t\t\t\t\t\t\t\t\t\t<\/div>\n\t\t\t\t\t\t\t\t\t\t\t\t\t\t\t\t\t\t\t<\/div>\n\t\t\t\t\t\t\t\t\t\t\t\t\t\t\t\t\t\t\t<div class=\"c-offer-teaser__media c-offer-teaser__media--alt\">\n\n\t\t\t\t\t\t\t\t\t\t\t<div class=\"c-aside-decor-box\">\n\t\t\t\t\t\t\t\t\t\t\t\t<figure class=\"c-aside-decor-box__figure\">\n\t\t\t\t\t\t\t\t\t\t\t\t\t<img decoding=\"async\" class=\"c-aside-decor-box__image\" src=\"https:\/\/masterpress.com:443\/wp-content\/uploads\/2022\/10\/5-1.jpg\" alt=\"\">\n\t\t\t\t\t\t\t\t\t\t\t\t<\/figure>\n\t\t\t\t\t\t\t\t\t\t\t\t\n\t\t\t\t\t\t\t\t\t\t\t\t\t\t\t\t\t\t\t\t\t\t\t<\/div>\n\n\t\t\t\t\t\t\t\t\t\t<\/div>\n\n\t\t\t\t\t\t\t\t\t\n\t\t\t\t\t\t\t\t\t<div class=\"c-offer-teaser__footer\">\n\t\t\t\t\t\t\t\t\t\t\t\t\t\t\t\t\t\t\t\t\t\t\t\t\t\t\t\t\t<\/div>\n\n\t\t\t\t\t\t\t\t<\/div>\n\t\t\t\t\t\t\t<\/li>\n\t\t\t\t\t\t\t\t\t\t\t<\/ul>\n\t\t\t\t<\/div>\n\n\t\t\t\t\t<\/div>\n\t<\/div>\n\n<\/section>\n","protected":false},"excerpt":{"rendered":"","protected":false},"author":3,"featured_media":0,"parent":1725,"menu_order":0,"comment_status":"closed","ping_status":"closed","template":"","meta":{"footnotes":""},"class_list":["post-3256","page","type-page","status-publish","hentry"],"acf":[],"_links":{"self":[{"href":"https:\/\/masterpress.com\/pl\/wp-json\/wp\/v2\/pages\/3256","targetHints":{"allow":["GET"]}}],"collection":[{"href":"https:\/\/masterpress.com\/pl\/wp-json\/wp\/v2\/pages"}],"about":[{"href":"https:\/\/masterpress.com\/pl\/wp-json\/wp\/v2\/types\/page"}],"author":[{"embeddable":true,"href":"https:\/\/masterpress.com\/pl\/wp-json\/wp\/v2\/users\/3"}],"replies":[{"embeddable":true,"href":"https:\/\/masterpress.com\/pl\/wp-json\/wp\/v2\/comments?post=3256"}],"version-history":[{"count":6,"href":"https:\/\/masterpress.com\/pl\/wp-json\/wp\/v2\/pages\/3256\/revisions"}],"predecessor-version":[{"id":5741,"href":"https:\/\/masterpress.com\/pl\/wp-json\/wp\/v2\/pages\/3256\/revisions\/5741"}],"up":[{"embeddable":true,"href":"https:\/\/masterpress.com\/pl\/wp-json\/wp\/v2\/pages\/1725"}],"wp:attachment":[{"href":"https:\/\/masterpress.com\/pl\/wp-json\/wp\/v2\/media?parent=3256"}],"curies":[{"name":"wp","href":"https:\/\/api.w.org\/{rel}","templated":true}]}}