{"id":3199,"date":"2023-04-07T18:56:55","date_gmt":"2023-04-07T18:56:55","guid":{"rendered":"https:\/\/masterpress.com\/?page_id=3199"},"modified":"2026-03-29T19:25:24","modified_gmt":"2026-03-29T19:25:24","slug":"our-values","status":"publish","type":"page","link":"https:\/\/masterpress.com\/pl\/about-us\/our-values\/","title":{"rendered":"nasze warto\u015bci"},"content":{"rendered":"\n<section class=\"l-sec o-mobile-top-25 o-mobile-bottom-100 o-bottom-160 u-overflow-hidden\">\n\t<div class=\"l-inner\">\n\t\t<div class=\"c-hero-card\">\n\t\t\t<div class=\"c-hero-card__content ui-bg--white-2 t-font-secondary\">\n\t\t\t\t\t\t\t\t\t<h1 class=\"c-hero-card__title ui-font-weight--semibold\">\n\t\t\t\t\t\twarto\u015bci\t\t\t\t\t<\/h1>\n\t\t\t\t\t\t\t\t\t\t\t<\/div>\n\t\t\t<div class=\"c-hero-card__media u-move-outside-inner--mobile\">\n\t\t\t\t\t\t\t\t\t<figure class=\"c-hero-card__figure\">\n\t\t\t\t\t\t<img decoding=\"async\" class=\"c-hero-card__image\" src=\"https:\/\/masterpress.com:443\/wp-content\/uploads\/2023\/02\/masterpress-hq.png\" alt=\"\">\n\t\t\t\t\t<\/figure>\n\t\t\t\t\t\t\t<\/div>\n\t\t<\/div>\n\t<\/div>\n<\/section>\n\n\n\n<section class=\"l-sec o-mobile-bottom-35 o-bottom-120 u-overflow-hidden\">\n\t<div class=\"l-inner\">\n\t\t<div class=\"c-our-values\">\n\t\t\t<header class=\"c-our-values__header\">\n\t\t\t\t\t\t\t\t\t\t\t\t\t<div class=\"c-our-values__desc t-size-16 ui-color--dark-grey-1\">\n\t\t\t\t\t\t<p>Zaufanie, jakim klienci, spo\u0142eczno\u015bci i nasi pracownicy obdarzaj\u0105 Masterpress, a tak\u017ce nasze wysokie standardy etycznego post\u0119powania s\u0105 podstaw\u0105 wszystkiego, co robimy. Nasze warto\u015bci to zbi\u00f3r zasad i przekona\u0144, kt\u00f3rymi kierujemy si\u0119 w naszej organizacji. Opisuj\u0105 one oczekiwania, jakie powinni mie\u0107 wobec nas nasi klienci, a tak\u017ce spos\u00f3b, w jaki wsp\u00f3\u0142pracujemy ze sob\u0105. Wierzymy, \u017ce przestrzegaj\u0105c tych warto\u015bci, mo\u017cemy zbudowa\u0107 silniejszy i bardziej zr\u00f3wnowa\u017cony biznes, kt\u00f3ry s\u0142u\u017cy wsp\u00f3lnemu dobru.<\/p>\n<p><strong>W Masterpress naszymi warto\u015bciami s\u0105:<\/strong><\/p>\n\t\t\t\t\t<\/div>\n\t\t\t\t\t\t\t<\/header>\n\n\t\t\t\t\t\t\t<div class=\"c-our-values__content\">\n\t\t\t\t\t<div class=\"c-values-slider js-slider swiper u-overflow-visible\" data-slider-type=\"values\">\n\t\t\t\t\t\t<ul class=\"c-values-slider__list swiper-wrapper\">\n\t\t\t\t\t\t\t\t\t\t\t\t\t\t\t<li class=\"c-values-slider__list-item swiper-slide\">\n\t\t\t\t\t\t\t\t\t<div class=\"c-value-box\">\n\t\t\t\t\t\t\t\t\t\t\n\t\t\t\t\t\t\t\t\t\t\t\t\t\t\t\t\t\t\t\t\t<h3 class=\"c-value-box__title t-size-22 ui-color--black-1 ui-font-weight--semibold t-center\">\n\t\t\t\t\t\t\t\t\t\t\t\tszacunek\t\t\t\t\t\t\t\t\t\t\t<\/h3>\n\t\t\t\t\t\t\t\t\t\t\n\t\t\t\t\t\t\t\t\t\t\t\t\t\t\t\t\t\t\t\t\t<div class=\"c-value-box__desc t-size-14 t-size-16--desktop ui-color--dark-grey-1\">\n\t\t\t\t\t\t\t\t\t\t\t\t<p>rozumiemy, \u017ce my\u015bli, uczucia i \u017cyciowe historie innych s\u0105 r\u00f3wnie wa\u017cne jak nasze w\u0142asne<\/p>\n\t\t\t\t\t\t\t\t\t\t\t<\/div>\n\t\t\t\t\t\t\t\t\t\t\t\t\t\t\t\t\t\t\t<\/div>\n\t\t\t\t\t\t\t\t<\/li>\n\t\t\t\t\t\t\t\t\t\t\t\t\t\t\t<li class=\"c-values-slider__list-item swiper-slide\">\n\t\t\t\t\t\t\t\t\t<div class=\"c-value-box\">\n\t\t\t\t\t\t\t\t\t\t\n\t\t\t\t\t\t\t\t\t\t\t\t\t\t\t\t\t\t\t\t\t<h3 class=\"c-value-box__title t-size-22 ui-color--black-1 ui-font-weight--semibold t-center\">\n\t\t\t\t\t\t\t\t\t\t\t\tuczciwo\u015b\u0107\t\t\t\t\t\t\t\t\t\t\t<\/h3>\n\t\t\t\t\t\t\t\t\t\t\n\t\t\t\t\t\t\t\t\t\t\t\t\t\t\t\t\t\t\t\t\t<div class=\"c-value-box__desc t-size-14 t-size-16--desktop ui-color--dark-grey-1\">\n\t\t\t\t\t\t\t\t\t\t\t\t<p>jeste\u015bmy uczciwi, etyczni i godni zaufania<\/p>\n\t\t\t\t\t\t\t\t\t\t\t<\/div>\n\t\t\t\t\t\t\t\t\t\t\t\t\t\t\t\t\t\t\t<\/div>\n\t\t\t\t\t\t\t\t<\/li>\n\t\t\t\t\t\t\t\t\t\t\t\t\t\t\t<li class=\"c-values-slider__list-item swiper-slide\">\n\t\t\t\t\t\t\t\t\t<div class=\"c-value-box\">\n\t\t\t\t\t\t\t\t\t\t\n\t\t\t\t\t\t\t\t\t\t\t\t\t\t\t\t\t\t\t\t\t<h3 class=\"c-value-box__title t-size-22 ui-color--black-1 ui-font-weight--semibold t-center\">\n\t\t\t\t\t\t\t\t\t\t\t\todpowiedzialno\u015b\u0107\t\t\t\t\t\t\t\t\t\t\t<\/h3>\n\t\t\t\t\t\t\t\t\t\t\n\t\t\t\t\t\t\t\t\t\t\t\t\t\t\t\t\t\t\t\t\t<div class=\"c-value-box__desc t-size-14 t-size-16--desktop ui-color--dark-grey-1\">\n\t\t\t\t\t\t\t\t\t\t\t\t<p>ponosimy pe\u0142n\u0105 odpowiedzialno\u015b\u0107 za nasze decyzje, dzia\u0142ania i rezultaty<\/p>\n\t\t\t\t\t\t\t\t\t\t\t<\/div>\n\t\t\t\t\t\t\t\t\t\t\t\t\t\t\t\t\t\t\t<\/div>\n\t\t\t\t\t\t\t\t<\/li>\n\t\t\t\t\t\t\t\t\t\t\t\t\t\t<li class=\"c-values-slider__list-item c-values-slider__list-item--cta u-hide-mobile\">\n\t\t\t\t\t\t\t\t<a href=\"https:\/\/masterpress.com\/pl\/about-us\/\" class=\"c-value-cta\" target=\"\">\n\t\t\t\t\t\t\t\t\t\t\t\t\t\t\t\t\t\t\t<div class=\"c-value-cta__text\">\n\t\t\t\t\t\t\t\t\t\t\t<h4 class=\"c-value-cta__title ui-font-weight--medium t-size-35--desktop ui-color--white-1\">\n\t\t\t\t\t\t\t\t\t\t\t\tabout us\t\t\t\t\t\t\t\t\t\t\t<\/h4>\n\t\t\t\t\t\t\t\t\t\t<\/div>\n\t\t\t\t\t\t\t\t\t\t\t\t\t\t\t\t\t\t\t\t\t\t\t\t\t\t\t\t<div class=\"c-value-cta__action\">\n\t\t\t\t\t\t\t\t\t\t\t<span class=\"c-btn c-btn--tertiary c-btn--block\">\n\t\t\t\t\t\t\t\t\t\t\t\to nas\t\t\t\t\t\t\t\t\t\t\t<\/span>\n\t\t\t\t\t\t\t\t\t\t<\/div>\n\t\t\t\t\t\t\t\t\t\t\t\t\t\t\t\t\t<\/a>\n\t\t\t\t\t\t\t<\/li>\n\t\t\t\t\t\t<\/ul>\n\n\t\t\t\t\t\t<div class=\"c-values-slider__pagination c-slider-pagination c-slider-pagination--y-offset js-slider-pagination\"><\/div>\n\t\t\t\t\t<\/div>\n\n\t\t\t\t\t<div class=\"c-our-values__action-mobile\">\n\t\t\t\t\t\t<a class=\"c-btn c-btn--primary\" href=\"https:\/\/masterpress.com\/pl\/about-us\/\" target=\"\">\n\t\t\t\t\t\t\to nas\t\t\t\t\t\t<\/a>\n\t\t\t\t\t<\/div>\n\t\t\t\t<\/div>\n\t\t\t\t\t<\/div>\n\t<\/div>\n<\/section>\n\n\n\n<section class=\"l-sec o-mobile-bottom-60 o-bottom-160 o-mobile-top-80\">\n\t<div class=\"l-inner\">\n\t\t<div class=\"c-solutions\">\n\t\t\t\t\t\t\t<h2 class=\"c-solutions__heading t-size-42 t-size-40--desktop ui-color--black-1 ui-font-weight--bold t-font-secondary t-lower\">\n\t\t\t\t\tdowiedz si\u0119 wi\u0119cej:\t\t\t\t<\/h2>\n\t\t\t\t\t\t<div class=\"c-solutions__content\">\n\t\t\t\t\t\t\t\t\t<ul class=\"c-solutions-list c-list\">\n\t\t\t\t\t\t\t\t\t\t\t\t\t<li class=\"c-solutions-list__item\">\n\t\t\t\t\t\t\t\t<div class=\"c-solution-box\">\n\t\t\t\t\t\t\t\t\t\t\t\t\t\t\t\t\t\t\t\t\t\t\t\t\t<div class=\"c-solution-box__title\">\n\t\t\t\t\t\t\t\t\t\t<a class=\"c-solution-box__link c-link c-link--icon c-link--icon-animate\" href=\"https:\/\/masterpress.com\/pl\/about-us\/mission\/\" target=\"\">\n\t\t\t\t\t\t\t\t\t\t\tnasza misja\t\t\t\t\t\t\t\t\t\t\t<img decoding=\"async\" class=\"c-link__icon js-injected-svg \" src=\"https:\/\/masterpress.com:443\/wp-content\/themes\/masterpress\/front\/static\/img\/icon-arrow-right.svg\" alt=\"\">\n\t\t\t\t\t\t\t\t\t\t<\/a>\n\t\t\t\t\t\t\t\t\t<\/div>\n\t\t\t\t\t\t\t\t\t\t\t\t\t\t\t\t<\/div>\n\t\t\t\t\t\t\t<\/li>\n\t\t\t\t\t\t\t\t\t\t\t\t\t<li class=\"c-solutions-list__item\">\n\t\t\t\t\t\t\t\t<div class=\"c-solution-box\">\n\t\t\t\t\t\t\t\t\t\t\t\t\t\t\t\t\t\t\t\t\t\t\t\t\t<div class=\"c-solution-box__title\">\n\t\t\t\t\t\t\t\t\t\t<a class=\"c-solution-box__link c-link c-link--icon c-link--icon-animate\" href=\"https:\/\/masterpress.com\/pl\/about-us\/vision\/\" target=\"\">\n\t\t\t\t\t\t\t\t\t\t\tnasza wizja\t\t\t\t\t\t\t\t\t\t\t<img decoding=\"async\" class=\"c-link__icon js-injected-svg \" src=\"https:\/\/masterpress.com:443\/wp-content\/themes\/masterpress\/front\/static\/img\/icon-arrow-right.svg\" alt=\"\">\n\t\t\t\t\t\t\t\t\t\t<\/a>\n\t\t\t\t\t\t\t\t\t<\/div>\n\t\t\t\t\t\t\t\t\t\t\t\t\t\t\t\t<\/div>\n\t\t\t\t\t\t\t<\/li>\n\t\t\t\t\t\t\t\t\t\t\t<\/ul>\n\t\t\t\t\t\t\t<\/div>\n\t\t<\/div>\n\t<\/div>\n<\/section>\n","protected":false},"excerpt":{"rendered":"","protected":false},"author":3,"featured_media":0,"parent":357,"menu_order":0,"comment_status":"closed","ping_status":"closed","template":"","meta":{"footnotes":""},"class_list":["post-3199","page","type-page","status-publish","hentry"],"acf":[],"_links":{"self":[{"href":"https:\/\/masterpress.com\/pl\/wp-json\/wp\/v2\/pages\/3199","targetHints":{"allow":["GET"]}}],"collection":[{"href":"https:\/\/masterpress.com\/pl\/wp-json\/wp\/v2\/pages"}],"about":[{"href":"https:\/\/masterpress.com\/pl\/wp-json\/wp\/v2\/types\/page"}],"author":[{"embeddable":true,"href":"https:\/\/masterpress.com\/pl\/wp-json\/wp\/v2\/users\/3"}],"replies":[{"embeddable":true,"href":"https:\/\/masterpress.com\/pl\/wp-json\/wp\/v2\/comments?post=3199"}],"version-history":[{"count":24,"href":"https:\/\/masterpress.com\/pl\/wp-json\/wp\/v2\/pages\/3199\/revisions"}],"predecessor-version":[{"id":26224,"href":"https:\/\/masterpress.com\/pl\/wp-json\/wp\/v2\/pages\/3199\/revisions\/26224"}],"up":[{"embeddable":true,"href":"https:\/\/masterpress.com\/pl\/wp-json\/wp\/v2\/pages\/357"}],"wp:attachment":[{"href":"https:\/\/masterpress.com\/pl\/wp-json\/wp\/v2\/media?parent=3199"}],"curies":[{"name":"wp","href":"https:\/\/api.w.org\/{rel}","templated":true}]}}