{"id":3074,"date":"2023-03-26T10:18:20","date_gmt":"2023-03-26T10:18:20","guid":{"rendered":"https:\/\/masterpress.com\/?page_id=3074"},"modified":"2024-04-10T11:44:21","modified_gmt":"2024-04-10T11:44:21","slug":"uslugi-aplikacji-etykiet","status":"publish","type":"page","link":"https:\/\/masterpress.com\/pl\/uslugi-aplikacji-etykiet\/","title":{"rendered":"Us\u0142ugi aplikacji etykiet"},"content":{"rendered":"\n<section class=\"l-sec o-mobile-top-25 o-mobile-bottom-100 o-bottom-160 u-overflow-hidden\">\n\t<div class=\"l-inner\">\n\t\t<div class=\"c-hero-card\">\n\t\t\t<div class=\"c-hero-card__content ui-bg--white-2 t-font-secondary\">\n\t\t\t\t\t\t\t\t\t<h1 class=\"c-hero-card__title ui-font-weight--semibold\">\n\t\t\t\t\t\tus\u0142ugi aplikacji etykiet\t\t\t\t\t<\/h1>\n\t\t\t\t\t\t\t\t\t\t\t<\/div>\n\t\t\t<div class=\"c-hero-card__media u-move-outside-inner--mobile\">\n\t\t\t\t\t\t\t\t\t<figure class=\"c-hero-card__figure\">\n\t\t\t\t\t\t<img decoding=\"async\" class=\"c-hero-card__image\" src=\"https:\/\/masterpress.com:443\/wp-content\/uploads\/2022\/02\/our-story-hero.jpg\" alt=\"\">\n\t\t\t\t\t<\/figure>\n\t\t\t\t\t\t\t<\/div>\n\t\t<\/div>\n\t<\/div>\n<\/section>\n\n\n\n<section class=\"l-sec o-mobile-top-25 o-top-60 o-mobile-bottom-25 o-bottom-120 u-overflow-hidden\">\n\t<div class=\"l-inner\">\n\t\t<div class=\"c-hero-text-img\">\n\t\t\t<div class=\"c-hero-text-img__content\">\n\t\t\t\t\t\t\t\t\t<h1 class=\"c-hero-text-img__heading t-size-42 t-size-40--desktop ui-color--black-1 ui-font-weight--bold t-font-secondary t-lower\">\n\t\t\t\t\t\tUs\u0142uga aplikacji i obkurczania etykiet termokurczliwych\t\t\t\t\t<\/h1>\n\t\t\t\t\t\t\t\t\t\t\t\t\t<div class=\"c-hero-text-img__desc\">\n\t\t\t\t\t\t<div class=\"c-wysiwyg ui-color--dark-grey-1 t-size-14\">\n\t\t\t\t\t\t\t<p>Proponujemy naszym klientom kompleksowe rozwi\u0105zania w zakresie technologii shrink sleeve. Oferujemy nie tylko produkcj\u0119 etykiet termokurczliwych, lecz r\u00f3wnie\u017c zapewniamy ich aplikacj\u0119 i obkurczanie na pojemnikach szklanych, plastikowych oraz puszkach i sprayach o zr\u00f3\u017cnicowanych kszta\u0142tach, a tak\u017ce wielopakach.<\/p>\n<p>Wykorzystywana w procesie obkurczania gor\u0105ca para zapewnia wykonanie us\u0142ugi o najwy\u017cszej jako\u015bci i precyzji bez zmarszczek i zniekszta\u0142ce\u0144 na wyrobie.<\/p>\n<p>Nasze mobilne linie obkurczaj\u0105ce jeste\u015bmy w stanie w\u0142\u0105czy\u0107 w istniej\u0105c\u0105 lini\u0119 produkcyjn\u0105 lub zaproponowa\u0107 wykonanie us\u0142ugi w naszym zak\u0142adzie. Naszym celem jest pomoc klientom w stworzeniu idealnego opakowania.<\/p>\n\t\t\t\t\t\t<\/div>\n\t\t\t\t\t<\/div>\n\t\t\t\t\t\t\t<\/div>\n\t\t\t<div class=\"c-hero-text-img__media\">\n\t\t\t\t\t\t\t\t\t<figure class=\"c-hero-text-img__figure\">\n\t\t\t\t\t\t<img decoding=\"async\" class=\"c-hero-text-img__image\" src=\"https:\/\/masterpress.com:443\/wp-content\/uploads\/2024\/03\/074_Masterpress-min.jpg\" alt=\"\">\n\t\t\t\t\t<\/figure>\n\t\t\t\t\t<span class=\"c-hero-text-img__media-decor\"><\/span>\n\t\t\t\t\t\t\t<\/div>\n\t\t<\/div>\n\t<\/div>\n<\/section>\n\n\n\n<section class=\"l-sec o-mobile-bottom-60 o-bottom-80\">\n\t<div class=\"l-inner\">\n\t\t<div class=\"c-cta\">\n\t\t\t\t\t\t\t<div class=\"c-cta__text\">\n\t\t\t\t\t<h3 class=\"c-cta__heading ui-font-weight--bold t-font-secondary t-lower\">\n\t\t\t\t\t\tczy chcesz do\u0142\u0105czy\u0107 <\/br> do zespo\u0142u masterpress?\t\t\t\t\t<\/h3>\n\t\t\t\t<\/div>\n\t\t\t\t\t\t<div class=\"c-cta__media u-move-outside-inner--mobile\">\n\t\t\t\t\t\t\t\t\t<figure class=\"c-cta__figure\">\n\t\t\t\t\t\t<img decoding=\"async\" class=\"c-cta__image\" src=\"https:\/\/masterpress.com:443\/wp-content\/uploads\/2024\/04\/contact-masterpress.png\" alt=\"\">\n\t\t\t\t\t<\/figure>\n\t\t\t\t\t\t\t<\/div>\n\t\t\t\t\t\t\t<div class=\"c-cta__action\">\n\t\t\t\t\t<a class=\"c-btn c-btn--primary\" href=\"https:\/\/masterpress.elementapp.ai\/career\" target=\"\">\n\t\t\t\t\t\tSPRWAD\u0179 KOGO SZUKAMY\t\t\t\t\t<\/a>\n\t\t\t\t<\/div>\n\t\t\t\t\t<\/div>\n\t<\/div>\n<\/section>\n","protected":false},"excerpt":{"rendered":"","protected":false},"author":3,"featured_media":0,"parent":0,"menu_order":0,"comment_status":"closed","ping_status":"closed","template":"","meta":{"footnotes":""},"class_list":["post-3074","page","type-page","status-publish","hentry"],"acf":[],"_links":{"self":[{"href":"https:\/\/masterpress.com\/pl\/wp-json\/wp\/v2\/pages\/3074","targetHints":{"allow":["GET"]}}],"collection":[{"href":"https:\/\/masterpress.com\/pl\/wp-json\/wp\/v2\/pages"}],"about":[{"href":"https:\/\/masterpress.com\/pl\/wp-json\/wp\/v2\/types\/page"}],"author":[{"embeddable":true,"href":"https:\/\/masterpress.com\/pl\/wp-json\/wp\/v2\/users\/3"}],"replies":[{"embeddable":true,"href":"https:\/\/masterpress.com\/pl\/wp-json\/wp\/v2\/comments?post=3074"}],"version-history":[{"count":9,"href":"https:\/\/masterpress.com\/pl\/wp-json\/wp\/v2\/pages\/3074\/revisions"}],"predecessor-version":[{"id":5822,"href":"https:\/\/masterpress.com\/pl\/wp-json\/wp\/v2\/pages\/3074\/revisions\/5822"}],"wp:attachment":[{"href":"https:\/\/masterpress.com\/pl\/wp-json\/wp\/v2\/media?parent=3074"}],"curies":[{"name":"wp","href":"https:\/\/api.w.org\/{rel}","templated":true}]}}