{"id":2503,"date":"2022-10-28T10:17:07","date_gmt":"2022-10-28T10:17:07","guid":{"rendered":"https:\/\/masterpress.aazzxx.com\/?page_id=2503"},"modified":"2023-04-10T15:37:24","modified_gmt":"2023-04-10T15:37:24","slug":"e-commerce-bag","status":"publish","type":"page","link":"https:\/\/masterpress.com\/pl\/e-commerce\/e-commerce-bag\/","title":{"rendered":"torba e-commerce"},"content":{"rendered":"\n<section class=\"l-sec o-mobile-top-25 o-top-60 o-mobile-bottom-25 o-bottom-120 u-overflow-hidden\">\n\t<div class=\"l-inner\">\n\t\t<div class=\"c-hero-text-img\">\n\t\t\t<div class=\"c-hero-text-img__content\">\n\t\t\t\t\t\t\t\t\t<h1 class=\"c-hero-text-img__heading t-size-42 t-size-40--desktop ui-color--black-1 ui-font-weight--bold t-font-secondary t-lower\">\n\t\t\t\t\t\ttorba dla e-commerce\t\t\t\t\t<\/h1>\n\t\t\t\t\t\t\t\t\t\t\t\t\t<div class=\"c-hero-text-img__desc\">\n\t\t\t\t\t\t<div class=\"c-wysiwyg ui-color--dark-grey-1 t-size-14\">\n\t\t\t\t\t\t\t<div class=\"et_pb_module et_pb_text et_pb_text_1 et_pb_text_align_left et_pb_bg_layout_dark\">\n<div class=\"et_pb_text_inner\">\n<p>Torba Masterpress e-commerce wykonana jest z papieru typu kraft, dlatego nadaje si\u0119 do recyklingu w istniej\u0105cych strumieniach papieru. Stanowi zr\u00f3wnowa\u017con\u0105 alternatyw\u0119 dla plastikowych opakowa\u0144 pocztowych. Jest idealna do wysy\u0142ki niewra\u017cliwych przedmiot\u00f3w, takich jak moda i akcesoria.<\/p>\n<p><strong>\u0142atwe do otwarcia i zwrotu opakowanie nadaj\u0105ce si\u0119 do recyklingu:<\/strong><\/p>\n<ul>\n<li>podw\u00f3jny pasek samoprzylepny dla wygodnych zwrot\u00f3w<\/li>\n<li>perforacja u\u0142atwiaj\u0105ca otwieranie<\/li>\n<li>du\u017cy otw\u00f3r &#8211; \u0142atwe pakowanie produkt\u00f3w<\/li>\n<li>od 0 do 18 cm dna &#8211; mo\u017cliwo\u015b\u0107 dostosowania do wielu zastosowa\u0144<\/li>\n<li>dopasowuje si\u0119 do kszta\u0142tu zawarto\u015bci wewn\u0105trz &#8211; ni\u017csze koszty transportu i emisja CO2<\/li>\n<li>wykonane z papieru workowego kraft &#8211; wysoka wytrzyma\u0142o\u015b\u0107 + \u0142atwo\u015b\u0107 recyklingu<\/li>\n<\/ul>\n<p><strong>wyj\u0105tkowe zalety dla centr\u00f3w realizacji zam\u00f3wie\u0144:<\/strong><\/p>\n<ul>\n<li>idealne do zast\u0105pienia plastikowych toreb przy zakupach online<\/li>\n<li>szybszy proces pakowania<\/li>\n<li>wytrzyma\u0142y, a jednocze\u015bnie odnawialny, nadaj\u0105cy si\u0119 do recyklingu i biodegradowalny<\/li>\n<li>elastyczne formaty &#8211; dost\u0119pne r\u00f3\u017cne wymiary i w\u0142a\u015bciwo\u015bci<\/li>\n<\/ul>\n<\/div>\n<\/div>\n\t\t\t\t\t\t<\/div>\n\t\t\t\t\t<\/div>\n\t\t\t\t\t\t\t<\/div>\n\t\t\t<div class=\"c-hero-text-img__media\">\n\t\t\t\t\t\t\t\t\t<figure class=\"c-hero-text-img__figure\">\n\t\t\t\t\t\t<img decoding=\"async\" class=\"c-hero-text-img__image\" src=\"https:\/\/masterpress.com:443\/wp-content\/uploads\/2022\/10\/ecommerce-masterpress.png\" alt=\"\">\n\t\t\t\t\t<\/figure>\n\t\t\t\t\t<span class=\"c-hero-text-img__media-decor\"><\/span>\n\t\t\t\t\t\t\t<\/div>\n\t\t<\/div>\n\t<\/div>\n<\/section>\n\n\n<section class=\"l-sec o-mobile-bottom-50 o-bottom-100\">\n\t<div class=\"l-inner\">\n\t\t<div class=\"c-about-us\">\n\t\t\t<header class=\"c-about-us__header\">\n\t\t\t\t\t\t\t\t\t<h2 class=\"c-about-us__heading t-size-30 t-size-35--desktop ui-color--black-1 ui-font-weight--semibold t-font-secondary t-lower\">\n\t\t\t\t\t\tJak to dzia\u0142a?\t\t\t\t\t<\/h2>\n\t\t\t\t\n\t\t\t\t\t\t\t\t\t<div class=\"c-about-us__desc t-size-16 ui-color--dark-grey-1\">\n\t\t\t\t\t\t<p><iframe loading=\"lazy\" title=\"YouTube video player\" src=\"https:\/\/www.youtube.com\/embed\/EOeKUMXHBJc\" width=\"1024\" height=\"800\" frameborder=\"0\" allowfullscreen=\"allowfullscreen\"><\/iframe><\/h1>\n\t\t\t\t\t<\/div>\n\t\t\t\t\n\t\t\t\t\t\t\t<\/header>\n\n\t\t\t\t\t<\/div>\n\t<\/div>\n<\/section>\n","protected":false},"excerpt":{"rendered":"","protected":false},"author":3,"featured_media":0,"parent":2501,"menu_order":0,"comment_status":"closed","ping_status":"closed","template":"","meta":{"footnotes":""},"class_list":["post-2503","page","type-page","status-publish","hentry"],"acf":[],"_links":{"self":[{"href":"https:\/\/masterpress.com\/pl\/wp-json\/wp\/v2\/pages\/2503","targetHints":{"allow":["GET"]}}],"collection":[{"href":"https:\/\/masterpress.com\/pl\/wp-json\/wp\/v2\/pages"}],"about":[{"href":"https:\/\/masterpress.com\/pl\/wp-json\/wp\/v2\/types\/page"}],"author":[{"embeddable":true,"href":"https:\/\/masterpress.com\/pl\/wp-json\/wp\/v2\/users\/3"}],"replies":[{"embeddable":true,"href":"https:\/\/masterpress.com\/pl\/wp-json\/wp\/v2\/comments?post=2503"}],"version-history":[{"count":6,"href":"https:\/\/masterpress.com\/pl\/wp-json\/wp\/v2\/pages\/2503\/revisions"}],"predecessor-version":[{"id":3233,"href":"https:\/\/masterpress.com\/pl\/wp-json\/wp\/v2\/pages\/2503\/revisions\/3233"}],"up":[{"embeddable":true,"href":"https:\/\/masterpress.com\/pl\/wp-json\/wp\/v2\/pages\/2501"}],"wp:attachment":[{"href":"https:\/\/masterpress.com\/pl\/wp-json\/wp\/v2\/media?parent=2503"}],"curies":[{"name":"wp","href":"https:\/\/api.w.org\/{rel}","templated":true}]}}