{"id":2501,"date":"2022-10-28T10:01:43","date_gmt":"2022-10-28T10:01:43","guid":{"rendered":"https:\/\/masterpress.aazzxx.com\/?page_id=2501"},"modified":"2023-12-01T19:44:05","modified_gmt":"2023-12-01T19:44:05","slug":"e-commerce","status":"publish","type":"page","link":"https:\/\/masterpress.com\/pl\/e-commerce\/","title":{"rendered":"E-commerce"},"content":{"rendered":"\n<section class=\"l-sec o-mobile-top-25 o-top-60 o-mobile-bottom-25 o-bottom-120 u-overflow-hidden\">\n\t<div class=\"l-inner\">\n\t\t<div class=\"c-hero-text-img\">\n\t\t\t<div class=\"c-hero-text-img__content\">\n\t\t\t\t\t\t\t\t\t<h1 class=\"c-hero-text-img__heading t-size-42 t-size-40--desktop ui-color--black-1 ui-font-weight--bold t-font-secondary t-lower\">\n\t\t\t\t\t\tE-commerce\t\t\t\t\t<\/h1>\n\t\t\t\t\t\t\t\t\t\t\t\t\t<div class=\"c-hero-text-img__desc\">\n\t\t\t\t\t\t<div class=\"c-wysiwyg ui-color--dark-grey-1 t-size-14\">\n\t\t\t\t\t\t\t<div class=\"et_pb_module et_pb_text et_pb_text_1 et_pb_text_align_left et_pb_bg_layout_dark\">\n<div class=\"et_pb_text_inner\">\n<p>Bran\u017ca eCommerce, a tym samym bran\u017ca opakowa\u0144 kurierskich rozwija si\u0119 w niezwykle szybkim tempie. Rosn\u0105ce zapotrzebowanie na rozwi\u0105zania opakowaniowe, kt\u00f3re obni\u017caj\u0105 koszty logistyczne i przyspieszaj\u0105 proces pakowania w centrach fulfillmentowych, zainspirowa\u0142o nas do opracowania innowacyjnego i zr\u00f3wnowa\u017conego rozwi\u0105zania, kt\u00f3re odpowiada potrzebom rynku eCommerce i wspiera rozw\u00f3j biznesu naszych klient\u00f3w.<\/p>\n<p>Nasze rozwi\u0105zanie jest wykonane z papieru typu kraft, dzi\u0119ki czemu mo\u017ce by\u0107 poddane recyklingowi w istniej\u0105cych strumieniach papieru. Stanowi zr\u00f3wnowa\u017con\u0105 alternatyw\u0119 dla plastikowych skrzynek pocztowych. Idealnie nadaje si\u0119 do wysy\u0142ki niewra\u017cliwych przedmiot\u00f3w, takich jak artyku\u0142y odzie\u017cowe i akcesoria.<\/p>\n<\/div>\n<\/div>\n\t\t\t\t\t\t<\/div>\n\t\t\t\t\t<\/div>\n\t\t\t\t\t\t\t<\/div>\n\t\t\t<div class=\"c-hero-text-img__media\">\n\t\t\t\t\t\t\t\t\t<figure class=\"c-hero-text-img__figure\">\n\t\t\t\t\t\t<img decoding=\"async\" class=\"c-hero-text-img__image\" src=\"https:\/\/masterpress.com:443\/wp-content\/uploads\/2022\/09\/entrepreneur-shipping-products-ordered-via-online-2022-05-19-14-29-38-utc-min-scaled.jpg\" alt=\"\">\n\t\t\t\t\t<\/figure>\n\t\t\t\t\t<span class=\"c-hero-text-img__media-decor\"><\/span>\n\t\t\t\t\t\t\t<\/div>\n\t\t<\/div>\n\t<\/div>\n<\/section>\n\n\n\n<section class=\"l-sec o-mobile-bottom-60 o-bottom-160 o-mobile-top-80\">\n\t<div class=\"l-inner\">\n\t\t<div class=\"c-solutions\">\n\t\t\t\t\t\t\t<h2 class=\"c-solutions__heading t-size-42 t-size-40--desktop ui-color--black-1 ui-font-weight--bold t-font-secondary t-lower\">\n\t\t\t\t\tRozwi\u0105zania\t\t\t\t<\/h2>\n\t\t\t\t\t\t<div class=\"c-solutions__content\">\n\t\t\t\t\t\t\t\t\t<ul class=\"c-solutions-list c-list\">\n\t\t\t\t\t\t\t\t\t\t\t\t\t<li class=\"c-solutions-list__item\">\n\t\t\t\t\t\t\t\t<div class=\"c-solution-box\">\n\t\t\t\t\t\t\t\t\t\t\t\t\t\t\t\t\t<div class=\"c-solution-box__media\">\n\t\t\t\t\t\t\t\t\t\t<figure class=\"c-solution-box__figure\">\n\t\t\t\t\t\t\t\t\t\t\t<img decoding=\"async\" class=\"c-solution-box__image\" src=\"https:\/\/masterpress.com:443\/wp-content\/uploads\/2022\/09\/Koperta-10-copy-1-min-500x500.jpg\" alt=\"\">\n\t\t\t\t\t\t\t\t\t\t<\/figure>\n\t\t\t\t\t\t\t\t\t<\/div>\n\t\t\t\t\t\t\t\t\t\t\t\t\t\t\t\t\t\t\t\t\t\t\t\t\t<div class=\"c-solution-box__title\">\n\t\t\t\t\t\t\t\t\t\t<a class=\"c-solution-box__link c-link c-link--icon c-link--icon-animate\" href=\"https:\/\/masterpress.com\/pl\/e-commerce\/e-commerce-bag\/\" target=\"\">\n\t\t\t\t\t\t\t\t\t\t\ttorba e-commerce\t\t\t\t\t\t\t\t\t\t\t<img decoding=\"async\" class=\"c-link__icon js-injected-svg \" src=\"https:\/\/masterpress.com:443\/wp-content\/themes\/masterpress\/front\/static\/img\/icon-arrow-right.svg\" alt=\"\">\n\t\t\t\t\t\t\t\t\t\t<\/a>\n\t\t\t\t\t\t\t\t\t<\/div>\n\t\t\t\t\t\t\t\t\t\t\t\t\t\t\t\t<\/div>\n\t\t\t\t\t\t\t<\/li>\n\t\t\t\t\t\t\t\t\t\t\t<\/ul>\n\t\t\t\t\t\t\t<\/div>\n\t\t<\/div>\n\t<\/div>\n<\/section>\n","protected":false},"excerpt":{"rendered":"","protected":false},"author":3,"featured_media":0,"parent":0,"menu_order":0,"comment_status":"closed","ping_status":"closed","template":"","meta":{"footnotes":""},"class_list":["post-2501","page","type-page","status-publish","hentry"],"acf":[],"_links":{"self":[{"href":"https:\/\/masterpress.com\/pl\/wp-json\/wp\/v2\/pages\/2501","targetHints":{"allow":["GET"]}}],"collection":[{"href":"https:\/\/masterpress.com\/pl\/wp-json\/wp\/v2\/pages"}],"about":[{"href":"https:\/\/masterpress.com\/pl\/wp-json\/wp\/v2\/types\/page"}],"author":[{"embeddable":true,"href":"https:\/\/masterpress.com\/pl\/wp-json\/wp\/v2\/users\/3"}],"replies":[{"embeddable":true,"href":"https:\/\/masterpress.com\/pl\/wp-json\/wp\/v2\/comments?post=2501"}],"version-history":[{"count":5,"href":"https:\/\/masterpress.com\/pl\/wp-json\/wp\/v2\/pages\/2501\/revisions"}],"predecessor-version":[{"id":3961,"href":"https:\/\/masterpress.com\/pl\/wp-json\/wp\/v2\/pages\/2501\/revisions\/3961"}],"wp:attachment":[{"href":"https:\/\/masterpress.com\/pl\/wp-json\/wp\/v2\/media?parent=2501"}],"curies":[{"name":"wp","href":"https:\/\/api.w.org\/{rel}","templated":true}]}}