{"id":1754,"date":"2022-05-26T22:57:03","date_gmt":"2022-05-26T22:57:03","guid":{"rendered":"https:\/\/masterpress.aazzxx.com\/?page_id=1754"},"modified":"2026-03-28T18:43:57","modified_gmt":"2026-03-28T18:43:57","slug":"alkohole","status":"publish","type":"page","link":"https:\/\/masterpress.com\/pl\/alkohole\/","title":{"rendered":"Alkohole"},"content":{"rendered":"\n<section class=\"l-sec o-mobile-top-25 o-top-60 o-mobile-bottom-25 o-bottom-120 u-overflow-hidden\">\n\t<div class=\"l-inner\">\n\t\t<div class=\"c-hero-text-img\">\n\t\t\t<div class=\"c-hero-text-img__content\">\n\t\t\t\t\t\t\t\t\t<h1 class=\"c-hero-text-img__heading t-size-42 t-size-40--desktop ui-color--black-1 ui-font-weight--bold t-font-secondary t-lower\">\n\t\t\t\t\t\tAlkohole\t\t\t\t\t<\/h1>\n\t\t\t\t\t\t\t\t\t\t\t\t\t<div class=\"c-hero-text-img__desc\">\n\t\t\t\t\t\t<div class=\"c-wysiwyg ui-color--dark-grey-1 t-size-14\">\n\t\t\t\t\t\t\t<p><b>Opakowanie alkoholu to znacznie wi\u0119cej ni\u017c tylko etykieta. To przede wszystkim marka i wszystko, co mo\u017ce by\u0107 z ni\u0105 kojarzone. W Masterpress pomo\u017cemy wzmocni\u0107 Twoj\u0105 mark\u0119 dzi\u0119ki szerokiej gamie rozwi\u0105za\u0144 drukarskich najwy\u017cszej klasy.\u00a0<\/b><\/p>\n<p><span style=\"font-weight: 400;\">Bran\u017ca napoj\u00f3w alkoholowych na czo\u0142owym miejscu stawia wizerunek i to\u017csamo\u015b\u0107 marki, a tak\u017ce atrakcyjno\u015b\u0107 wizualn\u0105 opakowa\u0144. Opakowania i etykiety powinny oddawa\u0107 i podkre\u015bla\u0107 charakter produktu klasy premium. Butelka napoju alkoholowego musi b\u0142yskawicznie przyku\u0107 uwag\u0119 konsumenta i wyr\u00f3\u017cnia\u0107 mark\u0119 na p\u00f3\u0142ce, niejako nawi\u0105zuj\u0105c z nim \u0142\u0105czno\u015b\u0107 oraz anga\u017cuj\u0105c jego zmys\u0142y i emocje.\u00a0<\/span><\/p>\n<p><span style=\"font-weight: 400;\">To jest wyzwanie, kt\u00f3re Masterpress jest zawsze got\u00f3w podj\u0105\u0107. Nasz zesp\u00f3\u0142 do\u015bwiadczonych specjalist\u00f3w \u015bci\u015ble wsp\u00f3\u0142pracuje z klientem podczas trwania ca\u0142ego procesu powstawania etykiet, od etapu projektowego, po gotowy produkt. Wiemy, jak tworzy\u0107 etykiety klasy premium, starannie dobieraj\u0105c odpowiednie pod\u0142o\u017ca, tusze, zdobienia i procesy drukowe, co w po\u0142\u0105czeniu z dekadami do\u015bwiadczenia i unikalnym \u201eknow-how\u201d naszej firmy pozwala tworzy\u0107 wyj\u0105tkowe, efektowne i nagradzane etykiety. Masterpress pomo\u017ce Tobie, Twoim markom i Twoim produktom w osi\u0105gni\u0119ciu cel\u00f3w, do kt\u00f3rych d\u0105\u017cysz.<\/span><\/p>\n\t\t\t\t\t\t<\/div>\n\t\t\t\t\t<\/div>\n\t\t\t\t\t\t\t<\/div>\n\t\t\t<div class=\"c-hero-text-img__media\">\n\t\t\t\t\t\t\t\t\t<figure class=\"c-hero-text-img__figure\">\n\t\t\t\t\t\t<img decoding=\"async\" class=\"c-hero-text-img__image\" src=\"https:\/\/masterpress.com:443\/wp-content\/uploads\/2022\/04\/man-choosing-alcohol-in-the-supermarket-Z5BQZ8P-min-1-1-scaled.jpg\" alt=\"\">\n\t\t\t\t\t<\/figure>\n\t\t\t\t\t<span class=\"c-hero-text-img__media-decor\"><\/span>\n\t\t\t\t\t\t\t<\/div>\n\t\t<\/div>\n\t<\/div>\n<\/section>\n\n\n\n<section class=\"l-sec o-mobile-bottom-60 o-bottom-160 o-mobile-top-80\">\n\t<div class=\"l-inner\">\n\t\t<div class=\"c-solutions\">\n\t\t\t\t\t\t\t<h2 class=\"c-solutions__heading t-size-42 t-size-40--desktop ui-color--black-1 ui-font-weight--bold t-font-secondary t-lower\">\n\t\t\t\t\tRozwi\u0105zania\t\t\t\t<\/h2>\n\t\t\t\t\t\t<div class=\"c-solutions__content\">\n\t\t\t\t\t\t\t\t\t<ul class=\"c-solutions-list c-list\">\n\t\t\t\t\t\t\t\t\t\t\t\t\t<li class=\"c-solutions-list__item\">\n\t\t\t\t\t\t\t\t<div class=\"c-solution-box\">\n\t\t\t\t\t\t\t\t\t\t\t\t\t\t\t\t\t<div class=\"c-solution-box__media\">\n\t\t\t\t\t\t\t\t\t\t<figure class=\"c-solution-box__figure\">\n\t\t\t\t\t\t\t\t\t\t\t<img decoding=\"async\" class=\"c-solution-box__image\" src=\"https:\/\/masterpress.com:443\/wp-content\/uploads\/2022\/07\/masterpress-shrinksleeve-alcohol-500x500.jpg\" alt=\"\">\n\t\t\t\t\t\t\t\t\t\t<\/figure>\n\t\t\t\t\t\t\t\t\t<\/div>\n\t\t\t\t\t\t\t\t\t\t\t\t\t\t\t\t\t\t\t\t\t\t\t\t\t<div class=\"c-solution-box__title\">\n\t\t\t\t\t\t\t\t\t\t<a class=\"c-solution-box__link c-link c-link--icon c-link--icon-animate\" href=\"https:\/\/masterpress.com\/pl\/alkohole\/etykiety-shrink-sleeve-do-alkoholi\/\" target=\"\">\n\t\t\t\t\t\t\t\t\t\t\tetykiety shrink sleeve\t\t\t\t\t\t\t\t\t\t\t<img decoding=\"async\" class=\"c-link__icon js-injected-svg \" src=\"https:\/\/masterpress.com:443\/wp-content\/themes\/masterpress\/front\/static\/img\/icon-arrow-right.svg\" alt=\"\">\n\t\t\t\t\t\t\t\t\t\t<\/a>\n\t\t\t\t\t\t\t\t\t<\/div>\n\t\t\t\t\t\t\t\t\t\t\t\t\t\t\t\t<\/div>\n\t\t\t\t\t\t\t<\/li>\n\t\t\t\t\t\t\t\t\t\t\t\t\t<li class=\"c-solutions-list__item\">\n\t\t\t\t\t\t\t\t<div class=\"c-solution-box\">\n\t\t\t\t\t\t\t\t\t\t\t\t\t\t\t\t\t<div class=\"c-solution-box__media\">\n\t\t\t\t\t\t\t\t\t\t<figure class=\"c-solution-box__figure\">\n\t\t\t\t\t\t\t\t\t\t\t<img decoding=\"async\" class=\"c-solution-box__image\" src=\"https:\/\/masterpress.com:443\/wp-content\/uploads\/2022\/07\/masterpress-self-adhesive-label-alcohol-500x500.jpg\" alt=\"\">\n\t\t\t\t\t\t\t\t\t\t<\/figure>\n\t\t\t\t\t\t\t\t\t<\/div>\n\t\t\t\t\t\t\t\t\t\t\t\t\t\t\t\t\t\t\t\t\t\t\t\t\t<div class=\"c-solution-box__title\">\n\t\t\t\t\t\t\t\t\t\t<a class=\"c-solution-box__link c-link c-link--icon c-link--icon-animate\" href=\"https:\/\/masterpress.com\/pl\/alkohole\/etykiety-samoprzylepne-do-alkoholi\/\" target=\"\">\n\t\t\t\t\t\t\t\t\t\t\tetykiety samoprzylepne\t\t\t\t\t\t\t\t\t\t\t<img decoding=\"async\" class=\"c-link__icon js-injected-svg \" src=\"https:\/\/masterpress.com:443\/wp-content\/themes\/masterpress\/front\/static\/img\/icon-arrow-right.svg\" alt=\"\">\n\t\t\t\t\t\t\t\t\t\t<\/a>\n\t\t\t\t\t\t\t\t\t<\/div>\n\t\t\t\t\t\t\t\t\t\t\t\t\t\t\t\t<\/div>\n\t\t\t\t\t\t\t<\/li>\n\t\t\t\t\t\t\t\t\t\t\t<\/ul>\n\t\t\t\t\t\t\t<\/div>\n\t\t<\/div>\n\t<\/div>\n<\/section>\n","protected":false},"excerpt":{"rendered":"","protected":false},"author":3,"featured_media":0,"parent":0,"menu_order":0,"comment_status":"closed","ping_status":"closed","template":"","meta":{"footnotes":""},"class_list":["post-1754","page","type-page","status-publish","hentry"],"acf":[],"_links":{"self":[{"href":"https:\/\/masterpress.com\/pl\/wp-json\/wp\/v2\/pages\/1754","targetHints":{"allow":["GET"]}}],"collection":[{"href":"https:\/\/masterpress.com\/pl\/wp-json\/wp\/v2\/pages"}],"about":[{"href":"https:\/\/masterpress.com\/pl\/wp-json\/wp\/v2\/types\/page"}],"author":[{"embeddable":true,"href":"https:\/\/masterpress.com\/pl\/wp-json\/wp\/v2\/users\/3"}],"replies":[{"embeddable":true,"href":"https:\/\/masterpress.com\/pl\/wp-json\/wp\/v2\/comments?post=1754"}],"version-history":[{"count":12,"href":"https:\/\/masterpress.com\/pl\/wp-json\/wp\/v2\/pages\/1754\/revisions"}],"predecessor-version":[{"id":26196,"href":"https:\/\/masterpress.com\/pl\/wp-json\/wp\/v2\/pages\/1754\/revisions\/26196"}],"wp:attachment":[{"href":"https:\/\/masterpress.com\/pl\/wp-json\/wp\/v2\/media?parent=1754"}],"curies":[{"name":"wp","href":"https:\/\/api.w.org\/{rel}","templated":true}]}}