{"id":1740,"date":"2022-05-26T22:43:43","date_gmt":"2022-05-26T22:43:43","guid":{"rendered":"https:\/\/masterpress.aazzxx.com\/?page_id=1740"},"modified":"2026-03-28T18:40:42","modified_gmt":"2026-03-28T18:40:42","slug":"suplementy","status":"publish","type":"page","link":"https:\/\/masterpress.com\/pl\/suplementy\/","title":{"rendered":"Suplementy"},"content":{"rendered":"\n<section class=\"l-sec o-mobile-top-25 o-top-60 o-mobile-bottom-25 o-bottom-120 u-overflow-hidden\">\n\t<div class=\"l-inner\">\n\t\t<div class=\"c-hero-text-img\">\n\t\t\t<div class=\"c-hero-text-img__content\">\n\t\t\t\t\t\t\t\t\t<h1 class=\"c-hero-text-img__heading t-size-42 t-size-40--desktop ui-color--black-1 ui-font-weight--bold t-font-secondary t-lower\">\n\t\t\t\t\t\tSuplementy\t\t\t\t\t<\/h1>\n\t\t\t\t\t\t\t\t\t\t\t\t\t<div class=\"c-hero-text-img__desc\">\n\t\t\t\t\t\t<div class=\"c-wysiwyg ui-color--dark-grey-1 t-size-14\">\n\t\t\t\t\t\t\t<p><span style=\"font-weight: 400;\">Rynek suplement\u00f3w dietetycznych i sportowych prze\u017cywa w ostatnich latach prawdziwy boom, a konkurencja w bran\u017cy jest niezwykle zaci\u0119ta. Suplementy zazwyczaj postrzegane s\u0105 jako produkty klasy premium, kt\u00f3rych motorem jest innowacyjno\u015b\u0107, wi\u0119c spos\u00f3b, w jaki maj\u0105 prezentowa\u0107 si\u0119 na p\u00f3\u0142ce powinien to odzwierciedla\u0107. Przy bardzo wielu markach konkuruj\u0105cych ze sob\u0105 na rynku, celem opakowania jest d\u0105\u017cenie do osi\u0105gni\u0119cia silnego wyr\u00f3\u017cnienia danej marki, przy jednoczesnym zaakcentowaniu jako\u015bci i nowoczesno\u015bci produktu.<\/span><\/p>\n<p><span style=\"font-weight: 400;\">Masterpress pomo\u017ce Ci zrealizowa\u0107 te cele, wykorzystuj\u0105c technologie druku hybrydowego wysokiej jako\u015bci, lakiery i techniki zdobnicze, aby zapewni\u0107 Twojej marce wygl\u0105d i charakter produktu najwy\u017cszej klasy.<\/span><\/p>\n\t\t\t\t\t\t<\/div>\n\t\t\t\t\t<\/div>\n\t\t\t\t\t\t\t<\/div>\n\t\t\t<div class=\"c-hero-text-img__media\">\n\t\t\t\t\t\t\t\t\t<figure class=\"c-hero-text-img__figure\">\n\t\t\t\t\t\t<img decoding=\"async\" class=\"c-hero-text-img__image\" src=\"https:\/\/masterpress.com:443\/wp-content\/uploads\/2023\/02\/sports-nutrition-and-supplements-shoppers.jpg\" alt=\"\">\n\t\t\t\t\t<\/figure>\n\t\t\t\t\t<span class=\"c-hero-text-img__media-decor\"><\/span>\n\t\t\t\t\t\t\t<\/div>\n\t\t<\/div>\n\t<\/div>\n<\/section>\n\n\n\n<section class=\"l-sec o-mobile-bottom-60 o-bottom-160 o-mobile-top-80\">\n\t<div class=\"l-inner\">\n\t\t<div class=\"c-solutions\">\n\t\t\t\t\t\t\t<h2 class=\"c-solutions__heading t-size-42 t-size-40--desktop ui-color--black-1 ui-font-weight--bold t-font-secondary t-lower\">\n\t\t\t\t\tRozwi\u0105zania\t\t\t\t<\/h2>\n\t\t\t\t\t\t<div class=\"c-solutions__content\">\n\t\t\t\t\t\t\t\t\t<ul class=\"c-solutions-list c-list\">\n\t\t\t\t\t\t\t\t\t\t\t\t\t<li class=\"c-solutions-list__item\">\n\t\t\t\t\t\t\t\t<div class=\"c-solution-box\">\n\t\t\t\t\t\t\t\t\t\t\t\t\t\t\t\t\t<div class=\"c-solution-box__media\">\n\t\t\t\t\t\t\t\t\t\t<figure class=\"c-solution-box__figure\">\n\t\t\t\t\t\t\t\t\t\t\t<img decoding=\"async\" class=\"c-solution-box__image\" src=\"https:\/\/masterpress.com:443\/wp-content\/uploads\/2022\/07\/masterpress-supplements-shrinksleeve-500x500.jpg\" alt=\"\">\n\t\t\t\t\t\t\t\t\t\t<\/figure>\n\t\t\t\t\t\t\t\t\t<\/div>\n\t\t\t\t\t\t\t\t\t\t\t\t\t\t\t\t\t\t\t\t\t\t\t\t\t<div class=\"c-solution-box__title\">\n\t\t\t\t\t\t\t\t\t\t<a class=\"c-solution-box__link c-link c-link--icon c-link--icon-animate\" href=\"https:\/\/masterpress.com\/pl\/suplementy\/etykiety-shrink-sleeve-do-suplementow\/\" target=\"\">\n\t\t\t\t\t\t\t\t\t\t\tetykiety shrink sleeve\t\t\t\t\t\t\t\t\t\t\t<img decoding=\"async\" class=\"c-link__icon js-injected-svg \" src=\"https:\/\/masterpress.com:443\/wp-content\/themes\/masterpress\/front\/static\/img\/icon-arrow-right.svg\" alt=\"\">\n\t\t\t\t\t\t\t\t\t\t<\/a>\n\t\t\t\t\t\t\t\t\t<\/div>\n\t\t\t\t\t\t\t\t\t\t\t\t\t\t\t\t<\/div>\n\t\t\t\t\t\t\t<\/li>\n\t\t\t\t\t\t\t\t\t\t\t\t\t<li class=\"c-solutions-list__item\">\n\t\t\t\t\t\t\t\t<div class=\"c-solution-box\">\n\t\t\t\t\t\t\t\t\t\t\t\t\t\t\t\t\t<div class=\"c-solution-box__media\">\n\t\t\t\t\t\t\t\t\t\t<figure class=\"c-solution-box__figure\">\n\t\t\t\t\t\t\t\t\t\t\t<img decoding=\"async\" class=\"c-solution-box__image\" src=\"https:\/\/masterpress.com:443\/wp-content\/uploads\/2023\/12\/sport-supplement-sal-min-500x500.jpeg\" alt=\"\">\n\t\t\t\t\t\t\t\t\t\t<\/figure>\n\t\t\t\t\t\t\t\t\t<\/div>\n\t\t\t\t\t\t\t\t\t\t\t\t\t\t\t\t\t\t\t\t\t\t\t\t\t<div class=\"c-solution-box__title\">\n\t\t\t\t\t\t\t\t\t\t<a class=\"c-solution-box__link c-link c-link--icon c-link--icon-animate\" href=\"https:\/\/masterpress.com\/pl\/suplementy\/etykiety-samoprzylepne-do-suplementow\/\" target=\"\">\n\t\t\t\t\t\t\t\t\t\t\tetykiety samoprzylepne\t\t\t\t\t\t\t\t\t\t\t<img decoding=\"async\" class=\"c-link__icon js-injected-svg \" src=\"https:\/\/masterpress.com:443\/wp-content\/themes\/masterpress\/front\/static\/img\/icon-arrow-right.svg\" alt=\"\">\n\t\t\t\t\t\t\t\t\t\t<\/a>\n\t\t\t\t\t\t\t\t\t<\/div>\n\t\t\t\t\t\t\t\t\t\t\t\t\t\t\t\t<\/div>\n\t\t\t\t\t\t\t<\/li>\n\t\t\t\t\t\t\t\t\t\t\t<\/ul>\n\t\t\t\t\t\t\t<\/div>\n\t\t<\/div>\n\t<\/div>\n<\/section>\n","protected":false},"excerpt":{"rendered":"","protected":false},"author":3,"featured_media":0,"parent":0,"menu_order":0,"comment_status":"closed","ping_status":"closed","template":"","meta":{"footnotes":""},"class_list":["post-1740","page","type-page","status-publish","hentry"],"acf":[],"_links":{"self":[{"href":"https:\/\/masterpress.com\/pl\/wp-json\/wp\/v2\/pages\/1740","targetHints":{"allow":["GET"]}}],"collection":[{"href":"https:\/\/masterpress.com\/pl\/wp-json\/wp\/v2\/pages"}],"about":[{"href":"https:\/\/masterpress.com\/pl\/wp-json\/wp\/v2\/types\/page"}],"author":[{"embeddable":true,"href":"https:\/\/masterpress.com\/pl\/wp-json\/wp\/v2\/users\/3"}],"replies":[{"embeddable":true,"href":"https:\/\/masterpress.com\/pl\/wp-json\/wp\/v2\/comments?post=1740"}],"version-history":[{"count":17,"href":"https:\/\/masterpress.com\/pl\/wp-json\/wp\/v2\/pages\/1740\/revisions"}],"predecessor-version":[{"id":26184,"href":"https:\/\/masterpress.com\/pl\/wp-json\/wp\/v2\/pages\/1740\/revisions\/26184"}],"wp:attachment":[{"href":"https:\/\/masterpress.com\/pl\/wp-json\/wp\/v2\/media?parent=1740"}],"curies":[{"name":"wp","href":"https:\/\/api.w.org\/{rel}","templated":true}]}}