{"id":1728,"date":"2022-05-26T22:34:36","date_gmt":"2022-05-26T22:34:36","guid":{"rendered":"https:\/\/masterpress.aazzxx.com\/?page_id=1728"},"modified":"2026-03-28T18:41:47","modified_gmt":"2026-03-28T18:41:47","slug":"produkty-kosmetyczne","status":"publish","type":"page","link":"https:\/\/masterpress.com\/pl\/produkty-kosmetyczne\/","title":{"rendered":"Produkty kosmetyczne"},"content":{"rendered":"\n<section class=\"l-sec o-mobile-top-25 o-top-60 o-mobile-bottom-25 o-bottom-120 u-overflow-hidden\">\n\t<div class=\"l-inner\">\n\t\t<div class=\"c-hero-text-img\">\n\t\t\t<div class=\"c-hero-text-img__content\">\n\t\t\t\t\t\t\t\t\t<h1 class=\"c-hero-text-img__heading t-size-42 t-size-40--desktop ui-color--black-1 ui-font-weight--bold t-font-secondary t-lower\">\n\t\t\t\t\t\tProdukty kosmetyczne\t\t\t\t\t<\/h1>\n\t\t\t\t\t\t\t\t\t\t\t\t\t<div class=\"c-hero-text-img__desc\">\n\t\t\t\t\t\t<div class=\"c-wysiwyg ui-color--dark-grey-1 t-size-14\">\n\t\t\t\t\t\t\t<p><b>Na rynku kosmetyk\u00f3w i produkt\u00f3w do higieny osobistej ogromn\u0105 rol\u0119 odgrywaj\u0105 r\u00f3wnolegle wzornictwo opakowa\u0144 i ich og\u00f3lna estetyka, jak r\u00f3wnie\u017c wymagany przepisami prawa obowi\u0105zek dostarczenia konsumentom odpowiednich informacji nt. produktu. Opakowania bywaj\u0105 bardzo z\u0142o\u017cone i zr\u00f3\u017cnicowane pod wzgl\u0119dem rozmiaru, kszta\u0142tu i materia\u0142\u00f3w. Dlatego te\u017c niezb\u0119dny jest wyb\u00f3r takiego dostawcy etykiet, kt\u00f3ry rozumie te zawi\u0142o\u015bci i posiada odpowiednie do\u015bwiadczenie w tej dziedzinie.\u00a0<\/b><\/p>\n<p><span style=\"font-weight: 400;\">Produkty do higieny osobistej i kosmetyki musz\u0105 by\u0107 opatrzone informacjami na temat zawarto\u015bci oraz ostrze\u017ceniami nie tylko ze wzgl\u0119du na przepisy prawne, ale s\u0105 one wr\u0119cz kluczowe dla zapewnienia bezpiecze\u0144stwa konsumentom. Dlatego te\u017c projektowanie atrakcyjnego wizualnie, wyr\u00f3\u017cniaj\u0105cego si\u0119 na tle innych opakowania, zawieraj\u0105cego jednocze\u015bnie wszystkie wymagane prawem informacje jest w tych segmentach rynku konieczno\u015bci\u0105.\u00a0<\/span><\/p>\n<p><span style=\"font-weight: 400;\">Masterpress wsp\u00f3\u0142pracuje z najbardziej znanymi \u015bwiatowymi firmami, tworz\u0105c znakomite etykiety zar\u00f3wno dla wprowadzanych na rynek nowych produkt\u00f3w, jak i na potrzeby regularnych dostaw. Dowodzi to najwy\u017cszej klasy standard\u00f3w produkcyjnych stosowanych przez Masterpress oraz jako\u015bci naszych etykiet.<\/span><\/p>\n\t\t\t\t\t\t<\/div>\n\t\t\t\t\t<\/div>\n\t\t\t\t\t\t\t<\/div>\n\t\t\t<div class=\"c-hero-text-img__media\">\n\t\t\t\t\t\t\t\t\t<figure class=\"c-hero-text-img__figure\">\n\t\t\t\t\t\t<img decoding=\"async\" class=\"c-hero-text-img__image\" src=\"https:\/\/masterpress.com:443\/wp-content\/uploads\/2022\/04\/arabic-woman-choosing-household-cleaning-products-2021-11-08-17-14-20-utc-min-scaled.jpg\" alt=\"\">\n\t\t\t\t\t<\/figure>\n\t\t\t\t\t<span class=\"c-hero-text-img__media-decor\"><\/span>\n\t\t\t\t\t\t\t<\/div>\n\t\t<\/div>\n\t<\/div>\n<\/section>\n\n\n\n<section class=\"l-sec o-mobile-bottom-60 o-bottom-160 o-mobile-top-80\">\n\t<div class=\"l-inner\">\n\t\t<div class=\"c-solutions\">\n\t\t\t\t\t\t\t<h2 class=\"c-solutions__heading t-size-42 t-size-40--desktop ui-color--black-1 ui-font-weight--bold t-font-secondary t-lower\">\n\t\t\t\t\tRozwi\u0105zania\t\t\t\t<\/h2>\n\t\t\t\t\t\t<div class=\"c-solutions__content\">\n\t\t\t\t\t\t\t\t\t<ul class=\"c-solutions-list c-list\">\n\t\t\t\t\t\t\t\t\t\t\t\t\t<li class=\"c-solutions-list__item\">\n\t\t\t\t\t\t\t\t<div class=\"c-solution-box\">\n\t\t\t\t\t\t\t\t\t\t\t\t\t\t\t\t\t<div class=\"c-solution-box__media\">\n\t\t\t\t\t\t\t\t\t\t<figure class=\"c-solution-box__figure\">\n\t\t\t\t\t\t\t\t\t\t\t<img decoding=\"async\" class=\"c-solution-box__image\" src=\"https:\/\/masterpress.com:443\/wp-content\/uploads\/2022\/07\/masterpress-personal-care-shrinksleeve-500x500.jpg\" alt=\"\">\n\t\t\t\t\t\t\t\t\t\t<\/figure>\n\t\t\t\t\t\t\t\t\t<\/div>\n\t\t\t\t\t\t\t\t\t\t\t\t\t\t\t\t\t\t\t\t\t\t\t\t\t<div class=\"c-solution-box__title\">\n\t\t\t\t\t\t\t\t\t\t<a class=\"c-solution-box__link c-link c-link--icon c-link--icon-animate\" href=\"https:\/\/masterpress.com\/pl\/produkty-kosmetyczne\/etykiety-shrink-sleeve-do-kosmetykow\/\" target=\"\">\n\t\t\t\t\t\t\t\t\t\t\tetykiety shrink sleeve\t\t\t\t\t\t\t\t\t\t\t<img decoding=\"async\" class=\"c-link__icon js-injected-svg \" src=\"https:\/\/masterpress.com:443\/wp-content\/themes\/masterpress\/front\/static\/img\/icon-arrow-right.svg\" alt=\"\">\n\t\t\t\t\t\t\t\t\t\t<\/a>\n\t\t\t\t\t\t\t\t\t<\/div>\n\t\t\t\t\t\t\t\t\t\t\t\t\t\t\t\t<\/div>\n\t\t\t\t\t\t\t<\/li>\n\t\t\t\t\t\t\t\t\t\t\t\t\t<li class=\"c-solutions-list__item\">\n\t\t\t\t\t\t\t\t<div class=\"c-solution-box\">\n\t\t\t\t\t\t\t\t\t\t\t\t\t\t\t\t\t<div class=\"c-solution-box__media\">\n\t\t\t\t\t\t\t\t\t\t<figure class=\"c-solution-box__figure\">\n\t\t\t\t\t\t\t\t\t\t\t<img decoding=\"async\" class=\"c-solution-box__image\" src=\"https:\/\/masterpress.com:443\/wp-content\/uploads\/2022\/07\/masterpress-personal-care-selfadhesive-label-500x500.jpg\" alt=\"\">\n\t\t\t\t\t\t\t\t\t\t<\/figure>\n\t\t\t\t\t\t\t\t\t<\/div>\n\t\t\t\t\t\t\t\t\t\t\t\t\t\t\t\t\t\t\t\t\t\t\t\t\t<div class=\"c-solution-box__title\">\n\t\t\t\t\t\t\t\t\t\t<a class=\"c-solution-box__link c-link c-link--icon c-link--icon-animate\" href=\"https:\/\/masterpress.com\/pl\/produkty-kosmetyczne\/etykiety-samoprzylepne-do-kosmetykow\/\" target=\"\">\n\t\t\t\t\t\t\t\t\t\t\tetykiety samoprzylepne\t\t\t\t\t\t\t\t\t\t\t<img decoding=\"async\" class=\"c-link__icon js-injected-svg \" src=\"https:\/\/masterpress.com:443\/wp-content\/themes\/masterpress\/front\/static\/img\/icon-arrow-right.svg\" alt=\"\">\n\t\t\t\t\t\t\t\t\t\t<\/a>\n\t\t\t\t\t\t\t\t\t<\/div>\n\t\t\t\t\t\t\t\t\t\t\t\t\t\t\t\t<\/div>\n\t\t\t\t\t\t\t<\/li>\n\t\t\t\t\t\t\t\t\t\t\t<\/ul>\n\t\t\t\t\t\t\t<\/div>\n\t\t<\/div>\n\t<\/div>\n<\/section>\n","protected":false},"excerpt":{"rendered":"","protected":false},"author":3,"featured_media":0,"parent":0,"menu_order":0,"comment_status":"closed","ping_status":"closed","template":"","meta":{"footnotes":""},"class_list":["post-1728","page","type-page","status-publish","hentry"],"acf":[],"_links":{"self":[{"href":"https:\/\/masterpress.com\/pl\/wp-json\/wp\/v2\/pages\/1728","targetHints":{"allow":["GET"]}}],"collection":[{"href":"https:\/\/masterpress.com\/pl\/wp-json\/wp\/v2\/pages"}],"about":[{"href":"https:\/\/masterpress.com\/pl\/wp-json\/wp\/v2\/types\/page"}],"author":[{"embeddable":true,"href":"https:\/\/masterpress.com\/pl\/wp-json\/wp\/v2\/users\/3"}],"replies":[{"embeddable":true,"href":"https:\/\/masterpress.com\/pl\/wp-json\/wp\/v2\/comments?post=1728"}],"version-history":[{"count":12,"href":"https:\/\/masterpress.com\/pl\/wp-json\/wp\/v2\/pages\/1728\/revisions"}],"predecessor-version":[{"id":26188,"href":"https:\/\/masterpress.com\/pl\/wp-json\/wp\/v2\/pages\/1728\/revisions\/26188"}],"wp:attachment":[{"href":"https:\/\/masterpress.com\/pl\/wp-json\/wp\/v2\/media?parent=1728"}],"curies":[{"name":"wp","href":"https:\/\/api.w.org\/{rel}","templated":true}]}}