{"id":1725,"date":"2022-02-21T10:21:05","date_gmt":"2022-02-21T10:21:05","guid":{"rendered":"https:\/\/masterpress.aazzxx.com\/?page_id=1725"},"modified":"2024-03-28T08:04:39","modified_gmt":"2024-03-28T08:04:39","slug":"maszyny","status":"publish","type":"page","link":"https:\/\/masterpress.com\/pl\/maszyny\/","title":{"rendered":"Maszyny"},"content":{"rendered":"\n<section class=\"l-sec o-mobile-top-25 o-mobile-bottom-100 o-bottom-160 u-overflow-hidden\">\n\t<div class=\"l-inner\">\n\t\t<div class=\"c-hero-card\">\n\t\t\t<div class=\"c-hero-card__content ui-bg--white-2 t-font-secondary\">\n\t\t\t\t\t\t\t\t\t<h1 class=\"c-hero-card__title ui-font-weight--semibold\">\n\t\t\t\t\t\trozwi\u0105zania masterpress\t\t\t\t\t<\/h1>\n\t\t\t\t\t\t\t\t\t\t\t\t\t<div class=\"c-hero-card__desc\">\n\t\t\t\t\t\t<p>dla technologii etykiet termokurczliwych<\/p>\n\t\t\t\t\t<\/div>\n\t\t\t\t\t\t\t<\/div>\n\t\t\t<div class=\"c-hero-card__media u-move-outside-inner--mobile\">\n\t\t\t\t\t\t\t\t\t<figure class=\"c-hero-card__figure\">\n\t\t\t\t\t\t<img decoding=\"async\" class=\"c-hero-card__image\" src=\"https:\/\/masterpress.com:443\/wp-content\/uploads\/2022\/10\/0-302-min-1-1.jpg\" alt=\"\">\n\t\t\t\t\t<\/figure>\n\t\t\t\t\t\t\t<\/div>\n\t\t<\/div>\n\t<\/div>\n<\/section>\n\n\n<section class=\"l-sec o-mobile-bottom-50 o-bottom-100\">\n\t<div class=\"l-inner\">\n\t\t<div class=\"c-about-us\">\n\t\t\t<header class=\"c-about-us__header\">\n\t\t\t\t\t\t\t\t\t<h2 class=\"c-about-us__heading t-size-30 t-size-35--desktop ui-color--black-1 ui-font-weight--semibold t-font-secondary t-lower\">\n\t\t\t\t\t\t<h1>zainspirowani ci\u0105g\u0142ym d\u0105\u017ceniem do innowacji tworzymy nowe standardy dla bran\u017cy<\/h1>\t\t\t\t\t<\/h2>\n\t\t\t\t\n\t\t\t\t\t\t\t\t\t<div class=\"c-about-us__desc t-size-16 ui-color--dark-grey-1\">\n\t\t\t\t\t\t<p><img decoding=\"async\" class=\"alignnone wp-image-2654 size-full\" src=\"https:\/\/masterpress.com:443\/wp-content\/uploads\/2023\/01\/bg-masterpress.png\" alt=\"\" width=\"2040\" srcset=\"https:\/\/masterpress.com:443\/wp-content\/uploads\/2023\/01\/bg-masterpress.png 1500w, https:\/\/masterpress.com:443\/wp-content\/uploads\/2023\/01\/bg-masterpress-300x100.png 300w, https:\/\/masterpress.com:443\/wp-content\/uploads\/2023\/01\/bg-masterpress-1024x341.png 1024w, https:\/\/masterpress.com:443\/wp-content\/uploads\/2023\/01\/bg-masterpress-768x256.png 768w, https:\/\/masterpress.com:443\/wp-content\/uploads\/2023\/01\/bg-masterpress-500x167.png 500w\" sizes=\"(max-width: 1500px) 100vw, 1500px\" \/><\/p>\n\t\t\t\t\t<\/div>\n\t\t\t\t\n\t\t\t\t\t\t\t<\/header>\n\n\t\t\t\t\t<\/div>\n\t<\/div>\n<\/section>\n\n\n\n\n<section class=\"l-sec l-offer u-overflow-hidden o-mobile-bottom-25 o-mobile-top-50 o-top-100 o-bottom-140\">\n\t<div class=\"l-inner\">\n\t\t<div class=\"c-offer\">\n\t\t\t\n\t\t\t\t\t\t\t<div class=\"c-offer__content\">\n\t\t\t\t\t<ul class=\"c-offer-list\">\n\n\n\t\t\t\t\t\t\t\t\t\t\t\t\t<li class=\"c-offer-list__item\">\n\n\n\t\t\t\t\t\t\t\t<div class=\"c-offer-teaser c-offer-teaser--alt\">\n\t\t\t\t\t\t\t\t\t<div class=\"c-offer-teaser__header\">\n\t\t\t\t\t\t\t\t\t\t\t\t\t\t\t\t\t\t\t\t\t<div class=\"c-offer-teaser__title\">\n\t\t\t\t\t\t\t\t\t\t\t\t<h3 class=\"t-size-24 t-size-35--desktop ui-font-weight--medium t-font-secondary\">\n\t\t\t\t\t\t\t\t\t\t\t\t\taplikatory etykiet termokurczliwych\t\t\t\t\t\t\t\t\t\t\t\t<\/h3>\n\t\t\t\t\t\t\t\t\t\t\t<\/div>\n\t\t\t\t\t\t\t\t\t\t\n\t\t\t\t\t\t\t\t\t\t\t\t\t\t\t\t\t\t\t\t\t<div class=\"c-offer-teaser__desc t-size-14 t-size-16--desktop ui-color--dark-grey-1\">\n\t\t\t\t\t\t\t\t\t\t\t\t<p class=\"p1\">Autorskie rozwi\u0105zania urz\u0105dze\u0144 do aplikacji etykiet termokurczliwych (aplikator\u00f3w) dopasowanych do potrzeb klienta. Wykonane w Polsce ze stali nierdzewnej, co pozwala na ich zastosowanie w przemy\u015ble spo\u017cywczym,\u00a0 chemicznym i farmaceutycznym. Charakteryzuj\u0105 si\u0119 niezawodno\u015bci\u0105 i wysok\u0105 jako\u015bci\u0105 aplikacji z wydajno\u015bci\u0105 do 400 szt.\/min.<\/p>\n\t\t\t\t\t\t\t\t\t\t\t<\/div>\n\t\t\t\t\t\t\t\t\t\t\t\t\t\t\t\t\t\t\t<\/div>\n\t\t\t\t\t\t\t\t\t\t\t\t\t\t\t\t\t\t\t<div class=\"c-offer-teaser__media c-offer-teaser__media--alt\">\n\n\t\t\t\t\t\t\t\t\t\t\t<div class=\"c-aside-decor-box\">\n\t\t\t\t\t\t\t\t\t\t\t\t<figure class=\"c-aside-decor-box__figure\">\n\t\t\t\t\t\t\t\t\t\t\t\t\t<img decoding=\"async\" class=\"c-aside-decor-box__image\" src=\"https:\/\/masterpress.com:443\/wp-content\/uploads\/2023\/01\/Zdjecie-2.jpg\" alt=\"\">\n\t\t\t\t\t\t\t\t\t\t\t\t<\/figure>\n\t\t\t\t\t\t\t\t\t\t\t\t\n\t\t\t\t\t\t\t\t\t\t\t\t\t\t\t\t\t\t\t\t\t\t\t<\/div>\n\n\t\t\t\t\t\t\t\t\t\t<\/div>\n\n\t\t\t\t\t\t\t\t\t\n\t\t\t\t\t\t\t\t\t<div class=\"c-offer-teaser__footer\">\n\t\t\t\t\t\t\t\t\t\t\t\t\t\t\t\t\t\t\t\t\t\t\t\t\t\t\t\t\t\t\t<div class=\"c-offer-teaser__action\">\n\t\t\t\t\t\t\t\t\t\t\t\t<a class=\"c-btn c-btn--primary\" href=\"https:\/\/masterpress.com\/pl\/maszyny\/aplikatory-etykiet-shrink-sleeves\/\" target=\"\">\n\t\t\t\t\t\t\t\t\t\t\t\t\tWi\u0119cej\t\t\t\t\t\t\t\t\t\t\t\t<\/a>\n\t\t\t\t\t\t\t\t\t\t\t<\/div>\n\t\t\t\t\t\t\t\t\t\t\t\t\t\t\t\t\t\t\t<\/div>\n\n\t\t\t\t\t\t\t\t<\/div>\n\t\t\t\t\t\t\t<\/li>\n\t\t\t\t\t\t\t\t\t\t\t\t\t<li class=\"c-offer-list__item\">\n\n\n\t\t\t\t\t\t\t\t<div class=\"c-offer-teaser\">\n\t\t\t\t\t\t\t\t\t<div class=\"c-offer-teaser__header\">\n\t\t\t\t\t\t\t\t\t\t\t\t\t\t\t\t\t\t\t\t\t<div class=\"c-offer-teaser__title\">\n\t\t\t\t\t\t\t\t\t\t\t\t<h3 class=\"t-size-24 t-size-35--desktop ui-font-weight--medium t-font-secondary\">\n\t\t\t\t\t\t\t\t\t\t\t\t\ttunele parowe\t\t\t\t\t\t\t\t\t\t\t\t<\/h3>\n\t\t\t\t\t\t\t\t\t\t\t<\/div>\n\t\t\t\t\t\t\t\t\t\t\n\t\t\t\t\t\t\t\t\t\t\t\t\t\t\t\t\t\t\t\t\t<div class=\"c-offer-teaser__desc t-size-14 t-size-16--desktop ui-color--dark-grey-1\">\n\t\t\t\t\t\t\t\t\t\t\t\t<p>Projektujemy i budujemy tunele parowe do etykiet termokurczliwych stosowanych w przemy\u015ble, a w szczeg\u00f3lno\u015bci w bran\u017cy FMCG. Zastosowanie przeszklonych drzwi pozwala na obserwacj\u0119 przebiegu procesu obkurczania. Niezawodno\u015b\u0107 i \u0142atwo\u015b\u0107 obs\u0142ugi pozwalaj\u0105 na pe\u0142n\u0105 kontrol\u0119 \u015brodowiska parowego.<\/p>\n\t\t\t\t\t\t\t\t\t\t\t<\/div>\n\t\t\t\t\t\t\t\t\t\t\t\t\t\t\t\t\t\t\t<\/div>\n\t\t\t\t\t\t\t\t\t\t\t\t\t\t\t\t\t\t\t<div class=\"c-offer-teaser__media\">\n\n\t\t\t\t\t\t\t\t\t\t\t<div class=\"c-aside-decor-box\">\n\t\t\t\t\t\t\t\t\t\t\t\t<figure class=\"c-aside-decor-box__figure\">\n\t\t\t\t\t\t\t\t\t\t\t\t\t<img decoding=\"async\" class=\"c-aside-decor-box__image\" src=\"https:\/\/masterpress.com:443\/wp-content\/uploads\/2023\/01\/Zdjecie-3-min-scaled.jpg\" alt=\"\">\n\t\t\t\t\t\t\t\t\t\t\t\t<\/figure>\n\t\t\t\t\t\t\t\t\t\t\t\t\n\t\t\t\t\t\t\t\t\t\t\t\t\t\t\t\t\t\t\t\t\t\t\t<\/div>\n\n\t\t\t\t\t\t\t\t\t\t<\/div>\n\n\t\t\t\t\t\t\t\t\t\n\t\t\t\t\t\t\t\t\t<div class=\"c-offer-teaser__footer\">\n\t\t\t\t\t\t\t\t\t\t\t\t\t\t\t\t\t\t\t\t\t\t\t\t\t\t\t\t\t\t\t<div class=\"c-offer-teaser__action\">\n\t\t\t\t\t\t\t\t\t\t\t\t<a class=\"c-btn c-btn--primary\" href=\"https:\/\/masterpress.com\/pl\/maszyny\/tunele-parowe\/\" target=\"\">\n\t\t\t\t\t\t\t\t\t\t\t\t\tWi\u0119cej\t\t\t\t\t\t\t\t\t\t\t\t<\/a>\n\t\t\t\t\t\t\t\t\t\t\t<\/div>\n\t\t\t\t\t\t\t\t\t\t\t\t\t\t\t\t\t\t\t<\/div>\n\n\t\t\t\t\t\t\t\t<\/div>\n\t\t\t\t\t\t\t<\/li>\n\t\t\t\t\t\t\t\t\t\t\t\t\t<li class=\"c-offer-list__item\">\n\n\n\t\t\t\t\t\t\t\t<div class=\"c-offer-teaser c-offer-teaser--alt\">\n\t\t\t\t\t\t\t\t\t<div class=\"c-offer-teaser__header\">\n\t\t\t\t\t\t\t\t\t\t\t\t\t\t\t\t\t\t\t\t\t<div class=\"c-offer-teaser__title\">\n\t\t\t\t\t\t\t\t\t\t\t\t<h3 class=\"t-size-24 t-size-35--desktop ui-font-weight--medium t-font-secondary\">\n\t\t\t\t\t\t\t\t\t\t\t\t\tosuszacze (no\u017ce powietrzne)\t\t\t\t\t\t\t\t\t\t\t\t<\/h3>\n\t\t\t\t\t\t\t\t\t\t\t<\/div>\n\t\t\t\t\t\t\t\t\t\t\n\t\t\t\t\t\t\t\t\t\t\t\t\t\t\t\t\t\t\t\t\t<div class=\"c-offer-teaser__desc t-size-14 t-size-16--desktop ui-color--dark-grey-1\">\n\t\t\t\t\t\t\t\t\t\t\t\t<p>Urz\u0105dzenia wykorzystywane do osuszania pojemnik\u00f3w na liniach produkcyjnych. Wytwarzany przez osuszacz strumie\u0144 powietrza usuwa wilgo\u0107 z powierzchni opakowania powsta\u0142\u0105 w procesie obkurczania w tunelu parowym i pozwala unikn\u0105\u0107 problem\u00f3w przy pakowaniu i magazynowaniu wyrob\u00f3w.<\/p>\n\t\t\t\t\t\t\t\t\t\t\t<\/div>\n\t\t\t\t\t\t\t\t\t\t\t\t\t\t\t\t\t\t\t<\/div>\n\t\t\t\t\t\t\t\t\t\t\t\t\t\t\t\t\t\t\t<div class=\"c-offer-teaser__media c-offer-teaser__media--alt\">\n\n\t\t\t\t\t\t\t\t\t\t\t<div class=\"c-aside-decor-box\">\n\t\t\t\t\t\t\t\t\t\t\t\t<figure class=\"c-aside-decor-box__figure\">\n\t\t\t\t\t\t\t\t\t\t\t\t\t<img decoding=\"async\" class=\"c-aside-decor-box__image\" src=\"https:\/\/masterpress.com:443\/wp-content\/uploads\/2023\/01\/Zdjecie-4-min-scaled.jpg\" alt=\"\">\n\t\t\t\t\t\t\t\t\t\t\t\t<\/figure>\n\t\t\t\t\t\t\t\t\t\t\t\t\n\t\t\t\t\t\t\t\t\t\t\t\t\t\t\t\t\t\t\t\t\t\t\t<\/div>\n\n\t\t\t\t\t\t\t\t\t\t<\/div>\n\n\t\t\t\t\t\t\t\t\t\n\t\t\t\t\t\t\t\t\t<div class=\"c-offer-teaser__footer\">\n\t\t\t\t\t\t\t\t\t\t\t\t\t\t\t\t\t\t\t\t\t\t\t\t\t\t\t\t\t\t\t<div class=\"c-offer-teaser__action\">\n\t\t\t\t\t\t\t\t\t\t\t\t<a class=\"c-btn c-btn--primary\" href=\"https:\/\/masterpress.com\/pl\/maszyny\/suszarki-noze-powietrzne\/\" target=\"\">\n\t\t\t\t\t\t\t\t\t\t\t\t\tWi\u0119cej\t\t\t\t\t\t\t\t\t\t\t\t<\/a>\n\t\t\t\t\t\t\t\t\t\t\t<\/div>\n\t\t\t\t\t\t\t\t\t\t\t\t\t\t\t\t\t\t\t<\/div>\n\n\t\t\t\t\t\t\t\t<\/div>\n\t\t\t\t\t\t\t<\/li>\n\t\t\t\t\t\t\t\t\t\t\t\t\t<li class=\"c-offer-list__item\">\n\n\n\t\t\t\t\t\t\t\t<div class=\"c-offer-teaser\">\n\t\t\t\t\t\t\t\t\t<div class=\"c-offer-teaser__header\">\n\t\t\t\t\t\t\t\t\t\t\t\t\t\t\t\t\t\t\t\t\t<div class=\"c-offer-teaser__title\">\n\t\t\t\t\t\t\t\t\t\t\t\t<h3 class=\"t-size-24 t-size-35--desktop ui-font-weight--medium t-font-secondary\">\n\t\t\t\t\t\t\t\t\t\t\t\t\tzrobotyzowane stanowiska pracy\t\t\t\t\t\t\t\t\t\t\t\t<\/h3>\n\t\t\t\t\t\t\t\t\t\t\t<\/div>\n\t\t\t\t\t\t\t\t\t\t\n\t\t\t\t\t\t\t\t\t\t\t\t\t\t\t\t\t\t\t\t\t<div class=\"c-offer-teaser__desc t-size-14 t-size-16--desktop ui-color--dark-grey-1\">\n\t\t\t\t\t\t\t\t\t\t\t\t<p>Realizujemy projekty zrobotyzowanych stanowisk pracy, kt\u00f3re przyczyniaj\u0105 si\u0119 do zwi\u0119kszenia wydajno\u015bci linii, niezawodno\u015bci pracy oraz eliminacji monotonnej i powtarzalnej pracy, a tak\u017ce zwi\u0119kszenia bezpiecze\u0144stwa pracownik\u00f3w. Zapewniamy opiek\u0119 posprzeda\u017cow\u0105, przegl\u0105dy okresowe, serwis linii, a tak\u017ce pomoc w sytuacjach awaryjnych.<\/p>\n\t\t\t\t\t\t\t\t\t\t\t<\/div>\n\t\t\t\t\t\t\t\t\t\t\t\t\t\t\t\t\t\t\t<\/div>\n\t\t\t\t\t\t\t\t\t\t\t\t\t\t\t\t\t\t\t<div class=\"c-offer-teaser__media\">\n\n\t\t\t\t\t\t\t\t\t\t\t<div class=\"c-aside-decor-box\">\n\t\t\t\t\t\t\t\t\t\t\t\t<figure class=\"c-aside-decor-box__figure\">\n\t\t\t\t\t\t\t\t\t\t\t\t\t<img decoding=\"async\" class=\"c-aside-decor-box__image\" src=\"https:\/\/masterpress.com:443\/wp-content\/uploads\/2023\/01\/Zdjecie-5-min-scaled.jpg\" alt=\"\">\n\t\t\t\t\t\t\t\t\t\t\t\t<\/figure>\n\t\t\t\t\t\t\t\t\t\t\t\t\n\t\t\t\t\t\t\t\t\t\t\t\t\t\t\t\t\t\t\t\t\t\t\t<\/div>\n\n\t\t\t\t\t\t\t\t\t\t<\/div>\n\n\t\t\t\t\t\t\t\t\t\n\t\t\t\t\t\t\t\t\t<div class=\"c-offer-teaser__footer\">\n\t\t\t\t\t\t\t\t\t\t\t\t\t\t\t\t\t\t\t\t\t\t\t\t\t\t\t\t\t\t\t<div class=\"c-offer-teaser__action\">\n\t\t\t\t\t\t\t\t\t\t\t\t<a class=\"c-btn c-btn--primary\" href=\"https:\/\/masterpress.com\/pl\/maszyny\/stacje-robotyczne\/\" target=\"\">\n\t\t\t\t\t\t\t\t\t\t\t\t\tWi\u0119cej\t\t\t\t\t\t\t\t\t\t\t\t<\/a>\n\t\t\t\t\t\t\t\t\t\t\t<\/div>\n\t\t\t\t\t\t\t\t\t\t\t\t\t\t\t\t\t\t\t<\/div>\n\n\t\t\t\t\t\t\t\t<\/div>\n\t\t\t\t\t\t\t<\/li>\n\t\t\t\t\t\t\t\t\t\t\t\t\t<li class=\"c-offer-list__item\">\n\n\n\t\t\t\t\t\t\t\t<div class=\"c-offer-teaser c-offer-teaser--alt\">\n\t\t\t\t\t\t\t\t\t<div class=\"c-offer-teaser__header\">\n\t\t\t\t\t\t\t\t\t\t\t\t\t\t\t\t\t\t\t\t\t<div class=\"c-offer-teaser__title\">\n\t\t\t\t\t\t\t\t\t\t\t\t<h3 class=\"t-size-24 t-size-35--desktop ui-font-weight--medium t-font-secondary\">\n\t\t\t\t\t\t\t\t\t\t\t\t\topcjonalne wyposa\u017cenie aplikator\u00f3w\t\t\t\t\t\t\t\t\t\t\t\t<\/h3>\n\t\t\t\t\t\t\t\t\t\t\t<\/div>\n\t\t\t\t\t\t\t\t\t\t\n\t\t\t\t\t\t\t\t\t\t\t\t\t\t\t\t\t\t\t\t\t<div class=\"c-offer-teaser__desc t-size-14 t-size-16--desktop ui-color--dark-grey-1\">\n\t\t\t\t\t\t\t\t\t\t\t\t<p>Oferujemy opcjonalne wyposa\u017cenia aplikator\u00f3w, kt\u00f3re s\u0105 wykorzystywane w procesie aplikacji etykiet termokurczliwych: label stopper, modu\u0142 perforacji, modu\u0142 do wykonania dodatkowego prze\u0142amania na etykiecie oraz urz\u0105dzenie do pozycjonowania etykiet, a tak\u017ce rozwi\u0105zania wykorzystywane do aplikacji duopack\u00f3w.<\/p>\n\t\t\t\t\t\t\t\t\t\t\t<\/div>\n\t\t\t\t\t\t\t\t\t\t\t\t\t\t\t\t\t\t\t<\/div>\n\t\t\t\t\t\t\t\t\t\t\t\t\t\t\t\t\t\t\t<div class=\"c-offer-teaser__media c-offer-teaser__media--alt\">\n\n\t\t\t\t\t\t\t\t\t\t\t<div class=\"c-aside-decor-box\">\n\t\t\t\t\t\t\t\t\t\t\t\t<figure class=\"c-aside-decor-box__figure\">\n\t\t\t\t\t\t\t\t\t\t\t\t\t<img decoding=\"async\" class=\"c-aside-decor-box__image\" src=\"https:\/\/masterpress.com:443\/wp-content\/uploads\/2023\/02\/aemm.jpg\" alt=\"\">\n\t\t\t\t\t\t\t\t\t\t\t\t<\/figure>\n\t\t\t\t\t\t\t\t\t\t\t\t\n\t\t\t\t\t\t\t\t\t\t\t\t\t\t\t\t\t\t\t\t\t\t\t<\/div>\n\n\t\t\t\t\t\t\t\t\t\t<\/div>\n\n\t\t\t\t\t\t\t\t\t\n\t\t\t\t\t\t\t\t\t<div class=\"c-offer-teaser__footer\">\n\t\t\t\t\t\t\t\t\t\t\t\t\t\t\t\t\t\t\t\t\t\t\t\t\t\t\t\t\t\t\t<div class=\"c-offer-teaser__action\">\n\t\t\t\t\t\t\t\t\t\t\t\t<a class=\"c-btn c-btn--primary\" href=\"https:\/\/masterpress.com\/pl\/maszyny\/dodatkowe-wyposazenie-dla-linii-aplikacyjnej-i-obkurczajacej\/\" target=\"\">\n\t\t\t\t\t\t\t\t\t\t\t\t\tWi\u0119cej\t\t\t\t\t\t\t\t\t\t\t\t<\/a>\n\t\t\t\t\t\t\t\t\t\t\t<\/div>\n\t\t\t\t\t\t\t\t\t\t\t\t\t\t\t\t\t\t\t<\/div>\n\n\t\t\t\t\t\t\t\t<\/div>\n\t\t\t\t\t\t\t<\/li>\n\t\t\t\t\t\t\t\t\t\t\t<\/ul>\n\t\t\t\t<\/div>\n\n\t\t\t\t\t<\/div>\n\t<\/div>\n\n<\/section>\n\n\n<section class=\"l-sec o-mobile-bottom-50 o-bottom-100\">\n\t<div class=\"l-inner\">\n\t\t<div class=\"c-about-us\">\n\t\t\t<header class=\"c-about-us__header\">\n\t\t\t\t\t\t\t\t\t<h2 class=\"c-about-us__heading t-size-30 t-size-35--desktop ui-color--black-1 ui-font-weight--semibold t-font-secondary t-lower\">\n\t\t\t\t\t\t<h1>zobacz video<\/h1>\t\t\t\t\t<\/h2>\n\t\t\t\t\n\t\t\t\t\t\t\t\t\t<div class=\"c-about-us__desc t-size-16 ui-color--dark-grey-1\">\n\t\t\t\t\t\t<table>\n<tbody>\n<tr>\n<th style=\"padding: 40px;\">\n<h3><iframe loading=\"lazy\" title=\"YouTube video player\" src=\"https:\/\/www.youtube.com\/embed\/3qFk5m9jLlw\" width=\"800\" height=\"400\" frameborder=\"0\" allowfullscreen=\"allowfullscreen\"><\/iframe><\/h3>\n<\/th>\n<th><\/th>\n<\/tr>\n<\/tbody>\n<\/table>\n\t\t\t\t\t<\/div>\n\t\t\t\t\n\t\t\t\t\t\t\t<\/header>\n\n\t\t\t\t\t<\/div>\n\t<\/div>\n<\/section>\n","protected":false},"excerpt":{"rendered":"","protected":false},"author":1,"featured_media":0,"parent":0,"menu_order":0,"comment_status":"closed","ping_status":"closed","template":"","meta":{"footnotes":""},"class_list":["post-1725","page","type-page","status-publish","hentry"],"acf":[],"_links":{"self":[{"href":"https:\/\/masterpress.com\/pl\/wp-json\/wp\/v2\/pages\/1725","targetHints":{"allow":["GET"]}}],"collection":[{"href":"https:\/\/masterpress.com\/pl\/wp-json\/wp\/v2\/pages"}],"about":[{"href":"https:\/\/masterpress.com\/pl\/wp-json\/wp\/v2\/types\/page"}],"author":[{"embeddable":true,"href":"https:\/\/masterpress.com\/pl\/wp-json\/wp\/v2\/users\/1"}],"replies":[{"embeddable":true,"href":"https:\/\/masterpress.com\/pl\/wp-json\/wp\/v2\/comments?post=1725"}],"version-history":[{"count":29,"href":"https:\/\/masterpress.com\/pl\/wp-json\/wp\/v2\/pages\/1725\/revisions"}],"predecessor-version":[{"id":5624,"href":"https:\/\/masterpress.com\/pl\/wp-json\/wp\/v2\/pages\/1725\/revisions\/5624"}],"wp:attachment":[{"href":"https:\/\/masterpress.com\/pl\/wp-json\/wp\/v2\/media?parent=1725"}],"curies":[{"name":"wp","href":"https:\/\/api.w.org\/{rel}","templated":true}]}}