{"id":1722,"date":"2022-05-26T22:15:43","date_gmt":"2022-05-26T22:15:43","guid":{"rendered":"https:\/\/masterpress.aazzxx.com\/?page_id=1722"},"modified":"2022-05-26T22:15:43","modified_gmt":"2022-05-26T22:15:43","slug":"najnowsze-wiadomosci","status":"publish","type":"page","link":"https:\/\/masterpress.com\/pl\/about-us\/najnowsze-wiadomosci\/","title":{"rendered":"Najnowsze wiadomo\u015bci"},"content":{"rendered":"\n\n<section class=\"l-sec o-mobile-top-35 o-top-160 o-bottom-120 \">\n\t<div class=\"l-inner\">\n\t\t<div class=\"c-hero-news\">\n\t\t\t<header class=\"c-hero-news__header\">\n\t\t\t\t\t\t\t\t\t<h1 class=\"c-hero-news__heading t-lower t-size-42 t-size-90--desktop\">\n\t\t\t\t\t\todkryj co <br>nowego<span class=\"c-hero-news__decor u-hide-mobile\"><\/span>\n\t\t\t\t\t<\/h1>\n\t\t\t\t\t\t\t<\/header>\n\n\t\t\t<div class=\"c-hero-news__content u-hide-mobile\">\n\n\t\t\t\t\n\t\t\t\t\t\t\t\t\t\t\t\t\t\t\t\t\t\t\t\t<article class=\"c-article-teaser js-featured-article\" data-post-id=\"25891\">\n\t\t\t\t\t\t\t\t<div class=\"c-article-teaser__media\">\n\t\t\t\t\t\t\t\t\t<a class=\"c-article-teaser__link\" href=\"https:\/\/masterpress.com\/pl\/serdecznie-zapraszamy-na-warsawpack-2026-najwazniejsze-wydarzenie-opakowaniowe-w-polsce\/\">\n\t\t\t\t\t\t\t\t\t\t<figure class=\"c-article-teaser__figure\">\n\t\t\t\t\t\t\t\t\t\t\t<img decoding=\"async\" class=\"c-article-teaser__image\" src=\"https:\/\/masterpress.com:443\/wp-content\/uploads\/2025\/02\/Warsaw_Pack_logo_336261pc.webp\" alt=\"\">\n\t\t\t\t\t\t\t\t\t\t<\/figure>\n\t\t\t\t\t\t\t\t\t<\/a>\n\t\t\t\t\t\t\t\t<\/div>\n\n\t\t\t\t\t\t\t\t<div class=\"c-article-teaser__container\">\n\t\t\t\t\t\t\t\t\t<div class=\"c-article-teaser__meta\">\n\t\t\t\t\t\t\t\t\t\t<span class=\"c-article-teaser__date t-size-16--desktop t-font-secondary ui-color--dark-grey-1\">12 March 2026<\/span>\n\t\t\t\t\t\t\t\t\t<\/div>\n\t\t\t\t\t\t\t\t\t<h3 class=\"c-article-teaser__title t-size-20 t-font-secondary ui-font-weight--semibold\">\n\t\t\t\t\t\t\t\t\t<a href=\"https:\/\/masterpress.com\/pl\/serdecznie-zapraszamy-na-warsawpack-2026-najwazniejsze-wydarzenie-opakowaniowe-w-polsce\/\" class=\"c-article-teaser__link\">Serdecznie zapraszamy na WarsawPack 2026 \u2013 najwa\u017cniejsze wydarzenie opakowaniowe w\u00a0 Polsce!<\/a>\n\t\t\t\t\t\t\t\t<\/h3>\n\t\t\t\t\t\t\t\t\t<div class=\"c-article-teaser__desc t-size-16 ui-color--dark-grey-1\"><p>14\u201316 kwietnia 2026 | PTAK Warsaw Expo, Nadarzyn (pod Warszaw\u0105)\u00a0 Zapraszamy do odwiedzenia naszego stoiska E 2.25, gdzie b\u0119dzie mo\u017cna zobaczy\u0107 jak pracuj\u0105\u00a0 nasze maszyny do aplikacji etykiet termokurczliwych oraz zapozna\u0107 si\u0119 z pe\u0142n\u0105 gam\u0105 naszych\u00a0 etykiet termokurczliwych i samoprzylepnych \u2013 od rozwi\u0105za\u0144 standardowych po wysoce\u00a0 specjalistyczne. Szczeg\u00f3lne wydarzenie: Wsp\u00f3lnie z Natureef jeden z naszych [&hellip;]<\/p>\n<\/div>\n\n\t\t\t\t\t\t\t\t\t<div class=\"c-article-teaser__read-more\">\n\t\t\t\t\t\t\t\t\t\t<a href=\"https:\/\/masterpress.com\/pl\/serdecznie-zapraszamy-na-warsawpack-2026-najwazniejsze-wydarzenie-opakowaniowe-w-polsce\/\" class=\"c-btn c-btn--primary\">Read more<\/a>\n\t\t\t\t\t\t\t\t\t<\/div>\n\t\t\t\t\t\t\t\t<\/div>\n\t\t\t\t\t\t\t<\/article>\n\t\t\t\t\t\t\t\t\t\t\t\t\t<\/div>\n\t\t<\/div>\n\t<\/div>\n<\/section>\n\n\n\n<section class=\"l-sec\">\n\t<div class=\"l-inner\">\n\t\t<div class=\"c-filters js-filters\">\n\t\t\t\t\t\t\t<div class=\"c-filters__all\">\n\t\t\t\t\t<button class=\"c-category-link c-category-link--text js-category js-category-all\" data-api=\"https:\/\/masterpress.com\/pl\/\/wp-json\/filters\/v1\/0\">\n\t\t\t\t\t\tAll news\t\t\t\t\t<\/button>\n\t\t\t\t<\/div>\n\t\t\t\t<nav class=\"c-filters__categories u-overflow-hidden\">\n\t\t\t\t\t<ul class=\"c-filters-list c-list\">\n\t\t\t\t\t\t\t\t\t\t\t\t\t<li class=\"c-filters-list__item\">\n\t\t\t\t\t\t\t\t<button class=\"c-category-link js-category\" data-api=\"https:\/\/masterpress.com\/pl\/\/wp-json\/filters\/v1\/29\">\n\t\t\t\t\t\t\t\t\tAktualno\u015bci\t\t\t\t\t\t\t\t<\/button>\n\t\t\t\t\t\t\t<\/li>\n\t\t\t\t\t\t\t\t\t\t\t\t\t<li class=\"c-filters-list__item\">\n\t\t\t\t\t\t\t\t<button class=\"c-category-link js-category\" data-api=\"https:\/\/masterpress.com\/pl\/\/wp-json\/filters\/v1\/33\">\n\t\t\t\t\t\t\t\t\tInne\t\t\t\t\t\t\t\t<\/button>\n\t\t\t\t\t\t\t<\/li>\n\t\t\t\t\t\t\t\t\t\t\t\t\t<li class=\"c-filters-list__item\">\n\t\t\t\t\t\t\t\t<button class=\"c-category-link js-category\" data-api=\"https:\/\/masterpress.com\/pl\/\/wp-json\/filters\/v1\/36\">\n\t\t\t\t\t\t\t\t\tInteligentne opakowania\t\t\t\t\t\t\t\t<\/button>\n\t\t\t\t\t\t\t<\/li>\n\t\t\t\t\t\t\t\t\t\t\t\t\t<li class=\"c-filters-list__item\">\n\t\t\t\t\t\t\t\t<button class=\"c-category-link js-category\" data-api=\"https:\/\/masterpress.com\/pl\/\/wp-json\/filters\/v1\/46\">\n\t\t\t\t\t\t\t\t\tNews\t\t\t\t\t\t\t\t<\/button>\n\t\t\t\t\t\t\t<\/li>\n\t\t\t\t\t\t\t\t\t\t\t\t\t<li class=\"c-filters-list__item\">\n\t\t\t\t\t\t\t\t<button class=\"c-category-link js-category\" data-api=\"https:\/\/masterpress.com\/pl\/\/wp-json\/filters\/v1\/34\">\n\t\t\t\t\t\t\t\t\tOdpowiedzialno\u015b\u0107 spo\u0142eczna\t\t\t\t\t\t\t\t<\/button>\n\t\t\t\t\t\t\t<\/li>\n\t\t\t\t\t\t\t\t\t\t\t\t\t<li class=\"c-filters-list__item\">\n\t\t\t\t\t\t\t\t<button class=\"c-category-link js-category\" data-api=\"https:\/\/masterpress.com\/pl\/\/wp-json\/filters\/v1\/30\">\n\t\t\t\t\t\t\t\t\tProjekty UE\t\t\t\t\t\t\t\t<\/button>\n\t\t\t\t\t\t\t<\/li>\n\t\t\t\t\t\t\t\t\t\t\t\t\t<li class=\"c-filters-list__item\">\n\t\t\t\t\t\t\t\t<button class=\"c-category-link js-category\" data-api=\"https:\/\/masterpress.com\/pl\/\/wp-json\/filters\/v1\/31\">\n\t\t\t\t\t\t\t\t\tProjekty UE &#8211; Realizowane projekty\t\t\t\t\t\t\t\t<\/button>\n\t\t\t\t\t\t\t<\/li>\n\t\t\t\t\t\t\t\t\t\t\t\t\t<li class=\"c-filters-list__item\">\n\t\t\t\t\t\t\t\t<button class=\"c-category-link js-category\" data-api=\"https:\/\/masterpress.com\/pl\/\/wp-json\/filters\/v1\/32\">\n\t\t\t\t\t\t\t\t\tProjekty UE &#8211; Zrealizowane projekty\t\t\t\t\t\t\t\t<\/button>\n\t\t\t\t\t\t\t<\/li>\n\t\t\t\t\t\t\t\t\t\t\t\t\t<li class=\"c-filters-list__item\">\n\t\t\t\t\t\t\t\t<button class=\"c-category-link js-category\" data-api=\"https:\/\/masterpress.com\/pl\/\/wp-json\/filters\/v1\/47\">\n\t\t\t\t\t\t\t\t\tSustainability\t\t\t\t\t\t\t\t<\/button>\n\t\t\t\t\t\t\t<\/li>\n\t\t\t\t\t\t\t\t\t\t\t\t\t<li class=\"c-filters-list__item\">\n\t\t\t\t\t\t\t\t<button class=\"c-category-link js-category\" data-api=\"https:\/\/masterpress.com\/pl\/\/wp-json\/filters\/v1\/35\">\n\t\t\t\t\t\t\t\t\tZr\u00f3wnowa\u017cony rozw\u00f3j\t\t\t\t\t\t\t\t<\/button>\n\t\t\t\t\t\t\t<\/li>\n\t\t\t\t\t\t\t\t\t\t\t<\/ul>\n\t\t\t\t<\/nav>\n\t\t\t\t\t<\/div>\n\t\t<div class=\"c-articles-listing\">\n\t\t\t<div class=\"c-articles-listing__count ui-color--dark-grey-1 t-font-secondary ui-font-weight--semibold t-size-16 u-hide-from-mobile\"><span class=\"c-articles-listing__count-number js-posts-number\">0<\/span> <span class=\"c-articles-listing__count-sufix\">news<\/span><\/div>\n \t\t\t<ul class=\"c-articles-list c-articles-list--grid c-list js-articles-list\"><\/ul>\n\n\t\t\t<div class=\"c-articles-listing__action\">\n\t\t\t\t<button class=\"c-btn c-btn--primary c-btn--load-more js-load-more\"><span class=\"js-load-more-text\">Loading&#8230;<\/span> <span class=\"c-spinner\"><\/span><\/button>\n\t\t\t<\/div>\n\t\t<\/div>\n\t<\/div>\n<\/section>\n","protected":false},"excerpt":{"rendered":"","protected":false},"author":3,"featured_media":0,"parent":357,"menu_order":0,"comment_status":"closed","ping_status":"closed","template":"","meta":{"footnotes":""},"class_list":["post-1722","page","type-page","status-publish","hentry"],"acf":[],"_links":{"self":[{"href":"https:\/\/masterpress.com\/pl\/wp-json\/wp\/v2\/pages\/1722","targetHints":{"allow":["GET"]}}],"collection":[{"href":"https:\/\/masterpress.com\/pl\/wp-json\/wp\/v2\/pages"}],"about":[{"href":"https:\/\/masterpress.com\/pl\/wp-json\/wp\/v2\/types\/page"}],"author":[{"embeddable":true,"href":"https:\/\/masterpress.com\/pl\/wp-json\/wp\/v2\/users\/3"}],"replies":[{"embeddable":true,"href":"https:\/\/masterpress.com\/pl\/wp-json\/wp\/v2\/comments?post=1722"}],"version-history":[{"count":3,"href":"https:\/\/masterpress.com\/pl\/wp-json\/wp\/v2\/pages\/1722\/revisions"}],"predecessor-version":[{"id":2248,"href":"https:\/\/masterpress.com\/pl\/wp-json\/wp\/v2\/pages\/1722\/revisions\/2248"}],"up":[{"embeddable":true,"href":"https:\/\/masterpress.com\/pl\/wp-json\/wp\/v2\/pages\/357"}],"wp:attachment":[{"href":"https:\/\/masterpress.com\/pl\/wp-json\/wp\/v2\/media?parent=1722"}],"curies":[{"name":"wp","href":"https:\/\/api.w.org\/{rel}","templated":true}]}}