{"id":1716,"date":"2022-05-26T22:14:26","date_gmt":"2022-05-26T22:14:26","guid":{"rendered":"https:\/\/masterpress.aazzxx.com\/?page_id=1716"},"modified":"2023-05-18T09:16:22","modified_gmt":"2023-05-18T09:16:22","slug":"landing","status":"publish","type":"page","link":"https:\/\/masterpress.com\/pl\/landing\/","title":{"rendered":"Wybierz rynek"},"content":{"rendered":"\n<header class=\"c-landing-header\">\n\t\t\t<div class=\"c-landing-header__flag\"><a href=\"https:\/\/beta.masterpress.com\/pl\/projekty-unijne\/\">\n\t\t\t<img decoding=\"async\" class=\"c-landing-header__flag-image\" src=\"https:\/\/masterpress.com:443\/wp-content\/uploads\/2022\/02\/eu.jpg\" alt=\"\"><\/a>\n\t\t<\/div>\n\t\t<div class=\"l-inner\">\n\t\t<div class=\"c-landing-header__content\">\n\t\t\t<div class=\"c-landing-header__text-container t-font-secondary\">\n\t\t\t\t\t\t\t\t\t<h1 class=\"c-landing-header__heading ui-font-weight--semibold t-size-30\">Wybierz rynek<\/h1>\n\t\t\t\t\n\t\t\t\t\t\t\t\t\t<div class=\"c-landing-header__desc t-size-14 t-size-18--desktop\">\n\t\t\t\t\t\t<p id=\"tw-target-text\" class=\"tw-data-text tw-text-large tw-ta\" dir=\"ltr\" data-placeholder=\"T\u0142umaczenie\"><span class=\"Y2IQFc\" lang=\"pl\">Wybieraj\u0105c Tw\u00f3j rynek pomo\u017cemy znale\u017a\u0107 rozwi\u0105zania, kt\u00f3rych szukasz.<\/span><\/p>\n\t\t\t\t\t<\/div>\n\t\t\t\t\t\t\t<\/div>\n\n\t\t\t<div class=\"c-landing-header__languages\">\n\t\t\t\t<nav class=\"c-dropdown\" aria-label=\"Languages navigation\">\n\t\t\t\t\t\t\t\t\t\t\t<p class=\"c-dropdown__title t-size-10 t-font-secondary ui-font-weight--medium ui-color--dark-grey-1\"> Wybierz j\u0119zyk<\/p>\n\t\t\t\t\t\t\t\t\t\t<div class=\"c-dropdown__content js-dropdown\">\n\t\t\t\t\t\t<button class=\"c-dropdown__trigger js-toggle-dropdown t-font-secondary\"><span class=\"c-dropdown__selected js-dropdown-selected\">Polski<\/span><img class=\"c-dropdown__icon js-injected-svg ui-fill-none\" src=https:\/\/masterpress.com:443\/wp-content\/themes\/masterpress\/front\/static\/img\/icon-chevron-down-alt.svg\" alt=\"\"><\/button>\t\t\t\t\t\t<ul class=\"c-dropdown__list c-list js-dropdown-list\"><li class=\"c-dropdown__list-item\"><a href=\"https:\/\/masterpress.com\/pl\/\" class=\"c-dropdown__option js-dropdown-option ui-color--black-1 is-active\">Polski<\/a><\/li><li class=\"c-dropdown__list-item\"><a href=\"https:\/\/masterpress.com\/\" class=\"c-dropdown__option js-dropdown-option ui-color--black-1 \">English<\/a><\/li><\/ul>\t\t\t\t\t<\/div>\n\t\t\t\t<\/nav>\n\t\t\t<\/div>\n\t\t<\/div>\n\t<\/div>\n<\/header>\n\n\n\n\n<section class=\"l-sec o-mobile-bottom-50\">\n\t<div class=\"l-inner\">\n\t\t<div class=\"c-markets\">\n\t\t\t\t\t\t\t<nav class=\"c-markets__nav js-landing-nav\">\n\t\t\t\t\t<ul class=\"c-markets-list c-list\">\n\t\t\t\t\t\t\t\t\t\t\t\t\t<li class=\"c-markets-list__item js-landing-nav-item is-active\">\n\t\t\t\t\t\t\t\t\t\t\t\t\t\t\t\t\t<div class=\"c-market-teaser\">\n\t\t\t\t\t\t\t\t\t\t<div class=\"c-market-teaser__inner\">\n\t\t\t\t\t\t\t\t\t\t\t\t\t\t\t\t\t\t\t\t\t\t\t<div class=\"c-market-teaser__media\">\n\t\t\t\t\t\t\t\t\t\t\t\t\t<img decoding=\"async\" class=\"c-market-teaser__icon\" src=\"https:\/\/masterpress.com:443\/wp-content\/uploads\/2022\/02\/wine-1.png\"  alt=\"\">\n\t\t\t\t\t\t\t\t\t\t\t\t<\/div>\n\t\t\t\t\t\t\t\t\t\t\t\t\t\t\t\t\t\t\t\t\t\t<a class=\"c-market-teaser__link ui-font-weight--medium t-font-secondary\" href=\"https:\/\/masterpress.com\/pl\/alkohole\/\" target=\"\">\n\t\t\t\t\t\t\t\t\t\t\t\tAlkohole\t\t\t\t\t\t\t\t\t\t\t\t<img decoding=\"async\" class=\"js-injected-svg c-market-teaser__arrow-icon\" src=\"https:\/\/masterpress.com:443\/wp-content\/themes\/masterpress\/front\/static\/img\/icon-arrow-right.svg\" alt=\"\">\n\t\t\t\t\t\t\t\t\t\t\t<\/a>\n\t\t\t\t\t\t\t\t\t\t<\/div>\n\t\t\t\t\t\t\t\t\t<\/div>\n\t\t\t\t\t\t\t\t\t\t\t\t\t\t\t<\/li>\n\t\t\t\t\t\t\t\t\t\t\t\t\t<li class=\"c-markets-list__item js-landing-nav-item \">\n\t\t\t\t\t\t\t\t\t\t\t\t\t\t\t\t\t<div class=\"c-market-teaser\">\n\t\t\t\t\t\t\t\t\t\t<div class=\"c-market-teaser__inner\">\n\t\t\t\t\t\t\t\t\t\t\t\t\t\t\t\t\t\t\t\t\t\t\t<div class=\"c-market-teaser__media\">\n\t\t\t\t\t\t\t\t\t\t\t\t\t<img decoding=\"async\" class=\"c-market-teaser__icon\" src=\"https:\/\/masterpress.com:443\/wp-content\/uploads\/2022\/02\/water-1.png\"  alt=\"\">\n\t\t\t\t\t\t\t\t\t\t\t\t<\/div>\n\t\t\t\t\t\t\t\t\t\t\t\t\t\t\t\t\t\t\t\t\t\t<a class=\"c-market-teaser__link ui-font-weight--medium t-font-secondary\" href=\"https:\/\/masterpress.com\/pl\/beverages\/\" target=\"\">\n\t\t\t\t\t\t\t\t\t\t\t\tNapoje\t\t\t\t\t\t\t\t\t\t\t\t<img decoding=\"async\" class=\"js-injected-svg c-market-teaser__arrow-icon\" src=\"https:\/\/masterpress.com:443\/wp-content\/themes\/masterpress\/front\/static\/img\/icon-arrow-right.svg\" alt=\"\">\n\t\t\t\t\t\t\t\t\t\t\t<\/a>\n\t\t\t\t\t\t\t\t\t\t<\/div>\n\t\t\t\t\t\t\t\t\t<\/div>\n\t\t\t\t\t\t\t\t\t\t\t\t\t\t\t<\/li>\n\t\t\t\t\t\t\t\t\t\t\t\t\t<li class=\"c-markets-list__item js-landing-nav-item \">\n\t\t\t\t\t\t\t\t\t\t\t\t\t\t\t\t\t<div class=\"c-market-teaser\">\n\t\t\t\t\t\t\t\t\t\t<div class=\"c-market-teaser__inner\">\n\t\t\t\t\t\t\t\t\t\t\t\t\t\t\t\t\t\t\t\t\t\t\t<div class=\"c-market-teaser__media\">\n\t\t\t\t\t\t\t\t\t\t\t\t\t<img decoding=\"async\" class=\"c-market-teaser__icon\" src=\"https:\/\/masterpress.com:443\/wp-content\/uploads\/2022\/02\/household-1.png\"  alt=\"\">\n\t\t\t\t\t\t\t\t\t\t\t\t<\/div>\n\t\t\t\t\t\t\t\t\t\t\t\t\t\t\t\t\t\t\t\t\t\t<a class=\"c-market-teaser__link ui-font-weight--medium t-font-secondary\" href=\"https:\/\/masterpress.com\/pl\/chemia-gospodarcza\/\" target=\"\">\n\t\t\t\t\t\t\t\t\t\t\t\tChemia gospodarcza\t\t\t\t\t\t\t\t\t\t\t\t<img decoding=\"async\" class=\"js-injected-svg c-market-teaser__arrow-icon\" src=\"https:\/\/masterpress.com:443\/wp-content\/themes\/masterpress\/front\/static\/img\/icon-arrow-right.svg\" alt=\"\">\n\t\t\t\t\t\t\t\t\t\t\t<\/a>\n\t\t\t\t\t\t\t\t\t\t<\/div>\n\t\t\t\t\t\t\t\t\t<\/div>\n\t\t\t\t\t\t\t\t\t\t\t\t\t\t\t<\/li>\n\t\t\t\t\t\t\t\t\t\t\t\t\t<li class=\"c-markets-list__item js-landing-nav-item \">\n\t\t\t\t\t\t\t\t\t\t\t\t\t\t\t\t\t<div class=\"c-market-teaser\">\n\t\t\t\t\t\t\t\t\t\t<div class=\"c-market-teaser__inner\">\n\t\t\t\t\t\t\t\t\t\t\t\t\t\t\t\t\t\t\t\t\t\t\t<div class=\"c-market-teaser__media\">\n\t\t\t\t\t\t\t\t\t\t\t\t\t<img decoding=\"async\" class=\"c-market-teaser__icon\" src=\"https:\/\/masterpress.com:443\/wp-content\/uploads\/2022\/02\/beauty-1.png\"  alt=\"\">\n\t\t\t\t\t\t\t\t\t\t\t\t<\/div>\n\t\t\t\t\t\t\t\t\t\t\t\t\t\t\t\t\t\t\t\t\t\t<a class=\"c-market-teaser__link ui-font-weight--medium t-font-secondary\" href=\"https:\/\/masterpress.com\/pl\/produkty-kosmetyczne\/\" target=\"\">\n\t\t\t\t\t\t\t\t\t\t\t\tHigiena osobista i kosmetyki\t\t\t\t\t\t\t\t\t\t\t\t<img decoding=\"async\" class=\"js-injected-svg c-market-teaser__arrow-icon\" src=\"https:\/\/masterpress.com:443\/wp-content\/themes\/masterpress\/front\/static\/img\/icon-arrow-right.svg\" alt=\"\">\n\t\t\t\t\t\t\t\t\t\t\t<\/a>\n\t\t\t\t\t\t\t\t\t\t<\/div>\n\t\t\t\t\t\t\t\t\t<\/div>\n\t\t\t\t\t\t\t\t\t\t\t\t\t\t\t<\/li>\n\t\t\t\t\t\t\t\t\t\t\t\t\t<li class=\"c-markets-list__item js-landing-nav-item \">\n\t\t\t\t\t\t\t\t\t\t\t\t\t\t\t\t\t<div class=\"c-market-teaser\">\n\t\t\t\t\t\t\t\t\t\t<div class=\"c-market-teaser__inner\">\n\t\t\t\t\t\t\t\t\t\t\t\t\t\t\t\t\t\t\t\t\t\t\t<div class=\"c-market-teaser__media\">\n\t\t\t\t\t\t\t\t\t\t\t\t\t<img decoding=\"async\" class=\"c-market-teaser__icon\" src=\"https:\/\/masterpress.com:443\/wp-content\/uploads\/2022\/02\/dairy-products-1.png\"  alt=\"\">\n\t\t\t\t\t\t\t\t\t\t\t\t<\/div>\n\t\t\t\t\t\t\t\t\t\t\t\t\t\t\t\t\t\t\t\t\t\t<a class=\"c-market-teaser__link ui-font-weight--medium t-font-secondary\" href=\"https:\/\/masterpress.com\/pl\/nabial\/\" target=\"\">\n\t\t\t\t\t\t\t\t\t\t\t\tNabia\u0142\t\t\t\t\t\t\t\t\t\t\t\t<img decoding=\"async\" class=\"js-injected-svg c-market-teaser__arrow-icon\" src=\"https:\/\/masterpress.com:443\/wp-content\/themes\/masterpress\/front\/static\/img\/icon-arrow-right.svg\" alt=\"\">\n\t\t\t\t\t\t\t\t\t\t\t<\/a>\n\t\t\t\t\t\t\t\t\t\t<\/div>\n\t\t\t\t\t\t\t\t\t<\/div>\n\t\t\t\t\t\t\t\t\t\t\t\t\t\t\t<\/li>\n\t\t\t\t\t\t\t\t\t\t\t\t\t<li class=\"c-markets-list__item js-landing-nav-item \">\n\t\t\t\t\t\t\t\t\t\t\t\t\t\t\t\t\t<div class=\"c-market-teaser\">\n\t\t\t\t\t\t\t\t\t\t<div class=\"c-market-teaser__inner\">\n\t\t\t\t\t\t\t\t\t\t\t\t\t\t\t\t\t\t\t\t\t\t\t<div class=\"c-market-teaser__media\">\n\t\t\t\t\t\t\t\t\t\t\t\t\t<img decoding=\"async\" class=\"c-market-teaser__icon\" src=\"https:\/\/masterpress.com:443\/wp-content\/uploads\/2022\/02\/supplement-1.png\"  alt=\"\">\n\t\t\t\t\t\t\t\t\t\t\t\t<\/div>\n\t\t\t\t\t\t\t\t\t\t\t\t\t\t\t\t\t\t\t\t\t\t<a class=\"c-market-teaser__link ui-font-weight--medium t-font-secondary\" href=\"https:\/\/masterpress.com\/pl\/suplementy\/\" target=\"\">\n\t\t\t\t\t\t\t\t\t\t\t\tSuplementy\t\t\t\t\t\t\t\t\t\t\t\t<img decoding=\"async\" class=\"js-injected-svg c-market-teaser__arrow-icon\" src=\"https:\/\/masterpress.com:443\/wp-content\/themes\/masterpress\/front\/static\/img\/icon-arrow-right.svg\" alt=\"\">\n\t\t\t\t\t\t\t\t\t\t\t<\/a>\n\t\t\t\t\t\t\t\t\t\t<\/div>\n\t\t\t\t\t\t\t\t\t<\/div>\n\t\t\t\t\t\t\t\t\t\t\t\t\t\t\t<\/li>\n\t\t\t\t\t\t\t\t\t\t\t\t\t<li class=\"c-markets-list__item js-landing-nav-item \">\n\t\t\t\t\t\t\t\t\t\t\t\t\t\t\t\t\t<div class=\"c-market-teaser\">\n\t\t\t\t\t\t\t\t\t\t<div class=\"c-market-teaser__inner\">\n\t\t\t\t\t\t\t\t\t\t\t\t\t\t\t\t\t\t\t\t\t\t<a class=\"c-market-teaser__link ui-font-weight--medium t-font-secondary\" href=\"#\" target=\"\">\n\t\t\t\t\t\t\t\t\t\t\t\tRozwi\u0105zania do herbat\t\t\t\t\t\t\t\t\t\t\t\t<img decoding=\"async\" class=\"js-injected-svg c-market-teaser__arrow-icon\" src=\"https:\/\/masterpress.com:443\/wp-content\/themes\/masterpress\/front\/static\/img\/icon-arrow-right.svg\" alt=\"\">\n\t\t\t\t\t\t\t\t\t\t\t<\/a>\n\t\t\t\t\t\t\t\t\t\t<\/div>\n\t\t\t\t\t\t\t\t\t<\/div>\n\t\t\t\t\t\t\t\t\t\t\t\t\t\t\t<\/li>\n\t\t\t\t\t\t\t\t\t\t\t\t\t<li class=\"c-markets-list__item js-landing-nav-item \">\n\t\t\t\t\t\t\t\t\t\t\t\t\t\t\t\t\t<div class=\"c-market-teaser\">\n\t\t\t\t\t\t\t\t\t\t<div class=\"c-market-teaser__inner\">\n\t\t\t\t\t\t\t\t\t\t\t\t\t\t\t\t\t\t\t\t\t\t\t<div class=\"c-market-teaser__media\">\n\t\t\t\t\t\t\t\t\t\t\t\t\t<img decoding=\"async\" class=\"c-market-teaser__icon\" src=\"https:\/\/masterpress.com:443\/wp-content\/uploads\/2022\/02\/machinery-1.png\"  alt=\"\">\n\t\t\t\t\t\t\t\t\t\t\t\t<\/div>\n\t\t\t\t\t\t\t\t\t\t\t\t\t\t\t\t\t\t\t\t\t\t<a class=\"c-market-teaser__link ui-font-weight--medium t-font-secondary\" href=\"https:\/\/masterpress.com\/pl\/maszyny\/\" target=\"\">\n\t\t\t\t\t\t\t\t\t\t\t\tMaszyny\t\t\t\t\t\t\t\t\t\t\t\t<img decoding=\"async\" class=\"js-injected-svg c-market-teaser__arrow-icon\" src=\"https:\/\/masterpress.com:443\/wp-content\/themes\/masterpress\/front\/static\/img\/icon-arrow-right.svg\" alt=\"\">\n\t\t\t\t\t\t\t\t\t\t\t<\/a>\n\t\t\t\t\t\t\t\t\t\t<\/div>\n\t\t\t\t\t\t\t\t\t<\/div>\n\t\t\t\t\t\t\t\t\t\t\t\t\t\t\t<\/li>\n\t\t\t\t\t\t\t\t\t\t\t\t\t<li class=\"c-markets-list__item js-landing-nav-item \">\n\t\t\t\t\t\t\t\t\t\t\t\t\t\t\t\t\t<div class=\"c-market-teaser\">\n\t\t\t\t\t\t\t\t\t\t<div class=\"c-market-teaser__inner\">\n\t\t\t\t\t\t\t\t\t\t\t\t\t\t\t\t\t\t\t\t\t\t<a class=\"c-market-teaser__link ui-font-weight--medium t-font-secondary\" href=\"https:\/\/masterpress.com\/pl\/e-commerce\/\" target=\"\">\n\t\t\t\t\t\t\t\t\t\t\t\tE-commerce\t\t\t\t\t\t\t\t\t\t\t\t<img decoding=\"async\" class=\"js-injected-svg c-market-teaser__arrow-icon\" src=\"https:\/\/masterpress.com:443\/wp-content\/themes\/masterpress\/front\/static\/img\/icon-arrow-right.svg\" alt=\"\">\n\t\t\t\t\t\t\t\t\t\t\t<\/a>\n\t\t\t\t\t\t\t\t\t\t<\/div>\n\t\t\t\t\t\t\t\t\t<\/div>\n\t\t\t\t\t\t\t\t\t\t\t\t\t\t\t<\/li>\n\t\t\t\t\t\t\t\t\t\t\t\t\t<li class=\"c-markets-list__item js-landing-nav-item \">\n\t\t\t\t\t\t\t\t\t\t\t\t\t\t\t\t\t<div class=\"c-market-teaser\">\n\t\t\t\t\t\t\t\t\t\t<div class=\"c-market-teaser__inner\">\n\t\t\t\t\t\t\t\t\t\t\t\t\t\t\t\t\t\t\t\t\t\t<a class=\"c-market-teaser__link ui-font-weight--medium t-font-secondary\" href=\"https:\/\/masterpress.com\/pl\/retail-and-food-delivery\/\" target=\"_blank\">\n\t\t\t\t\t\t\t\t\t\t\t\tDostawy i sprzeda\u017c detaliczna\t\t\t\t\t\t\t\t\t\t\t\t<img decoding=\"async\" class=\"js-injected-svg c-market-teaser__arrow-icon\" src=\"https:\/\/masterpress.com:443\/wp-content\/themes\/masterpress\/front\/static\/img\/icon-arrow-right.svg\" alt=\"\">\n\t\t\t\t\t\t\t\t\t\t\t<\/a>\n\t\t\t\t\t\t\t\t\t\t<\/div>\n\t\t\t\t\t\t\t\t\t<\/div>\n\t\t\t\t\t\t\t\t\t\t\t\t\t\t\t<\/li>\n\t\t\t\t\t\t\t\t\t\t\t<\/ul>\n\t\t\t\t<\/nav>\n\n\t\t\t\t<div class=\"c-markets__media u-hide-mobile\">\n\t\t\t\t\t<div class=\"c-markets__media-inner\">\n\t\t\t\t\t\t<div class=\"c-image-slider swiper js-slider\" data-slider-type=\"landingChoose\">\n\t\t\t\t\t\t\t<ul class=\"c-image-slider__list c-list swiper-wrapper\">\n\t\t\t\t\t\t\t\t\t\t\t\t\t\t\t\t\t<li class=\"c-image-slider__list-item swiper-slide\">\n\t\t\t\t\t\t\t\t\t\t\t\t\t\t\t\t\t\t\t\t\t<figure class=\"c-image-slider__figure\">\n\t\t\t\t\t\t\t\t\t\t\t\t<img decoding=\"async\" class=\"c-image-slider__image c-image-slider__image--full\" src=\"https:\/\/masterpress.com:443\/wp-content\/uploads\/2022\/04\/man-choosing-alcohol-in-the-supermarket-Z5BQZ8P-min-1-1-scaled.jpg\" alt=\"\">\n\t\t\t\t\t\t\t\t\t\t\t<\/figure>\n\t\t\t\t\t\t\t\t\t\t\t\t\t\t\t\t\t\t\t\t\t<\/li>\n\t\t\t\t\t\t\t\t\t\t\t\t\t\t\t\t\t<li class=\"c-image-slider__list-item swiper-slide\">\n\t\t\t\t\t\t\t\t\t\t\t\t\t\t\t\t\t\t\t\t\t<figure class=\"c-image-slider__figure\">\n\t\t\t\t\t\t\t\t\t\t\t\t<img decoding=\"async\" class=\"c-image-slider__image c-image-slider__image--full\" src=\"https:\/\/masterpress.com:443\/wp-content\/uploads\/2022\/04\/a-pretty-smiling-blonde-woman-buying-water-at-supe-PTFDP5B-scaled.jpg\" alt=\"\">\n\t\t\t\t\t\t\t\t\t\t\t<\/figure>\n\t\t\t\t\t\t\t\t\t\t\t\t\t\t\t\t\t\t\t\t\t<\/li>\n\t\t\t\t\t\t\t\t\t\t\t\t\t\t\t\t\t<li class=\"c-image-slider__list-item swiper-slide\">\n\t\t\t\t\t\t\t\t\t\t\t\t\t\t\t\t\t\t\t\t\t<figure class=\"c-image-slider__figure\">\n\t\t\t\t\t\t\t\t\t\t\t\t<img decoding=\"async\" class=\"c-image-slider__image c-image-slider__image--full\" src=\"https:\/\/masterpress.com:443\/wp-content\/uploads\/2022\/08\/woman-in-a-supermarket-holding-shopping-cart-while-2022-03-17-17-00-41-utc-min-scaled.jpg\" alt=\"\">\n\t\t\t\t\t\t\t\t\t\t\t<\/figure>\n\t\t\t\t\t\t\t\t\t\t\t\t\t\t\t\t\t\t\t\t\t<\/li>\n\t\t\t\t\t\t\t\t\t\t\t\t\t\t\t\t\t<li class=\"c-image-slider__list-item swiper-slide\">\n\t\t\t\t\t\t\t\t\t\t\t\t\t\t\t\t\t\t\t\t\t<figure class=\"c-image-slider__figure\">\n\t\t\t\t\t\t\t\t\t\t\t\t<img decoding=\"async\" class=\"c-image-slider__image c-image-slider__image--full\" src=\"https:\/\/masterpress.com:443\/wp-content\/uploads\/2022\/04\/arabic-woman-choosing-household-cleaning-products-2021-11-08-17-14-20-utc-min-scaled.jpg\" alt=\"\">\n\t\t\t\t\t\t\t\t\t\t\t<\/figure>\n\t\t\t\t\t\t\t\t\t\t\t\t\t\t\t\t\t\t\t\t\t<\/li>\n\t\t\t\t\t\t\t\t\t\t\t\t\t\t\t\t\t<li class=\"c-image-slider__list-item swiper-slide\">\n\t\t\t\t\t\t\t\t\t\t\t\t\t\t\t\t\t\t\t\t\t<figure class=\"c-image-slider__figure\">\n\t\t\t\t\t\t\t\t\t\t\t\t<img decoding=\"async\" class=\"c-image-slider__image c-image-slider__image--full\" src=\"https:\/\/masterpress.com:443\/wp-content\/uploads\/2022\/04\/woman-buying-milk-in-the-supermarket-2SVV7KT-min-scaled.jpg\" alt=\"\">\n\t\t\t\t\t\t\t\t\t\t\t<\/figure>\n\t\t\t\t\t\t\t\t\t\t\t\t\t\t\t\t\t\t\t\t\t<\/li>\n\t\t\t\t\t\t\t\t\t\t\t\t\t\t\t\t\t<li class=\"c-image-slider__list-item swiper-slide\">\n\t\t\t\t\t\t\t\t\t\t\t\t\t\t\t\t\t\t\t\t\t<figure class=\"c-image-slider__figure\">\n\t\t\t\t\t\t\t\t\t\t\t\t<img decoding=\"async\" class=\"c-image-slider__image c-image-slider__image--full\" src=\"https:\/\/masterpress.com:443\/wp-content\/uploads\/2023\/02\/sports-nutrition-and-supplements-shoppers.jpg\" alt=\"\">\n\t\t\t\t\t\t\t\t\t\t\t<\/figure>\n\t\t\t\t\t\t\t\t\t\t\t\t\t\t\t\t\t\t\t\t\t<\/li>\n\t\t\t\t\t\t\t\t\t\t\t\t\t\t\t\t\t<li class=\"c-image-slider__list-item swiper-slide\">\n\t\t\t\t\t\t\t\t\t\t\t\t\t\t\t\t\t\t\t\t\t<figure class=\"c-image-slider__figure\">\n\t\t\t\t\t\t\t\t\t\t\t\t<img decoding=\"async\" class=\"c-image-slider__image c-image-slider__image--full\" src=\"https:\/\/masterpress.com:443\/wp-content\/uploads\/2023\/02\/medium-shot-woman-holding-drink.jpg\" alt=\"\">\n\t\t\t\t\t\t\t\t\t\t\t<\/figure>\n\t\t\t\t\t\t\t\t\t\t\t\t\t\t\t\t\t\t\t\t\t<\/li>\n\t\t\t\t\t\t\t\t\t\t\t\t\t\t\t\t\t<li class=\"c-image-slider__list-item swiper-slide\">\n\t\t\t\t\t\t\t\t\t\t\t\t\t\t\t\t\t\t\t\t\t<figure class=\"c-image-slider__figure\">\n\t\t\t\t\t\t\t\t\t\t\t\t<img decoding=\"async\" class=\"c-image-slider__image c-image-slider__image--full\" src=\"https:\/\/masterpress.com:443\/wp-content\/uploads\/2023\/02\/zdjecie-nr-7-scaled.jpg\" alt=\"\">\n\t\t\t\t\t\t\t\t\t\t\t<\/figure>\n\t\t\t\t\t\t\t\t\t\t\t\t\t\t\t\t\t\t\t\t\t<\/li>\n\t\t\t\t\t\t\t\t\t\t\t\t\t\t\t\t\t<li class=\"c-image-slider__list-item swiper-slide\">\n\t\t\t\t\t\t\t\t\t\t\t\t\t\t\t\t\t\t\t\t\t<figure class=\"c-image-slider__figure\">\n\t\t\t\t\t\t\t\t\t\t\t\t<img decoding=\"async\" class=\"c-image-slider__image c-image-slider__image--full\" src=\"https:\/\/masterpress.com:443\/wp-content\/uploads\/2022\/09\/entrepreneur-shipping-products-ordered-via-online-2022-05-19-14-29-38-utc-min-scaled.jpg\" alt=\"\">\n\t\t\t\t\t\t\t\t\t\t\t<\/figure>\n\t\t\t\t\t\t\t\t\t\t\t\t\t\t\t\t\t\t\t\t\t<\/li>\n\t\t\t\t\t\t\t\t\t\t\t\t\t\t\t\t\t<li class=\"c-image-slider__list-item swiper-slide\">\n\t\t\t\t\t\t\t\t\t\t\t\t\t\t\t\t\t\t\t\t\t<figure class=\"c-image-slider__figure\">\n\t\t\t\t\t\t\t\t\t\t\t\t<img decoding=\"async\" class=\"c-image-slider__image c-image-slider__image--full\" src=\"https:\/\/masterpress.com:443\/wp-content\/uploads\/2022\/09\/man-wearing-mask-working-at-food-delivery-service-2022-02-02-03-58-54-utc-min-scaled.jpg\" alt=\"\">\n\t\t\t\t\t\t\t\t\t\t\t<\/figure>\n\t\t\t\t\t\t\t\t\t\t\t\t\t\t\t\t\t\t\t\t\t<\/li>\n\t\t\t\t\t\t\t\t\t\t\t\t\t\t\t<\/ul>\n\t\t\t\t\t\t<\/div>\n\t\t\t\t\t<\/div>\n\t\t\t\t<\/div>\n\t\t\t\t\t<\/div>\n\t<\/div>\n<\/section>\n\n\n\n<div class=\"c-landing-action \">\n\t\t\t<div class=\"c-landing-action__link c-link t-upper\">\n\t\t\t<p><a href=\"https:\/\/masterpress.com\/pl\/homepage\/\">strona g\u0142\u00f3wna<\/a><\/p>\n\t\t<\/div>\n\t<\/div>\n\n\n\n<div class=\"c-landing-action \">\n\t\t\t<div class=\"c-landing-action__link c-link t-upper\">\n\t\t\t<p><a href=\"https:\/\/masterpress.com\/pl\/contact\/\" target class=\"c-btn c-btn--primary c-hero__button\">kontakt<\/a><\/p>\n\t\t<\/div>\n\t<\/div>\n","protected":false},"excerpt":{"rendered":"","protected":false},"author":3,"featured_media":0,"parent":0,"menu_order":0,"comment_status":"closed","ping_status":"closed","template":"template-landingpage.php","meta":{"footnotes":""},"class_list":["post-1716","page","type-page","status-publish","hentry"],"acf":[],"_links":{"self":[{"href":"https:\/\/masterpress.com\/pl\/wp-json\/wp\/v2\/pages\/1716","targetHints":{"allow":["GET"]}}],"collection":[{"href":"https:\/\/masterpress.com\/pl\/wp-json\/wp\/v2\/pages"}],"about":[{"href":"https:\/\/masterpress.com\/pl\/wp-json\/wp\/v2\/types\/page"}],"author":[{"embeddable":true,"href":"https:\/\/masterpress.com\/pl\/wp-json\/wp\/v2\/users\/3"}],"replies":[{"embeddable":true,"href":"https:\/\/masterpress.com\/pl\/wp-json\/wp\/v2\/comments?post=1716"}],"version-history":[{"count":22,"href":"https:\/\/masterpress.com\/pl\/wp-json\/wp\/v2\/pages\/1716\/revisions"}],"predecessor-version":[{"id":3787,"href":"https:\/\/masterpress.com\/pl\/wp-json\/wp\/v2\/pages\/1716\/revisions\/3787"}],"wp:attachment":[{"href":"https:\/\/masterpress.com\/pl\/wp-json\/wp\/v2\/media?parent=1716"}],"curies":[{"name":"wp","href":"https:\/\/api.w.org\/{rel}","templated":true}]}}