{"id":1706,"date":"2022-05-26T22:05:18","date_gmt":"2022-05-26T22:05:18","guid":{"rendered":"https:\/\/masterpress.aazzxx.com\/?page_id=1706"},"modified":"2026-03-28T18:42:49","modified_gmt":"2026-03-28T18:42:49","slug":"chemia-gospodarcza","status":"publish","type":"page","link":"https:\/\/masterpress.com\/pl\/chemia-gospodarcza\/","title":{"rendered":"Chemia gospodarcza"},"content":{"rendered":"\n<section class=\"l-sec o-mobile-top-25 o-top-60 o-mobile-bottom-25 o-bottom-120 u-overflow-hidden\">\n\t<div class=\"l-inner\">\n\t\t<div class=\"c-hero-text-img\">\n\t\t\t<div class=\"c-hero-text-img__content\">\n\t\t\t\t\t\t\t\t\t<h1 class=\"c-hero-text-img__heading t-size-42 t-size-40--desktop ui-color--black-1 ui-font-weight--bold t-font-secondary t-lower\">\n\t\t\t\t\t\tChemia gospodarcza\t\t\t\t\t<\/h1>\n\t\t\t\t\t\t\t\t\t\t\t\t\t<div class=\"c-hero-text-img__desc\">\n\t\t\t\t\t\t<div class=\"c-wysiwyg ui-color--dark-grey-1 t-size-14\">\n\t\t\t\t\t\t\t<p><span style=\"font-weight: 400;\">Produkty chemii gospodarczej na p\u00f3\u0142ce sklepowej stoj\u0105 przed podobnymi wyzwaniami, jak produkty do higieny osobistej i kosmetyki. Na rynku funkcjonuje wiele r\u00f3\u017cnych marek konkuruj\u0105cych ze sob\u0105 o zdobycie serc i portfeli klient\u00f3w \u2013 atrakcyjny wizerunek zewn\u0119trzny jest wi\u0119c bardzo istotny. Dobrze zaprojektowana etykieta powinna wzbudzi\u0107 zaufanie klienta co do tego, \u017ce produkt, kt\u00f3ry kupuje jest bezpieczny w u\u017cyciu i przy tym najwy\u017cszej jako\u015bci. Dodatkowo na etykiecie powinny znale\u017a\u0107 si\u0119 odpowiednie ostrze\u017cenia i jasne przekazane informacje na temat sposobu u\u017cytkowania, ze wzgl\u0119du na to, \u017ce cz\u0119sto zawieraj\u0105 sk\u0142adniki wysoce aktywne chemicznie. Takie informacje s\u0105 wr\u0119cz kluczowe dla bezpiecze\u0144stwa konsumenta i prawo wymaga, by obowi\u0105zkowo zamieszczane by\u0142y na etykiecie opakowania.<\/span><\/p>\n<p><span style=\"font-weight: 400;\">Dzi\u0119ki firmie Masterpress jako Twoim dostawcy etykiet, mo\u017cesz by\u0107 spokojny, \u017ce produkty i marki Twojej firmy nie tylko b\u0119d\u0105 atrakcyjnie prezentowa\u0142y si\u0119 na p\u00f3\u0142ce, ale r\u00f3wnie\u017c ich etykiety b\u0119d\u0105 wystarczaj\u0105co odporne i trwa\u0142e, by wytrzyma\u0107 d\u0142ugotrwa\u0142e u\u017cytkowanie w trudnych warunkach.\u00a0<\/span><\/p>\n<p><span style=\"font-weight: 400;\">Skontaktuj si\u0119 z nami, je\u015bli poszukujesz rozwi\u0105za\u0144 etykietowych dla Twoich produkt\u00f3w chemii gospodarczej. Masterpress oferuje wyb\u00f3r dost\u0119pnych rozwi\u0105za\u0144, kt\u00f3re idealnie dopasuj\u0105 si\u0119 do Twoich oczekiwa\u0144 i potrzeb.<\/span><\/p>\n\t\t\t\t\t\t<\/div>\n\t\t\t\t\t<\/div>\n\t\t\t\t\t\t\t<\/div>\n\t\t\t<div class=\"c-hero-text-img__media\">\n\t\t\t\t\t\t\t\t\t<figure class=\"c-hero-text-img__figure\">\n\t\t\t\t\t\t<img decoding=\"async\" class=\"c-hero-text-img__image\" src=\"https:\/\/masterpress.com:443\/wp-content\/uploads\/2022\/08\/woman-in-a-supermarket-holding-shopping-cart-while-2022-03-17-17-00-41-utc-min-scaled.jpg\" alt=\"\">\n\t\t\t\t\t<\/figure>\n\t\t\t\t\t<span class=\"c-hero-text-img__media-decor\"><\/span>\n\t\t\t\t\t\t\t<\/div>\n\t\t<\/div>\n\t<\/div>\n<\/section>\n\n\n\n<section class=\"l-sec o-mobile-bottom-60 o-bottom-160 o-mobile-top-80\">\n\t<div class=\"l-inner\">\n\t\t<div class=\"c-solutions\">\n\t\t\t\t\t\t\t<h2 class=\"c-solutions__heading t-size-42 t-size-40--desktop ui-color--black-1 ui-font-weight--bold t-font-secondary t-lower\">\n\t\t\t\t\tRozwi\u0105zania\t\t\t\t<\/h2>\n\t\t\t\t\t\t<div class=\"c-solutions__content\">\n\t\t\t\t\t\t\t\t\t<ul class=\"c-solutions-list c-list\">\n\t\t\t\t\t\t\t\t\t\t\t\t\t<li class=\"c-solutions-list__item\">\n\t\t\t\t\t\t\t\t<div class=\"c-solution-box\">\n\t\t\t\t\t\t\t\t\t\t\t\t\t\t\t\t\t<div class=\"c-solution-box__media\">\n\t\t\t\t\t\t\t\t\t\t<figure class=\"c-solution-box__figure\">\n\t\t\t\t\t\t\t\t\t\t\t<img decoding=\"async\" class=\"c-solution-box__image\" src=\"https:\/\/masterpress.com:443\/wp-content\/uploads\/2022\/07\/masterpress-homecare-shrinksleeve-500x500.jpg\" alt=\"\">\n\t\t\t\t\t\t\t\t\t\t<\/figure>\n\t\t\t\t\t\t\t\t\t<\/div>\n\t\t\t\t\t\t\t\t\t\t\t\t\t\t\t\t\t\t\t\t\t\t\t\t\t<div class=\"c-solution-box__title\">\n\t\t\t\t\t\t\t\t\t\t<a class=\"c-solution-box__link c-link c-link--icon c-link--icon-animate\" href=\"https:\/\/masterpress.com\/pl\/chemia-gospodarcza\/etykiety-shrink-sleeve-do-chemii-gospodarczej\/\" target=\"\">\n\t\t\t\t\t\t\t\t\t\t\tetykiety shrink sleeve\t\t\t\t\t\t\t\t\t\t\t<img decoding=\"async\" class=\"c-link__icon js-injected-svg \" src=\"https:\/\/masterpress.com:443\/wp-content\/themes\/masterpress\/front\/static\/img\/icon-arrow-right.svg\" alt=\"\">\n\t\t\t\t\t\t\t\t\t\t<\/a>\n\t\t\t\t\t\t\t\t\t<\/div>\n\t\t\t\t\t\t\t\t\t\t\t\t\t\t\t\t<\/div>\n\t\t\t\t\t\t\t<\/li>\n\t\t\t\t\t\t\t\t\t\t\t\t\t<li class=\"c-solutions-list__item\">\n\t\t\t\t\t\t\t\t<div class=\"c-solution-box\">\n\t\t\t\t\t\t\t\t\t\t\t\t\t\t\t\t\t<div class=\"c-solution-box__media\">\n\t\t\t\t\t\t\t\t\t\t<figure class=\"c-solution-box__figure\">\n\t\t\t\t\t\t\t\t\t\t\t<img decoding=\"async\" class=\"c-solution-box__image\" src=\"https:\/\/masterpress.com:443\/wp-content\/uploads\/2022\/07\/masterpress-homecare-selfadhesivelabel-500x500.jpg\" alt=\"\">\n\t\t\t\t\t\t\t\t\t\t<\/figure>\n\t\t\t\t\t\t\t\t\t<\/div>\n\t\t\t\t\t\t\t\t\t\t\t\t\t\t\t\t\t\t\t\t\t\t\t\t\t<div class=\"c-solution-box__title\">\n\t\t\t\t\t\t\t\t\t\t<a class=\"c-solution-box__link c-link c-link--icon c-link--icon-animate\" href=\"https:\/\/masterpress.com\/pl\/chemia-gospodarcza\/etykiety-samoprzylepne-do-chemii-gospodarczej\/\" target=\"\">\n\t\t\t\t\t\t\t\t\t\t\tetykiety samoprzylepne\t\t\t\t\t\t\t\t\t\t\t<img decoding=\"async\" class=\"c-link__icon js-injected-svg \" src=\"https:\/\/masterpress.com:443\/wp-content\/themes\/masterpress\/front\/static\/img\/icon-arrow-right.svg\" alt=\"\">\n\t\t\t\t\t\t\t\t\t\t<\/a>\n\t\t\t\t\t\t\t\t\t<\/div>\n\t\t\t\t\t\t\t\t\t\t\t\t\t\t\t\t<\/div>\n\t\t\t\t\t\t\t<\/li>\n\t\t\t\t\t\t\t\t\t\t\t<\/ul>\n\t\t\t\t\t\t\t<\/div>\n\t\t<\/div>\n\t<\/div>\n<\/section>\n","protected":false},"excerpt":{"rendered":"","protected":false},"author":3,"featured_media":0,"parent":0,"menu_order":0,"comment_status":"closed","ping_status":"closed","template":"","meta":{"footnotes":""},"class_list":["post-1706","page","type-page","status-publish","hentry"],"acf":[],"_links":{"self":[{"href":"https:\/\/masterpress.com\/pl\/wp-json\/wp\/v2\/pages\/1706","targetHints":{"allow":["GET"]}}],"collection":[{"href":"https:\/\/masterpress.com\/pl\/wp-json\/wp\/v2\/pages"}],"about":[{"href":"https:\/\/masterpress.com\/pl\/wp-json\/wp\/v2\/types\/page"}],"author":[{"embeddable":true,"href":"https:\/\/masterpress.com\/pl\/wp-json\/wp\/v2\/users\/3"}],"replies":[{"embeddable":true,"href":"https:\/\/masterpress.com\/pl\/wp-json\/wp\/v2\/comments?post=1706"}],"version-history":[{"count":12,"href":"https:\/\/masterpress.com\/pl\/wp-json\/wp\/v2\/pages\/1706\/revisions"}],"predecessor-version":[{"id":26192,"href":"https:\/\/masterpress.com\/pl\/wp-json\/wp\/v2\/pages\/1706\/revisions\/26192"}],"wp:attachment":[{"href":"https:\/\/masterpress.com\/pl\/wp-json\/wp\/v2\/media?parent=1706"}],"curies":[{"name":"wp","href":"https:\/\/api.w.org\/{rel}","templated":true}]}}