{"id":1695,"date":"2022-02-28T14:47:05","date_gmt":"2022-02-28T14:47:05","guid":{"rendered":"https:\/\/masterpress.aazzxx.com\/?page_id=1695"},"modified":"2026-04-03T18:22:09","modified_gmt":"2026-04-03T18:22:09","slug":"contact","status":"publish","type":"page","link":"https:\/\/masterpress.com\/pl\/contact\/","title":{"rendered":"Kontakt"},"content":{"rendered":"\n<section class=\"l-sec o-mobile-top-50 o-top-140\">\n\t<div class=\"l-inner\">\n\t\t<div class=\"c-contact-map\">\n\t\t\t\t\t\t\t<p class=\"u-hide-from-mobile o-mobile-bottom-35\">\n\t\t\t\t\tWybierz kraj z listy:\t\t\t\t<\/p>\n\t\t\t\n\t\t\t\t\t\t\t<div class=\"c-contact-map__select u-hide-from-mobile\">\n\t\t\t\t\t<nav class=\"c-dropdown\" aria-label=\"Countries navigation\">\n\t\t\t\t\t\t<p class=\"c-dropdown__title t-size-10 t-font-secondary ui-font-weight--medium ui-color--dark-grey-1\">CHOOSE COUNTRY<p>\n\t\t\t\t\t\t<div class=\"c-dropdown__content js-dropdown\" data-autoclose=\"true\">\n\t\t\t\t\t\t\t<button class=\"c-dropdown__trigger js-toggle-dropdown t-font-secondary\"><span class=\"c-dropdown__placeholder js-dropdown-selected\">Tap and choose country<\/span>\n\t\t\t\t\t\t\t\t<img decoding=\"async\" class=\"c-dropdown__icon js-injected-svg ui-fill-none\" src=\"https:\/\/masterpress.com:443\/wp-content\/themes\/masterpress\/front\/static\/img\/icon-chevron-down-alt.svg\" alt=\"\">\n\t\t\t\t\t\t\t<\/button>\n\n\t\t\t\t\t\t\t<ul class=\"c-dropdown__list c-list js-countries-list js-dropdown-list\">\n\t\t\t\t\t\t\t\t\t\t\t\t\t\t\t\t\t\t\t\t\t\t\t\t\t\t<li class=\"c-dropdown__list-item\" data-country-code=\"EE\">\n\t\t\t\t\t\t\t\t\t\t<span class=\"c-dropdown__option js-dropdown-option\">Estonia<\/span>\n\t\t\t\t\t\t\t\t\t<\/li>\n\t\t\t\t\t\t\t\t\t\t\t\t\t\t\t\t\t\t\t\t\t\t\t\t\t\t<li class=\"c-dropdown__list-item\" data-country-code=\"LV\">\n\t\t\t\t\t\t\t\t\t\t<span class=\"c-dropdown__option js-dropdown-option\">\u0141otwa<\/span>\n\t\t\t\t\t\t\t\t\t<\/li>\n\t\t\t\t\t\t\t\t\t\t\t\t\t\t\t\t\t\t\t\t\t\t\t\t\t\t<li class=\"c-dropdown__list-item\" data-country-code=\"LT\">\n\t\t\t\t\t\t\t\t\t\t<span class=\"c-dropdown__option js-dropdown-option\">Litwa<\/span>\n\t\t\t\t\t\t\t\t\t<\/li>\n\t\t\t\t\t\t\t\t\t\t\t\t\t\t\t\t\t\t\t\t\t\t\t\t\t\t<li class=\"c-dropdown__list-item\" data-country-code=\"BY\">\n\t\t\t\t\t\t\t\t\t\t<span class=\"c-dropdown__option js-dropdown-option\">Bia\u0142oru\u015b<\/span>\n\t\t\t\t\t\t\t\t\t<\/li>\n\t\t\t\t\t\t\t\t\t\t\t\t\t\t\t\t\t\t\t\t\t\t\t\t\t\t<li class=\"c-dropdown__list-item\" data-country-code=\"UA\">\n\t\t\t\t\t\t\t\t\t\t<span class=\"c-dropdown__option js-dropdown-option\">Ukraina<\/span>\n\t\t\t\t\t\t\t\t\t<\/li>\n\t\t\t\t\t\t\t\t\t\t\t\t\t\t\t\t\t\t\t\t\t\t\t\t\t\t<li class=\"c-dropdown__list-item\" data-country-code=\"MD\">\n\t\t\t\t\t\t\t\t\t\t<span class=\"c-dropdown__option js-dropdown-option\">Mo\u0142dawia<\/span>\n\t\t\t\t\t\t\t\t\t<\/li>\n\t\t\t\t\t\t\t\t\t\t\t\t\t\t\t\t\t\t\t\t\t\t\t\t\t\t<li class=\"c-dropdown__list-item\" data-country-code=\"RO\">\n\t\t\t\t\t\t\t\t\t\t<span class=\"c-dropdown__option js-dropdown-option\">Rumunia<\/span>\n\t\t\t\t\t\t\t\t\t<\/li>\n\t\t\t\t\t\t\t\t\t\t\t\t\t\t\t\t\t\t\t\t\t\t\t\t\t\t<li class=\"c-dropdown__list-item\" data-country-code=\"BG\">\n\t\t\t\t\t\t\t\t\t\t<span class=\"c-dropdown__option js-dropdown-option\">Bu\u0142garia<\/span>\n\t\t\t\t\t\t\t\t\t<\/li>\n\t\t\t\t\t\t\t\t\t\t\t\t\t\t\t\t\t\t\t\t\t\t\t\t\t\t<li class=\"c-dropdown__list-item\" data-country-code=\"GR\">\n\t\t\t\t\t\t\t\t\t\t<span class=\"c-dropdown__option js-dropdown-option\">Grecja<\/span>\n\t\t\t\t\t\t\t\t\t<\/li>\n\t\t\t\t\t\t\t\t\t\t\t\t\t\t\t\t\t\t\t\t\t\t\t\t\t\t<li class=\"c-dropdown__list-item\" data-country-code=\"AL\">\n\t\t\t\t\t\t\t\t\t\t<span class=\"c-dropdown__option js-dropdown-option\">Albania<\/span>\n\t\t\t\t\t\t\t\t\t<\/li>\n\t\t\t\t\t\t\t\t\t\t\t\t\t\t\t\t\t\t\t\t\t\t\t\t\t\t<li class=\"c-dropdown__list-item\" data-country-code=\"MK\">\n\t\t\t\t\t\t\t\t\t\t<span class=\"c-dropdown__option js-dropdown-option\">Macedonia<\/span>\n\t\t\t\t\t\t\t\t\t<\/li>\n\t\t\t\t\t\t\t\t\t\t\t\t\t\t\t\t\t\t\t\t\t\t\t\t\t\t<li class=\"c-dropdown__list-item\" data-country-code=\"KV\">\n\t\t\t\t\t\t\t\t\t\t<span class=\"c-dropdown__option js-dropdown-option\">Kosowo<\/span>\n\t\t\t\t\t\t\t\t\t<\/li>\n\t\t\t\t\t\t\t\t\t\t\t\t\t\t\t\t\t\t\t\t\t\t\t\t\t\t<li class=\"c-dropdown__list-item\" data-country-code=\"ME\">\n\t\t\t\t\t\t\t\t\t\t<span class=\"c-dropdown__option js-dropdown-option\">Czarnog\u00f3ra<\/span>\n\t\t\t\t\t\t\t\t\t<\/li>\n\t\t\t\t\t\t\t\t\t\t\t\t\t\t\t\t\t\t\t\t\t\t\t\t\t\t<li class=\"c-dropdown__list-item\" data-country-code=\"RS\">\n\t\t\t\t\t\t\t\t\t\t<span class=\"c-dropdown__option js-dropdown-option\">Serbia<\/span>\n\t\t\t\t\t\t\t\t\t<\/li>\n\t\t\t\t\t\t\t\t\t\t\t\t\t\t\t\t\t\t\t\t\t\t\t\t\t\t<li class=\"c-dropdown__list-item\" data-country-code=\"BA\">\n\t\t\t\t\t\t\t\t\t\t<span class=\"c-dropdown__option js-dropdown-option\">Bo\u015bnia i Hercegowina<\/span>\n\t\t\t\t\t\t\t\t\t<\/li>\n\t\t\t\t\t\t\t\t\t\t\t\t\t\t\t\t\t\t\t\t\t\t\t\t\t\t<li class=\"c-dropdown__list-item\" data-country-code=\"HR\">\n\t\t\t\t\t\t\t\t\t\t<span class=\"c-dropdown__option js-dropdown-option\">Chorwacja<\/span>\n\t\t\t\t\t\t\t\t\t<\/li>\n\t\t\t\t\t\t\t\t\t\t\t\t\t\t\t\t\t\t\t\t\t\t\t\t\t\t<li class=\"c-dropdown__list-item\" data-country-code=\"HU\">\n\t\t\t\t\t\t\t\t\t\t<span class=\"c-dropdown__option js-dropdown-option\">W\u0119gry<\/span>\n\t\t\t\t\t\t\t\t\t<\/li>\n\t\t\t\t\t\t\t\t\t\t\t\t\t\t\t\t\t\t\t\t\t\t\t\t\t\t<li class=\"c-dropdown__list-item\" data-country-code=\"SK\">\n\t\t\t\t\t\t\t\t\t\t<span class=\"c-dropdown__option js-dropdown-option\">S\u0142owacja<\/span>\n\t\t\t\t\t\t\t\t\t<\/li>\n\t\t\t\t\t\t\t\t\t\t\t\t\t\t\t\t\t\t\t\t\t\t\t\t\t\t<li class=\"c-dropdown__list-item\" data-country-code=\"AT\">\n\t\t\t\t\t\t\t\t\t\t<span class=\"c-dropdown__option js-dropdown-option\">Austria<\/span>\n\t\t\t\t\t\t\t\t\t<\/li>\n\t\t\t\t\t\t\t\t\t\t\t\t\t\t\t\t\t\t\t\t\t\t\t\t\t\t<li class=\"c-dropdown__list-item\" data-country-code=\"SI\">\n\t\t\t\t\t\t\t\t\t\t<span class=\"c-dropdown__option js-dropdown-option\">S\u0142owenia<\/span>\n\t\t\t\t\t\t\t\t\t<\/li>\n\t\t\t\t\t\t\t\t\t\t\t\t\t\t\t\t\t\t\t\t\t\t\t\t\t\t<li class=\"c-dropdown__list-item\" data-country-code=\"AT\">\n\t\t\t\t\t\t\t\t\t\t<span class=\"c-dropdown__option js-dropdown-option\">Austria<\/span>\n\t\t\t\t\t\t\t\t\t<\/li>\n\t\t\t\t\t\t\t\t\t\t\t\t\t\t\t\t\t\t\t\t\t\t\t\t\t\t<li class=\"c-dropdown__list-item\" data-country-code=\"CZ\">\n\t\t\t\t\t\t\t\t\t\t<span class=\"c-dropdown__option js-dropdown-option\">Czechy<\/span>\n\t\t\t\t\t\t\t\t\t<\/li>\n\t\t\t\t\t\t\t\t\t\t\t\t\t\t\t\t\t\t\t\t\t\t\t\t\t\t<li class=\"c-dropdown__list-item\" data-country-code=\"DK\">\n\t\t\t\t\t\t\t\t\t\t<span class=\"c-dropdown__option js-dropdown-option\">Dania<\/span>\n\t\t\t\t\t\t\t\t\t<\/li>\n\t\t\t\t\t\t\t\t\t\t\t\t\t\t\t\t\t\t\t\t\t\t\t\t\t\t<li class=\"c-dropdown__list-item\" data-country-code=\"IT\">\n\t\t\t\t\t\t\t\t\t\t<span class=\"c-dropdown__option js-dropdown-option\">W\u0142ochy<\/span>\n\t\t\t\t\t\t\t\t\t<\/li>\n\t\t\t\t\t\t\t\t\t\t\t\t\t\t\t\t\t\t\t\t\t\t\t\t\t\t<li class=\"c-dropdown__list-item\" data-country-code=\"CH\">\n\t\t\t\t\t\t\t\t\t\t<span class=\"c-dropdown__option js-dropdown-option\">Szwajcaria<\/span>\n\t\t\t\t\t\t\t\t\t<\/li>\n\t\t\t\t\t\t\t\t\t\t\t\t\t\t\t\t\t\t\t\t\t\t\t\t\t\t<li class=\"c-dropdown__list-item\" data-country-code=\"DE\">\n\t\t\t\t\t\t\t\t\t\t<span class=\"c-dropdown__option js-dropdown-option\">Niemcy<\/span>\n\t\t\t\t\t\t\t\t\t<\/li>\n\t\t\t\t\t\t\t\t\t\t\t\t\t\t\t\t\t\t\t\t\t\t\t\t\t\t<li class=\"c-dropdown__list-item\" data-country-code=\"NL\">\n\t\t\t\t\t\t\t\t\t\t<span class=\"c-dropdown__option js-dropdown-option\">Holandia<\/span>\n\t\t\t\t\t\t\t\t\t<\/li>\n\t\t\t\t\t\t\t\t\t\t\t\t\t\t\t\t\t\t\t\t\t\t\t\t\t\t<li class=\"c-dropdown__list-item\" data-country-code=\"BE\">\n\t\t\t\t\t\t\t\t\t\t<span class=\"c-dropdown__option js-dropdown-option\">Belgia<\/span>\n\t\t\t\t\t\t\t\t\t<\/li>\n\t\t\t\t\t\t\t\t\t\t\t\t\t\t\t\t\t\t\t\t\t\t\t\t\t\t<li class=\"c-dropdown__list-item\" data-country-code=\"FR\">\n\t\t\t\t\t\t\t\t\t\t<span class=\"c-dropdown__option js-dropdown-option\">Francja<\/span>\n\t\t\t\t\t\t\t\t\t<\/li>\n\t\t\t\t\t\t\t\t\t\t\t\t\t\t\t\t\t\t\t\t\t\t\t\t\t\t<li class=\"c-dropdown__list-item\" data-country-code=\"ES\">\n\t\t\t\t\t\t\t\t\t\t<span class=\"c-dropdown__option js-dropdown-option\">Hiszpania<\/span>\n\t\t\t\t\t\t\t\t\t<\/li>\n\t\t\t\t\t\t\t\t\t\t\t\t\t\t\t\t\t\t\t\t\t\t\t\t\t\t<li class=\"c-dropdown__list-item\" data-country-code=\"PT\">\n\t\t\t\t\t\t\t\t\t\t<span class=\"c-dropdown__option js-dropdown-option\">Portugalia<\/span>\n\t\t\t\t\t\t\t\t\t<\/li>\n\t\t\t\t\t\t\t\t\t\t\t\t\t\t\t\t\t\t\t\t\t\t\t\t\t\t<li class=\"c-dropdown__list-item\" data-country-code=\"IE\">\n\t\t\t\t\t\t\t\t\t\t<span class=\"c-dropdown__option js-dropdown-option\">Irlandia<\/span>\n\t\t\t\t\t\t\t\t\t<\/li>\n\t\t\t\t\t\t\t\t\t\t\t\t\t\t\t\t\t\t\t\t\t\t\t\t\t\t<li class=\"c-dropdown__list-item\" data-country-code=\"GB\">\n\t\t\t\t\t\t\t\t\t\t<span class=\"c-dropdown__option js-dropdown-option\">Wielka Brytania<\/span>\n\t\t\t\t\t\t\t\t\t<\/li>\n\t\t\t\t\t\t\t\t\t\t\t\t\t\t\t\t\t\t\t\t\t\t\t\t\t\t<li class=\"c-dropdown__list-item\" data-country-code=\"FI\">\n\t\t\t\t\t\t\t\t\t\t<span class=\"c-dropdown__option js-dropdown-option\">Finlandia<\/span>\n\t\t\t\t\t\t\t\t\t<\/li>\n\t\t\t\t\t\t\t\t\t\t\t\t\t\t\t\t\t\t\t\t\t\t\t\t\t\t<li class=\"c-dropdown__list-item\" data-country-code=\"SE\">\n\t\t\t\t\t\t\t\t\t\t<span class=\"c-dropdown__option js-dropdown-option\">Szwecja<\/span>\n\t\t\t\t\t\t\t\t\t<\/li>\n\t\t\t\t\t\t\t\t\t\t\t\t\t\t\t\t\t\t\t\t\t\t\t\t\t\t<li class=\"c-dropdown__list-item\" data-country-code=\"NO\">\n\t\t\t\t\t\t\t\t\t\t<span class=\"c-dropdown__option js-dropdown-option\">Norwegia<\/span>\n\t\t\t\t\t\t\t\t\t<\/li>\n\t\t\t\t\t\t\t\t\t\t\t\t\t\t\t\t\t\t\t\t\t\t\t\t\t\t<li class=\"c-dropdown__list-item\" data-country-code=\"IS\">\n\t\t\t\t\t\t\t\t\t\t<span class=\"c-dropdown__option js-dropdown-option\">Islandia<\/span>\n\t\t\t\t\t\t\t\t\t<\/li>\n\t\t\t\t\t\t\t\t\t\t\t\t\t\t\t\t\t\t\t\t\t\t\t\t\t\t<li class=\"c-dropdown__list-item\" data-country-code=\"PL\">\n\t\t\t\t\t\t\t\t\t\t<span class=\"c-dropdown__option js-dropdown-option\">Polska<\/span>\n\t\t\t\t\t\t\t\t\t<\/li>\n\t\t\t\t\t\t\t\t\t\t\t\t\t\t\t<\/ul>\n\t\t\t\t\t\t<\/div>\n\t\t\t\t\t<\/nav>\n\t\t\t\t<\/div>\n\t\t\t\t\t\t\t\t<\/div>\n\t<\/div>\n\n\t<div class=\"c-map\" data-api=\"https:\/\/masterpress.com\/pl\/\/wp-json\/map\/v1\/all\"><\/div>\n\n<\/section>\n\n\n\n<section class=\"l-sec o-mobile-top-25 o-top-60 o-mobile-bottom-25 o-bottom-120 u-overflow-hidden\">\n\t<div class=\"l-inner\">\n\t\t<div class=\"c-hero-text-img\">\n\t\t\t<div class=\"c-hero-text-img__content\">\n\t\t\t\t\t\t\t\t\t<h1 class=\"c-hero-text-img__heading t-size-42 t-size-40--desktop ui-color--black-1 ui-font-weight--bold t-font-secondary t-lower\">\n\t\t\t\t\t\tdane firmy\t\t\t\t\t<\/h1>\n\t\t\t\t\t\t\t\t\t\t\t\t\t<div class=\"c-hero-text-img__desc\">\n\t\t\t\t\t\t<div class=\"c-wysiwyg ui-color--dark-grey-1 t-size-14\">\n\t\t\t\t\t\t\t<p>Masterpress Sp\u00f3\u0142ka Akcyjna<br \/>\nul. Jacka Kuronia 4<br \/>\n15-569 Bia\u0142ystok<br \/>\nNIP: 739-18-01-250<br \/>\nREGON: 510431484<br \/>\nWpisana do Rejestru Przedsi\u0119biorc\u00f3w przez S\u0105d Rejonowy w Bia\u0142ymstoku XII Wydzia\u0142<br \/>\nGospodarczy pod nr KRS 0000297195<br \/>\nWysoko\u015b\u0107 kapita\u0142u zak\u0142adowego: 586 386,00 PLN \u2013 op\u0142acony w ca\u0142o\u015bci<\/p>\n\t\t\t\t\t\t<\/div>\n\t\t\t\t\t<\/div>\n\t\t\t\t\t\t\t<\/div>\n\t\t\t<div class=\"c-hero-text-img__media\">\n\t\t\t\t\t\t\t<\/div>\n\t\t<\/div>\n\t<\/div>\n<\/section>\n","protected":false},"excerpt":{"rendered":"","protected":false},"author":1,"featured_media":0,"parent":0,"menu_order":0,"comment_status":"closed","ping_status":"closed","template":"","meta":{"footnotes":""},"class_list":["post-1695","page","type-page","status-publish","hentry"],"acf":[],"_links":{"self":[{"href":"https:\/\/masterpress.com\/pl\/wp-json\/wp\/v2\/pages\/1695","targetHints":{"allow":["GET"]}}],"collection":[{"href":"https:\/\/masterpress.com\/pl\/wp-json\/wp\/v2\/pages"}],"about":[{"href":"https:\/\/masterpress.com\/pl\/wp-json\/wp\/v2\/types\/page"}],"author":[{"embeddable":true,"href":"https:\/\/masterpress.com\/pl\/wp-json\/wp\/v2\/users\/1"}],"replies":[{"embeddable":true,"href":"https:\/\/masterpress.com\/pl\/wp-json\/wp\/v2\/comments?post=1695"}],"version-history":[{"count":24,"href":"https:\/\/masterpress.com\/pl\/wp-json\/wp\/v2\/pages\/1695\/revisions"}],"predecessor-version":[{"id":26359,"href":"https:\/\/masterpress.com\/pl\/wp-json\/wp\/v2\/pages\/1695\/revisions\/26359"}],"wp:attachment":[{"href":"https:\/\/masterpress.com\/pl\/wp-json\/wp\/v2\/media?parent=1695"}],"curies":[{"name":"wp","href":"https:\/\/api.w.org\/{rel}","templated":true}]}}