{"id":1692,"date":"2022-05-26T21:52:55","date_gmt":"2022-05-26T21:52:55","guid":{"rendered":"https:\/\/masterpress.aazzxx.com\/?page_id=1692"},"modified":"2023-12-01T19:36:52","modified_gmt":"2023-12-01T19:36:52","slug":"etykiety-shrink-sleeve-do-napoi","status":"publish","type":"page","link":"https:\/\/masterpress.com\/pl\/beverages\/etykiety-shrink-sleeve-do-napoi\/","title":{"rendered":"etykiety shrink-sleeve do napoj\u00f3w"},"content":{"rendered":"\n<section class=\"l-sec o-mobile-top-25 o-top-60 o-mobile-bottom-25 o-bottom-120 u-overflow-hidden\">\n\t<div class=\"l-inner\">\n\t\t<div class=\"c-hero-text-img\">\n\t\t\t<div class=\"c-hero-text-img__content\">\n\t\t\t\t\t\t\t\t\t<h1 class=\"c-hero-text-img__heading t-size-42 t-size-40--desktop ui-color--black-1 ui-font-weight--bold t-font-secondary t-lower\">\n\t\t\t\t\t\tetykiety shrink-sleeve do napoj\u00f3w\t\t\t\t\t<\/h1>\n\t\t\t\t\t\t\t\t\t\t\t\t\t<div class=\"c-hero-text-img__desc\">\n\t\t\t\t\t\t<div class=\"c-wysiwyg ui-color--dark-grey-1 t-size-14\">\n\t\t\t\t\t\t\t<p>Etykiety shrink sleeve zapewniaj\u0105 opakowaniu jednocze\u015bnie atrakcyjny wygl\u0105d oraz praktycznie nieograniczon\u0105 ekspozycj\u0119 marketingow\u0105 na ca\u0142ej powierzchni. Etykiet\u0119 mo\u017cna pokry\u0107 przyci\u0105gaj\u0105ca wzrok wielobarwn\u0105 grafik\u0105, pozostawiaj\u0105 miejsce na wiele dodatkowych informacji \u2013 kupony, reklam\u0119 czy jakiekolwiek inne tre\u015bci promocyjne.<\/p>\n<p>B\u0142yszcz\u0105ca lub matowa tekstura powierzchni, druk odporny na zadrapania i \u015bcieranie, \u017cywe, soczyste kolory oraz og\u00f3lna estetyka \u2013 wszystko to sprawia, \u017ce butelki ozdobione etykietami shrink sleeve staj\u0105 si\u0119 idealnym rozwi\u0105zaniem pozwalaj\u0105cym wyr\u00f3\u017cni\u0107 produkt i mark\u0119 na sklepowej p\u00f3\u0142ce.<\/p>\n<p>W Masterpress odpowiednie folie termokurczliwe i rozwi\u0105zania produkcyjne dobieramy indywidualnie do ka\u017cdego zlecenia, dostosowuj\u0105c je do wydajno\u015bci linii produkcyjnych. Dotyczy to r\u00f3wnie\u017c projekt\u00f3w wymagaj\u0105cych najwy\u017cszej klasy rozwi\u0105za\u0144 wizualnych czy dotykowych. Dzi\u0119ki stosowaniu metody druku hybrydowego, uzyskujemy nadzwyczajne rezultaty w zakresie niestandardowych etykiet ozdobnych, efekt\u00f3w specjalnych, wydajnej aplikacji, ochrony marki oraz jako\u015bci druku. Oferujemy tak\u017ce ekologiczne rozwi\u0105zania w zakresie ochrony produkt\u00f3w przez promieniowaniem ultrafioletowym. Surowce, kt\u00f3re wykorzystujemy pochodz\u0105 od znanych i certyfikowanych dostawc\u00f3w. Dobieramy je precyzyjnie, zgodnie z potrzebami naszych klient\u00f3w. Produkujemy etykiety shrink sleeve bezkompromisowej jako\u015bci i dostarczamy je zawsze na czas.<\/p>\n\t\t\t\t\t\t<\/div>\n\t\t\t\t\t<\/div>\n\t\t\t\t\t\t\t<\/div>\n\t\t\t<div class=\"c-hero-text-img__media\">\n\t\t\t\t\t\t\t\t\t<figure class=\"c-hero-text-img__figure\">\n\t\t\t\t\t\t<img decoding=\"async\" class=\"c-hero-text-img__image\" src=\"https:\/\/masterpress.com:443\/wp-content\/uploads\/2022\/07\/masterpress-beverage-shrinksleeve.jpg\" alt=\"\">\n\t\t\t\t\t<\/figure>\n\t\t\t\t\t<span class=\"c-hero-text-img__media-decor\"><\/span>\n\t\t\t\t\t\t\t<\/div>\n\t\t<\/div>\n\t<\/div>\n<\/section>\n","protected":false},"excerpt":{"rendered":"","protected":false},"author":3,"featured_media":0,"parent":1682,"menu_order":0,"comment_status":"closed","ping_status":"closed","template":"","meta":{"footnotes":""},"class_list":["post-1692","page","type-page","status-publish","hentry"],"acf":[],"_links":{"self":[{"href":"https:\/\/masterpress.com\/pl\/wp-json\/wp\/v2\/pages\/1692","targetHints":{"allow":["GET"]}}],"collection":[{"href":"https:\/\/masterpress.com\/pl\/wp-json\/wp\/v2\/pages"}],"about":[{"href":"https:\/\/masterpress.com\/pl\/wp-json\/wp\/v2\/types\/page"}],"author":[{"embeddable":true,"href":"https:\/\/masterpress.com\/pl\/wp-json\/wp\/v2\/users\/3"}],"replies":[{"embeddable":true,"href":"https:\/\/masterpress.com\/pl\/wp-json\/wp\/v2\/comments?post=1692"}],"version-history":[{"count":8,"href":"https:\/\/masterpress.com\/pl\/wp-json\/wp\/v2\/pages\/1692\/revisions"}],"predecessor-version":[{"id":3945,"href":"https:\/\/masterpress.com\/pl\/wp-json\/wp\/v2\/pages\/1692\/revisions\/3945"}],"up":[{"embeddable":true,"href":"https:\/\/masterpress.com\/pl\/wp-json\/wp\/v2\/pages\/1682"}],"wp:attachment":[{"href":"https:\/\/masterpress.com\/pl\/wp-json\/wp\/v2\/media?parent=1692"}],"curies":[{"name":"wp","href":"https:\/\/api.w.org\/{rel}","templated":true}]}}