{"id":1687,"date":"2022-05-26T21:49:48","date_gmt":"2022-05-26T21:49:48","guid":{"rendered":"https:\/\/masterpress.aazzxx.com\/?page_id=1687"},"modified":"2023-12-01T19:37:33","modified_gmt":"2023-12-01T19:37:33","slug":"etykiety-samoprzylepne-do-napoi","status":"publish","type":"page","link":"https:\/\/masterpress.com\/pl\/beverages\/etykiety-samoprzylepne-do-napoi\/","title":{"rendered":"etykiety samoprzylepne do napoj\u00f3w"},"content":{"rendered":"\n<section class=\"l-sec o-mobile-top-25 o-top-60 o-mobile-bottom-25 o-bottom-120 u-overflow-hidden\">\n\t<div class=\"l-inner\">\n\t\t<div class=\"c-hero-text-img\">\n\t\t\t<div class=\"c-hero-text-img__content\">\n\t\t\t\t\t\t\t\t\t<h1 class=\"c-hero-text-img__heading t-size-42 t-size-40--desktop ui-color--black-1 ui-font-weight--bold t-font-secondary t-lower\">\n\t\t\t\t\t\tetykiety samoprzylepne do napoj\u00f3w\t\t\t\t\t<\/h1>\n\t\t\t\t\t\t\t\t\t\t\t\t\t<div class=\"c-hero-text-img__desc\">\n\t\t\t\t\t\t<div class=\"c-wysiwyg ui-color--dark-grey-1 t-size-14\">\n\t\t\t\t\t\t\t<p>Etykiety samoprzylepne ciesz\u0105 si\u0119 nies\u0142abn\u0105c\u0105 popularno\u015bci\u0105 od ponad wieku. Dzieje si\u0119 tak mi\u0119dzy innymi dlatego, \u017ce etykiety samoprzylepne to rozwi\u0105zanie niezwykle trwa\u0142e, \u0142atwe w zastosowaniu i wysoce op\u0142acalne. Dzi\u0119ki eleganckiemu wzornictwu oraz wyrazistym i \u017cywym kolorom, mog\u0105 one nada\u0107 produktom doskona\u0142y charakter i wygl\u0105d marki premium. Etykiety samoprzylepne stanowi\u0105 optymalny wyb\u00f3r dla r\u00f3\u017cnorodnych produkt\u00f3w w sektorze napoj\u00f3w bezalkoholowych.<\/p>\n<p>Mo\u017cna nimi zdobi\u0107 butelki o zr\u00f3\u017cnicowanych kszta\u0142tach i wykonane z r\u00f3\u017cnych materia\u0142\u00f3w. S\u0105 nie tylko proste w aplikacji, ale mo\u017cna je r\u00f3wnie \u0142atwo usun\u0105\u0107, odklejaj\u0105c etykiet\u0119 ze \u015bcianki opakowania, co zapewni dalece skuteczniejszy recykling.<\/p>\n<p>Dzi\u0119ki mo\u017cliwo\u015bci indywidualizacji proces\u00f3w technologicznych, nasze etykiety s\u0105 idealnie dopasowane do potrzeb poszczeg\u00f3lnych klient\u00f3w. Dobieramy najbardziej wydajne i op\u0142acalne technologie produkcyjne, pozwalaj\u0105ce tworzy\u0107 \u015bwietnie wygl\u0105daj\u0105ce etykiety, kt\u00f3re przekrocz\u0105 Twoje oczekiwania, nadaj\u0105c Twojej marce wyj\u0105tkowy charakter produktu klasy premium.<\/p>\n\t\t\t\t\t\t<\/div>\n\t\t\t\t\t<\/div>\n\t\t\t\t\t\t\t<\/div>\n\t\t\t<div class=\"c-hero-text-img__media\">\n\t\t\t\t\t\t\t\t\t<figure class=\"c-hero-text-img__figure\">\n\t\t\t\t\t\t<img decoding=\"async\" class=\"c-hero-text-img__image\" src=\"https:\/\/masterpress.com:443\/wp-content\/uploads\/2023\/01\/noatrio.jpg\" alt=\"\">\n\t\t\t\t\t<\/figure>\n\t\t\t\t\t<span class=\"c-hero-text-img__media-decor\"><\/span>\n\t\t\t\t\t\t\t<\/div>\n\t\t<\/div>\n\t<\/div>\n<\/section>\n","protected":false},"excerpt":{"rendered":"","protected":false},"author":3,"featured_media":0,"parent":1682,"menu_order":0,"comment_status":"closed","ping_status":"closed","template":"","meta":{"footnotes":""},"class_list":["post-1687","page","type-page","status-publish","hentry"],"acf":[],"_links":{"self":[{"href":"https:\/\/masterpress.com\/pl\/wp-json\/wp\/v2\/pages\/1687","targetHints":{"allow":["GET"]}}],"collection":[{"href":"https:\/\/masterpress.com\/pl\/wp-json\/wp\/v2\/pages"}],"about":[{"href":"https:\/\/masterpress.com\/pl\/wp-json\/wp\/v2\/types\/page"}],"author":[{"embeddable":true,"href":"https:\/\/masterpress.com\/pl\/wp-json\/wp\/v2\/users\/3"}],"replies":[{"embeddable":true,"href":"https:\/\/masterpress.com\/pl\/wp-json\/wp\/v2\/comments?post=1687"}],"version-history":[{"count":12,"href":"https:\/\/masterpress.com\/pl\/wp-json\/wp\/v2\/pages\/1687\/revisions"}],"predecessor-version":[{"id":3947,"href":"https:\/\/masterpress.com\/pl\/wp-json\/wp\/v2\/pages\/1687\/revisions\/3947"}],"up":[{"embeddable":true,"href":"https:\/\/masterpress.com\/pl\/wp-json\/wp\/v2\/pages\/1682"}],"wp:attachment":[{"href":"https:\/\/masterpress.com\/pl\/wp-json\/wp\/v2\/media?parent=1687"}],"curies":[{"name":"wp","href":"https:\/\/api.w.org\/{rel}","templated":true}]}}